{"id":9378,"date":"2025-09-09T15:55:55","date_gmt":"2025-09-09T13:55:55","guid":{"rendered":"https:\/\/cod.al\/?page_id=9378"},"modified":"2025-12-05T10:38:20","modified_gmt":"2025-12-05T09:38:20","slug":"tempo-jakup-ferri","status":"publish","type":"page","link":"https:\/\/cod.al\/?page_id=9378","title":{"rendered":"TEMPO &#8211; Jakup Ferri"},"content":{"rendered":"\n<figure class=\"wp-block-gallery has-nested-images columns-default is-cropped wp-block-gallery-1 is-layout-flex wp-block-gallery-is-layout-flex\">\n<figure class=\"wp-block-image size-full\"><a href=\"https:\/\/cod.al\/wp-content\/uploads\/2025\/09\/JakupFerri_POSTER_AL-1.jpg\"><img fetchpriority=\"high\" decoding=\"async\" width=\"1080\" height=\"1350\" data-id=\"9393\" src=\"https:\/\/cod.al\/wp-content\/uploads\/2025\/09\/JakupFerri_POSTER_AL-1.jpg\" alt=\"\" class=\"wp-image-9393\" srcset=\"https:\/\/cod.al\/wp-content\/uploads\/2025\/09\/JakupFerri_POSTER_AL-1.jpg 1080w, https:\/\/cod.al\/wp-content\/uploads\/2025\/09\/JakupFerri_POSTER_AL-1-240x300.jpg 240w, https:\/\/cod.al\/wp-content\/uploads\/2025\/09\/JakupFerri_POSTER_AL-1-819x1024.jpg 819w, https:\/\/cod.al\/wp-content\/uploads\/2025\/09\/JakupFerri_POSTER_AL-1-768x960.jpg 768w, https:\/\/cod.al\/wp-content\/uploads\/2025\/09\/JakupFerri_POSTER_AL-1-480x600.jpg 480w\" sizes=\"(max-width: 1080px) 100vw, 1080px\" \/><\/a><\/figure>\n<\/figure>\n\n\n\n<h1 class=\"wp-block-heading has-text-align-center has-vivid-purple-color has-text-color has-link-color has-x-large-font-size wp-elements-f18b27d5cd6db1852b5bd8b4e263d918\"><strong>TEMPO<\/strong><\/h1>\n\n\n\n<h2 class=\"wp-block-heading has-text-align-center has-vivid-purple-color has-text-color has-link-color has-medium-font-size wp-elements-410bd39c5296cff55bdd549202387d60\">Jakup Ferri<\/h2>\n\n\n\n<p><strong>N\u00eb k\u00ebt\u00eb ekspozit\u00eb, Jakup Ferri sjell n\u00eb dialog dy shtresa t\u00eb forta t\u00eb p\u00ebrvoj\u00ebs njer\u00ebzore: imagjinat\u00ebn dhe kujtes\u00ebn. P\u00ebrmes piktur\u00ebs dhe tekstilit \u2013 dy media q\u00eb i trajton me delikates\u00eb dhe vendosm\u00ebri \u2013 ai na udh\u00ebheq n\u00eb nj\u00eb bot\u00eb ku kufijt\u00eb nd\u00ebrmjet realitetit dhe p\u00ebrrall\u00ebs treten.<\/strong><\/p>\n\n\n\n<p>Figura njer\u00ebzore, shpesh e vendosur n\u00eb situata t\u00eb pazakonta apo t\u00eb ngjashme me loj\u00ebra, shoq\u00ebrohet me forma kafsh\u00ebsh, objekte sht\u00ebpiake, ose arkitektura q\u00eb duken si \u00ebndrra t\u00eb pap\u00ebrfunduara. Por pas k\u00ebsaj gjuh\u00ebsie vizuale naive e poetike, q\u00ebndron nj\u00eb logjik\u00eb bashk\u00ebpunimi dhe q\u00ebndrese: shum\u00eb nga tekstilet jan\u00eb realizuar n\u00eb bashk\u00ebpunim me gra artizane nga Kosova dhe rajoni, duke p\u00ebrfshir\u00eb n\u00eb aktin artistik komunitete q\u00eb rrall\u00eb her\u00eb jan\u00eb pjes\u00eb e hap\u00ebsirave muzeale.<\/p>\n\n\n\n<p>N\u00eb k\u00ebt\u00eb m\u00ebnyr\u00eb, Ferri nuk i shikon tekstilet si thjesht material ose ornament. Ato jan\u00eb vepra kolektive, q\u00eb mbartin gjurm\u00eb njer\u00ebzore dhe kohore, dhe e zgjerojn\u00eb autor\u00ebsin\u00eb p\u00ebrtej studios. \u00c7do fill i q\u00ebndisur \u00ebsht\u00eb nj\u00eb d\u00ebshmi e kalimit t\u00eb dor\u00ebs mbi kujtes\u00ebn \u2013 dhe e faktit se tradita, kur p\u00ebrjetohet si proces, nuk \u00ebsht\u00eb penges\u00eb p\u00ebr bashk\u00ebkohoren, por gjeneza e saj.<\/p>\n\n\n\n<p><strong>Ekspozita \u00ebsht\u00eb nj\u00eb ftes\u00eb p\u00ebr t\u00eb par\u00eb p\u00ebrmes syve t\u00eb nj\u00eb bote q\u00eb nuk \u00ebsht\u00eb as personale, as e huaj \u2013 por nj\u00eb bot\u00eb q\u00eb na p\u00ebrket t\u00eb gjith\u00ebve: e endur, e vizatuar, e jetuar.<\/strong><\/p>\n\n\n\n<p>***<\/p>\n\n\n\n<p class=\"has-cyan-bluish-gray-color has-text-color has-link-color wp-elements-c048e0d90fdc9519cab3f939a58121a6\"><strong>In this exhibition, Jakup Ferri brings into dialogue two deep layers of human experience: imagination and memory. Through painting and textile \u2013 two mediums he approaches with both delicacy and resolve \u2013 he guides us into a world where the lines between reality and fable dissolve.<\/strong><\/p>\n\n\n\n<p class=\"has-cyan-bluish-gray-color has-text-color has-link-color wp-elements-06009ddd25ad47d8987e15698063bc9f\">The human figure, often placed in whimsical or dreamlike situations, is accompanied by animal shapes, domestic objects, or architectural forms that resemble unfinished dreams. Beneath this naive and poetic visual language lies a logic of collaboration and resilience: many of the textile works have been produced in cooperation with women artisans from Kosovo and the region, integrating into the artistic act communities that are rarely represented in institutional art spaces.<\/p>\n\n\n\n<p class=\"has-cyan-bluish-gray-color has-text-color has-link-color wp-elements-2ef2d2e25cf11ff23b06244ce0702cf3\">Ferri does not view textiles as mere material or ornament. They are collective works, carriers of human and temporal traces, expanding authorship beyond the artist\u2019s studio. Every stitched thread is a record of a hand touching memory \u2013 a sign that tradition, when lived as process, is not a barrier to the contemporary, but its source.<\/p>\n\n\n\n<p><strong><mark style=\"background-color:rgba(0, 0, 0, 0)\" class=\"has-inline-color has-cyan-bluish-gray-color\">This exhibition is an invitation to look into a world that is neither entirely personal nor entirely foreign &#8211; but one that belongs to all of us: woven, drawn, lived.<\/mark><\/strong><\/p>\n\n\n\n<hr class=\"wp-block-separator has-alpha-channel-opacity\"\/>\n\n\n\n<p class=\"has-text-align-right\"><strong>Qendra p\u00ebr Hapje dhe Dialog<\/strong> \/ Center for Openness and Dialogue<\/p>\n\n\n\n<p class=\"has-text-align-right has-black-color has-text-color has-link-color wp-elements-7c67fb452241d65827f34ff5de8f543b\"><strong>Agjencia p\u00ebr Dialog dhe Bashk\u00ebqeverisje<\/strong> \/ Agency for Dialogue and Co-Governance<\/p>\n\n\n\n<p class=\"has-text-align-right\">Teksti Kuratorial \/ Curatorial text: <strong>Jetona KO\u00c7IBELLI<\/strong><\/p>\n\n\n\n<p class=\"has-text-align-right\">Dizajner \/ Designed by: <strong>Nikola SENJO<\/strong><\/p>\n\n\n\n<hr class=\"wp-block-separator has-alpha-channel-opacity\"\/>\n\n\n\n<h2 class=\"wp-block-heading has-text-align-center\">\u00c7ELJA E EKSPOZIT\u00cbS<\/h2>\n\n\n\n<figure class=\"wp-block-gallery has-nested-images columns-default is-cropped wp-block-gallery-2 is-layout-flex wp-block-gallery-is-layout-flex\">\n<figure class=\"wp-block-image size-large\"><a href=\"https:\/\/cod.al\/wp-content\/uploads\/2025\/12\/DSC07376-scaled.jpg\"><img decoding=\"async\" width=\"1024\" height=\"683\" data-id=\"9448\" src=\"https:\/\/cod.al\/wp-content\/uploads\/2025\/12\/DSC07376-1024x683.jpg\" alt=\"\" class=\"wp-image-9448\" srcset=\"https:\/\/cod.al\/wp-content\/uploads\/2025\/12\/DSC07376-1024x683.jpg 1024w, https:\/\/cod.al\/wp-content\/uploads\/2025\/12\/DSC07376-300x200.jpg 300w, https:\/\/cod.al\/wp-content\/uploads\/2025\/12\/DSC07376-768x512.jpg 768w, https:\/\/cod.al\/wp-content\/uploads\/2025\/12\/DSC07376-800x533.jpg 800w, https:\/\/cod.al\/wp-content\/uploads\/2025\/12\/DSC07376-1536x1024.jpg 1536w, https:\/\/cod.al\/wp-content\/uploads\/2025\/12\/DSC07376-2048x1365.jpg 2048w\" sizes=\"(max-width: 1024px) 100vw, 1024px\" \/><\/a><\/figure>\n\n\n\n<figure class=\"wp-block-image size-large\"><a href=\"https:\/\/cod.al\/wp-content\/uploads\/2025\/12\/DSC07366-scaled.jpg\"><img decoding=\"async\" width=\"1024\" height=\"683\" data-id=\"9446\" src=\"https:\/\/cod.al\/wp-content\/uploads\/2025\/12\/DSC07366-1024x683.jpg\" alt=\"\" class=\"wp-image-9446\" srcset=\"https:\/\/cod.al\/wp-content\/uploads\/2025\/12\/DSC07366-1024x683.jpg 1024w, https:\/\/cod.al\/wp-content\/uploads\/2025\/12\/DSC07366-300x200.jpg 300w, https:\/\/cod.al\/wp-content\/uploads\/2025\/12\/DSC07366-768x512.jpg 768w, https:\/\/cod.al\/wp-content\/uploads\/2025\/12\/DSC07366-800x533.jpg 800w, https:\/\/cod.al\/wp-content\/uploads\/2025\/12\/DSC07366-1536x1024.jpg 1536w, https:\/\/cod.al\/wp-content\/uploads\/2025\/12\/DSC07366-2048x1365.jpg 2048w\" sizes=\"(max-width: 1024px) 100vw, 1024px\" \/><\/a><\/figure>\n\n\n\n<figure class=\"wp-block-image size-large\"><a href=\"https:\/\/cod.al\/wp-content\/uploads\/2025\/12\/DSC07350-scaled.jpg\"><img loading=\"lazy\" decoding=\"async\" width=\"1024\" height=\"683\" data-id=\"9445\" src=\"https:\/\/cod.al\/wp-content\/uploads\/2025\/12\/DSC07350-1024x683.jpg\" alt=\"\" class=\"wp-image-9445\" srcset=\"https:\/\/cod.al\/wp-content\/uploads\/2025\/12\/DSC07350-1024x683.jpg 1024w, https:\/\/cod.al\/wp-content\/uploads\/2025\/12\/DSC07350-300x200.jpg 300w, https:\/\/cod.al\/wp-content\/uploads\/2025\/12\/DSC07350-768x512.jpg 768w, https:\/\/cod.al\/wp-content\/uploads\/2025\/12\/DSC07350-800x533.jpg 800w, https:\/\/cod.al\/wp-content\/uploads\/2025\/12\/DSC07350-1536x1024.jpg 1536w, https:\/\/cod.al\/wp-content\/uploads\/2025\/12\/DSC07350-2048x1365.jpg 2048w\" sizes=\"(max-width: 1024px) 100vw, 1024px\" \/><\/a><\/figure>\n\n\n\n<figure class=\"wp-block-image size-large\"><a href=\"https:\/\/cod.al\/wp-content\/uploads\/2025\/12\/DSC07198-scaled.jpg\"><img loading=\"lazy\" decoding=\"async\" width=\"1024\" height=\"683\" data-id=\"9443\" src=\"https:\/\/cod.al\/wp-content\/uploads\/2025\/12\/DSC07198-1024x683.jpg\" alt=\"\" class=\"wp-image-9443\" srcset=\"https:\/\/cod.al\/wp-content\/uploads\/2025\/12\/DSC07198-1024x683.jpg 1024w, https:\/\/cod.al\/wp-content\/uploads\/2025\/12\/DSC07198-300x200.jpg 300w, https:\/\/cod.al\/wp-content\/uploads\/2025\/12\/DSC07198-768x512.jpg 768w, https:\/\/cod.al\/wp-content\/uploads\/2025\/12\/DSC07198-800x533.jpg 800w, https:\/\/cod.al\/wp-content\/uploads\/2025\/12\/DSC07198-1536x1024.jpg 1536w, https:\/\/cod.al\/wp-content\/uploads\/2025\/12\/DSC07198-2048x1365.jpg 2048w\" sizes=\"(max-width: 1024px) 100vw, 1024px\" \/><\/a><\/figure>\n\n\n\n<figure class=\"wp-block-image size-large\"><a href=\"https:\/\/cod.al\/wp-content\/uploads\/2025\/12\/DSC07229-scaled.jpg\"><img loading=\"lazy\" decoding=\"async\" width=\"1024\" height=\"683\" data-id=\"9447\" src=\"https:\/\/cod.al\/wp-content\/uploads\/2025\/12\/DSC07229-1024x683.jpg\" alt=\"\" class=\"wp-image-9447\" srcset=\"https:\/\/cod.al\/wp-content\/uploads\/2025\/12\/DSC07229-1024x683.jpg 1024w, https:\/\/cod.al\/wp-content\/uploads\/2025\/12\/DSC07229-300x200.jpg 300w, https:\/\/cod.al\/wp-content\/uploads\/2025\/12\/DSC07229-768x512.jpg 768w, https:\/\/cod.al\/wp-content\/uploads\/2025\/12\/DSC07229-800x533.jpg 800w, https:\/\/cod.al\/wp-content\/uploads\/2025\/12\/DSC07229-1536x1024.jpg 1536w, https:\/\/cod.al\/wp-content\/uploads\/2025\/12\/DSC07229-2048x1365.jpg 2048w\" sizes=\"(max-width: 1024px) 100vw, 1024px\" \/><\/a><\/figure>\n\n\n\n<figure class=\"wp-block-image size-large\"><a href=\"https:\/\/cod.al\/wp-content\/uploads\/2025\/12\/DSC07233-scaled.jpg\"><img loading=\"lazy\" decoding=\"async\" width=\"1024\" height=\"683\" data-id=\"9444\" src=\"https:\/\/cod.al\/wp-content\/uploads\/2025\/12\/DSC07233-1024x683.jpg\" alt=\"\" class=\"wp-image-9444\" srcset=\"https:\/\/cod.al\/wp-content\/uploads\/2025\/12\/DSC07233-1024x683.jpg 1024w, https:\/\/cod.al\/wp-content\/uploads\/2025\/12\/DSC07233-300x200.jpg 300w, https:\/\/cod.al\/wp-content\/uploads\/2025\/12\/DSC07233-768x512.jpg 768w, https:\/\/cod.al\/wp-content\/uploads\/2025\/12\/DSC07233-800x533.jpg 800w, https:\/\/cod.al\/wp-content\/uploads\/2025\/12\/DSC07233-1536x1024.jpg 1536w, https:\/\/cod.al\/wp-content\/uploads\/2025\/12\/DSC07233-2048x1365.jpg 2048w\" sizes=\"(max-width: 1024px) 100vw, 1024px\" \/><\/a><\/figure>\n\n\n\n<figure class=\"wp-block-image size-large\"><a href=\"https:\/\/cod.al\/wp-content\/uploads\/2025\/12\/DSC07246-scaled.jpg\"><img loading=\"lazy\" decoding=\"async\" width=\"1024\" height=\"683\" data-id=\"9449\" src=\"https:\/\/cod.al\/wp-content\/uploads\/2025\/12\/DSC07246-1024x683.jpg\" alt=\"\" class=\"wp-image-9449\" srcset=\"https:\/\/cod.al\/wp-content\/uploads\/2025\/12\/DSC07246-1024x683.jpg 1024w, https:\/\/cod.al\/wp-content\/uploads\/2025\/12\/DSC07246-300x200.jpg 300w, https:\/\/cod.al\/wp-content\/uploads\/2025\/12\/DSC07246-768x512.jpg 768w, https:\/\/cod.al\/wp-content\/uploads\/2025\/12\/DSC07246-800x533.jpg 800w, https:\/\/cod.al\/wp-content\/uploads\/2025\/12\/DSC07246-1536x1024.jpg 1536w, https:\/\/cod.al\/wp-content\/uploads\/2025\/12\/DSC07246-2048x1365.jpg 2048w\" sizes=\"(max-width: 1024px) 100vw, 1024px\" \/><\/a><\/figure>\n\n\n\n<figure class=\"wp-block-image size-large\"><a href=\"https:\/\/cod.al\/wp-content\/uploads\/2025\/12\/DSC07248-scaled.jpg\"><img loading=\"lazy\" decoding=\"async\" width=\"1024\" height=\"683\" data-id=\"9452\" src=\"https:\/\/cod.al\/wp-content\/uploads\/2025\/12\/DSC07248-1024x683.jpg\" alt=\"\" class=\"wp-image-9452\" srcset=\"https:\/\/cod.al\/wp-content\/uploads\/2025\/12\/DSC07248-1024x683.jpg 1024w, https:\/\/cod.al\/wp-content\/uploads\/2025\/12\/DSC07248-300x200.jpg 300w, https:\/\/cod.al\/wp-content\/uploads\/2025\/12\/DSC07248-768x512.jpg 768w, https:\/\/cod.al\/wp-content\/uploads\/2025\/12\/DSC07248-800x533.jpg 800w, https:\/\/cod.al\/wp-content\/uploads\/2025\/12\/DSC07248-1536x1024.jpg 1536w, https:\/\/cod.al\/wp-content\/uploads\/2025\/12\/DSC07248-2048x1365.jpg 2048w\" sizes=\"(max-width: 1024px) 100vw, 1024px\" \/><\/a><\/figure>\n\n\n\n<figure class=\"wp-block-image size-large\"><a href=\"https:\/\/cod.al\/wp-content\/uploads\/2025\/12\/DSC07280-scaled.jpg\"><img loading=\"lazy\" decoding=\"async\" width=\"1024\" height=\"683\" data-id=\"9450\" src=\"https:\/\/cod.al\/wp-content\/uploads\/2025\/12\/DSC07280-1024x683.jpg\" alt=\"\" class=\"wp-image-9450\" srcset=\"https:\/\/cod.al\/wp-content\/uploads\/2025\/12\/DSC07280-1024x683.jpg 1024w, https:\/\/cod.al\/wp-content\/uploads\/2025\/12\/DSC07280-300x200.jpg 300w, https:\/\/cod.al\/wp-content\/uploads\/2025\/12\/DSC07280-768x512.jpg 768w, https:\/\/cod.al\/wp-content\/uploads\/2025\/12\/DSC07280-800x533.jpg 800w, https:\/\/cod.al\/wp-content\/uploads\/2025\/12\/DSC07280-1536x1024.jpg 1536w, https:\/\/cod.al\/wp-content\/uploads\/2025\/12\/DSC07280-2048x1365.jpg 2048w\" sizes=\"(max-width: 1024px) 100vw, 1024px\" \/><\/a><\/figure>\n\n\n\n<figure class=\"wp-block-image size-large\"><a href=\"https:\/\/cod.al\/wp-content\/uploads\/2025\/12\/DSC07302-scaled.jpg\"><img loading=\"lazy\" decoding=\"async\" width=\"1024\" height=\"683\" data-id=\"9451\" src=\"https:\/\/cod.al\/wp-content\/uploads\/2025\/12\/DSC07302-1024x683.jpg\" alt=\"\" class=\"wp-image-9451\" srcset=\"https:\/\/cod.al\/wp-content\/uploads\/2025\/12\/DSC07302-1024x683.jpg 1024w, https:\/\/cod.al\/wp-content\/uploads\/2025\/12\/DSC07302-300x200.jpg 300w, https:\/\/cod.al\/wp-content\/uploads\/2025\/12\/DSC07302-768x512.jpg 768w, https:\/\/cod.al\/wp-content\/uploads\/2025\/12\/DSC07302-800x533.jpg 800w, https:\/\/cod.al\/wp-content\/uploads\/2025\/12\/DSC07302-1536x1024.jpg 1536w, https:\/\/cod.al\/wp-content\/uploads\/2025\/12\/DSC07302-2048x1365.jpg 2048w\" sizes=\"(max-width: 1024px) 100vw, 1024px\" \/><\/a><\/figure>\n\n\n\n<figure class=\"wp-block-image size-large\"><a href=\"https:\/\/cod.al\/wp-content\/uploads\/2025\/12\/DSC07306-scaled.jpg\"><img loading=\"lazy\" decoding=\"async\" width=\"1024\" height=\"683\" data-id=\"9454\" src=\"https:\/\/cod.al\/wp-content\/uploads\/2025\/12\/DSC07306-1024x683.jpg\" alt=\"\" class=\"wp-image-9454\" srcset=\"https:\/\/cod.al\/wp-content\/uploads\/2025\/12\/DSC07306-1024x683.jpg 1024w, https:\/\/cod.al\/wp-content\/uploads\/2025\/12\/DSC07306-300x200.jpg 300w, https:\/\/cod.al\/wp-content\/uploads\/2025\/12\/DSC07306-768x512.jpg 768w, https:\/\/cod.al\/wp-content\/uploads\/2025\/12\/DSC07306-800x533.jpg 800w, https:\/\/cod.al\/wp-content\/uploads\/2025\/12\/DSC07306-1536x1024.jpg 1536w, https:\/\/cod.al\/wp-content\/uploads\/2025\/12\/DSC07306-2048x1365.jpg 2048w\" sizes=\"(max-width: 1024px) 100vw, 1024px\" \/><\/a><\/figure>\n\n\n\n<figure class=\"wp-block-image size-large\"><a href=\"https:\/\/cod.al\/wp-content\/uploads\/2025\/12\/DSC07314-scaled.jpg\"><img loading=\"lazy\" decoding=\"async\" width=\"1024\" height=\"683\" data-id=\"9453\" src=\"https:\/\/cod.al\/wp-content\/uploads\/2025\/12\/DSC07314-1024x683.jpg\" alt=\"\" class=\"wp-image-9453\" srcset=\"https:\/\/cod.al\/wp-content\/uploads\/2025\/12\/DSC07314-1024x683.jpg 1024w, https:\/\/cod.al\/wp-content\/uploads\/2025\/12\/DSC07314-300x200.jpg 300w, https:\/\/cod.al\/wp-content\/uploads\/2025\/12\/DSC07314-768x512.jpg 768w, https:\/\/cod.al\/wp-content\/uploads\/2025\/12\/DSC07314-800x533.jpg 800w, https:\/\/cod.al\/wp-content\/uploads\/2025\/12\/DSC07314-1536x1024.jpg 1536w, https:\/\/cod.al\/wp-content\/uploads\/2025\/12\/DSC07314-2048x1365.jpg 2048w\" sizes=\"(max-width: 1024px) 100vw, 1024px\" \/><\/a><\/figure>\n\n\n\n<figure class=\"wp-block-image size-large\"><a href=\"https:\/\/cod.al\/wp-content\/uploads\/2025\/12\/DSC07335-scaled.jpg\"><img loading=\"lazy\" decoding=\"async\" width=\"1024\" height=\"683\" data-id=\"9455\" src=\"https:\/\/cod.al\/wp-content\/uploads\/2025\/12\/DSC07335-1024x683.jpg\" alt=\"\" class=\"wp-image-9455\" srcset=\"https:\/\/cod.al\/wp-content\/uploads\/2025\/12\/DSC07335-1024x683.jpg 1024w, https:\/\/cod.al\/wp-content\/uploads\/2025\/12\/DSC07335-300x200.jpg 300w, https:\/\/cod.al\/wp-content\/uploads\/2025\/12\/DSC07335-768x512.jpg 768w, https:\/\/cod.al\/wp-content\/uploads\/2025\/12\/DSC07335-800x533.jpg 800w, https:\/\/cod.al\/wp-content\/uploads\/2025\/12\/DSC07335-1536x1024.jpg 1536w, https:\/\/cod.al\/wp-content\/uploads\/2025\/12\/DSC07335-2048x1365.jpg 2048w\" sizes=\"(max-width: 1024px) 100vw, 1024px\" \/><\/a><\/figure>\n<\/figure>\n\n\n\n<h2 class=\"wp-block-heading has-text-align-center\">EXPO-VIEW<\/h2>\n\n\n\n<figure class=\"wp-block-gallery has-nested-images columns-default is-cropped wp-block-gallery-3 is-layout-flex wp-block-gallery-is-layout-flex\">\n<figure class=\"wp-block-image size-large\"><a href=\"https:\/\/cod.al\/wp-content\/uploads\/2025\/12\/IMG_9690-scaled.jpg\"><img loading=\"lazy\" decoding=\"async\" width=\"1024\" height=\"683\" data-id=\"9456\" src=\"https:\/\/cod.al\/wp-content\/uploads\/2025\/12\/IMG_9690-1024x683.jpg\" alt=\"\" class=\"wp-image-9456\" srcset=\"https:\/\/cod.al\/wp-content\/uploads\/2025\/12\/IMG_9690-1024x683.jpg 1024w, https:\/\/cod.al\/wp-content\/uploads\/2025\/12\/IMG_9690-300x200.jpg 300w, https:\/\/cod.al\/wp-content\/uploads\/2025\/12\/IMG_9690-768x512.jpg 768w, https:\/\/cod.al\/wp-content\/uploads\/2025\/12\/IMG_9690-800x533.jpg 800w, https:\/\/cod.al\/wp-content\/uploads\/2025\/12\/IMG_9690-1536x1024.jpg 1536w, https:\/\/cod.al\/wp-content\/uploads\/2025\/12\/IMG_9690-2048x1365.jpg 2048w\" sizes=\"(max-width: 1024px) 100vw, 1024px\" \/><\/a><\/figure>\n\n\n\n<figure class=\"wp-block-image size-large\"><a href=\"https:\/\/cod.al\/wp-content\/uploads\/2025\/12\/IMG_9651-scaled.jpg\"><img loading=\"lazy\" decoding=\"async\" width=\"1024\" height=\"757\" data-id=\"9462\" src=\"https:\/\/cod.al\/wp-content\/uploads\/2025\/12\/IMG_9651-1024x757.jpg\" alt=\"\" class=\"wp-image-9462\" srcset=\"https:\/\/cod.al\/wp-content\/uploads\/2025\/12\/IMG_9651-1024x757.jpg 1024w, https:\/\/cod.al\/wp-content\/uploads\/2025\/12\/IMG_9651-300x222.jpg 300w, https:\/\/cod.al\/wp-content\/uploads\/2025\/12\/IMG_9651-768x568.jpg 768w, https:\/\/cod.al\/wp-content\/uploads\/2025\/12\/IMG_9651-800x592.jpg 800w, https:\/\/cod.al\/wp-content\/uploads\/2025\/12\/IMG_9651-1536x1136.jpg 1536w, https:\/\/cod.al\/wp-content\/uploads\/2025\/12\/IMG_9651-2048x1514.jpg 2048w\" sizes=\"(max-width: 1024px) 100vw, 1024px\" \/><\/a><\/figure>\n\n\n\n<figure class=\"wp-block-image size-large\"><a href=\"https:\/\/cod.al\/wp-content\/uploads\/2025\/12\/IMG_9691-scaled.jpg\"><img loading=\"lazy\" decoding=\"async\" width=\"1024\" height=\"683\" data-id=\"9457\" src=\"https:\/\/cod.al\/wp-content\/uploads\/2025\/12\/IMG_9691-1024x683.jpg\" alt=\"\" class=\"wp-image-9457\" srcset=\"https:\/\/cod.al\/wp-content\/uploads\/2025\/12\/IMG_9691-1024x683.jpg 1024w, https:\/\/cod.al\/wp-content\/uploads\/2025\/12\/IMG_9691-300x200.jpg 300w, https:\/\/cod.al\/wp-content\/uploads\/2025\/12\/IMG_9691-768x512.jpg 768w, https:\/\/cod.al\/wp-content\/uploads\/2025\/12\/IMG_9691-800x533.jpg 800w, https:\/\/cod.al\/wp-content\/uploads\/2025\/12\/IMG_9691-1536x1024.jpg 1536w, https:\/\/cod.al\/wp-content\/uploads\/2025\/12\/IMG_9691-2048x1365.jpg 2048w\" sizes=\"(max-width: 1024px) 100vw, 1024px\" \/><\/a><\/figure>\n\n\n\n<figure class=\"wp-block-image size-large\"><a href=\"https:\/\/cod.al\/wp-content\/uploads\/2025\/12\/IMG_9695-scaled.jpg\"><img loading=\"lazy\" decoding=\"async\" width=\"1024\" height=\"683\" data-id=\"9458\" src=\"https:\/\/cod.al\/wp-content\/uploads\/2025\/12\/IMG_9695-1024x683.jpg\" alt=\"\" class=\"wp-image-9458\" srcset=\"https:\/\/cod.al\/wp-content\/uploads\/2025\/12\/IMG_9695-1024x683.jpg 1024w, https:\/\/cod.al\/wp-content\/uploads\/2025\/12\/IMG_9695-300x200.jpg 300w, https:\/\/cod.al\/wp-content\/uploads\/2025\/12\/IMG_9695-768x512.jpg 768w, https:\/\/cod.al\/wp-content\/uploads\/2025\/12\/IMG_9695-800x533.jpg 800w, https:\/\/cod.al\/wp-content\/uploads\/2025\/12\/IMG_9695-1536x1024.jpg 1536w, https:\/\/cod.al\/wp-content\/uploads\/2025\/12\/IMG_9695-2048x1365.jpg 2048w\" sizes=\"(max-width: 1024px) 100vw, 1024px\" \/><\/a><\/figure>\n\n\n\n<figure class=\"wp-block-image size-large\"><a href=\"https:\/\/cod.al\/wp-content\/uploads\/2025\/12\/IMG_9657-scaled.jpg\"><img loading=\"lazy\" decoding=\"async\" width=\"1024\" height=\"683\" data-id=\"9461\" src=\"https:\/\/cod.al\/wp-content\/uploads\/2025\/12\/IMG_9657-1024x683.jpg\" alt=\"\" class=\"wp-image-9461\" srcset=\"https:\/\/cod.al\/wp-content\/uploads\/2025\/12\/IMG_9657-1024x683.jpg 1024w, https:\/\/cod.al\/wp-content\/uploads\/2025\/12\/IMG_9657-300x200.jpg 300w, https:\/\/cod.al\/wp-content\/uploads\/2025\/12\/IMG_9657-768x512.jpg 768w, https:\/\/cod.al\/wp-content\/uploads\/2025\/12\/IMG_9657-800x533.jpg 800w, https:\/\/cod.al\/wp-content\/uploads\/2025\/12\/IMG_9657-1536x1024.jpg 1536w, https:\/\/cod.al\/wp-content\/uploads\/2025\/12\/IMG_9657-2048x1365.jpg 2048w\" sizes=\"(max-width: 1024px) 100vw, 1024px\" \/><\/a><\/figure>\n\n\n\n<figure class=\"wp-block-image size-large\"><a href=\"https:\/\/cod.al\/wp-content\/uploads\/2025\/12\/IMG_9711-scaled.jpg\"><img loading=\"lazy\" decoding=\"async\" width=\"1024\" height=\"683\" data-id=\"9459\" src=\"https:\/\/cod.al\/wp-content\/uploads\/2025\/12\/IMG_9711-1024x683.jpg\" alt=\"\" class=\"wp-image-9459\" srcset=\"https:\/\/cod.al\/wp-content\/uploads\/2025\/12\/IMG_9711-1024x683.jpg 1024w, https:\/\/cod.al\/wp-content\/uploads\/2025\/12\/IMG_9711-300x200.jpg 300w, https:\/\/cod.al\/wp-content\/uploads\/2025\/12\/IMG_9711-768x512.jpg 768w, https:\/\/cod.al\/wp-content\/uploads\/2025\/12\/IMG_9711-800x533.jpg 800w, https:\/\/cod.al\/wp-content\/uploads\/2025\/12\/IMG_9711-1536x1024.jpg 1536w, https:\/\/cod.al\/wp-content\/uploads\/2025\/12\/IMG_9711-2048x1365.jpg 2048w\" sizes=\"(max-width: 1024px) 100vw, 1024px\" \/><\/a><\/figure>\n\n\n\n<figure class=\"wp-block-image size-large\"><a href=\"https:\/\/cod.al\/wp-content\/uploads\/2025\/12\/IMG_9710-scaled.jpg\"><img loading=\"lazy\" decoding=\"async\" width=\"1024\" height=\"683\" data-id=\"9460\" src=\"https:\/\/cod.al\/wp-content\/uploads\/2025\/12\/IMG_9710-1024x683.jpg\" alt=\"\" class=\"wp-image-9460\" srcset=\"https:\/\/cod.al\/wp-content\/uploads\/2025\/12\/IMG_9710-1024x683.jpg 1024w, https:\/\/cod.al\/wp-content\/uploads\/2025\/12\/IMG_9710-300x200.jpg 300w, https:\/\/cod.al\/wp-content\/uploads\/2025\/12\/IMG_9710-768x512.jpg 768w, https:\/\/cod.al\/wp-content\/uploads\/2025\/12\/IMG_9710-800x533.jpg 800w, https:\/\/cod.al\/wp-content\/uploads\/2025\/12\/IMG_9710-1536x1024.jpg 1536w, https:\/\/cod.al\/wp-content\/uploads\/2025\/12\/IMG_9710-2048x1365.jpg 2048w\" sizes=\"(max-width: 1024px) 100vw, 1024px\" \/><\/a><\/figure>\n<\/figure>\n","protected":false},"excerpt":{"rendered":"<p>TEMPO Jakup Ferri N\u00eb k\u00ebt\u00eb ekspozit\u00eb, Jakup Ferri sjell n\u00eb dialog dy shtresa t\u00eb forta t\u00eb p\u00ebrvoj\u00ebs njer\u00ebzore: imagjinat\u00ebn dhe kujtes\u00ebn. P\u00ebrmes piktur\u00ebs dhe tekstilit \u2013 dy media q\u00eb i trajton me delikates\u00eb dhe vendosm\u00ebri \u2013 ai na udh\u00ebheq n\u00eb<\/p>\n","protected":false},"author":5,"featured_media":0,"parent":0,"menu_order":0,"comment_status":"closed","ping_status":"closed","template":"","meta":{"footnotes":""},"class_list":["post-9378","page","type-page","status-publish","hentry"],"_links":{"self":[{"href":"https:\/\/cod.al\/index.php?rest_route=\/wp\/v2\/pages\/9378","targetHints":{"allow":["GET"]}}],"collection":[{"href":"https:\/\/cod.al\/index.php?rest_route=\/wp\/v2\/pages"}],"about":[{"href":"https:\/\/cod.al\/index.php?rest_route=\/wp\/v2\/types\/page"}],"author":[{"embeddable":true,"href":"https:\/\/cod.al\/index.php?rest_route=\/wp\/v2\/users\/5"}],"replies":[{"embeddable":true,"href":"https:\/\/cod.al\/index.php?rest_route=%2Fwp%2Fv2%2Fcomments&post=9378"}],"version-history":[{"count":7,"href":"https:\/\/cod.al\/index.php?rest_route=\/wp\/v2\/pages\/9378\/revisions"}],"predecessor-version":[{"id":9464,"href":"https:\/\/cod.al\/index.php?rest_route=\/wp\/v2\/pages\/9378\/revisions\/9464"}],"wp:attachment":[{"href":"https:\/\/cod.al\/index.php?rest_route=%2Fwp%2Fv2%2Fmedia&parent=9378"}],"curies":[{"name":"wp","href":"https:\/\/api.w.org\/{rel}","templated":true}]}}