{"id":8379,"date":"2024-10-16T09:20:41","date_gmt":"2024-10-16T07:20:41","guid":{"rendered":"https:\/\/cod.al\/?page_id=8379"},"modified":"2025-01-16T14:38:09","modified_gmt":"2025-01-16T13:38:09","slug":"naxhi-bakalli","status":"publish","type":"page","link":"https:\/\/cod.al\/?page_id=8379","title":{"rendered":"Naxhi Bakalli"},"content":{"rendered":"<p>[vc_row][vc_column][vc_single_image image=&#8221;8397&#8243; img_size=&#8221;large&#8221; alignment=&#8221;center&#8221;][vc_column_text]<\/p>\n<p style=\"text-align: center;\"><strong>\u201cE v\u00ebshtir\u00eb t\u00eb mbijetosh, akom\u00eb m\u00eb e v\u00ebshtir\u00eb t\u2019i takosh t\u00eb ardhmes.\u201d<\/strong> (Naxhi Bakalli)<\/p>\n<p>&nbsp;<\/p>\n<p>Naxhi Bakalli \u00ebsht\u00eb nj\u00eb krijues n\u00eb k\u00ebrkim t\u00eb s\u00eb panjohur\u00ebs. Ky kuriozitet i pashtersh\u00ebm p\u00ebrshkruan jet\u00ebn e tij. Nj\u00ebkoh\u00ebsisht, i ka \u00e7liruar atij kufijt\u00eb e imagjinat\u00ebs p\u00ebr t\u2019i dh\u00ebn\u00eb nj\u00eb fantazi t\u00eb pashtershme, nj\u00eb shije t\u00eb holl\u00eb e nj\u00eb ndjeshm\u00ebri t\u00eb lart\u00eb.<\/p>\n<p>Pyetja q\u00eb i b\u00ebj vetes teksa shoh pun\u00ebn e tij \u00ebsht\u00eb: \u201cSi e ka Bakalli k\u00ebt\u00eb rrezonim t\u00eb p\u00ebrkor\u00eb me majat m\u00eb t\u00eb larta t\u00eb artit bashk\u00ebkohor, duke qen\u00eb nj\u00ebkoh\u00ebsisht edhe kaq komb\u00ebtar\u201d?<\/p>\n<p>Ky piktor \u201cFormidable\u201d dhe vizatues virtuoz lart\u00ebsoi dhe ktheu n\u00eb kumt familjen n\u00eb tablot\u00eb e tij. Individualiteti i tij nuk \u00ebsht\u00eb i ndikuar nga t\u00eb tjer\u00ebt. At\u00eb e ka udh\u00ebhequr gjithmon\u00eb personifikimi i s\u00eb bukur\u00ebs.<\/p>\n<p>Naxhi Bakalli u la n\u00eb hije p\u00ebr shkak t\u00eb tablos\u00eb \u201cKur yjet mbushin qiellin\u201d, n\u00eb vitin 1969, kur n\u00eb Shqip\u00ebri u asgj\u00ebsuan kishat e xhamit\u00eb, e konsideruar nga kritika zyrtare si e papranueshme. Por artisti e pranoi k\u00ebt\u00eb n\u00eb heshtje, megjith\u00ebse natyra e tij \u00ebsht\u00eb e qelqt\u00eb. \u201cAi q\u00eb fyhet m\u00eb shum\u00eb \u00ebsht\u00eb artisti i nd\u00ebrgjegjsh\u00ebm\u201d, thot\u00eb Naxhi Bakalli. P\u00ebr 33 vite, asnj\u00eb pun\u00eb e tij nuk \u00ebsht\u00eb shfaqur n\u00ebp\u00ebr ekspozitat e koh\u00ebs.<\/p>\n<p>Linjat e tij nuk kan\u00eb mbingarkesa. Jan\u00eb fine. Vizatimet p\u00ebr vallet shqiptare jan\u00eb t\u00eb nj\u00eb karakteri lakonik, si ajo e Tiran\u00ebs, Dropullit, Kuk\u00ebsit, etj. Kjo i jep Naxhi Bakallit nj\u00eb taban popullor dhe vepra e tij \u00ebsht\u00eb e \u00e7uditshme, sepse nga ky taban ai krijon figuracion. Nga q\u00ebndismat e grave tona, motivet e xhublet\u00ebs deri tek ornamentet dhe n\u00ebnshtresat shekullore.<\/p>\n<p>Gruaja \u00ebsht\u00eb gjithashtu motiv i shpesht\u00eb n\u00eb tablon\u00eb e tij. Misterioze, e bukur, e ndrojtur apo shp\u00ebrthyese, teksa pikturon at\u00eb artisti ka nj\u00eb tis k\u00ebnaq\u00ebsie dhe relaksi.<\/p>\n<p>Piktori Naxhi Bakalli ka krijuar nj\u00eb stil pikturik simbolik, duke u mb\u00ebshtetur n\u00eb artin tradicional dhe folklorik, q\u00eb sh\u00ebrben si gurr\u00eb e pashtershme p\u00ebr krijuesin.<\/p>\n<p>Mjaft me interes jan\u00eb edhe vizatimet p\u00ebr legjendat dhe goj\u00ebdh\u00ebnat tona, si ato q\u00eb paraqesin \u201cGjergj Elez Alin\u00eb\u201d, \u201cK\u00ebshtjell\u00ebn e Rozaf\u00ebs\u201d, \u201cTomorri dhe Shpiragu\u201d, \u201cSopoti\u201d e t\u00eb tjera.<\/p>\n<p>Naxhi Bakalli, nga viti 1977 e deri sot, \u00ebsht\u00eb autor i m\u00eb shum\u00eb se 50 serive pullash, t\u00eb cilat jan\u00eb t\u00eb koleksionuara dhe n\u00eb qarkullim n\u00eb t\u00eb gjith\u00eb bot\u00ebn.<\/p>\n<p>N\u00eb vitin 1980 fitoi konkursin kushtuar heroit komb\u00ebtar Gjergj Kastriot Sk\u00ebnderbeut p\u00ebr muralen e Muzeut t\u00eb Kruj\u00ebs. Ai krijon \u201cP\u00ebrballimin\u201d. Pa dashur t\u00eb pasqyroj\u00eb aty nj\u00eb betej\u00eb t\u00eb caktuar, Naxhi Bakalli na sjell b\u00ebmat e Sk\u00ebnderbeut dhe n\u00ebp\u00ebrmjet artit dep\u00ebrton n\u00eb n\u00ebnd\u00ebrgjegjen ton\u00eb.<\/p>\n<p>Kat\u00ebr vite me von\u00eb realizon muralen kushtuar Kuvendit t\u00eb Dukagjinit p\u00ebr Muzeun e Burrelit.<\/p>\n<p>N\u00ebse, si\u00e7 shprehet n\u00eb fillim, Naxhi Bakalli e sheh t\u00eb v\u00ebshtir\u00eb t\u2019i takoj\u00eb t\u00eb ardhmes, nuk ka arsye! Ai i ka braktisur kufijt\u00eb e formave t\u00eb caktuara, \u00e7ka e shnd\u00ebrron n\u00eb nj\u00eb nga piktor\u00ebt m\u00eb t\u00eb mir\u00eb bashk\u00ebkohor\u00eb shqiptar\u00eb. Tashm\u00eb emri i tij \u00ebsht\u00eb p\u00ebrher\u00ebsuar.<\/p>\n<p style=\"text-align: right;\"><strong><em>Jetona Ko\u00e7ibelli, Kuratore<\/em><\/strong><\/p>\n<p>[\/vc_column_text][\/vc_column][\/vc_row][vc_row][vc_column][vc_text_separator title=&#8221;Expo-View&#8221;][vc_gallery type=&#8221;image_grid&#8221; images=&#8221;8436,8437,8438,8439,8440,8441,8442,8443,8444,8445,8446,8447,8448&#8243;][\/vc_column][\/vc_row][vc_row][vc_column][vc_text_separator title=&#8221;\u00c7elja e Ekspozit\u00ebs&#8221;][vc_gallery type=&#8221;image_grid&#8221; images=&#8221;8450,8451,8453,8454,8455,8456,8457,8458,8459,8460,8461,8462,8463,8464,8465,8466,8467,8468,8469,8452&#8243;][\/vc_column][\/vc_row]<\/p>\n","protected":false},"excerpt":{"rendered":"<p>[vc_row][vc_column][vc_single_image image=&#8221;8397&#8243; img_size=&#8221;large&#8221; alignment=&#8221;center&#8221;][vc_column_text] \u201cE v\u00ebshtir\u00eb t\u00eb mbijetosh, akom\u00eb m\u00eb e v\u00ebshtir\u00eb t\u2019i takosh t\u00eb ardhmes.\u201d (Naxhi Bakalli) &nbsp; Naxhi Bakalli \u00ebsht\u00eb nj\u00eb krijues n\u00eb k\u00ebrkim t\u00eb s\u00eb panjohur\u00ebs. Ky kuriozitet i pashtersh\u00ebm p\u00ebrshkruan jet\u00ebn e tij. Nj\u00ebkoh\u00ebsisht, i ka<\/p>\n","protected":false},"author":5,"featured_media":0,"parent":0,"menu_order":0,"comment_status":"closed","ping_status":"closed","template":"","meta":{"footnotes":""},"class_list":["post-8379","page","type-page","status-publish","hentry"],"_links":{"self":[{"href":"https:\/\/cod.al\/index.php?rest_route=\/wp\/v2\/pages\/8379","targetHints":{"allow":["GET"]}}],"collection":[{"href":"https:\/\/cod.al\/index.php?rest_route=\/wp\/v2\/pages"}],"about":[{"href":"https:\/\/cod.al\/index.php?rest_route=\/wp\/v2\/types\/page"}],"author":[{"embeddable":true,"href":"https:\/\/cod.al\/index.php?rest_route=\/wp\/v2\/users\/5"}],"replies":[{"embeddable":true,"href":"https:\/\/cod.al\/index.php?rest_route=%2Fwp%2Fv2%2Fcomments&post=8379"}],"version-history":[{"count":11,"href":"https:\/\/cod.al\/index.php?rest_route=\/wp\/v2\/pages\/8379\/revisions"}],"predecessor-version":[{"id":8524,"href":"https:\/\/cod.al\/index.php?rest_route=\/wp\/v2\/pages\/8379\/revisions\/8524"}],"wp:attachment":[{"href":"https:\/\/cod.al\/index.php?rest_route=%2Fwp%2Fv2%2Fmedia&parent=8379"}],"curies":[{"name":"wp","href":"https:\/\/api.w.org\/{rel}","templated":true}]}}