{"id":7848,"date":"2024-06-18T17:01:35","date_gmt":"2024-06-18T15:01:35","guid":{"rendered":"https:\/\/cod.al\/?page_id=7848"},"modified":"2024-08-09T12:25:15","modified_gmt":"2024-08-09T10:25:15","slug":"qerime-file","status":"publish","type":"page","link":"https:\/\/cod.al\/?page_id=7848","title":{"rendered":"Qerime File"},"content":{"rendered":"<p>[vc_row][vc_column width=&#8221;1\/4&#8243;][vc_single_image image=&#8221;8110&#8243; img_size=&#8221;large&#8221; alignment=&#8221;center&#8221; onclick=&#8221;link_image&#8221; css_animation=&#8221;appear&#8221;][\/vc_column][vc_column width=&#8221;3\/4&#8243;][vc_icon icon_fontawesome=&#8221;fa fa-envelope-o&#8221; color=&#8221;black&#8221; background_style=&#8221;rounded-outline&#8221; size=&#8221;xs&#8221; align=&#8221;right&#8221; css_animation=&#8221;appear&#8221; link=&#8221;url:http%3A%2F%2Fqerime.file%40kryeministria.al|title:qerime.file%40kryeministria.al|&#8221;][vc_column_text]<strong>QERIME FILE<br \/>\n<\/strong><strong>P\u00ebrgjegj\u00ebs Sektori\u00a0\/\u00a0Sektori i Menaxhimit t\u00eb Qendrave p\u00ebr Hapje dhe Dialog n\u00eb Rajone<\/strong><\/p>\n<hr \/>\n<p>Qerime\u00a0File ka p\u00ebrfunduar studimet e larta n\u00eb Akademin\u00eb e Arteve t\u00eb Bukura n\u00eb Fakultetin e Arteve Figurative, Barchelor Tekstil\/ Fashion Mod\u00eb dhe Master Shkencor dhe Profesional n\u00eb deg\u00ebn Piktur\u00eb Monumentale.<\/p>\n<p>Prej nj\u00eb eksperience gati 10 vje\u00e7are, nga viti 2012 \u00ebsht\u00eb pjes\u00eb e Artit Pamor n\u00eb ekspozita kolektive dhe kuratoriale ku sh\u00ebnon rreth 42 ekspozita brenda dhe jasht\u00eb vendit: Mal t\u00eb Zi, Franc\u00eb, Belgjik\u00eb.<\/p>\n<p>Fituese e dy \u00e7mimeve nd\u00ebrkombetare n\u00eb Biennalen e Vizatimit: \u00c7mimi i par\u00eb \u201cBest Drawing\u201d dhe \u00c7mimi i par\u00eb \u201cUnique Concept\u201d (2018- 2020) Kosov\u00eb\/ Mal i Zi.<\/p>\n<p>Qerime\u00a0sh\u00ebnon rreth 20 publikime n\u00eb gazeta dhe revista mbi kritik\u00ebn n\u00eb artin shqiptar bashkohor dhe influencat e artit n\u00eb ngjarje t\u00eb periudhave te ndryshme historike.<\/p>\n<p>Ilustruese e disa prej sht\u00ebpive botuese m\u00eb t\u00eb r\u00ebnd\u00ebsishme shqiptare si: Albas, Toena, Pegi, Onufri duke p\u00ebrfshir\u00eb dhe librin shkollor. K\u00ebshilltare Arti n\u00eb Bashkin\u00eb Pogradec n\u00eb evidentimin dhe promovimin e vlerave artistike dhe implementimin e projekteve kulturore n\u00eb Galerin\u00eb e Artit dhe Qendr\u00ebn Kulturore \u201cLasgush Poradeci\u201d.<\/p>\n<p>Prej 2 vitesh piktore filmi-dokumentar me trajtim temash social p\u00ebr te drejtat e njeriut dhe lirive themelore duke prezantuar p\u00ebr te dytin vit rradhazi n\u00eb Parlamentin Evropian, Bruksel.<\/p>\n<p>Tashm\u00eb pjes\u00eb e bot\u00ebs akademike si pedagoge n\u00eb Universitetin Polis dhe m\u00eb pas n\u00eb Universitetin Politeknik t\u00eb Tiran\u00ebs n\u00eb Fakultetin e Arkitektur\u00ebs dhe Urbanistik\u00ebs si pedagoge e l\u00ebndes s\u00eb vizatimit.<\/p>\n<p>Qerime File\u00a0i bashkohet stafit t\u00eb COD n\u00eb qershor 2024 si P\u00ebrgjegj\u00ebs Sektori\u00a0n\u00eb <em>Sektorin\u00a0e Menaxhimit t\u00eb Qendrave p\u00ebr Hapje dhe Dialog.<\/em>[\/vc_column_text][\/vc_column][\/vc_row]<\/p>\n","protected":false},"excerpt":{"rendered":"<p>[vc_row][vc_column width=&#8221;1\/4&#8243;][vc_single_image image=&#8221;8110&#8243; img_size=&#8221;large&#8221; alignment=&#8221;center&#8221; onclick=&#8221;link_image&#8221; css_animation=&#8221;appear&#8221;][\/vc_column][vc_column width=&#8221;3\/4&#8243;][vc_icon icon_fontawesome=&#8221;fa fa-envelope-o&#8221; color=&#8221;black&#8221; background_style=&#8221;rounded-outline&#8221; size=&#8221;xs&#8221; align=&#8221;right&#8221; css_animation=&#8221;appear&#8221; link=&#8221;url:http%3A%2F%2Fqerime.file%40kryeministria.al|title:qerime.file%40kryeministria.al|&#8221;][vc_column_text]QERIME FILE P\u00ebrgjegj\u00ebs Sektori\u00a0\/\u00a0Sektori i Menaxhimit t\u00eb Qendrave p\u00ebr Hapje dhe Dialog n\u00eb Rajone Qerime\u00a0File ka p\u00ebrfunduar studimet e larta n\u00eb Akademin\u00eb e Arteve t\u00eb<\/p>\n","protected":false},"author":5,"featured_media":0,"parent":0,"menu_order":0,"comment_status":"closed","ping_status":"closed","template":"","meta":{"footnotes":""},"class_list":["post-7848","page","type-page","status-publish","hentry"],"_links":{"self":[{"href":"https:\/\/cod.al\/index.php?rest_route=\/wp\/v2\/pages\/7848","targetHints":{"allow":["GET"]}}],"collection":[{"href":"https:\/\/cod.al\/index.php?rest_route=\/wp\/v2\/pages"}],"about":[{"href":"https:\/\/cod.al\/index.php?rest_route=\/wp\/v2\/types\/page"}],"author":[{"embeddable":true,"href":"https:\/\/cod.al\/index.php?rest_route=\/wp\/v2\/users\/5"}],"replies":[{"embeddable":true,"href":"https:\/\/cod.al\/index.php?rest_route=%2Fwp%2Fv2%2Fcomments&post=7848"}],"version-history":[{"count":15,"href":"https:\/\/cod.al\/index.php?rest_route=\/wp\/v2\/pages\/7848\/revisions"}],"predecessor-version":[{"id":8133,"href":"https:\/\/cod.al\/index.php?rest_route=\/wp\/v2\/pages\/7848\/revisions\/8133"}],"wp:attachment":[{"href":"https:\/\/cod.al\/index.php?rest_route=%2Fwp%2Fv2%2Fmedia&parent=7848"}],"curies":[{"name":"wp","href":"https:\/\/api.w.org\/{rel}","templated":true}]}}