{"id":7666,"date":"2024-05-30T10:52:07","date_gmt":"2024-05-30T08:52:07","guid":{"rendered":"https:\/\/cod.al\/?page_id=7666"},"modified":"2024-08-05T11:08:24","modified_gmt":"2024-08-05T09:08:24","slug":"rudina-shqalsi","status":"publish","type":"page","link":"https:\/\/cod.al\/?page_id=7666","title":{"rendered":"Rudina Shqalsi"},"content":{"rendered":"<p>[vc_row][vc_column width=&#8221;1\/4&#8243;][vc_single_image image=&#8221;7667&#8243; img_size=&#8221;medium&#8221; onclick=&#8221;link_image&#8221;][\/vc_column][vc_column width=&#8221;3\/4&#8243;][vc_icon icon_fontawesome=&#8221;fa fa-envelope-o&#8221; color=&#8221;black&#8221; background_style=&#8221;rounded-outline&#8221; size=&#8221;xs&#8221; align=&#8221;right&#8221;][vc_column_text]<strong>RUDINA SHQALSI<br \/>\n<\/strong><strong>Koordinator, rajoni Shkod\u00ebr \/\u00a0Sektori i Menaxhimit t\u00eb Qendrave\u00a0p\u00ebr Hapje dhe Dialog\u00a0n\u00eb rajone<\/strong><\/p>\n<hr \/>\n<p>Rudina Shqalsi ka mbaruar studimet e larta n\u00eb Universitetin \u201cLuigj Gurakuqi\u201d Shkod\u00ebr n\u00eb deg\u00ebn: \u201cGjuh\u00eb Shqipe dhe Let\u00ebrsi\u201d.<\/p>\n<p>Ka nj\u00eb p\u00ebrvoj\u00eb gati 30 vje\u00e7are ne fush\u00ebn e arsimit, ku ka punuar 20 vite n\u00eb m\u00ebsimdh\u00ebnie dhe 10 vite si drejtuese gjimnazi. P\u00ebrgjat\u00eb karrier\u00ebs s\u00eb saj, ajo ka marr\u00eb pjes\u00eb n\u00eb shum\u00eb trajnime q\u00eb kan\u00eb b\u00ebr\u00eb t\u00eb mundur ngritjen e saj profesionale n\u00eb aspektin e m\u00ebsimdh\u00ebnies, drejtimit e menaxhimit t\u00eb institucionit arsimor, ku gjithashtu ka qen\u00eb pjes\u00eb e projekteve dhe e organizimit t\u00eb aktiviteteve t\u00eb ndryshme.<\/p>\n<p>Rudina i \u00ebsht\u00eb bashkuar stafit t\u00eb COD n\u00eb shkurt t\u00eb vitit 2024 dhe mban pozicionin e Koordinatores s\u00eb Qendr\u00ebs p\u00ebr Hapje dhe Dialog, Rajoni Shkod\u00ebr.<\/p>\n<p>[\/vc_column_text][\/vc_column][\/vc_row]<\/p>\n","protected":false},"excerpt":{"rendered":"<p>[vc_row][vc_column width=&#8221;1\/4&#8243;][vc_single_image image=&#8221;7667&#8243; img_size=&#8221;medium&#8221; onclick=&#8221;link_image&#8221;][\/vc_column][vc_column width=&#8221;3\/4&#8243;][vc_icon icon_fontawesome=&#8221;fa fa-envelope-o&#8221; color=&#8221;black&#8221; background_style=&#8221;rounded-outline&#8221; size=&#8221;xs&#8221; align=&#8221;right&#8221;][vc_column_text]RUDINA SHQALSI Koordinator, rajoni Shkod\u00ebr \/\u00a0Sektori i Menaxhimit t\u00eb Qendrave\u00a0p\u00ebr Hapje dhe Dialog\u00a0n\u00eb rajone Rudina Shqalsi ka mbaruar studimet e larta n\u00eb Universitetin \u201cLuigj Gurakuqi\u201d Shkod\u00ebr n\u00eb deg\u00ebn: \u201cGjuh\u00eb<\/p>\n","protected":false},"author":5,"featured_media":0,"parent":0,"menu_order":0,"comment_status":"closed","ping_status":"closed","template":"","meta":{"footnotes":""},"class_list":["post-7666","page","type-page","status-publish","hentry"],"_links":{"self":[{"href":"https:\/\/cod.al\/index.php?rest_route=\/wp\/v2\/pages\/7666","targetHints":{"allow":["GET"]}}],"collection":[{"href":"https:\/\/cod.al\/index.php?rest_route=\/wp\/v2\/pages"}],"about":[{"href":"https:\/\/cod.al\/index.php?rest_route=\/wp\/v2\/types\/page"}],"author":[{"embeddable":true,"href":"https:\/\/cod.al\/index.php?rest_route=\/wp\/v2\/users\/5"}],"replies":[{"embeddable":true,"href":"https:\/\/cod.al\/index.php?rest_route=%2Fwp%2Fv2%2Fcomments&post=7666"}],"version-history":[{"count":2,"href":"https:\/\/cod.al\/index.php?rest_route=\/wp\/v2\/pages\/7666\/revisions"}],"predecessor-version":[{"id":8120,"href":"https:\/\/cod.al\/index.php?rest_route=\/wp\/v2\/pages\/7666\/revisions\/8120"}],"wp:attachment":[{"href":"https:\/\/cod.al\/index.php?rest_route=%2Fwp%2Fv2%2Fmedia&parent=7666"}],"curies":[{"name":"wp","href":"https:\/\/api.w.org\/{rel}","templated":true}]}}