{"id":7659,"date":"2024-05-30T10:46:46","date_gmt":"2024-05-30T08:46:46","guid":{"rendered":"https:\/\/cod.al\/?page_id=7659"},"modified":"2024-06-19T10:23:06","modified_gmt":"2024-06-19T08:23:06","slug":"eglantina-imeraj","status":"publish","type":"page","link":"https:\/\/cod.al\/?page_id=7659","title":{"rendered":"Eglantina Imeraj"},"content":{"rendered":"<p>[vc_row][vc_column width=&#8221;1\/4&#8243;][vc_single_image image=&#8221;7886&#8243; img_size=&#8221;medium&#8221; onclick=&#8221;link_image&#8221;][\/vc_column][vc_column width=&#8221;3\/4&#8243;][vc_icon icon_fontawesome=&#8221;fa fa-envelope-o&#8221; color=&#8221;black&#8221; background_style=&#8221;rounded-outline&#8221; size=&#8221;xs&#8221; align=&#8221;right&#8221;][vc_column_text]<strong>EGLANTINA IMERAJ<br \/>\n<\/strong><strong>Koordinator, rajoni Vlor\u00eb \/\u00a0Sektori i Menaxhimit t\u00eb Qendrave\u00a0p\u00ebr Hapje dhe Dialog\u00a0n\u00eb rajone<\/strong><\/p>\n<hr \/>\n<p>Eglantina Imeraj ka p\u00ebrfunduar studimet e larta (2006-2010) n\u00eb Universitetin &#8220;Ismail Qemali&#8221; Vlor\u00eb, dega Gjuh\u00eb Shqipe dhe Let\u00ebrsi dhe zot\u00ebron master profesional n\u00eb Universitetin e Tiran\u00ebs, Fakulteti Histori-Filologji, dega Redaktori.<\/p>\n<p>Ajo ka punuar shum\u00eb vite n\u00eb mediat lokale t\u00eb qytetit t\u00eb Vlor\u00ebs, n\u00eb pozicionin e gazetares s\u00eb terrenit, spikere e edicionit informativ, moderatore e emisioneve t\u00eb ndryshme dhe kryeredaktore, duke ndjekur edhe nj\u00eb s\u00ebr\u00eb trajnimesh n\u00eb sektorin e medias.<\/p>\n<p>N\u00eb periudh\u00ebn kohore 2013-2017 ka qen\u00eb korrespondente p\u00ebr Qarkun e Vlor\u00ebs n\u00eb Televizionin Vizion +.<\/p>\n<p>Ka punuar n\u00eb disa shkolla 9-vje\u00e7are dhe t\u00eb mesme si m\u00ebsuese e l\u00ebnd\u00ebs Gjuh\u00eb Shqipe dhe Let\u00ebrsi, si edhe n\u00eb pozicionin e marr\u00ebdh\u00ebnies me publikun n\u00eb institucionin e Post\u00ebs Shqiptare, Vlor\u00eb.<\/p>\n<p>P\u00ebrpara se t\u00eb b\u00ebhej pjes\u00eb e stafit t\u00eb COD, ajo punonte n\u00eb Universitetin &#8220;Ismail Qemali&#8221; Vlor\u00eb, n\u00eb pozicionin Specialiste \/Asistente e Rektorit. Aktualisht \u00ebsht\u00eb an\u00ebtare e K\u00ebshillit Bashkiak t\u00eb Vlor\u00ebs, n\u00eb mandatin e saj t\u00eb dyt\u00eb.<\/p>\n<p>Eglantina i \u00ebsht\u00eb bashkuar stafit t\u00eb COD n\u00eb shkurt t\u00eb vitit 2024 dhe mban pozicionin e Koordinatores s\u00eb Qendr\u00ebs p\u00ebr Hapje dhe Dialog, Rajoni Vlor\u00eb.[\/vc_column_text][\/vc_column][\/vc_row]<\/p>\n","protected":false},"excerpt":{"rendered":"<p>[vc_row][vc_column width=&#8221;1\/4&#8243;][vc_single_image image=&#8221;7886&#8243; img_size=&#8221;medium&#8221; onclick=&#8221;link_image&#8221;][\/vc_column][vc_column width=&#8221;3\/4&#8243;][vc_icon icon_fontawesome=&#8221;fa fa-envelope-o&#8221; color=&#8221;black&#8221; background_style=&#8221;rounded-outline&#8221; size=&#8221;xs&#8221; align=&#8221;right&#8221;][vc_column_text]EGLANTINA IMERAJ Koordinator, rajoni Vlor\u00eb \/\u00a0Sektori i Menaxhimit t\u00eb Qendrave\u00a0p\u00ebr Hapje dhe Dialog\u00a0n\u00eb rajone Eglantina Imeraj ka p\u00ebrfunduar studimet e larta (2006-2010) n\u00eb Universitetin &#8220;Ismail Qemali&#8221; Vlor\u00eb, dega Gjuh\u00eb<\/p>\n","protected":false},"author":5,"featured_media":0,"parent":0,"menu_order":0,"comment_status":"closed","ping_status":"closed","template":"","meta":{"footnotes":""},"class_list":["post-7659","page","type-page","status-publish","hentry"],"_links":{"self":[{"href":"https:\/\/cod.al\/index.php?rest_route=\/wp\/v2\/pages\/7659","targetHints":{"allow":["GET"]}}],"collection":[{"href":"https:\/\/cod.al\/index.php?rest_route=\/wp\/v2\/pages"}],"about":[{"href":"https:\/\/cod.al\/index.php?rest_route=\/wp\/v2\/types\/page"}],"author":[{"embeddable":true,"href":"https:\/\/cod.al\/index.php?rest_route=\/wp\/v2\/users\/5"}],"replies":[{"embeddable":true,"href":"https:\/\/cod.al\/index.php?rest_route=%2Fwp%2Fv2%2Fcomments&post=7659"}],"version-history":[{"count":5,"href":"https:\/\/cod.al\/index.php?rest_route=\/wp\/v2\/pages\/7659\/revisions"}],"predecessor-version":[{"id":7888,"href":"https:\/\/cod.al\/index.php?rest_route=\/wp\/v2\/pages\/7659\/revisions\/7888"}],"wp:attachment":[{"href":"https:\/\/cod.al\/index.php?rest_route=%2Fwp%2Fv2%2Fmedia&parent=7659"}],"curies":[{"name":"wp","href":"https:\/\/api.w.org\/{rel}","templated":true}]}}