{"id":7502,"date":"2024-05-10T14:36:36","date_gmt":"2024-05-10T12:36:36","guid":{"rendered":"https:\/\/cod.al\/?page_id=7502"},"modified":"2024-05-15T12:17:15","modified_gmt":"2024-05-15T10:17:15","slug":"nazmi-hoxha","status":"publish","type":"page","link":"https:\/\/cod.al\/?page_id=7502","title":{"rendered":"Nazmi Hoxha"},"content":{"rendered":"<p>[vc_row][vc_column][vc_text_separator title=&#8221;Ekspozit\u00eb&#8221; title_align=&#8221;separator_align_left&#8221;][vc_single_image image=&#8221;7586&#8243; img_size=&#8221;large&#8221; alignment=&#8221;center&#8221;][vc_separator el_width=&#8221;90&#8243;][vc_column_text]Arti i Nazmi Hoxh\u00ebs nuk mund t\u00eb kufizohet vet\u00ebm n\u00ebp\u00ebrmjet nj\u00eb zhanri t\u00eb vet\u00ebm. Ai \u00ebsht\u00eb mjesht\u00ebr i kompozimeve, peizazheve, nudove dhe portreteve, t\u00eb cilat t\u00eb b\u00ebra bashk\u00eb sjellin nj\u00eb d\u00ebshmi t\u00eb shkatht\u00ebsis\u00eb dhe thell\u00ebsis\u00eb s\u00eb tij si artist, pjes\u00ebza t\u00eb ndryshme \u00ebndrrash brenda nj\u00eb \u00ebndrre t\u00eb madhe arti. Me nj\u00eb zot\u00ebsi t\u00eb jasht\u00ebzakonshme, ai i vesh veprat e tij me nj\u00eb mantel t\u00eb mistersh\u00ebm.<\/p>\n<p>Tek cikli i pikturave \u201cNudo\u201d, v\u00ebrejm\u00eb aft\u00ebsin\u00eb e p\u00ebrdorimit t\u00eb ngjyr\u00ebs n\u00eb sip\u00ebrfaqen e telajos, efekte her\u00eb t\u00eb dukshme e her\u00eb t\u00eb padukshme sjellin nj\u00eb ngarkes\u00eb unike emocionale. Ngjyra \u00ebsht\u00eb elementi i vet\u00ebm kompozues q\u00eb prek trupat e zhveshur, t\u00eb cil\u00ebt duket sikur po tentojn\u00eb t\u00eb shk\u00ebputen nga sip\u00ebrfaqja, identik si n\u00ebp\u00ebr \u00ebndrra, ku v\u00ebllimet q\u00ebndrojn\u00eb pezull.<\/p>\n<p>Cikli \u201cEden\u201d mbart t\u00eb nj\u00ebjtat gjurm\u00eb, t\u00eb nj\u00ebjt\u00ebn frym\u00eb emocionale, me ndryshimin e vet\u00ebm se Nazmiu nis t\u00eb eksperimentoj\u00eb duke na shfaqur tashm\u00eb mikrokozmosin e tij. Mikrotrupa qiellor\u00eb t\u00eb stilizuara n\u00eb nj\u00eb form\u00eb unike shfaqen n\u00eb telajo. Duket sikur nga aty po nis jeta n\u00eb nj\u00eb ekspansion t\u00eb pandalsh\u00ebm.<\/p>\n<p>Cikli i portreteve n\u00eb sall\u00ebn \u201cTako Artistin\u201d, shfaq figura nga historia dhe kultura shqiptare, duke rr\u00ebmbyer thelbin e shpirtit t\u00eb nj\u00eb kombi dhe t\u00eb popullit t\u00eb tij. Stili i t\u00eb pikturuarit t\u00eb portreteve karakterizohet nga nj\u00eb ndjenj\u00eb e fort\u00eb realizmi dhe p\u00ebrkushtimi p\u00ebr t\u00eb kapur shpirtin e subjekteve t\u00eb tij, fakt ky t\u00eb cilin mund ta dallojm\u00eb leht\u00ebsisht n\u00eb syt\u00eb e personazheve: plot emocion, t\u00eb thell\u00eb dhe me karakter. Konture pothuajse t\u00eb padushme i b\u00ebjn\u00eb portretet t\u00eb duket sikur dalin nga telajo e shkrihen n\u00eb v\u00ebshtrimin e vizitorit.<\/p>\n<p>I pap\u00ebrkufizuar n\u00eb gjinin\u00eb e piktur\u00ebs, gjithmon\u00eb n\u00eb k\u00ebrkim t\u00eb mistikes dhe t\u00eb qenit i ve\u00e7ant\u00eb n\u00eb shprehin\u00eb e tij artistike, Nazmiu b\u00ebn nj\u00eb kap\u00ebrcim horizontal n\u00eb artin e tij, q\u00eb pas ikjes n\u00eb Amerik\u00eb dhe jetes\u00ebs atje. M\u00ebnyra e jetes\u00ebs dhe e gjith\u00eb dinamika se si funksionon qyteti i <em>Ne\u00eb York<\/em>-ut ku ai jeton, reflektohet tek cikli i pikturave \u201cBlinds\u201d, t\u00eb cilat p\u00ebrb\u00ebjn\u00eb nj\u00eb pik\u00ebpamje unike p\u00ebr llojin e piktur\u00ebs s\u00eb tij, duke p\u00ebrfshir\u00eb elemente m\u00eb moderne (vertikalizimin dhe vezullimin e xhamave t\u00eb nd\u00ebrtesave, udh\u00ebkryqet e rrug\u00ebve dhe dinamik\u00ebs t\u00eb zhvillimit urban), duke eksperimentuar me ngjyr\u00ebn dhe form\u00ebn, me nj\u00eb zhvendosje drejt abstraksionit, p\u00ebrdorimit m\u00eb ekspresiv t\u00eb ngjyr\u00ebs dhe nj\u00eb qasje m\u00eb t\u00eb lir\u00eb e m\u00eb dinamike ndaj kompozimit.<\/p>\n<p>\u201cCentral Park\u201d i <em>Ne York<\/em>-ut \u00ebsht\u00eb \u201cparku i madh artistik i peizazhit\u201d, nga ku pasqyrohet nd\u00ebrthurja e teknik\u00ebs tradicionale me praktikat bashk\u00ebkohore duke krijuar vepra t\u00eb reja dhe inovative. Ndryshimi i stin\u00ebve n\u00eb k\u00ebt\u00eb \u201cpark t\u00eb madh \u00ebndrrash\u201d ngjall p\u00ebr Nazmiun ritme t\u00eb reja kompozuese dhe ngjyruese. Metaforat q\u00eb mb\u00ebshtjellin pem\u00ebt n\u00eb periudha t\u00eb ndryshme t\u00eb vitit, k\u00ebt\u00eb her\u00eb shfaqen n\u00eb telajo duke sjell\u00eb nj\u00eb frym\u00eb m\u00eb metafizike: at\u00eb \u00e7ka artisti sheh i mrekulluar p\u00ebrtej sht\u00ebllungave ngat\u00ebrruese t\u00eb deg\u00ebve t\u00eb pem\u00ebve.<\/p>\n<p>E t\u00ebr\u00eb ekspozita, e shtrir\u00eb n\u00ebp\u00ebr t\u00eb gjitha hap\u00ebsirat e COD-it, synon t\u00eb kapsuloj\u00eb thelbin e vepr\u00ebs s\u00eb Nazmi Hoxh\u00ebs, mikrokozmosin e tij, ku pasioni dhe p\u00ebrkushtimi luajn\u00eb nj\u00eb rol t\u00eb r\u00ebnd\u00ebsish\u00ebm n\u00eb format sesi ai shprehet. Pikturat e Nazmiut nuk jan\u00eb vet\u00ebm p\u00ebrvoja pamore; jan\u00eb dialog\u00eb me shikuesin q\u00eb ofrojn\u00eb nj\u00eb v\u00ebshtrim n\u00eb shpirtin e artistit dhe n\u00eb kujtes\u00ebn kolektive t\u00eb nj\u00eb kulture. Trash\u00ebgimia e tij i p\u00ebrket bukuris\u00eb, emocioneve dhe k\u00ebrkimit t\u00eb paepur t\u00eb s\u00eb v\u00ebrtet\u00ebs artistike.<\/p>\n<p style=\"text-align: right;\"><strong><em>Eridana \u00c7ano,<\/em> prill 2024<\/strong><\/p>\n<p>[\/vc_column_text][vc_text_separator title=&#8221;Artist Bio&#8221; title_align=&#8221;separator_align_left&#8221;][vc_single_image image=&#8221;7508&#8243; img_size=&#8221;medium&#8221;][vc_column_text]<em><strong>Nazmi Hoxha<\/strong><\/em> lindi n\u00eb Tropoj\u00eb t\u00eb vjet\u00ebr, m\u00eb 15 tetor, 1955. Pasi mbaroi shkoll\u00ebn 8-vje\u00e7are n\u00eb qytetin e Bajram Currit, fitoi konkursin n\u00eb liceun artistik \u201cJordan Misja\u201d, Tiran\u00eb, dega piktur\u00eb. Pas p\u00ebrfundimit t\u00eb liceut, n\u00eb vitin 1979 vazhdon \u201cAkademin\u00eb e Arteve t\u00eb Bukura\u201d, Tiran\u00eb. M\u00eb pas, ai em\u00ebrohet \u201cM\u00ebsues \u00a0vizatimi\u201d n\u00eb shkoll\u00ebn 8-vje\u00e7are t\u00eb Tropoj\u00ebs s\u00eb vjet\u00ebr deri n\u00eb 1984. N\u00eb vitin 1985-1987, punon me grupin e pun\u00ebs p\u00ebr ngritjen e muzeumit \u201cBajram Curri\u201d. Nga ky vit, em\u00ebrohet \u201cM\u00ebsues vizatimi\u201d n\u00eb fshatin Llugaj t\u00eb rrethit Tropoj\u00eb deri n\u00eb vitin 1989. N\u00eb vitin 1990-1992, kalon n\u00eb krijimtari t\u00eb lir\u00eb, vendim ky i marr\u00eb nga \u201cLidhja e Shkrimtar\u00ebve dhe Artist\u00ebve\u201d. N\u00eb vitin 1993, fillon pun\u00eb n\u00eb RTV Tiran\u00eb, tek \u201cFilmi \u00a0Artistik\u201d si piktor, pastaj si drejtor i \u201cFilmit Artistik dhe Dokumentar\u201d. N\u00eb vitin 2001, punon n\u00eb kompanin\u00eb e sigurimeve \u201cSIGAL\u201d si piktor i reklamave dhe n\u00eb 2003-shin, n\u00eb \u201cQendr\u00ebn Shqiptare p\u00ebr t\u00eb Drejtat e Njeriut\u201d. N\u00eb vitet 2006-2007, punon n\u00eb Post\u00ebn Shqiptare, n\u00eb \u201cSektorin e Pull\u00ebs\u201d. N\u00eb vitin 2008, fiton llotarin\u00eb Amerikane dhe q\u00eb at\u00ebher\u00eb jeton n\u00eb Amerik\u00eb.<\/p>\n<p>Aktiviteti artistik: viti 1981: ekspozita e par\u00eb vetjake n\u00eb qytetin e Bajram Currit; viti 1987: ekspozit\u00eb \u00a0vetjake n\u00eb Pallatin e Kultur\u00ebs, Tiran\u00eb; viti 1990: promovon ekspozit\u00ebn n\u00eb \u201cLidhjen e Artist\u00ebve dhe Shkrimtar\u00ebve\u201d, Tiran\u00eb; viti 1991: ekspozit\u00eb vetjake n\u00eb Galerin\u00eb e Arteve Figurative; viti 1992: \u00a0ekspozit\u00eb vetjake n\u00eb Muzeun Kombetar, Tiran\u00eb; viti 1995: ekspozit\u00eb vetjake n\u00eb Galerin\u00eb e Arteve, Tiran\u00eb; viti 1996: ekspozit\u00eb vetjake n\u00eb Qendr\u00ebn Nd\u00ebrkomb\u00ebtare t\u00eb Kultur\u00ebs, Tiran\u00eb; viti 2005-2006: dy ekspozita t\u00eb tjera n\u00eb Galerin\u00eb e Arteve, Tiran\u00eb.<\/p>\n<p>\u00c7mimet e fituara: 1987, \u00e7mimi <em>\u201cPiktori m\u00eb i mir\u00eb i vitit\u201d<\/em>, akorduar nga K\u00ebshilli Qendror i Rinis\u00eb; 1988, <em>\u201c\u00c7mimi i dyt\u00eb Komb\u00ebtar\u201d<\/em>, akorduar nga K\u00ebshilli Qendror i Rinis\u00eb; <em>\u201c\u00c7mimi i tret\u00eb Komb\u00ebtar n\u00eb peizazh\u201d<\/em>, me rastin e 40-vjetorit t\u00eb \u00e7lirimit t\u00eb atdheut; 1989, <em>\u201c\u00c7mimi i tret\u00eb n\u00eb gazetari\u201d<\/em>, organizuar nga gazeta \u201cDrita\u201d; 2007, titulli <em>\u201cAmbasador i Paqes\u201d<\/em>, akorduar nga forumi \u201cImazh Media\u201d si piktori i vitit.<\/p>\n<p>Nazmi Hoxha jeton sot n\u00eb SHBA dhe ushtron aktivitetin e tij artistik me ekspozita vetjake dhe n\u00eb grup.[\/vc_column_text][\/vc_column][\/vc_row][vc_row][vc_column][vc_text_separator title=&#8221;Expo-View&#8221; title_align=&#8221;separator_align_left&#8221;][vc_gallery type=&#8221;image_grid&#8221; images=&#8221;7545,7546,7547,7548,7549,7550,7551,7552,7554,7555,7556,7558,7559,7560,7562,7563,7564,7565,7566,7567,7569,7570,7571,7572,7573,7574,7575,7576,7577,7578,7579,7580,7581&#8243; img_size=&#8221;200&#215;100&#8243;][\/vc_column][\/vc_row][vc_row][vc_column][vc_text_separator title=&#8221;\u00c7elja e Ekspozit\u00ebs&#8221; title_align=&#8221;separator_align_left&#8221;][vc_gallery type=&#8221;image_grid&#8221; images=&#8221;7509,7510,7511,7512,7513,7514,7515,7516,7517,7518,7519,7520,7521,7522,7523,7524,7525,7526,7527,7528,7529,7530,7531,7532,7533,7534,7535,7536,7537&#8243; img_size=&#8221;200&#215;100&#8243;][\/vc_column][\/vc_row]<\/p>\n","protected":false},"excerpt":{"rendered":"<p>[vc_row][vc_column][vc_text_separator title=&#8221;Ekspozit\u00eb&#8221; title_align=&#8221;separator_align_left&#8221;][vc_single_image image=&#8221;7586&#8243; img_size=&#8221;large&#8221; alignment=&#8221;center&#8221;][vc_separator el_width=&#8221;90&#8243;][vc_column_text]Arti i Nazmi Hoxh\u00ebs nuk mund t\u00eb kufizohet vet\u00ebm n\u00ebp\u00ebrmjet nj\u00eb zhanri t\u00eb vet\u00ebm. Ai \u00ebsht\u00eb mjesht\u00ebr i kompozimeve, peizazheve, nudove dhe portreteve, t\u00eb cilat t\u00eb b\u00ebra bashk\u00eb sjellin nj\u00eb d\u00ebshmi t\u00eb shkatht\u00ebsis\u00eb dhe<\/p>\n","protected":false},"author":5,"featured_media":0,"parent":0,"menu_order":0,"comment_status":"closed","ping_status":"closed","template":"","meta":{"footnotes":""},"class_list":["post-7502","page","type-page","status-publish","hentry"],"_links":{"self":[{"href":"https:\/\/cod.al\/index.php?rest_route=\/wp\/v2\/pages\/7502","targetHints":{"allow":["GET"]}}],"collection":[{"href":"https:\/\/cod.al\/index.php?rest_route=\/wp\/v2\/pages"}],"about":[{"href":"https:\/\/cod.al\/index.php?rest_route=\/wp\/v2\/types\/page"}],"author":[{"embeddable":true,"href":"https:\/\/cod.al\/index.php?rest_route=\/wp\/v2\/users\/5"}],"replies":[{"embeddable":true,"href":"https:\/\/cod.al\/index.php?rest_route=%2Fwp%2Fv2%2Fcomments&post=7502"}],"version-history":[{"count":12,"href":"https:\/\/cod.al\/index.php?rest_route=\/wp\/v2\/pages\/7502\/revisions"}],"predecessor-version":[{"id":7603,"href":"https:\/\/cod.al\/index.php?rest_route=\/wp\/v2\/pages\/7502\/revisions\/7603"}],"wp:attachment":[{"href":"https:\/\/cod.al\/index.php?rest_route=%2Fwp%2Fv2%2Fmedia&parent=7502"}],"curies":[{"name":"wp","href":"https:\/\/api.w.org\/{rel}","templated":true}]}}