{"id":7043,"date":"2024-03-11T12:18:30","date_gmt":"2024-03-11T11:18:30","guid":{"rendered":"https:\/\/cod.al\/?page_id=7043"},"modified":"2024-03-13T09:45:19","modified_gmt":"2024-03-13T08:45:19","slug":"ekspozite","status":"publish","type":"page","link":"https:\/\/cod.al\/?page_id=7043","title":{"rendered":"Ekspozit\u00eb"},"content":{"rendered":"<p>[vc_row][vc_column][vc_text_separator title=&#8221;Ekspozit\u00eb&#8221; title_align=&#8221;separator_align_left&#8221; align=&#8221;align_left&#8221;][vc_single_image image=&#8221;7040&#8243; img_size=&#8221;medium&#8221; title=&#8221;Punime Olimpike&#8221;][vc_column_text]<strong>Qendra p\u00ebr Hapje dhe Dialog #COD,<\/strong><\/p>\n<p>n\u00eb bashk\u00ebpunim me Akademin\u00eb Olimpike Shqiptare <strong><em>#AOSH<\/em><\/strong> dhe me mb\u00ebshtetjen e Komitetit Olimpik Komb\u00ebtar Shqiptar <strong><em>#KOKSH<\/em><\/strong> \u00e7eli ekspozit\u00ebn me punime olimpike.<\/p>\n<p>Punimet e k\u00ebsaj ekspozite jan\u00eb realizuar nga nx\u00ebn\u00ebs t\u00eb shkollave t\u00eb ndryshme t\u00eb Shqip\u00ebris\u00eb gjat\u00eb Jav\u00ebs Olimpike.<\/p>\n<p>Hapur p\u00ebr publikun: 12 &#8211; 23 qershor 2023[\/vc_column_text][\/vc_column][\/vc_row][vc_row][vc_column][vc_text_separator title=&#8221;Fotografi&#8221; i_icon_fontawesome=&#8221;fa fa-camera-retro&#8221; i_color=&#8221;juicy_pink&#8221; title_align=&#8221;separator_align_left&#8221; add_icon=&#8221;true&#8221;][vc_gallery type=&#8221;image_grid&#8221; images=&#8221;7045,7046,7047,7048,7049,7050,7051,7052,7053,7054,7055,7056,7057,7058,7059,7060,7061,7062,7063,7064,7065,7066&#8243; img_size=&#8221;300x200px&#8221;][\/vc_column][\/vc_row]<\/p>\n","protected":false},"excerpt":{"rendered":"<p>[vc_row][vc_column][vc_text_separator title=&#8221;Ekspozit\u00eb&#8221; title_align=&#8221;separator_align_left&#8221; align=&#8221;align_left&#8221;][vc_single_image image=&#8221;7040&#8243; img_size=&#8221;medium&#8221; title=&#8221;Punime Olimpike&#8221;][vc_column_text]Qendra p\u00ebr Hapje dhe Dialog #COD, n\u00eb bashk\u00ebpunim me Akademin\u00eb Olimpike Shqiptare #AOSH dhe me mb\u00ebshtetjen e Komitetit Olimpik Komb\u00ebtar Shqiptar #KOKSH \u00e7eli ekspozit\u00ebn me punime olimpike. Punimet e k\u00ebsaj ekspozite jan\u00eb realizuar<\/p>\n","protected":false},"author":5,"featured_media":0,"parent":0,"menu_order":0,"comment_status":"closed","ping_status":"closed","template":"","meta":{"footnotes":""},"class_list":["post-7043","page","type-page","status-publish","hentry"],"_links":{"self":[{"href":"https:\/\/cod.al\/index.php?rest_route=\/wp\/v2\/pages\/7043","targetHints":{"allow":["GET"]}}],"collection":[{"href":"https:\/\/cod.al\/index.php?rest_route=\/wp\/v2\/pages"}],"about":[{"href":"https:\/\/cod.al\/index.php?rest_route=\/wp\/v2\/types\/page"}],"author":[{"embeddable":true,"href":"https:\/\/cod.al\/index.php?rest_route=\/wp\/v2\/users\/5"}],"replies":[{"embeddable":true,"href":"https:\/\/cod.al\/index.php?rest_route=%2Fwp%2Fv2%2Fcomments&post=7043"}],"version-history":[{"count":11,"href":"https:\/\/cod.al\/index.php?rest_route=\/wp\/v2\/pages\/7043\/revisions"}],"predecessor-version":[{"id":7274,"href":"https:\/\/cod.al\/index.php?rest_route=\/wp\/v2\/pages\/7043\/revisions\/7274"}],"wp:attachment":[{"href":"https:\/\/cod.al\/index.php?rest_route=%2Fwp%2Fv2%2Fmedia&parent=7043"}],"curies":[{"name":"wp","href":"https:\/\/api.w.org\/{rel}","templated":true}]}}