{"id":6904,"date":"2022-03-16T17:56:48","date_gmt":"2022-03-16T16:56:48","guid":{"rendered":"http:\/\/cod.al\/?page_id=6904"},"modified":"2024-08-01T13:06:59","modified_gmt":"2024-08-01T11:06:59","slug":"ajla-maksuti","status":"publish","type":"page","link":"https:\/\/cod.al\/?page_id=6904","title":{"rendered":"Jonida Koci"},"content":{"rendered":"<p>[vc_row][vc_column width=&#8221;1\/4&#8243; css=&#8221;.vc_custom_1481021058763{margin-top: -20px !important;}&#8221;][vc_single_image image=&#8221;8070&#8243; img_size=&#8221;full&#8221; onclick=&#8221;link_image&#8221; css=&#8221;.vc_custom_1722510418241{margin-top: 35px !important;}&#8221;][\/vc_column][vc_column width=&#8221;3\/4&#8243;][vc_icon icon_fontawesome=&#8221;fa fa-envelope-o&#8221; color=&#8221;black&#8221; background_style=&#8221;rounded-outline&#8221; size=&#8221;xs&#8221; align=&#8221;right&#8221; css_animation=&#8221;appear&#8221; link=&#8221;url:mailto%3Ajonida.koci%40kryeministria.al|title:jonida.koci%40kryeministria.al|target:%20_blank&#8221; css=&#8221;.vc_custom_1711206766072{margin-top: 5px !important;}&#8221;][vc_column_text css=&#8221;.vc_custom_1718801318195{margin-top: -70px !important;}&#8221;]<strong>JONIDA KO\u00c7I<br \/>\n<\/strong><strong>Specialist (Fotograf) \/ Sektori\u00a0i Dialogut dhe Multimedias.<br \/>\n<\/strong><\/p>\n<hr \/>\n<p>Jonida Ko\u00e7i ka kryer studimet e larta Bachelor dhe Master n\u00eb deg\u00ebn Regji Filmi dhe Televizioni, n\u00eb Universitetin e Arteve n\u00eb Tiran\u00eb.<\/p>\n<p>Gjat\u00eb viteve universitare e m\u00eb pas, \u00ebsht\u00eb angazhuar n\u00eb produksione filmash e reklamash, ku ka realizuar tre filma me metrazh t\u00eb shkurt\u00ebr, si skenariste dhe regjisore. Disa nd\u00ebr k\u00ebto produksione jan\u00eb financuar nga \u201cQendra Komb\u00ebtare e Kinematografis\u00eb\u201d dhe \u201cMinistria e Kultur\u00ebs\u201d si dhe jan\u00eb shfaqur n\u00eb festivale filmi brenda dhe jasht\u00eb vendit.<\/p>\n<p>Jonida i \u00ebsht\u00eb bashkuar stafit t\u00eb COD q\u00eb nga shkurti i vitit 2021 si Specialiste e Sektorit t\u00eb Dialogut dhe Multimedias.[\/vc_column_text][\/vc_column][\/vc_row]<\/p>\n","protected":false},"excerpt":{"rendered":"<p>[vc_row][vc_column width=&#8221;1\/4&#8243; css=&#8221;.vc_custom_1481021058763{margin-top: -20px !important;}&#8221;][vc_single_image image=&#8221;8070&#8243; img_size=&#8221;full&#8221; onclick=&#8221;link_image&#8221; css=&#8221;.vc_custom_1722510418241{margin-top: 35px !important;}&#8221;][\/vc_column][vc_column width=&#8221;3\/4&#8243;][vc_icon icon_fontawesome=&#8221;fa fa-envelope-o&#8221; color=&#8221;black&#8221; background_style=&#8221;rounded-outline&#8221; size=&#8221;xs&#8221; align=&#8221;right&#8221; css_animation=&#8221;appear&#8221; link=&#8221;url:mailto%3Ajonida.koci%40kryeministria.al|title:jonida.koci%40kryeministria.al|target:%20_blank&#8221; css=&#8221;.vc_custom_1711206766072{margin-top: 5px !important;}&#8221;][vc_column_text css=&#8221;.vc_custom_1718801318195{margin-top: -70px !important;}&#8221;]JONIDA KO\u00c7I Specialist (Fotograf) \/ Sektori\u00a0i Dialogut dhe Multimedias. Jonida Ko\u00e7i ka kryer studimet e<\/p>\n","protected":false},"author":5,"featured_media":0,"parent":0,"menu_order":0,"comment_status":"closed","ping_status":"closed","template":"","meta":{"footnotes":""},"class_list":["post-6904","page","type-page","status-publish","hentry"],"_links":{"self":[{"href":"https:\/\/cod.al\/index.php?rest_route=\/wp\/v2\/pages\/6904","targetHints":{"allow":["GET"]}}],"collection":[{"href":"https:\/\/cod.al\/index.php?rest_route=\/wp\/v2\/pages"}],"about":[{"href":"https:\/\/cod.al\/index.php?rest_route=\/wp\/v2\/types\/page"}],"author":[{"embeddable":true,"href":"https:\/\/cod.al\/index.php?rest_route=\/wp\/v2\/users\/5"}],"replies":[{"embeddable":true,"href":"https:\/\/cod.al\/index.php?rest_route=%2Fwp%2Fv2%2Fcomments&post=6904"}],"version-history":[{"count":10,"href":"https:\/\/cod.al\/index.php?rest_route=\/wp\/v2\/pages\/6904\/revisions"}],"predecessor-version":[{"id":8071,"href":"https:\/\/cod.al\/index.php?rest_route=\/wp\/v2\/pages\/6904\/revisions\/8071"}],"wp:attachment":[{"href":"https:\/\/cod.al\/index.php?rest_route=%2Fwp%2Fv2%2Fmedia&parent=6904"}],"curies":[{"name":"wp","href":"https:\/\/api.w.org\/{rel}","templated":true}]}}