{"id":6831,"date":"2022-03-09T13:33:50","date_gmt":"2022-03-09T12:33:50","guid":{"rendered":"http:\/\/cod.al\/?page_id=6831"},"modified":"2022-03-09T16:07:36","modified_gmt":"2022-03-09T15:07:36","slug":"une-kam-nje-enderr","status":"publish","type":"page","link":"https:\/\/cod.al\/?page_id=6831","title":{"rendered":"Une kam nje enderr&#8230;"},"content":{"rendered":"<p>[vc_row full_width=&#8221;stretch_row_content&#8221;][vc_column][vc_text_separator title=&#8221;Ekspozit\u00eb&#8221; i_icon_fontawesome=&#8221;fa fa-arrow-right&#8221; i_color=&#8221;black&#8221; i_size=&#8221;sm&#8221; title_align=&#8221;separator_align_left&#8221; add_icon=&#8221;true&#8221;][\/vc_column][\/vc_row][vc_row full_width=&#8221;stretch_row_content&#8221;][vc_column width=&#8221;1\/4&#8243;][\/vc_column][vc_column width=&#8221;1\/2&#8243;][vc_single_image image=&#8221;6832&#8243; img_size=&#8221;full&#8221;][vc_separator][vc_column_text]<\/p>\n<div class=\"kvgmc6g5 cxmmr5t8 oygrvhab hcukyx3x c1et5uql ii04i59q\">\n<div dir=\"auto\">\n<p>N\u00eb Dit\u00ebn Nd\u00ebrkomb\u00ebtare kushtuar Gruas, COD n\u00eb bashk\u00ebpunim me UN Women n\u00eb Shqip\u00ebri, hap p\u00ebr publikun ekspozit\u00ebn \u201cI have a dream\u201d nga fotografja Jutta Benzenberg, e cila p\u00ebrmes objektivit t\u00eb saj, kap n\u00eb nj\u00eb \u2018beze t\u00eb kujtes\u00ebs\u2019 \u00ebndrrat e t\u00eb rejave nga zonat m\u00eb t\u00eb thella t\u00eb Shqip\u00ebris\u00eb.<\/p>\n<\/div>\n<\/div>\n<div class=\"cxmmr5t8 oygrvhab hcukyx3x c1et5uql o9v6fnle ii04i59q\">\n<div dir=\"auto\">Ekspozita \u201cI have a dream \/ Un\u00eb kam nj\u00eb \u00ebnd\u00ebrr\u201d do t\u00eb q\u00ebndroj\u00eb e hapur p\u00ebr publikun deri n\u00eb 31 mars 2022, te koridoret ekspozuese t\u00eb COD.<\/div>\n<\/div>\n<div class=\"cxmmr5t8 oygrvhab hcukyx3x c1et5uql o9v6fnle ii04i59q\"><\/div>\n<p>[\/vc_column_text][vc_separator][vc_column_text]<\/p>\n<h3><b>Un\u00eb kam nj\u00eb \u00ebnd\u00ebrr&#8230;\u00a0<\/b><\/h3>\n<p>Projekti fotografik \u201cUn\u00eb kam nj\u00eb \u00ebnd\u00ebrr\u201d i UN Women n\u00eb Shqip\u00ebri dhe Jutta Benzenberg, ilustron \u00ebndrrat e t\u00eb rejave dhe adoleshenteve shqiptare nga zonat e thella t\u00eb vendit. P\u00ebrball\u00eb objektivit, ato u \u00e7liruan nga elementet zakonore dhe normat patriarkale, duke p\u00ebrqafuar lirin\u00eb e \u00ebndrrave t\u00eb tyre p\u00ebr nj\u00eb t\u00eb ardhme t\u00eb arritshme.<\/p>\n<p>Fal\u00eb optik\u00ebs s\u00eb saj v\u00ebzhguese, empatike e intuitive, Benzenberg kap shpirtin e v\u00ebrtet\u00eb t\u00eb k\u00ebtyre \u00ebndrrave n\u00ebp\u00ebrmjet nj\u00eb studimi sodit\u00ebs t\u00eb syve t\u00eb t\u00eb rejave, teksa ato ia besojn\u00eb aspiratat e tyre kamer\u00ebs. Befas, e larg\u00ebta vjen af\u00ebr, subjekti b\u00ebhet i v\u00ebrtet\u00eb; portretet e panjohura shnd\u00ebrrohen n\u00eb familjare, bashk\u00eb me mjediset e tyre t\u00eb larg\u00ebta e t\u00eb kufizuara, duke u tjet\u00ebrsuar k\u00ebshtu n\u00eb nj\u00eb bot\u00eb mund\u00ebsish.<\/p>\n<p>K\u00ebto fotografi nuk rr\u00ebfejn\u00eb thjesht histori, ato i mund\u00ebsojn\u00eb shikuesit t\u00eb kap\u00ebrcej\u00eb gjendjen e spektatorit t\u00eb thjesht\u00eb dhe t\u00eb zhvilloj\u00eb nj\u00eb lidhje t\u00eb v\u00ebrtet\u00eb me personin q\u00eb q\u00ebndron pas imazhit, me shpresat e saj, energjin\u00eb e saj dhe shfaqjen e v\u00ebrtet\u00eb t\u00eb qenies s\u00eb saj. Tashm\u00eb, z\u00ebrat e k\u00ebtyre t\u00eb rejave shqiptare mund t\u00eb d\u00ebgjohen, d\u00ebshirat e tyre mund t\u00eb ndjehen, aspiratat e tyre t\u00eb kuptohen, qoft\u00eb n\u00ebse ato \u00ebnd\u00ebrrojn\u00eb q\u00eb t\u00eb b\u00ebhen artiste, mjeke, avokate, apo thjesht gra t\u00eb pavarura t\u00eb forta q\u00eb i b\u00ebjn\u00eb prind\u00ebrit e tyre krenar\u00eb.<\/p>\n<p>Por, ky projekt nuk p\u00ebrfundon k\u00ebtu.\u00a0Ai \u00ebsht\u00eb nj\u00eb thirrje ndaj shoq\u00ebris\u00eb p\u00ebr t\u00eb drejta dhe shanse t\u00eb barabarta, p\u00ebr t\u00eb sfiduar stereotipat gjinor\u00eb. \u00cbsht\u00eb nj\u00eb lutje p\u00ebr t\u00eb sheshuar hendekun q\u00eb q\u00ebndron nd\u00ebrmjet k\u00ebtyre \u00ebndrrave dhe realizimit t\u00eb tyre.<\/p>\n<p>Kjo ekspozit\u00eb \u00ebsht\u00eb nj\u00eb nism\u00eb e UN Women Shqip\u00ebri, n\u00eb kuad\u00ebr t\u00eb Dit\u00ebs Nd\u00ebrkomb\u00ebtare t\u00eb Gruas, n\u00eb bashk\u00ebpunim me COD dhe me mb\u00ebshtetjen e \u00e7muar t\u00eb Qeveris\u00eb Suedeze.[\/vc_column_text][\/vc_column][vc_column width=&#8221;1\/4&#8243;][vc_column_text]<div class=\"heateor_sss_sharing_container heateor_sss_horizontal_sharing\" data-heateor-ss-offset=\"0\" data-heateor-sss-href='https:\/\/cod.al\/index.php?rest_route=%2Fwp%2Fv2%2Fpages%2F6831'><div class=\"heateor_sss_sharing_ul\"><a aria-label=\"Facebook\" class=\"heateor_sss_facebook\" href=\"https:\/\/www.facebook.com\/sharer\/sharer.php?u=https%3A%2F%2Fcod.al%2Findex.php%3Frest_route%3D%252Fwp%252Fv2%252Fpages%252F6831\" title=\"Facebook\" rel=\"nofollow noopener\" target=\"_blank\" style=\"font-size:32px!important;box-shadow:none;display:inline-block;vertical-align:middle\"><span class=\"heateor_sss_svg\" style=\"background-color:#0765FE;width:30px;height:30px;border-radius:999px;display:inline-block;opacity:1;float:left;font-size:32px;box-shadow:none;display:inline-block;font-size:16px;padding:0 4px;vertical-align:middle;background-repeat:repeat;overflow:hidden;padding:0;cursor:pointer;box-sizing:content-box\"><svg style=\"display:block;border-radius:999px;\" focusable=\"false\" aria-hidden=\"true\" xmlns=\"http:\/\/www.w3.org\/2000\/svg\" width=\"100%\" height=\"100%\" viewBox=\"0 0 32 32\"><path fill=\"#fff\" d=\"M28 16c0-6.627-5.373-12-12-12S4 9.373 4 16c0 5.628 3.875 10.35 9.101 11.647v-7.98h-2.474V16H13.1v-1.58c0-4.085 1.849-5.978 5.859-5.978.76 0 2.072.15 2.608.298v3.325c-.283-.03-.775-.045-1.386-.045-1.967 0-2.728.745-2.728 2.683V16h3.92l-.673 3.667h-3.247v8.245C23.395 27.195 28 22.135 28 16Z\"><\/path><\/svg><\/span><\/a><a aria-label=\"Twitter\" class=\"heateor_sss_button_twitter\" href=\"https:\/\/twitter.com\/intent\/tweet?text=Une%20kam%20nje%20enderr...&url=https%3A%2F%2Fcod.al%2Findex.php%3Frest_route%3D%252Fwp%252Fv2%252Fpages%252F6831\" title=\"Twitter\" rel=\"nofollow noopener\" target=\"_blank\" style=\"font-size:32px!important;box-shadow:none;display:inline-block;vertical-align:middle\"><span class=\"heateor_sss_svg heateor_sss_s__default heateor_sss_s_twitter\" style=\"background-color:#55acee;width:30px;height:30px;border-radius:999px;display:inline-block;opacity:1;float:left;font-size:32px;box-shadow:none;display:inline-block;font-size:16px;padding:0 4px;vertical-align:middle;background-repeat:repeat;overflow:hidden;padding:0;cursor:pointer;box-sizing:content-box\"><svg style=\"display:block;border-radius:999px;\" focusable=\"false\" aria-hidden=\"true\" xmlns=\"http:\/\/www.w3.org\/2000\/svg\" width=\"100%\" height=\"100%\" viewBox=\"-4 -4 39 39\"><path d=\"M28 8.557a9.913 9.913 0 0 1-2.828.775 4.93 4.93 0 0 0 2.166-2.725 9.738 9.738 0 0 1-3.13 1.194 4.92 4.92 0 0 0-3.593-1.55 4.924 4.924 0 0 0-4.794 6.049c-4.09-.21-7.72-2.17-10.15-5.15a4.942 4.942 0 0 0-.665 2.477c0 1.71.87 3.214 2.19 4.1a4.968 4.968 0 0 1-2.23-.616v.06c0 2.39 1.7 4.38 3.952 4.83-.414.115-.85.174-1.297.174-.318 0-.626-.03-.928-.086a4.935 4.935 0 0 0 4.6 3.42 9.893 9.893 0 0 1-6.114 2.107c-.398 0-.79-.023-1.175-.068a13.953 13.953 0 0 0 7.55 2.213c9.056 0 14.01-7.507 14.01-14.013 0-.213-.005-.426-.015-.637.96-.695 1.795-1.56 2.455-2.55z\" fill=\"#fff\"><\/path><\/svg><\/span><\/a><a aria-label=\"Instagram\" class=\"heateor_sss_button_instagram\" href=\"https:\/\/www.instagram.com\/\" title=\"Instagram\" rel=\"nofollow noopener\" target=\"_blank\" style=\"font-size:32px!important;box-shadow:none;display:inline-block;vertical-align:middle\"><span class=\"heateor_sss_svg\" style=\"background-color:#53beee;width:30px;height:30px;border-radius:999px;display:inline-block;opacity:1;float:left;font-size:32px;box-shadow:none;display:inline-block;font-size:16px;padding:0 4px;vertical-align:middle;background-repeat:repeat;overflow:hidden;padding:0;cursor:pointer;box-sizing:content-box\"><svg style=\"display:block;border-radius:999px;\" version=\"1.1\" viewBox=\"-10 -10 148 148\" width=\"100%\" height=\"100%\" xml:space=\"preserve\" xmlns=\"http:\/\/www.w3.org\/2000\/svg\" xmlns:xlink=\"http:\/\/www.w3.org\/1999\/xlink\"><g><g><path d=\"M86,112H42c-14.336,0-26-11.663-26-26V42c0-14.337,11.664-26,26-26h44c14.337,0,26,11.663,26,26v44 C112,100.337,100.337,112,86,112z M42,24c-9.925,0-18,8.074-18,18v44c0,9.925,8.075,18,18,18h44c9.926,0,18-8.075,18-18V42 c0-9.926-8.074-18-18-18H42z\" fill=\"#fff\"><\/path><\/g><g><path d=\"M64,88c-13.234,0-24-10.767-24-24c0-13.234,10.766-24,24-24s24,10.766,24,24C88,77.233,77.234,88,64,88z M64,48c-8.822,0-16,7.178-16,16s7.178,16,16,16c8.822,0,16-7.178,16-16S72.822,48,64,48z\" fill=\"#fff\"><\/path><\/g><g><circle cx=\"89.5\" cy=\"38.5\" fill=\"#fff\" r=\"5.5\"><\/circle><\/g><\/g><\/svg><\/span><\/a><a target=\"_blank\" aria-label=\"Facebook Messenger\" class=\"heateor_sss_button_facebook_messenger\" href=\"https:\/\/www.facebook.com\/dialog\/send?app_id=1904103319867886&display=popup&link=https%3A%2F%2Fcod.al%2Findex.php%3Frest_route%3D%252Fwp%252Fv2%252Fpages%252F6831&redirect_uri=https%3A%2F%2Fcod.al%2Findex.php%3Frest_route%3D%252Fwp%252Fv2%252Fpages%252F6831\" style=\"font-size:32px!important;box-shadow:none;display:inline-block;vertical-align:middle\"><span class=\"heateor_sss_svg heateor_sss_s__default heateor_sss_s_facebook_messenger\" style=\"background-color:#0084ff;width:30px;height:30px;border-radius:999px;display:inline-block;opacity:1;float:left;font-size:32px;box-shadow:none;display:inline-block;font-size:16px;padding:0 4px;vertical-align:middle;background-repeat:repeat;overflow:hidden;padding:0;cursor:pointer;box-sizing:content-box\"><svg style=\"display:block;border-radius:999px;\" focusable=\"false\" aria-hidden=\"true\" xmlns=\"http:\/\/www.w3.org\/2000\/svg\" width=\"100%\" height=\"100%\" viewBox=\"-2 -2 36 36\"><path fill=\"#fff\" d=\"M16 5C9.986 5 5.11 9.56 5.11 15.182c0 3.2 1.58 6.054 4.046 7.92V27l3.716-2.06c.99.276 2.04.425 3.128.425 6.014 0 10.89-4.56 10.89-10.183S22.013 5 16 5zm1.147 13.655L14.33 15.73l-5.423 3 5.946-6.31 2.816 2.925 5.42-3-5.946 6.31z\"\/><\/svg><\/span><\/a><a aria-label=\"Email\" class=\"heateor_sss_email\" href=\"https:\/\/cod.al\/index.php?rest_route=%2Fwp%2Fv2%2Fpages%2F6831\" onclick=\"event.preventDefault();window.open('mailto:?subject=' + decodeURIComponent('Une%20kam%20nje%20enderr...').replace('&', '%26') + '&body=https%3A%2F%2Fcod.al%2Findex.php%3Frest_route%3D%252Fwp%252Fv2%252Fpages%252F6831', '_blank')\" title=\"Email\" rel=\"noopener\" style=\"font-size:32px!important;box-shadow:none;display:inline-block;vertical-align:middle\"><span class=\"heateor_sss_svg\" style=\"background-color:#649a3f;width:30px;height:30px;border-radius:999px;display:inline-block;opacity:1;float:left;font-size:32px;box-shadow:none;display:inline-block;font-size:16px;padding:0 4px;vertical-align:middle;background-repeat:repeat;overflow:hidden;padding:0;cursor:pointer;box-sizing:content-box\"><svg style=\"display:block;border-radius:999px;\" focusable=\"false\" aria-hidden=\"true\" xmlns=\"http:\/\/www.w3.org\/2000\/svg\" width=\"100%\" height=\"100%\" viewBox=\"-.75 -.5 36 36\"><path d=\"M 5.5 11 h 23 v 1 l -11 6 l -11 -6 v -1 m 0 2 l 11 6 l 11 -6 v 11 h -22 v -11\" stroke-width=\"1\" fill=\"#fff\"><\/path><\/svg><\/span><\/a><a aria-label=\"Copy Link\" class=\"heateor_sss_button_copy_link\" title=\"Copy Link\" rel=\"noopener\" href=\"https:\/\/cod.al\/index.php?rest_route=%2Fwp%2Fv2%2Fpages%2F6831\" onclick=\"event.preventDefault()\" style=\"font-size:32px!important;box-shadow:none;display:inline-block;vertical-align:middle\"><span class=\"heateor_sss_svg heateor_sss_s__default heateor_sss_s_copy_link\" style=\"background-color:#ffc112;width:30px;height:30px;border-radius:999px;display:inline-block;opacity:1;float:left;font-size:32px;box-shadow:none;display:inline-block;font-size:16px;padding:0 4px;vertical-align:middle;background-repeat:repeat;overflow:hidden;padding:0;cursor:pointer;box-sizing:content-box\"><svg style=\"display:block;border-radius:999px;\" focusable=\"false\" aria-hidden=\"true\" xmlns=\"http:\/\/www.w3.org\/2000\/svg\" width=\"100%\" height=\"100%\" viewBox=\"-4 -4 40 40\"><path fill=\"#fff\" d=\"M24.412 21.177c0-.36-.126-.665-.377-.917l-2.804-2.804a1.235 1.235 0 0 0-.913-.378c-.377 0-.7.144-.97.43.026.028.11.11.255.25.144.14.24.236.29.29s.117.14.2.256c.087.117.146.232.177.344.03.112.046.236.046.37 0 .36-.126.666-.377.918a1.25 1.25 0 0 1-.918.377 1.4 1.4 0 0 1-.373-.047 1.062 1.062 0 0 1-.345-.175 2.268 2.268 0 0 1-.256-.2 6.815 6.815 0 0 1-.29-.29c-.14-.142-.223-.23-.25-.254-.297.28-.445.607-.445.984 0 .36.126.664.377.916l2.778 2.79c.243.243.548.364.917.364.36 0 .665-.118.917-.35l1.982-1.97c.252-.25.378-.55.378-.9zm-9.477-9.504c0-.36-.126-.665-.377-.917l-2.777-2.79a1.235 1.235 0 0 0-.913-.378c-.35 0-.656.12-.917.364L7.967 9.92c-.254.252-.38.553-.38.903 0 .36.126.665.38.917l2.802 2.804c.242.243.547.364.916.364.377 0 .7-.14.97-.418-.026-.027-.11-.11-.255-.25s-.24-.235-.29-.29a2.675 2.675 0 0 1-.2-.255 1.052 1.052 0 0 1-.176-.344 1.396 1.396 0 0 1-.047-.37c0-.36.126-.662.377-.914.252-.252.557-.377.917-.377.136 0 .26.015.37.046.114.03.23.09.346.175.117.085.202.153.256.2.054.05.15.148.29.29.14.146.222.23.25.258.294-.278.442-.606.442-.983zM27 21.177c0 1.078-.382 1.99-1.146 2.736l-1.982 1.968c-.745.75-1.658 1.12-2.736 1.12-1.087 0-2.004-.38-2.75-1.143l-2.777-2.79c-.75-.747-1.12-1.66-1.12-2.737 0-1.106.392-2.046 1.183-2.818l-1.186-1.185c-.774.79-1.708 1.186-2.805 1.186-1.078 0-1.995-.376-2.75-1.13l-2.803-2.81C5.377 12.82 5 11.903 5 10.826c0-1.08.382-1.993 1.146-2.738L8.128 6.12C8.873 5.372 9.785 5 10.864 5c1.087 0 2.004.382 2.75 1.146l2.777 2.79c.75.747 1.12 1.66 1.12 2.737 0 1.105-.392 2.045-1.183 2.817l1.186 1.186c.774-.79 1.708-1.186 2.805-1.186 1.078 0 1.995.377 2.75 1.132l2.804 2.804c.754.755 1.13 1.672 1.13 2.75z\"\/><\/svg><\/span><\/a><a class=\"heateor_sss_more\" aria-label=\"More\" title=\"More\" rel=\"nofollow noopener\" style=\"font-size: 32px!important;border:0;box-shadow:none;display:inline-block!important;font-size:16px;padding:0 4px;vertical-align: middle;display:inline;\" href=\"https:\/\/cod.al\/index.php?rest_route=%2Fwp%2Fv2%2Fpages%2F6831\" onclick=\"event.preventDefault()\"><span class=\"heateor_sss_svg\" style=\"background-color:#ee8e2d;width:30px;height:30px;border-radius:999px;display:inline-block!important;opacity:1;float:left;font-size:32px!important;box-shadow:none;display:inline-block;font-size:16px;padding:0 4px;vertical-align:middle;display:inline;background-repeat:repeat;overflow:hidden;padding:0;cursor:pointer;box-sizing:content-box;\" onclick=\"heateorSssMoreSharingPopup(this, 'https:\/\/cod.al\/index.php?rest_route=%2Fwp%2Fv2%2Fpages%2F6831', 'Une%20kam%20nje%20enderr...', '' )\"><svg xmlns=\"http:\/\/www.w3.org\/2000\/svg\" xmlns:xlink=\"http:\/\/www.w3.org\/1999\/xlink\" viewBox=\"-.3 0 32 32\" version=\"1.1\" width=\"100%\" height=\"100%\" style=\"display:block;border-radius:999px;\" xml:space=\"preserve\"><g><path fill=\"#fff\" d=\"M18 14V8h-4v6H8v4h6v6h4v-6h6v-4h-6z\" fill-rule=\"evenodd\"><\/path><\/g><\/svg><\/span><\/a><\/div><div class=\"heateorSssClear\"><\/div><\/div>[\/vc_column_text][\/vc_column][\/vc_row][vc_row full_width=&#8221;stretch_row_content&#8221;][vc_column][vc_text_separator title=&#8221;Foto&#8221; i_icon_fontawesome=&#8221;fa fa-arrow-right&#8221; i_color=&#8221;black&#8221; i_size=&#8221;sm&#8221; title_align=&#8221;separator_align_left&#8221; add_icon=&#8221;true&#8221;][\/vc_column][\/vc_row][vc_row full_width=&#8221;stretch_row_content&#8221;][vc_column][vc_gallery type=&#8221;image_grid&#8221; images=&#8221;6834,6835,6836,6837,6838,6839,6840,6841,6842,6843,6844,6845,6846,6847,6848,6849,6850,6851,6852,6853,6854,6855,6856,6857,6858,6859,6860,6861,6862,6863,6864,6865,6866,6867,6868,6869,6870,6871,6872,6873&#8243; img_size=&#8221;500x400px&#8221;][\/vc_column][\/vc_row][vc_row full_width=&#8221;stretch_row_content&#8221;][vc_column][vc_text_separator title=&#8221;Video&#8221; i_icon_fontawesome=&#8221;fa fa-arrow-right&#8221; i_color=&#8221;black&#8221; i_size=&#8221;sm&#8221; title_align=&#8221;separator_align_left&#8221; add_icon=&#8221;true&#8221;][\/vc_column][\/vc_row][vc_row][vc_column][vc_single_image image=&#8221;6874&#8243; img_size=&#8221;full&#8221; onclick=&#8221;custom_link&#8221; link=&#8221;https:\/\/www.facebook.com\/CODalbania\/videos\/995693144402359\/&#8221;][\/vc_column][\/vc_row][vc_row][vc_column][\/vc_column][\/vc_row]<\/p>\n","protected":false},"excerpt":{"rendered":"<p>[vc_row full_width=&#8221;stretch_row_content&#8221;][vc_column][vc_text_separator title=&#8221;Ekspozit\u00eb&#8221; i_icon_fontawesome=&#8221;fa fa-arrow-right&#8221; i_color=&#8221;black&#8221; i_size=&#8221;sm&#8221; title_align=&#8221;separator_align_left&#8221; add_icon=&#8221;true&#8221;][\/vc_column][\/vc_row][vc_row full_width=&#8221;stretch_row_content&#8221;][vc_column width=&#8221;1\/4&#8243;][\/vc_column][vc_column width=&#8221;1\/2&#8243;][vc_single_image image=&#8221;6832&#8243; img_size=&#8221;full&#8221;][vc_separator][vc_column_text] N\u00eb Dit\u00ebn Nd\u00ebrkomb\u00ebtare kushtuar Gruas, COD n\u00eb bashk\u00ebpunim me UN Women n\u00eb Shqip\u00ebri, hap p\u00ebr publikun ekspozit\u00ebn \u201cI have a dream\u201d nga fotografja Jutta Benzenberg, e<\/p>\n","protected":false},"author":5,"featured_media":0,"parent":0,"menu_order":0,"comment_status":"closed","ping_status":"closed","template":"","meta":{"footnotes":""},"class_list":["post-6831","page","type-page","status-publish","hentry"],"_links":{"self":[{"href":"https:\/\/cod.al\/index.php?rest_route=\/wp\/v2\/pages\/6831","targetHints":{"allow":["GET"]}}],"collection":[{"href":"https:\/\/cod.al\/index.php?rest_route=\/wp\/v2\/pages"}],"about":[{"href":"https:\/\/cod.al\/index.php?rest_route=\/wp\/v2\/types\/page"}],"author":[{"embeddable":true,"href":"https:\/\/cod.al\/index.php?rest_route=\/wp\/v2\/users\/5"}],"replies":[{"embeddable":true,"href":"https:\/\/cod.al\/index.php?rest_route=%2Fwp%2Fv2%2Fcomments&post=6831"}],"version-history":[{"count":5,"href":"https:\/\/cod.al\/index.php?rest_route=\/wp\/v2\/pages\/6831\/revisions"}],"predecessor-version":[{"id":7075,"href":"https:\/\/cod.al\/index.php?rest_route=\/wp\/v2\/pages\/6831\/revisions\/7075"}],"wp:attachment":[{"href":"https:\/\/cod.al\/index.php?rest_route=%2Fwp%2Fv2%2Fmedia&parent=6831"}],"curies":[{"name":"wp","href":"https:\/\/api.w.org\/{rel}","templated":true}]}}