{"id":6706,"date":"2021-07-14T12:14:27","date_gmt":"2021-07-14T11:14:27","guid":{"rendered":"http:\/\/cod.al\/?page_id=6706"},"modified":"2021-07-22T14:18:10","modified_gmt":"2021-07-22T13:18:10","slug":"killing-time","status":"publish","type":"page","link":"https:\/\/cod.al\/?page_id=6706","title":{"rendered":"KILLING TIME"},"content":{"rendered":"<p>[vc_row full_width=&#8221;stretch_row_content&#8221;][vc_column][vc_text_separator title=&#8221;Ekspozit\u00eb&#8221; i_icon_fontawesome=&#8221;fa fa-arrow-right&#8221; i_color=&#8221;black&#8221; i_size=&#8221;sm&#8221; title_align=&#8221;separator_align_left&#8221; add_icon=&#8221;true&#8221;][\/vc_column][\/vc_row][vc_row full_width=&#8221;stretch_row_content&#8221;][vc_column width=&#8221;1\/4&#8243;][\/vc_column][vc_column width=&#8221;1\/2&#8243;][vc_single_image image=&#8221;6701&#8243; img_size=&#8221;full&#8221;][vc_column_text]<\/p>\n<h2 style=\"text-align: center;\"><strong>KILLING TIME<br \/>\n<\/strong><strong>Adrian \u00c7ene<\/strong><\/h2>\n<p>[\/vc_column_text][vc_column_text]<\/p>\n<h4 style=\"text-align: center;\"><b>\u201cRri hapur n\u00eb nj\u00eb shoq\u00ebri t\u00eb mbyllur dhe zgjo instinktin t\u00ebnd. L\u00ebre k\u00ebt\u00eb instinkt t\u00eb v\u00ebrshoj\u00eb e kupto si ndizet gjaku n\u00eb nj\u00eb p\u00ebrplasje fatlume t\u00eb kontaminimit me t\u00eb ngjashmit e shumt\u00eb. Vrite koh\u00ebn dhe jeto n\u00eb zjarr t\u00eb lart\u00eb.\u201d<\/b><\/h4>\n<p>[\/vc_column_text][vc_column_text]<span style=\"font-weight: 400;\">Arti lind, shkaktohet, drith\u00ebron gjithher\u00eb aty ku duket e pamundur. Ai \u00ebsht\u00eb nj\u00eb perceptim relativ n\u00eb vler\u00eb, sepse sa m\u00eb shum\u00eb i largohemi si optik\u00eb, aq m\u00eb shum\u00eb merr reflekset e nj\u00eb relativiteti t\u00eb ri e t\u00eb diskutuesh\u00ebm p\u00ebr at\u00eb q\u00eb propozon. K\u00ebt\u00eb paq\u00ebndrueshm\u00ebri n\u00eb koh\u00eb atij ia jep vet\u00eb materia, po aq sa edhe artist\u00ebt, q\u00eb kan\u00eb n\u00eb vetvete nj\u00eb udh\u00ebtim t\u00eb \u00e7uditsh\u00ebm, duke e l\u00ebkundur q\u00ebndrueshm\u00ebrin\u00eb e artit me format e tyre t\u00eb m\u00ebdha sunduese apo shenj\u00ebl\u00ebn\u00ebse n\u00eb koh\u00eb.<\/span><\/p>\n<p><span style=\"font-weight: 400;\">Adrian \u00c7ene \u00ebsht\u00eb nj\u00eb artist kontradiktor, i cili n\u00eb thelb e ka zhvendosur konceptin e koh\u00ebs n\u00eb nj\u00eb form\u00eb t\u00eb lir\u00eb, ku aleanc\u00ebn e tij p\u00ebrmbush\u00ebse e identifikon me ngaz\u00ebllimin q\u00eb t\u00eb jep natyra dhe kund\u00ebrtregimi i mistert\u00eb i ngjyrave. \u00c7ene mundohet t\u00eb krijoj\u00eb nj\u00eb marr\u00ebdh\u00ebnie vetjake me bot\u00ebn q\u00eb e rrethon, n\u00ebn motin e nj\u00eb fjalori t\u00eb hapur p\u00ebr t\u00eb shtuar apo p\u00ebr t\u00eb hequr n\u00eb t\u00eb gjitha p\u00ebrthyerjet n\u00eb rrafshin p\u00ebrzgjedh\u00ebs.\u00a0<\/span><\/p>\n<p><span style=\"font-weight: 400;\">N\u00eb thelb \u00c7ene \u00ebsht\u00eb si nj\u00eb f\u00ebmij\u00eb n\u00eb emocion t\u00eb par\u00eb, q\u00eb nuk pranon t\u00eb shk\u00ebputet nga atdheu mistik e sugjestiv i piktur\u00ebs. Nj\u00eb piktor q\u00eb me udh\u00ebtimin e tij t\u00eb kujton nj\u00eb zjarr t\u00eb paduksh\u00ebm p\u00ebr bot\u00ebn e art\u00eb t\u00eb piktur\u00ebs, koh\u00ebn e mjesht\u00ebrve q\u00eb e transformuan artin e tyre n\u00eb nj\u00eb var\u00ebsi lart\u00ebsuese t\u00eb shpirt\u00ebrores. <\/span><span style=\"font-weight: 400;\">Duket sikur vepra i jep atij rolin e nj\u00eb \u201cpistoleroje\u201d, i cili \u00ebsht\u00eb i gatsh\u00ebm ta mbroj\u00eb shkarkes\u00ebn e tij artistike me \u00e7do \u00e7mim. \u00cbsht\u00eb kjo arrati e fantazis\u00eb q\u00eb e vesh qenien e artistit me personalitet, q\u00eb m\u00eb pas guxon \u201ct\u00eb vras\u00eb koh\u00ebn\u201d me nj\u00eb leht\u00ebsi deh\u00ebse e t\u00eb pashpjegueshme.<\/span><\/p>\n<p><span style=\"font-weight: 400;\">\u00c7ene nuk <\/span><span style=\"font-weight: 400;\">zbukuron, as nuk p\u00ebrdor truke estetizuese, por si nj\u00eb \u201croker\u201d aktesh pamore e nd\u00ebrton vepr\u00ebn e tij n\u00eb nj\u00eb flirt t\u00eb vazhduesh\u00ebm me publikun, n\u00eb nj\u00eb udh\u00ebtim p\u00ebrkund\u00ebr referencave n\u00eb vijime t\u00eb parashtruara si kahje historike.\u00a0 Udh\u00ebtimet e \u00c7enes si gjuetar ngjyrash jan\u00eb t\u00eb kapura n\u00eb cip t\u00eb zgjedhjes s\u00eb par\u00eb emocionale. Ai i shkrep tensionet sh\u00ebtit\u00ebse mbi realitetin q\u00eb e rrethon, me ep\u00ebrsin\u00eb e dukshme t\u00eb nj\u00eb narcizisti n\u00eb nj\u00eb fush\u00eb t\u00eb magnetizuar q\u00eb bashk\u00ebjeton me artistin. Ai kalon nga gjendja n\u00eb gjendje i shp\u00ebrqendruar dhe i papritur. N\u00eb krejt k\u00ebrkimin e tij instinktivja merr nj\u00eb status ky\u00e7.<\/span><\/p>\n<p><span style=\"font-weight: 400;\">\u201cKilling time\u201d \u00ebsht\u00eb nj\u00eb shkarkes\u00eb p\u00ebr nj\u00eb karakter t\u00eb ve\u00e7ant\u00eb q\u00eb mban boshtin e nj\u00eb krijimtarie t\u00eb shthurur e sh\u00ebtit\u00ebse, e cila ka nevoj\u00eb t\u00eb rrethohet me fjal\u00eb e fjali zbuluese, si nj\u00eb akt i ve\u00e7uar i stilit t\u00eb sjelljes, ku artisti sfidon koh\u00ebn duke kthyer akrepat pas n\u00ebp\u00ebr riciklime t\u00eb pakontrolluara t\u00eb ngasjes s\u00eb vet\u00ebdijes.\u00a0<\/span><\/p>\n<p><span style=\"font-weight: 400;\">Prania e artistit n\u00eb hap\u00ebsirat e COD-it i jep atij nj\u00eb mund\u00ebsi t\u00eb vyer p\u00ebr t\u00eb ngritur nj\u00eb dialog me zhvillimet e artit sot, jo vet\u00ebm n\u00eb artet pamore, por edhe n\u00eb domenin e kultur\u00ebs n\u00eb t\u00ebr\u00ebsi.<\/span><\/p>\n<p><span style=\"font-weight: 400;\">Vepra e tij n\u00eb k\u00ebt\u00eb ekspozit\u00eb ndahet n\u00eb tri pjes\u00eb: fillimet, angazhimi me piktur\u00ebn informale dhe faza ku fabulat jet\u00ebsore kthehen n\u00eb pretekste t\u00eb piktur\u00ebs dhe nd\u00ebrtojn\u00eb nj\u00eb komunikim m\u00eb njer\u00ebzor, m\u00eb t\u00eb kapsh\u00ebm. I vetmi bosht bashkues \u00ebsht\u00eb ideja e ringjalljes s\u00eb idealeve t\u00eb piktur\u00ebs si shenj\u00eb godit\u00ebse plot afsh, pa orvatje akademike, por si nj\u00eb frym\u00eb shkat\u00ebrruese q\u00eb endet eg\u00ebr n\u00eb nj\u00eb rivendosje rendi vlerash, q\u00eb historia p\u00ebrmes artist\u00ebsh i risjell n\u00eb p\u00ebrs\u00ebritjen e saj, duke na kujtuar se jemi b\u00ebr\u00eb ca si shum\u00eb shkencor\u00eb e racional\u00eb.<\/span><\/p>\n<p><span style=\"font-weight: 400;\">\u00c7ene \u00ebsht\u00eb p\u00ebrfaq\u00ebsim i akteve shpirt\u00ebrore, q\u00eb b\u00ebhet i pranish\u00ebm me sjelljen e tij her\u00eb n\u00eb kontekst t\u00eb koh\u00ebs e her\u00eb p\u00ebrjashta saj si nj\u00eb k\u00ebrkes\u00eb p\u00ebr t\u00eb modeluar nevoj\u00ebn e tij shpirt\u00ebrore, nj\u00eb aleanc\u00eb e vjet\u00ebr dhe e ndryshueshme n\u00eb koh\u00eb.\u00a0<\/span><\/p>\n<p>Kurator: Vladimir Myrtezai<\/p>\n<p><span style=\"font-weight: 400;\">Lindur m\u00eb 19 shkurt 1969 n\u00eb Tiran\u00eb, <\/span><b>Adrian \u00c7ene<\/b><span style=\"font-weight: 400;\"> nisi t\u00eb pikturonte q\u00eb n\u00eb mosh\u00ebn dhjet\u00eb vje\u00e7. N\u00eb 1991 ai kaloi ver\u00ebn n\u00eb Itali, ku talenti i tij t\u00ebrhoqi v\u00ebmendjen e koleksionist\u00ebve evropian\u00eb. Duke u kthyer n\u00eb Shqip\u00ebri, \u00c7ene i ri vazhdoi programin rigoroz n\u00eb Liceun Artistik p\u00ebr piktur\u00eb dhe p\u00ebrfundoi trajnimin e tij akademik t\u00eb artit figurativ n\u00eb Akademin\u00eb Shqiptare t\u00eb Artit, duke u diplomuar n\u00eb 1992.<\/span><\/p>\n<p><span style=\"font-weight: 400;\">Shpejt pas k\u00ebsaj, artisti filloi t\u00eb magjeps\u00eb jo vet\u00ebm publikun shqiptar, por shum\u00eb personalitete t\u00eb huaja dhe personelin e ambasad\u00ebs q\u00eb punonin dhe udh\u00ebtonin n\u00eb Shqip\u00ebri. Ai mori pjes\u00eb n\u00eb ekspozita t\u00eb shumta t\u00eb organizuara nga galerit\u00eb private shqiptare si dhe Galeria Shtet\u00ebrore e Artit. Duke u mb\u00ebshtetur n\u00eb k\u00ebto arritje, \u00c7ene mori pjes\u00eb n\u00eb ekspozitat e artit bashk\u00ebkohor shqiptar. Pikturat e tij u shit\u00ebn n\u00eb Itali, Belgjik\u00eb, Franc\u00eb, Gjermani, SHBA, Spanj\u00eb, Angli, Grece, Zvic\u00ebr dhe Australi.<\/span><\/p>\n<p><span style=\"font-weight: 400;\">Adrian \u00c7ene \u00ebsht\u00eb nj\u00eb piktor shqiptar bashk\u00ebkohor emocionues. Ai e godet publikun me nj\u00eb stil komandues shum\u00eb personal duke p\u00ebrdorur forma t\u00eb theksuara, ekspresive dhe paleta ngjyrash. Duke mbetur n\u00eb t\u00eb nj\u00ebjt\u00ebn koh\u00eb optimist, \u00c7ene pikturon sikur d\u00ebshiron t&#8217;i jap\u00eb zgjidhje tranzicionit shum\u00eb t\u00eb v\u00ebshtir\u00eb dhe agresiv shqiptar pas r\u00ebnies s\u00eb komunizmit. Arti i tij ka nj\u00eb efekt t\u00eb menj\u00ebhersh\u00ebm n\u00eb arritjen e suksesit dhe bind\u00ebs n\u00eb dh\u00ebnien e mesazhit pozitiv, pa e humbur kurr\u00eb qasjen e tij t\u00eb fuqishme.<\/span>[\/vc_column_text][\/vc_column][vc_column width=&#8221;1\/4&#8243;][vc_column_text]<div class=\"heateor_sss_sharing_container heateor_sss_horizontal_sharing\" data-heateor-ss-offset=\"0\" data-heateor-sss-href='https:\/\/cod.al\/index.php?rest_route=%2Fwp%2Fv2%2Fpages%2F6706'><div class=\"heateor_sss_sharing_ul\"><a aria-label=\"Facebook\" class=\"heateor_sss_facebook\" href=\"https:\/\/www.facebook.com\/sharer\/sharer.php?u=https%3A%2F%2Fcod.al%2Findex.php%3Frest_route%3D%252Fwp%252Fv2%252Fpages%252F6706\" title=\"Facebook\" rel=\"nofollow noopener\" target=\"_blank\" style=\"font-size:32px!important;box-shadow:none;display:inline-block;vertical-align:middle\"><span class=\"heateor_sss_svg\" style=\"background-color:#0765FE;width:30px;height:30px;border-radius:999px;display:inline-block;opacity:1;float:left;font-size:32px;box-shadow:none;display:inline-block;font-size:16px;padding:0 4px;vertical-align:middle;background-repeat:repeat;overflow:hidden;padding:0;cursor:pointer;box-sizing:content-box\"><svg style=\"display:block;border-radius:999px;\" focusable=\"false\" aria-hidden=\"true\" xmlns=\"http:\/\/www.w3.org\/2000\/svg\" width=\"100%\" height=\"100%\" viewBox=\"0 0 32 32\"><path fill=\"#fff\" d=\"M28 16c0-6.627-5.373-12-12-12S4 9.373 4 16c0 5.628 3.875 10.35 9.101 11.647v-7.98h-2.474V16H13.1v-1.58c0-4.085 1.849-5.978 5.859-5.978.76 0 2.072.15 2.608.298v3.325c-.283-.03-.775-.045-1.386-.045-1.967 0-2.728.745-2.728 2.683V16h3.92l-.673 3.667h-3.247v8.245C23.395 27.195 28 22.135 28 16Z\"><\/path><\/svg><\/span><\/a><a aria-label=\"Twitter\" class=\"heateor_sss_button_twitter\" href=\"https:\/\/twitter.com\/intent\/tweet?text=KILLING%20TIME&url=https%3A%2F%2Fcod.al%2Findex.php%3Frest_route%3D%252Fwp%252Fv2%252Fpages%252F6706\" title=\"Twitter\" rel=\"nofollow noopener\" target=\"_blank\" style=\"font-size:32px!important;box-shadow:none;display:inline-block;vertical-align:middle\"><span class=\"heateor_sss_svg heateor_sss_s__default heateor_sss_s_twitter\" style=\"background-color:#55acee;width:30px;height:30px;border-radius:999px;display:inline-block;opacity:1;float:left;font-size:32px;box-shadow:none;display:inline-block;font-size:16px;padding:0 4px;vertical-align:middle;background-repeat:repeat;overflow:hidden;padding:0;cursor:pointer;box-sizing:content-box\"><svg style=\"display:block;border-radius:999px;\" focusable=\"false\" aria-hidden=\"true\" xmlns=\"http:\/\/www.w3.org\/2000\/svg\" width=\"100%\" height=\"100%\" viewBox=\"-4 -4 39 39\"><path d=\"M28 8.557a9.913 9.913 0 0 1-2.828.775 4.93 4.93 0 0 0 2.166-2.725 9.738 9.738 0 0 1-3.13 1.194 4.92 4.92 0 0 0-3.593-1.55 4.924 4.924 0 0 0-4.794 6.049c-4.09-.21-7.72-2.17-10.15-5.15a4.942 4.942 0 0 0-.665 2.477c0 1.71.87 3.214 2.19 4.1a4.968 4.968 0 0 1-2.23-.616v.06c0 2.39 1.7 4.38 3.952 4.83-.414.115-.85.174-1.297.174-.318 0-.626-.03-.928-.086a4.935 4.935 0 0 0 4.6 3.42 9.893 9.893 0 0 1-6.114 2.107c-.398 0-.79-.023-1.175-.068a13.953 13.953 0 0 0 7.55 2.213c9.056 0 14.01-7.507 14.01-14.013 0-.213-.005-.426-.015-.637.96-.695 1.795-1.56 2.455-2.55z\" fill=\"#fff\"><\/path><\/svg><\/span><\/a><a aria-label=\"Instagram\" class=\"heateor_sss_button_instagram\" href=\"https:\/\/www.instagram.com\/\" title=\"Instagram\" rel=\"nofollow noopener\" target=\"_blank\" style=\"font-size:32px!important;box-shadow:none;display:inline-block;vertical-align:middle\"><span class=\"heateor_sss_svg\" style=\"background-color:#53beee;width:30px;height:30px;border-radius:999px;display:inline-block;opacity:1;float:left;font-size:32px;box-shadow:none;display:inline-block;font-size:16px;padding:0 4px;vertical-align:middle;background-repeat:repeat;overflow:hidden;padding:0;cursor:pointer;box-sizing:content-box\"><svg style=\"display:block;border-radius:999px;\" version=\"1.1\" viewBox=\"-10 -10 148 148\" width=\"100%\" height=\"100%\" xml:space=\"preserve\" xmlns=\"http:\/\/www.w3.org\/2000\/svg\" xmlns:xlink=\"http:\/\/www.w3.org\/1999\/xlink\"><g><g><path d=\"M86,112H42c-14.336,0-26-11.663-26-26V42c0-14.337,11.664-26,26-26h44c14.337,0,26,11.663,26,26v44 C112,100.337,100.337,112,86,112z M42,24c-9.925,0-18,8.074-18,18v44c0,9.925,8.075,18,18,18h44c9.926,0,18-8.075,18-18V42 c0-9.926-8.074-18-18-18H42z\" fill=\"#fff\"><\/path><\/g><g><path d=\"M64,88c-13.234,0-24-10.767-24-24c0-13.234,10.766-24,24-24s24,10.766,24,24C88,77.233,77.234,88,64,88z M64,48c-8.822,0-16,7.178-16,16s7.178,16,16,16c8.822,0,16-7.178,16-16S72.822,48,64,48z\" fill=\"#fff\"><\/path><\/g><g><circle cx=\"89.5\" cy=\"38.5\" fill=\"#fff\" r=\"5.5\"><\/circle><\/g><\/g><\/svg><\/span><\/a><a target=\"_blank\" aria-label=\"Facebook Messenger\" class=\"heateor_sss_button_facebook_messenger\" href=\"https:\/\/www.facebook.com\/dialog\/send?app_id=1904103319867886&display=popup&link=https%3A%2F%2Fcod.al%2Findex.php%3Frest_route%3D%252Fwp%252Fv2%252Fpages%252F6706&redirect_uri=https%3A%2F%2Fcod.al%2Findex.php%3Frest_route%3D%252Fwp%252Fv2%252Fpages%252F6706\" style=\"font-size:32px!important;box-shadow:none;display:inline-block;vertical-align:middle\"><span class=\"heateor_sss_svg heateor_sss_s__default heateor_sss_s_facebook_messenger\" style=\"background-color:#0084ff;width:30px;height:30px;border-radius:999px;display:inline-block;opacity:1;float:left;font-size:32px;box-shadow:none;display:inline-block;font-size:16px;padding:0 4px;vertical-align:middle;background-repeat:repeat;overflow:hidden;padding:0;cursor:pointer;box-sizing:content-box\"><svg style=\"display:block;border-radius:999px;\" focusable=\"false\" aria-hidden=\"true\" xmlns=\"http:\/\/www.w3.org\/2000\/svg\" width=\"100%\" height=\"100%\" viewBox=\"-2 -2 36 36\"><path fill=\"#fff\" d=\"M16 5C9.986 5 5.11 9.56 5.11 15.182c0 3.2 1.58 6.054 4.046 7.92V27l3.716-2.06c.99.276 2.04.425 3.128.425 6.014 0 10.89-4.56 10.89-10.183S22.013 5 16 5zm1.147 13.655L14.33 15.73l-5.423 3 5.946-6.31 2.816 2.925 5.42-3-5.946 6.31z\"\/><\/svg><\/span><\/a><a aria-label=\"Email\" class=\"heateor_sss_email\" href=\"https:\/\/cod.al\/index.php?rest_route=%2Fwp%2Fv2%2Fpages%2F6706\" onclick=\"event.preventDefault();window.open('mailto:?subject=' + decodeURIComponent('KILLING%20TIME').replace('&', '%26') + '&body=https%3A%2F%2Fcod.al%2Findex.php%3Frest_route%3D%252Fwp%252Fv2%252Fpages%252F6706', '_blank')\" title=\"Email\" rel=\"noopener\" style=\"font-size:32px!important;box-shadow:none;display:inline-block;vertical-align:middle\"><span class=\"heateor_sss_svg\" style=\"background-color:#649a3f;width:30px;height:30px;border-radius:999px;display:inline-block;opacity:1;float:left;font-size:32px;box-shadow:none;display:inline-block;font-size:16px;padding:0 4px;vertical-align:middle;background-repeat:repeat;overflow:hidden;padding:0;cursor:pointer;box-sizing:content-box\"><svg style=\"display:block;border-radius:999px;\" focusable=\"false\" aria-hidden=\"true\" xmlns=\"http:\/\/www.w3.org\/2000\/svg\" width=\"100%\" height=\"100%\" viewBox=\"-.75 -.5 36 36\"><path d=\"M 5.5 11 h 23 v 1 l -11 6 l -11 -6 v -1 m 0 2 l 11 6 l 11 -6 v 11 h -22 v -11\" stroke-width=\"1\" fill=\"#fff\"><\/path><\/svg><\/span><\/a><a aria-label=\"Copy Link\" class=\"heateor_sss_button_copy_link\" title=\"Copy Link\" rel=\"noopener\" href=\"https:\/\/cod.al\/index.php?rest_route=%2Fwp%2Fv2%2Fpages%2F6706\" onclick=\"event.preventDefault()\" style=\"font-size:32px!important;box-shadow:none;display:inline-block;vertical-align:middle\"><span class=\"heateor_sss_svg heateor_sss_s__default heateor_sss_s_copy_link\" style=\"background-color:#ffc112;width:30px;height:30px;border-radius:999px;display:inline-block;opacity:1;float:left;font-size:32px;box-shadow:none;display:inline-block;font-size:16px;padding:0 4px;vertical-align:middle;background-repeat:repeat;overflow:hidden;padding:0;cursor:pointer;box-sizing:content-box\"><svg style=\"display:block;border-radius:999px;\" focusable=\"false\" aria-hidden=\"true\" xmlns=\"http:\/\/www.w3.org\/2000\/svg\" width=\"100%\" height=\"100%\" viewBox=\"-4 -4 40 40\"><path fill=\"#fff\" d=\"M24.412 21.177c0-.36-.126-.665-.377-.917l-2.804-2.804a1.235 1.235 0 0 0-.913-.378c-.377 0-.7.144-.97.43.026.028.11.11.255.25.144.14.24.236.29.29s.117.14.2.256c.087.117.146.232.177.344.03.112.046.236.046.37 0 .36-.126.666-.377.918a1.25 1.25 0 0 1-.918.377 1.4 1.4 0 0 1-.373-.047 1.062 1.062 0 0 1-.345-.175 2.268 2.268 0 0 1-.256-.2 6.815 6.815 0 0 1-.29-.29c-.14-.142-.223-.23-.25-.254-.297.28-.445.607-.445.984 0 .36.126.664.377.916l2.778 2.79c.243.243.548.364.917.364.36 0 .665-.118.917-.35l1.982-1.97c.252-.25.378-.55.378-.9zm-9.477-9.504c0-.36-.126-.665-.377-.917l-2.777-2.79a1.235 1.235 0 0 0-.913-.378c-.35 0-.656.12-.917.364L7.967 9.92c-.254.252-.38.553-.38.903 0 .36.126.665.38.917l2.802 2.804c.242.243.547.364.916.364.377 0 .7-.14.97-.418-.026-.027-.11-.11-.255-.25s-.24-.235-.29-.29a2.675 2.675 0 0 1-.2-.255 1.052 1.052 0 0 1-.176-.344 1.396 1.396 0 0 1-.047-.37c0-.36.126-.662.377-.914.252-.252.557-.377.917-.377.136 0 .26.015.37.046.114.03.23.09.346.175.117.085.202.153.256.2.054.05.15.148.29.29.14.146.222.23.25.258.294-.278.442-.606.442-.983zM27 21.177c0 1.078-.382 1.99-1.146 2.736l-1.982 1.968c-.745.75-1.658 1.12-2.736 1.12-1.087 0-2.004-.38-2.75-1.143l-2.777-2.79c-.75-.747-1.12-1.66-1.12-2.737 0-1.106.392-2.046 1.183-2.818l-1.186-1.185c-.774.79-1.708 1.186-2.805 1.186-1.078 0-1.995-.376-2.75-1.13l-2.803-2.81C5.377 12.82 5 11.903 5 10.826c0-1.08.382-1.993 1.146-2.738L8.128 6.12C8.873 5.372 9.785 5 10.864 5c1.087 0 2.004.382 2.75 1.146l2.777 2.79c.75.747 1.12 1.66 1.12 2.737 0 1.105-.392 2.045-1.183 2.817l1.186 1.186c.774-.79 1.708-1.186 2.805-1.186 1.078 0 1.995.377 2.75 1.132l2.804 2.804c.754.755 1.13 1.672 1.13 2.75z\"\/><\/svg><\/span><\/a><a class=\"heateor_sss_more\" aria-label=\"More\" title=\"More\" rel=\"nofollow noopener\" style=\"font-size: 32px!important;border:0;box-shadow:none;display:inline-block!important;font-size:16px;padding:0 4px;vertical-align: middle;display:inline;\" href=\"https:\/\/cod.al\/index.php?rest_route=%2Fwp%2Fv2%2Fpages%2F6706\" onclick=\"event.preventDefault()\"><span class=\"heateor_sss_svg\" style=\"background-color:#ee8e2d;width:30px;height:30px;border-radius:999px;display:inline-block!important;opacity:1;float:left;font-size:32px!important;box-shadow:none;display:inline-block;font-size:16px;padding:0 4px;vertical-align:middle;display:inline;background-repeat:repeat;overflow:hidden;padding:0;cursor:pointer;box-sizing:content-box;\" onclick=\"heateorSssMoreSharingPopup(this, 'https:\/\/cod.al\/index.php?rest_route=%2Fwp%2Fv2%2Fpages%2F6706', 'KILLING%20TIME', '' )\"><svg xmlns=\"http:\/\/www.w3.org\/2000\/svg\" xmlns:xlink=\"http:\/\/www.w3.org\/1999\/xlink\" viewBox=\"-.3 0 32 32\" version=\"1.1\" width=\"100%\" height=\"100%\" style=\"display:block;border-radius:999px;\" xml:space=\"preserve\"><g><path fill=\"#fff\" d=\"M18 14V8h-4v6H8v4h6v6h4v-6h6v-4h-6z\" fill-rule=\"evenodd\"><\/path><\/g><\/svg><\/span><\/a><\/div><div class=\"heateorSssClear\"><\/div><\/div>[\/vc_column_text][\/vc_column][\/vc_row][vc_row full_width=&#8221;stretch_row_content&#8221;][vc_column][vc_text_separator title=&#8221;Foto&#8221; i_icon_fontawesome=&#8221;fa fa-arrow-right&#8221; i_color=&#8221;black&#8221; i_size=&#8221;sm&#8221; title_align=&#8221;separator_align_left&#8221; add_icon=&#8221;true&#8221;][\/vc_column][\/vc_row][vc_row full_width=&#8221;stretch_row_content&#8221;][vc_column][vc_gallery type=&#8221;image_grid&#8221; images=&#8221;6746,6747,6748,6749,6750,6751,6752,6753,6754,6755,6756,6757,6758,6759,6760,6761,6762,6763,6764,6765,6766,6767,6768,6769,6770&#8243; img_size=&#8221;500x400px&#8221;][\/vc_column][\/vc_row][vc_row full_width=&#8221;stretch_row_content&#8221;][vc_column][vc_text_separator title=&#8221;Video&#8221; i_icon_fontawesome=&#8221;fa fa-arrow-right&#8221; i_color=&#8221;black&#8221; i_size=&#8221;sm&#8221; title_align=&#8221;separator_align_left&#8221; add_icon=&#8221;true&#8221;][\/vc_column][\/vc_row][vc_row][vc_column][vc_single_image image=&#8221;6716&#8243; img_size=&#8221;full&#8221; onclick=&#8221;custom_link&#8221; link=&#8221;https:\/\/youtu.be\/3sgB5Fd8AkI&#8221;][\/vc_column][\/vc_row][vc_row][vc_column][\/vc_column][\/vc_row]<\/p>\n","protected":false},"excerpt":{"rendered":"<p>[vc_row full_width=&#8221;stretch_row_content&#8221;][vc_column][vc_text_separator title=&#8221;Ekspozit\u00eb&#8221; i_icon_fontawesome=&#8221;fa fa-arrow-right&#8221; i_color=&#8221;black&#8221; i_size=&#8221;sm&#8221; title_align=&#8221;separator_align_left&#8221; add_icon=&#8221;true&#8221;][\/vc_column][\/vc_row][vc_row full_width=&#8221;stretch_row_content&#8221;][vc_column width=&#8221;1\/4&#8243;][\/vc_column][vc_column width=&#8221;1\/2&#8243;][vc_single_image image=&#8221;6701&#8243; img_size=&#8221;full&#8221;][vc_column_text] KILLING TIME Adrian \u00c7ene [\/vc_column_text][vc_column_text] \u201cRri hapur n\u00eb nj\u00eb shoq\u00ebri t\u00eb mbyllur dhe zgjo instinktin t\u00ebnd. L\u00ebre k\u00ebt\u00eb instinkt t\u00eb v\u00ebrshoj\u00eb e kupto si ndizet gjaku<\/p>\n","protected":false},"author":5,"featured_media":0,"parent":0,"menu_order":0,"comment_status":"closed","ping_status":"closed","template":"","meta":{"footnotes":""},"class_list":["post-6706","page","type-page","status-publish","hentry"],"_links":{"self":[{"href":"https:\/\/cod.al\/index.php?rest_route=\/wp\/v2\/pages\/6706","targetHints":{"allow":["GET"]}}],"collection":[{"href":"https:\/\/cod.al\/index.php?rest_route=\/wp\/v2\/pages"}],"about":[{"href":"https:\/\/cod.al\/index.php?rest_route=\/wp\/v2\/types\/page"}],"author":[{"embeddable":true,"href":"https:\/\/cod.al\/index.php?rest_route=\/wp\/v2\/users\/5"}],"replies":[{"embeddable":true,"href":"https:\/\/cod.al\/index.php?rest_route=%2Fwp%2Fv2%2Fcomments&post=6706"}],"version-history":[{"count":13,"href":"https:\/\/cod.al\/index.php?rest_route=\/wp\/v2\/pages\/6706\/revisions"}],"predecessor-version":[{"id":6771,"href":"https:\/\/cod.al\/index.php?rest_route=\/wp\/v2\/pages\/6706\/revisions\/6771"}],"wp:attachment":[{"href":"https:\/\/cod.al\/index.php?rest_route=%2Fwp%2Fv2%2Fmedia&parent=6706"}],"curies":[{"name":"wp","href":"https:\/\/api.w.org\/{rel}","templated":true}]}}