{"id":6461,"date":"2020-12-04T13:38:29","date_gmt":"2020-12-04T12:38:29","guid":{"rendered":"http:\/\/cod.al\/?page_id=6461"},"modified":"2020-12-08T12:38:14","modified_gmt":"2020-12-08T11:38:14","slug":"michel-setboun-40-vjet-histori-ne-vendin-e-shqiponjave","status":"publish","type":"page","link":"https:\/\/cod.al\/?page_id=6461","title":{"rendered":"Michel Setboun &#8211; 40 VJET HISTORI NE VENDIN E SHQIPONJAVE"},"content":{"rendered":"<p>[vc_row full_width=&#8221;stretch_row_content&#8221;][vc_column][vc_text_separator title=&#8221;Ekspozit\u00eb&#8221; i_icon_fontawesome=&#8221;fa fa-arrow-right&#8221; i_color=&#8221;black&#8221; i_size=&#8221;sm&#8221; title_align=&#8221;separator_align_left&#8221; color=&#8221;black&#8221; add_icon=&#8221;true&#8221;][\/vc_column][\/vc_row][vc_row full_width=&#8221;stretch_row_content&#8221;][vc_column width=&#8221;1\/4&#8243;][\/vc_column][vc_column width=&#8221;1\/2&#8243;][vc_cta_button2 h2=&#8221;&#8221; h4=&#8221;MICHEL SETBOUN \u201c40 VJET HISTORI NE VENDIN E SHQIPONJAVE\u201d&#8221; style=&#8221;square_outlined&#8221; txt_align=&#8221;justify&#8221; title=&#8221;&#8221; btn_style=&#8221;square&#8221; color=&#8221;black&#8221; size=&#8221;sm&#8221; position=&#8221;left&#8221; css_animation=&#8221;appear&#8221; accent_color=&#8221;#000000&#8243; link=&#8221;||&#8221;]<b>MICHEL SETBOUN<br \/>\n<\/b><b>\u201c40 VJET HISTORI NE VENDIN E SHQIPONJAVE\u201d<\/b><\/p>\n<p>Michel Setboun \u00ebsht\u00eb nj\u00eb artist francez i lindur n\u00eb Algjeri. Pas eksperienc\u00ebs si arkitekt, ai nisi t\u00eb punonte si fotograf n\u00eb vitin 1978 dhe p\u00ebrgjat\u00eb dhjet\u00eb viteve udh\u00ebtoi bot\u00ebn n\u00eb em\u00ebr t\u00eb agjencis\u00eb Sipa, duke mbuluar ngjarje t\u00eb m\u00ebdha mediatike. Ai u bashkua me agjencin\u00eb Rapho n\u00eb 1986. Tashm\u00eb nj\u00eb fotograf i pavarur, ai vazhdon t\u00eb punoj\u00eb n\u00eb projekte fotografike personale. Michel Setboun konsiderohet si nj\u00eb nd\u00ebr foto-reporter\u00ebt m\u00eb t\u00eb r\u00ebnd\u00ebsish\u00ebm nd\u00ebrkomb\u00ebtar\u00eb p\u00ebr Shqip\u00ebrin\u00eb. Arkivi i tij fotografik mbi Shqip\u00ebrin\u00eb e viteve 1981 &#8211; 1991, ka mij\u00ebra e mij\u00ebra fotografi dhe \u00ebsht\u00eb i nj\u00eb r\u00ebnd\u00ebsie tejet t\u00eb ve\u00e7ant\u00eb, si historike ashtu edhe artistike. E realizuar pas dy ardhjeve t\u00eb artistit n\u00eb Shqip\u00ebri gjat\u00eb harkut kohor n\u00ebntor 2018 \u2013 prill 2019, ekspozita zhvillohet n\u00ebn nj\u00eb fizionomi artistike personale t\u00eb fotografit dhe synon t\u00eb transmetoj\u00eb ndryshimet e fuqishme n\u00eb historin\u00eb dhe individin shqiptar gjat\u00eb k\u00ebtyre 25 viteve t\u00eb fundit t\u00eb post-komunizmit dhe demokracis\u00eb.<\/p>\n<p><span style=\"font-weight: 400;\">P\u00ebrmes rigjetjes s\u00eb disa prej personazheve t\u00eb fotografive nga vitet 1981 \u2013 1991, dhe t\u00eb rifotografuar n\u00eb 2018-2019, artisti ofron pik\u00ebtakime dramatike mes imazheve t\u00eb s\u00eb shkuar\u00ebs dhe s\u00eb tashmes duke krijuar nj\u00eb panoram\u00eb gjith\u00ebp\u00ebrfshir\u00ebse dhe unike t\u00eb zhvillimit t\u00eb individit dhe shoq\u00ebris\u00eb shqiptare nd\u00ebr vite. N\u00eb k\u00ebt\u00eb seri t\u00eb re pun\u00ebsh Setboun p\u00ebrpiqet t\u00eb shpreh\u00eb\u00a0 vizionin e tij unik si fotograf me nj\u00eb eksperienc\u00eb t\u00eb gjat\u00eb njer\u00ebzore dhe profesionale mbi aspekte t\u00eb jet\u00ebs s\u00eb p\u00ebrditshme n\u00eb Shqip\u00ebrin\u00eb tranzitore post-socialiste, p\u00ebr jet\u00ebn e qytetit, fshatit dhe rrethinave, peizazhit urban, industrial, post-industrial e post-agrar, dhe dokumentimin e ndryshimeve sociale gjat\u00eb dy dekadave t\u00eb fundshekullit t\u00eb XX-t\u00eb dhe m\u00eb pas gjat\u00eb viteve 2000-j\u00eb. Fotografi k\u00ebrkon t\u00eb ngrij\u00eb \u00e7aste t\u00eb jet\u00ebs s\u00eb p\u00ebrditshme dhe realitetit, n\u00eb fotografi dhe video, p\u00ebr t\u00eb krijuar bashk\u00eb me personazhet real\u00eb nj\u00eb koleksion t\u00eb v\u00ebrtet\u00eb dokumentues t\u00eb koh\u00ebs, t\u00eb cilat si cop\u00ebza t\u00eb nj\u00eb mozaiku, krijojn\u00eb historin\u00eb, kultur\u00ebn, etnografin\u00eb dhe tradit\u00ebn e nj\u00eb rajoni, e nj\u00eb vendi. N\u00eb k\u00ebt\u00eb m\u00ebnyr\u00eb, ky projekt i ri i tij mbi Shqip\u00ebrin\u00eb k\u00ebrkon t\u2019u l\u00ebr\u00eb brezave t\u00eb ardhsh\u00ebm p\u00ebrmes shenjave fotografike, edhe nj\u00eb tjet\u00ebr d\u00ebshmi t\u00eb multidimensionalitetit t\u00eb jet\u00ebs n\u00eb k\u00ebt\u00eb vend, duke krijuar k\u00ebshtu vlera t\u00eb paz\u00ebvend\u00ebsueshme historike dhe artistike. Ekspozita ka karakter artistik, historik, temporal, por me disonanca kronologjike dhe historike.<\/span><\/p>\n<p><span style=\"font-weight: 400;\">P\u00ebr k\u00ebt\u00eb projekt Setboun u shpreh se: <\/span><i><span style=\"font-weight: 400;\">\u201cDua t\u2019i bie kryq e t\u00ebrthor Shqip\u00ebris\u00eb, nga veriu n\u00eb jug, p\u00ebrmes Shqip\u00ebris\u00eb qendrore, Rivier\u00ebs, e t\u00eb rizbuloj njerzit dhe vendet e fotografive t\u00eb mia t\u00eb vjetra, por jo p\u00ebr t\u00eb b\u00ebr\u00eb p\u00ebrs\u00ebri vet\u00ebm fotografi. Ideja \u00ebsht\u00eb t\u00eb takoj njer\u00ebz p\u00ebr t\u2019ju dh\u00ebn\u00eb mund\u00ebsin\u00eb t\u00eb flasin p\u00ebr fotografit\u00eb e b\u00ebra at\u00ebher\u00eb, por edhe p\u00ebr jet\u00ebn e tyre n\u00eb at\u00eb koh\u00eb. N\u00eb fokusin tim do t\u00eb doja t\u00eb p\u00ebrfshij edhe disa figura t\u00eb \u00e7uditshme, si fantazma t\u00eb s\u00eb kaluar\u00ebs, rr\u00ebnojat e vjetra t\u00eb mbetura nga koha komuniste apo bunker\u00ebt.\u201d<\/span><\/i>[\/vc_cta_button2][\/vc_column][vc_column width=&#8221;1\/4&#8243;][vc_column_text]<strong>[Sassy_Social_Share]<\/strong>[\/vc_column_text][\/vc_column][\/vc_row][vc_row full_width=&#8221;stretch_row_content_no_spaces&#8221; full_height=&#8221;yes&#8221;][vc_column][vc_text_separator title=&#8221;Foto&#8221; i_icon_fontawesome=&#8221;fa fa-arrow-right&#8221; i_color=&#8221;black&#8221; i_size=&#8221;sm&#8221; title_align=&#8221;separator_align_left&#8221; color=&#8221;black&#8221; add_icon=&#8221;true&#8221;][vc_gallery type=&#8221;image_grid&#8221; images=&#8221;6484,6470,6471,6472,6473,6474,6475,6476,6477,6478,6479,6480,6482,6483,6485,6486&#8243; img_size=&#8221;550&#215;350&#8243;][\/vc_column][\/vc_row][vc_row full_width=&#8221;stretch_row_content_no_spaces&#8221;][vc_column][vc_text_separator title=&#8221;Video&#8221; i_icon_fontawesome=&#8221;fa fa-arrow-right&#8221; i_color=&#8221;black&#8221; i_size=&#8221;sm&#8221; title_align=&#8221;separator_align_left&#8221; color=&#8221;black&#8221; add_icon=&#8221;true&#8221;][vc_single_image image=&#8221;6464&#8243; img_size=&#8221;full&#8221; alignment=&#8221;center&#8221; onclick=&#8221;custom_link&#8221; link=&#8221;https:\/\/youtu.be\/Kb9anIUW22M&#8221;][\/vc_column][\/vc_row]<\/p>\n","protected":false},"excerpt":{"rendered":"<p>[vc_row full_width=&#8221;stretch_row_content&#8221;][vc_column][vc_text_separator title=&#8221;Ekspozit\u00eb&#8221; i_icon_fontawesome=&#8221;fa fa-arrow-right&#8221; i_color=&#8221;black&#8221; i_size=&#8221;sm&#8221; title_align=&#8221;separator_align_left&#8221; color=&#8221;black&#8221; add_icon=&#8221;true&#8221;][\/vc_column][\/vc_row][vc_row full_width=&#8221;stretch_row_content&#8221;][vc_column width=&#8221;1\/4&#8243;][\/vc_column][vc_column width=&#8221;1\/2&#8243;][vc_cta_button2 h2=&#8221;&#8221; h4=&#8221;MICHEL SETBOUN \u201c40 VJET HISTORI NE VENDIN E SHQIPONJAVE\u201d&#8221; style=&#8221;square_outlined&#8221; txt_align=&#8221;justify&#8221; title=&#8221;&#8221; btn_style=&#8221;square&#8221; color=&#8221;black&#8221; size=&#8221;sm&#8221; position=&#8221;left&#8221; css_animation=&#8221;appear&#8221; accent_color=&#8221;#000000&#8243; link=&#8221;||&#8221;]MICHEL SETBOUN \u201c40 VJET HISTORI NE VENDIN E<\/p>\n","protected":false},"author":5,"featured_media":0,"parent":0,"menu_order":0,"comment_status":"closed","ping_status":"closed","template":"","meta":{"footnotes":""},"class_list":["post-6461","page","type-page","status-publish","hentry"],"_links":{"self":[{"href":"https:\/\/cod.al\/index.php?rest_route=\/wp\/v2\/pages\/6461","targetHints":{"allow":["GET"]}}],"collection":[{"href":"https:\/\/cod.al\/index.php?rest_route=\/wp\/v2\/pages"}],"about":[{"href":"https:\/\/cod.al\/index.php?rest_route=\/wp\/v2\/types\/page"}],"author":[{"embeddable":true,"href":"https:\/\/cod.al\/index.php?rest_route=\/wp\/v2\/users\/5"}],"replies":[{"embeddable":true,"href":"https:\/\/cod.al\/index.php?rest_route=%2Fwp%2Fv2%2Fcomments&post=6461"}],"version-history":[{"count":5,"href":"https:\/\/cod.al\/index.php?rest_route=\/wp\/v2\/pages\/6461\/revisions"}],"predecessor-version":[{"id":6488,"href":"https:\/\/cod.al\/index.php?rest_route=\/wp\/v2\/pages\/6461\/revisions\/6488"}],"wp:attachment":[{"href":"https:\/\/cod.al\/index.php?rest_route=%2Fwp%2Fv2%2Fmedia&parent=6461"}],"curies":[{"name":"wp","href":"https:\/\/api.w.org\/{rel}","templated":true}]}}