{"id":6290,"date":"2020-10-05T13:31:54","date_gmt":"2020-10-05T12:31:54","guid":{"rendered":"http:\/\/cod.al\/?page_id=6290"},"modified":"2025-07-03T15:51:42","modified_gmt":"2025-07-03T13:51:42","slug":"emanuela-shehu","status":"publish","type":"page","link":"https:\/\/cod.al\/?page_id=6290","title":{"rendered":"Nikola Senjo"},"content":{"rendered":"<p>[vc_row][vc_column width=&#8221;1\/4&#8243; css=&#8221;.vc_custom_1481021058763{margin-top: -20px !important;}&#8221;][vc_single_image image=&#8221;7470&#8243; img_size=&#8221;medium&#8221; onclick=&#8221;link_image&#8221; css=&#8221;.vc_custom_1718724068524{margin-top: 35px !important;}&#8221;][\/vc_column][vc_column width=&#8221;3\/4&#8243;][vc_icon icon_fontawesome=&#8221;fa fa-envelope-o&#8221; color=&#8221;black&#8221; background_style=&#8221;rounded-outline&#8221; size=&#8221;xs&#8221; align=&#8221;right&#8221; css_animation=&#8221;appear&#8221; link=&#8221;url:mailto%3Anikola.senjo%40kryeministria.al|title:nikola.senjo%40kryeministria.al|target:%20_blank&#8221; css=&#8221;.vc_custom_1717059569334{margin-top: 5px !important;}&#8221;][vc_column_text css=&#8221;.vc_custom_1718724273971{margin-top: -70px !important;}&#8221;]<strong><b>NIKOLA SENJO<\/b><br \/>\n<\/strong><b>Dizajner<\/b><\/p>\n<hr \/>\n<p>Nikola Senjo ka kryer studimet e larta Bachelor n\u00eb deg\u00ebn Art dhe Dizajn dhe Master Shkencor n\u00eb specialitetin Dizajn i Aplikuar, n\u00eb Universitetin Polis n\u00eb Tiran\u00eb. Gjithashtu, ka ndjekur disa kurse on-line dhe on-site p\u00ebr marketing dhe menaxhim t\u00eb rrjeteve sociale ku zot\u00ebron disa certifikata si i specializuar n\u00eb k\u00ebt\u00eb fush\u00eb, dhe disa kurse p\u00ebr fotografi dhe video.<\/p>\n<p>Gjat\u00eb viteve t\u00eb studimit,\u00a0Nikola \u00ebsht\u00eb angazhuar n\u00eb projekte t\u00eb ndryshme me fokus marketingun dhe dizajnin. Gjithashtu ka kryer trajnime t\u00eb ndryshme brenda vendit dhe n\u00eb Itali me fokus n\u00eb bot\u00ebn e mod\u00ebs dhe t\u00eb bukur\u00ebs. Gjat\u00eb periudh\u00ebs s\u00eb masterit, ka qen\u00eb i angazhuar n\u00eb rolin e asistent pedagogut n\u00eb l\u00ebnd\u00ebn e Multimedias si dhe ka kontribuar n\u00eb disa nga kompanit\u00eb m\u00eb t\u00eb m\u00ebdha n\u00eb Shqip\u00ebri si dizajner dhe fotograf.<\/p>\n<p>Gjithashtu, Nikola zhvillon aft\u00ebsit\u00eb e tij n\u00eb fush\u00ebn e strategjis\u00eb s\u00eb shitjeve p\u00ebr biznes dhe marketing, ku ushtron dizajnin dhe strategjit\u00eb e marketingut dhe mir\u00ebmbajtje t\u00eb rrjeteve sociale dhe web-it t\u00eb disa prej bizneseve m\u00eb n\u00eb z\u00eb t\u00eb vendit, si dhe montazh dhe animacion videosh dhe spotesh publicitare n\u00eb disa prej televizioneve Shqiptare dhe bizneseve t\u00eb ndryshme. Nikola Senjo ka punuar si fotograf dhe dizajner i pavarur p\u00ebr 8 vite dhe gjat\u00eb periudh\u00ebs qershor 2019 &#8211; n\u00ebntor 2023 ka qen\u00eb i pun\u00ebsuar n\u00eb Bashkin\u00eb e Tiran\u00ebs ne disa pozicione t\u00eb ndryshme si dizajner,\u00a0 k\u00ebshillues dhe krijues projektesh,\u00a0montazher etj.<\/p>\n<p>Ne nentor 2023, Ai u em\u00ebrua Dizajner i Agjencis\u00eb p\u00ebr Dialog dhe Bashk\u00ebqeverisje.[\/vc_column_text][\/vc_column][\/vc_row]<\/p>\n","protected":false},"excerpt":{"rendered":"<p>[vc_row][vc_column width=&#8221;1\/4&#8243; css=&#8221;.vc_custom_1481021058763{margin-top: -20px !important;}&#8221;][vc_single_image image=&#8221;7470&#8243; img_size=&#8221;medium&#8221; onclick=&#8221;link_image&#8221; css=&#8221;.vc_custom_1718724068524{margin-top: 35px !important;}&#8221;][\/vc_column][vc_column width=&#8221;3\/4&#8243;][vc_icon icon_fontawesome=&#8221;fa fa-envelope-o&#8221; color=&#8221;black&#8221; background_style=&#8221;rounded-outline&#8221; size=&#8221;xs&#8221; align=&#8221;right&#8221; css_animation=&#8221;appear&#8221; link=&#8221;url:mailto%3Anikola.senjo%40kryeministria.al|title:nikola.senjo%40kryeministria.al|target:%20_blank&#8221; css=&#8221;.vc_custom_1717059569334{margin-top: 5px !important;}&#8221;][vc_column_text css=&#8221;.vc_custom_1718724273971{margin-top: -70px !important;}&#8221;]NIKOLA SENJO Dizajner Nikola Senjo ka kryer studimet e larta Bachelor n\u00eb deg\u00ebn Art dhe<\/p>\n","protected":false},"author":5,"featured_media":0,"parent":0,"menu_order":0,"comment_status":"open","ping_status":"closed","template":"","meta":{"footnotes":""},"class_list":["post-6290","page","type-page","status-publish","hentry"],"_links":{"self":[{"href":"https:\/\/cod.al\/index.php?rest_route=\/wp\/v2\/pages\/6290","targetHints":{"allow":["GET"]}}],"collection":[{"href":"https:\/\/cod.al\/index.php?rest_route=\/wp\/v2\/pages"}],"about":[{"href":"https:\/\/cod.al\/index.php?rest_route=\/wp\/v2\/types\/page"}],"author":[{"embeddable":true,"href":"https:\/\/cod.al\/index.php?rest_route=\/wp\/v2\/users\/5"}],"replies":[{"embeddable":true,"href":"https:\/\/cod.al\/index.php?rest_route=%2Fwp%2Fv2%2Fcomments&post=6290"}],"version-history":[{"count":9,"href":"https:\/\/cod.al\/index.php?rest_route=\/wp\/v2\/pages\/6290\/revisions"}],"predecessor-version":[{"id":7860,"href":"https:\/\/cod.al\/index.php?rest_route=\/wp\/v2\/pages\/6290\/revisions\/7860"}],"wp:attachment":[{"href":"https:\/\/cod.al\/index.php?rest_route=%2Fwp%2Fv2%2Fmedia&parent=6290"}],"curies":[{"name":"wp","href":"https:\/\/api.w.org\/{rel}","templated":true}]}}