{"id":6283,"date":"2020-10-05T13:27:01","date_gmt":"2020-10-05T12:27:01","guid":{"rendered":"http:\/\/cod.al\/?page_id=6283"},"modified":"2024-08-01T13:05:38","modified_gmt":"2024-08-01T11:05:38","slug":"ena-bulku","status":"publish","type":"page","link":"https:\/\/cod.al\/?page_id=6283","title":{"rendered":"Ajla Maksuti."},"content":{"rendered":"<p>[vc_row][vc_column width=&#8221;1\/4&#8243; css=&#8221;.vc_custom_1481021058763{margin-top: -20px !important;}&#8221;][vc_single_image image=&#8221;8066&#8243; img_size=&#8221;medium&#8221; onclick=&#8221;link_image&#8221; css=&#8221;.vc_custom_1722510336659{margin-top: 35px !important;}&#8221;][\/vc_column][vc_column width=&#8221;3\/4&#8243;][vc_icon icon_fontawesome=&#8221;fa fa-envelope-o&#8221; color=&#8221;black&#8221; background_style=&#8221;rounded-outline&#8221; size=&#8221;xs&#8221; align=&#8221;right&#8221; css_animation=&#8221;appear&#8221; link=&#8221;url:mailto%3Aajla.maksuti%40kryeministria.al|title:ajla.maksuti%40kryeministria.al|target:%20_blank&#8221; css=&#8221;.vc_custom_1711207390326{margin-top: 5px !important;}&#8221;][vc_column_text css=&#8221;.vc_custom_1717057050493{margin-top: -70px !important;}&#8221;]<strong>AJLA MAKSUTI<br \/>\n<\/strong><strong>P\u00ebrgjegj\u00ebs Sektori \/\u00a0Sektori p\u00ebr Hapje dhe Risi Rinore<br \/>\n<\/strong><\/p>\n<hr \/>\n<p>Ajla Maksuti ka p\u00ebrfunduar studimet Master Shkencor n\u00eb Qeverisje Evropiane dhe Nd\u00ebrkomb\u00ebtare n\u00eb Vrije Universiteit Brussel, n\u00eb Belgjik\u00eb, me <em>Dallime<\/em>, dhe Bachelor n\u00eb Shkenca Politike dhe Marr\u00ebdh\u00ebnie Nd\u00ebrkomb\u00ebtare n\u00eb Universitetin Epoka, me <em>Nderime t\u00eb Larta<\/em>.<\/p>\n<p>Gjat\u00eb vitit akademik 2018-2019, u zgjodh si zv\/Presidente e K\u00ebshillit Studentor t\u00eb Universitetit Epoka dhe si p\u00ebrfaq\u00ebsuese e student\u00ebve n\u00eb Komisionin e P\u00ebrhersh\u00ebm t\u00eb Sigurimit t\u00eb Cil\u00ebsis\u00eb (PCQA).<\/p>\n<p>Pjes\u00ebmarr\u00ebse n\u00eb vizita studimore n\u00eb Komisionin Evropian, Parlamentin Evropian dhe K\u00ebshillin e BE-s\u00eb dhe n\u00eb konkurse dhe konferenca t\u00eb ndryshme si: maratona nd\u00ebrkomb\u00ebtare e ideve rinore \u201cZEROHackathon\u201d, n\u00eb Rom\u00eb, Itali (2018), workshop-i \u201cPeace in the Balkans, Peace in Europe: Lesson Learned\u201d, Center for European Studies (2018); Turneu i Debatit n\u00eb Universitetin Epoka (2017) etj.<\/p>\n<p>N\u00eb vitin 2017 kreu praktik\u00ebn n\u00eb Bashkin\u00eb Durr\u00ebs n\u00eb Sektorin e Zhvillimit Ekonomik dhe Politikave t\u00eb Turizmit, pasuar nga nj\u00eb praktik\u00eb n\u00eb Drejtorin\u00eb e P\u00ebrgjithshme t\u00eb Projekteve Strategjike dhe Zhvillimit Ekonomik n\u00eb Bashkin\u00eb e Tiran\u00ebs n\u00eb vitin 2018. P\u00ebr tet\u00eb vite \u00ebsht\u00eb angazhuar si vullnetare n\u00eb organizat\u00ebn Save the Children Albania, ku dhe ka lobuar p\u00ebr zbatimin e t\u00eb drejtave t\u00eb f\u00ebmij\u00ebve n\u00eb Shqip\u00ebri.<\/p>\n<p>Pjes\u00eb e ekipit COD nga shkurti i vitit 2021, ku aktualisht mban pozicionin e P\u00ebrgjegj\u00ebsit t\u00eb Sektorit p\u00ebr Hapje dhe Risi Rinore.[\/vc_column_text][\/vc_column][\/vc_row]<\/p>\n","protected":false},"excerpt":{"rendered":"<p>[vc_row][vc_column width=&#8221;1\/4&#8243; css=&#8221;.vc_custom_1481021058763{margin-top: -20px !important;}&#8221;][vc_single_image image=&#8221;8066&#8243; img_size=&#8221;medium&#8221; onclick=&#8221;link_image&#8221; css=&#8221;.vc_custom_1722510336659{margin-top: 35px !important;}&#8221;][\/vc_column][vc_column width=&#8221;3\/4&#8243;][vc_icon icon_fontawesome=&#8221;fa fa-envelope-o&#8221; color=&#8221;black&#8221; background_style=&#8221;rounded-outline&#8221; size=&#8221;xs&#8221; align=&#8221;right&#8221; css_animation=&#8221;appear&#8221; link=&#8221;url:mailto%3Aajla.maksuti%40kryeministria.al|title:ajla.maksuti%40kryeministria.al|target:%20_blank&#8221; css=&#8221;.vc_custom_1711207390326{margin-top: 5px !important;}&#8221;][vc_column_text css=&#8221;.vc_custom_1717057050493{margin-top: -70px !important;}&#8221;]AJLA MAKSUTI P\u00ebrgjegj\u00ebs Sektori \/\u00a0Sektori p\u00ebr Hapje dhe Risi Rinore Ajla Maksuti ka p\u00ebrfunduar studimet<\/p>\n","protected":false},"author":5,"featured_media":0,"parent":0,"menu_order":0,"comment_status":"closed","ping_status":"closed","template":"","meta":{"footnotes":""},"class_list":["post-6283","page","type-page","status-publish","hentry"],"_links":{"self":[{"href":"https:\/\/cod.al\/index.php?rest_route=\/wp\/v2\/pages\/6283","targetHints":{"allow":["GET"]}}],"collection":[{"href":"https:\/\/cod.al\/index.php?rest_route=\/wp\/v2\/pages"}],"about":[{"href":"https:\/\/cod.al\/index.php?rest_route=\/wp\/v2\/types\/page"}],"author":[{"embeddable":true,"href":"https:\/\/cod.al\/index.php?rest_route=\/wp\/v2\/users\/5"}],"replies":[{"embeddable":true,"href":"https:\/\/cod.al\/index.php?rest_route=%2Fwp%2Fv2%2Fcomments&post=6283"}],"version-history":[{"count":16,"href":"https:\/\/cod.al\/index.php?rest_route=\/wp\/v2\/pages\/6283\/revisions"}],"predecessor-version":[{"id":8069,"href":"https:\/\/cod.al\/index.php?rest_route=\/wp\/v2\/pages\/6283\/revisions\/8069"}],"wp:attachment":[{"href":"https:\/\/cod.al\/index.php?rest_route=%2Fwp%2Fv2%2Fmedia&parent=6283"}],"curies":[{"name":"wp","href":"https:\/\/api.w.org\/{rel}","templated":true}]}}