{"id":6277,"date":"2020-10-05T13:18:24","date_gmt":"2020-10-05T12:18:24","guid":{"rendered":"http:\/\/cod.al\/?page_id=6277"},"modified":"2024-08-05T11:06:31","modified_gmt":"2024-08-05T09:06:31","slug":"erjo-mile","status":"publish","type":"page","link":"https:\/\/cod.al\/?page_id=6277","title":{"rendered":"Erjonilda Dojka"},"content":{"rendered":"<p>[vc_row][vc_column width=&#8221;1\/4&#8243; css=&#8221;.vc_custom_1481021058763{margin-top: -20px !important;}&#8221;][vc_single_image image=&#8221;8102&#8243; img_size=&#8221;medium&#8221; onclick=&#8221;link_image&#8221;][\/vc_column][vc_column width=&#8221;3\/4&#8243;][vc_icon icon_fontawesome=&#8221;fa fa-envelope-o&#8221; color=&#8221;black&#8221; background_style=&#8221;rounded-outline&#8221; size=&#8221;xs&#8221; align=&#8221;right&#8221; css_animation=&#8221;appear&#8221; link=&#8221;url:mailto%3Aerjonilda.dojka%40kryeministria.al|title:erjonilda.dojka%40kryeministria.al|target:%20_blank&#8221; css=&#8221;.vc_custom_1711207581079{margin-top: 5px !important;}&#8221;][vc_column_text css=&#8221;.vc_custom_1711207560210{margin-top: -70px !important;}&#8221;]<strong>ERJONILDA DOJKA<br \/>\n<\/strong><strong>P\u00ebrgjegj\u00ebs Sektori \/\u00a0Sektori i\u00a0Librit dhe Projekteve<br \/>\n<\/strong><\/p>\n<hr \/>\n<p>Erjonilda Dojka ka mbaruar Fakultetin e Gjuh\u00ebs dhe Let\u00ebrsis\u00eb n\u00eb Universitetin e Tiran\u00ebs n\u00eb vitin 2007 dhe n\u00eb vitin 2013 ka kryer studimet Master t\u00eb Nivelit t\u00eb Dyt\u00eb n\u00eb gjuh\u00ebsi, specialiteti Dialektologji.<\/p>\n<p>Ka kryer praktik\u00ebn profesionale n\u00eb fush\u00ebn e gazetaris\u00eb pran\u00eb Zyr\u00ebs s\u00eb Shtypit n\u00eb Prefektur\u00ebn e Tiran\u00ebs n\u00eb vitin 2008. \u00cbsht\u00eb angazhuar n\u00eb organizimin e ekspozitave sportive dhe n\u00eb studimin \u201cSporti shqiptar n\u00eb vitet 1900-1946\u201d si redaktore e gjuh\u00ebs shqipe.<\/p>\n<p>Ka nj\u00eb eksperienc\u00eb t\u00eb gjat\u00eb si redaktore e gjuh\u00ebs shqipe p\u00ebr kanale t\u00eb ndryshme televizive gjat\u00eb viteve 2008-2015. Eksperienca e saj si redaktore e gjuh\u00ebs shqipe ka filluar gjat\u00eb viteve t\u00eb studimit n\u00eb projekte t\u00eb ndryshme studimore e katalog\u00eb t\u00eb sip\u00ebrmarrjeve private. Nga viti 2015 &#8211; shkurt 2021 ka punuar si arsimtare n\u00eb Arsimin e Mes\u00ebm t\u00eb Lart\u00eb, ku spikat puna parap\u00ebrgatitore e Matur\u00ebs Shtet\u00ebrore p\u00ebr l\u00ebnd\u00ebn e gjuh\u00ebs dhe t\u00eb let\u00ebrsis\u00eb.<\/p>\n<p>\u00cbsht\u00eb pjes\u00eb e ekipit t\u00eb COD nga shkurti i vitit 2021 dhe aktualisht mban pozicioni e P\u00ebrgjegj\u00ebsit t\u00eb Sektorit t\u00eb Librit dhe Projekteve.[\/vc_column_text][\/vc_column][\/vc_row]<\/p>\n","protected":false},"excerpt":{"rendered":"<p>[vc_row][vc_column width=&#8221;1\/4&#8243; css=&#8221;.vc_custom_1481021058763{margin-top: -20px !important;}&#8221;][vc_single_image image=&#8221;8102&#8243; img_size=&#8221;medium&#8221; onclick=&#8221;link_image&#8221;][\/vc_column][vc_column width=&#8221;3\/4&#8243;][vc_icon icon_fontawesome=&#8221;fa fa-envelope-o&#8221; color=&#8221;black&#8221; background_style=&#8221;rounded-outline&#8221; size=&#8221;xs&#8221; align=&#8221;right&#8221; css_animation=&#8221;appear&#8221; link=&#8221;url:mailto%3Aerjonilda.dojka%40kryeministria.al|title:erjonilda.dojka%40kryeministria.al|target:%20_blank&#8221; css=&#8221;.vc_custom_1711207581079{margin-top: 5px !important;}&#8221;][vc_column_text css=&#8221;.vc_custom_1711207560210{margin-top: -70px !important;}&#8221;]ERJONILDA DOJKA P\u00ebrgjegj\u00ebs Sektori \/\u00a0Sektori i\u00a0Librit dhe Projekteve Erjonilda Dojka ka mbaruar Fakultetin e Gjuh\u00ebs dhe Let\u00ebrsis\u00eb n\u00eb<\/p>\n","protected":false},"author":5,"featured_media":0,"parent":0,"menu_order":0,"comment_status":"closed","ping_status":"closed","template":"","meta":{"footnotes":""},"class_list":["post-6277","page","type-page","status-publish","hentry"],"_links":{"self":[{"href":"https:\/\/cod.al\/index.php?rest_route=\/wp\/v2\/pages\/6277","targetHints":{"allow":["GET"]}}],"collection":[{"href":"https:\/\/cod.al\/index.php?rest_route=\/wp\/v2\/pages"}],"about":[{"href":"https:\/\/cod.al\/index.php?rest_route=\/wp\/v2\/types\/page"}],"author":[{"embeddable":true,"href":"https:\/\/cod.al\/index.php?rest_route=\/wp\/v2\/users\/5"}],"replies":[{"embeddable":true,"href":"https:\/\/cod.al\/index.php?rest_route=%2Fwp%2Fv2%2Fcomments&post=6277"}],"version-history":[{"count":8,"href":"https:\/\/cod.al\/index.php?rest_route=\/wp\/v2\/pages\/6277\/revisions"}],"predecessor-version":[{"id":8117,"href":"https:\/\/cod.al\/index.php?rest_route=\/wp\/v2\/pages\/6277\/revisions\/8117"}],"wp:attachment":[{"href":"https:\/\/cod.al\/index.php?rest_route=%2Fwp%2Fv2%2Fmedia&parent=6277"}],"curies":[{"name":"wp","href":"https:\/\/api.w.org\/{rel}","templated":true}]}}