{"id":6215,"date":"2020-09-14T11:02:29","date_gmt":"2020-09-14T10:02:29","guid":{"rendered":"http:\/\/cod.al\/?page_id=6215"},"modified":"2020-09-16T12:29:17","modified_gmt":"2020-09-16T11:29:17","slug":"fellini","status":"publish","type":"page","link":"https:\/\/cod.al\/?page_id=6215","title":{"rendered":"Fellini"},"content":{"rendered":"<p>[vc_row full_width=&#8221;stretch_row_content&#8221;][vc_column][vc_text_separator title=&#8221;Ekspozit\u00eb&#8221; i_icon_fontawesome=&#8221;fa fa-arrow-right&#8221; i_color=&#8221;black&#8221; i_size=&#8221;sm&#8221; title_align=&#8221;separator_align_left&#8221; color=&#8221;black&#8221; add_icon=&#8221;true&#8221;][\/vc_column][\/vc_row][vc_row full_width=&#8221;stretch_row_content&#8221;][vc_column width=&#8221;1\/4&#8243;][\/vc_column][vc_column width=&#8221;1\/2&#8243;][vc_cta_button2 h2=&#8221;&#8221; h4=&#8221;\u2192 Ekspozita \u201cNj\u00ebqindvjetori. Fellini n\u00eb Bot\u00eb\u201d &#8221; style=&#8221;square_outlined&#8221; txt_align=&#8221;justify&#8221; title=&#8221;&#8221; btn_style=&#8221;square&#8221; color=&#8221;black&#8221; size=&#8221;sm&#8221; position=&#8221;left&#8221; css_animation=&#8221;appear&#8221; accent_color=&#8221;#000000&#8243; link=&#8221;||&#8221;]<img loading=\"lazy\" decoding=\"async\" class=\"size-medium wp-image-6217 alignleft\" src=\"http:\/\/cod.al\/wp-content\/uploads\/2020\/09\/foto-223x300.jpg\" alt=\"foto\" width=\"223\" height=\"300\" srcset=\"https:\/\/cod.al\/wp-content\/uploads\/2020\/09\/foto-223x300.jpg 223w, https:\/\/cod.al\/wp-content\/uploads\/2020\/09\/foto-761x1024.jpg 761w, https:\/\/cod.al\/wp-content\/uploads\/2020\/09\/foto-446x600.jpg 446w, https:\/\/cod.al\/wp-content\/uploads\/2020\/09\/foto.jpg 916w\" sizes=\"auto, (max-width: 223px) 100vw, 223px\" \/><\/p>\n<div class=\"o9v6fnle cxmmr5t8 oygrvhab hcukyx3x c1et5uql ii04i59q\">\n<p>Pas Rom\u00ebs, Mosk\u00ebs, Sao Paolos, dhe Vilnius, Ekspozita &#8220;Nj\u00ebqindvjetori. Fellini n\u00eb Bot\u00eb&#8221; mb\u00ebrrin n\u00eb COD, n\u00eb Tiran\u00eb.<\/p>\n<p>Nj\u00eb rrug\u00ebtim mbres\u00ebl\u00ebn\u00ebs i jet\u00ebs dhe vepr\u00ebs s\u00eb regjisorit t\u00eb madh Italian, Federico Fellini treguar p\u00ebrmes fotografive, dokumenteve, kostumeve, posterave dhe objekteve, me mbi 120 punime.<\/p>\n<p>Ekspozita hapet n\u00eb dat\u00eb 14 shtator deri m\u00eb 11 tetor 2020.<\/p>\n<p>Orari: Nga e h\u00ebna deri t\u00eb premten n\u00eb 09:30-14:00\/ 17:30-20:30 dhe \u00e7do t\u00eb shtun\u00eb 17:30-20:30.<\/p>\n<p>Kujtes\u00eb: Vizita n\u00eb ekspozit\u00eb \u00ebsht\u00eb falas por ju lutemi t\u00eb vini re se do t\u00eb jet\u00eb i detyruesh\u00ebm respektimi i rregullave p\u00ebr parandalimin dhe p\u00ebrhapjen e Covid-19: vendosni mask\u00eb, dezinfektoni duart, ruani distanc\u00ebn dhe shmangni \u00e7do kontakt fizik<\/p>\n<p>Ju mir\u00ebpresim n\u00eb COD!<\/p>\n<\/div>\n<div dir=\"auto\"><\/div>\n<div dir=\"auto\"><\/div>\n<div dir=\"auto\"><\/div>\n<div dir=\"auto\"><span style=\"color: #ffffff;\">.\u00a0<\/span><\/div>\n<div dir=\"auto\"><\/div>\n<div dir=\"auto\"><\/div>\n<div dir=\"auto\"><\/div>\n<div dir=\"auto\"><\/div>\n<div dir=\"auto\"><\/div>\n<div dir=\"auto\"><\/div>\n<div dir=\"auto\"><\/div>\n<div dir=\"auto\"><span style=\"color: #ffffff;\">.<\/span><\/div>\n<p>[\/vc_cta_button2][\/vc_column][vc_column width=&#8221;1\/4&#8243;][vc_column_text]<strong>[Sassy_Social_Share]<\/strong>[\/vc_column_text][\/vc_column][\/vc_row][vc_row full_width=&#8221;stretch_row_content&#8221;][vc_column][vc_text_separator title=&#8221;Foto&#8221; i_icon_fontawesome=&#8221;fa fa-arrow-right&#8221; i_color=&#8221;black&#8221; i_size=&#8221;sm&#8221; title_align=&#8221;separator_align_left&#8221; color=&#8221;black&#8221; add_icon=&#8221;true&#8221;][\/vc_column][\/vc_row][vc_row full_width=&#8221;stretch_row_content_no_spaces&#8221;][vc_column][vc_gallery type=&#8221;image_grid&#8221; images=&#8221;6250,6240,6267,6231,6232,6233,6234,6235,6236,6237,6238,6239,6241,6242,6243,6244,6245,6246,6247,6248,6249,6251,6252,6253,6254,6255,6256,6257,6258,6259,6260,6261,6262,6263,6264,6265,6266,6268,6269,6230&#8243; img_size=&#8221;555&#215;300&#8243;][\/vc_column][\/vc_row][vc_row full_width=&#8221;stretch_row_content&#8221;][vc_column][vc_text_separator title=&#8221;Video&#8221; i_icon_fontawesome=&#8221;fa fa-arrow-right&#8221; i_color=&#8221;black&#8221; i_size=&#8221;sm&#8221; title_align=&#8221;separator_align_left&#8221; color=&#8221;black&#8221; add_icon=&#8221;true&#8221;][\/vc_column][\/vc_row][vc_row full_width=&#8221;stretch_row_content_no_spaces&#8221; content_placement=&#8221;middle&#8221;][vc_column width=&#8221;1\/4&#8243;][\/vc_column][vc_column width=&#8221;1\/2&#8243;][vc_single_image image=&#8221;6224&#8243; img_size=&#8221;full&#8221; onclick=&#8221;custom_link&#8221; link=&#8221;https:\/\/www.facebook.com\/CODalbania\/videos\/1907752602700019&#8243;][\/vc_column][vc_column width=&#8221;1\/4&#8243;][\/vc_column][\/vc_row]<\/p>\n","protected":false},"excerpt":{"rendered":"<p>[vc_row full_width=&#8221;stretch_row_content&#8221;][vc_column][vc_text_separator title=&#8221;Ekspozit\u00eb&#8221; i_icon_fontawesome=&#8221;fa fa-arrow-right&#8221; i_color=&#8221;black&#8221; i_size=&#8221;sm&#8221; title_align=&#8221;separator_align_left&#8221; color=&#8221;black&#8221; add_icon=&#8221;true&#8221;][\/vc_column][\/vc_row][vc_row full_width=&#8221;stretch_row_content&#8221;][vc_column width=&#8221;1\/4&#8243;][\/vc_column][vc_column width=&#8221;1\/2&#8243;][vc_cta_button2 h2=&#8221;&#8221; h4=&#8221;\u2192 Ekspozita \u201cNj\u00ebqindvjetori. Fellini n\u00eb Bot\u00eb\u201d &#8221; style=&#8221;square_outlined&#8221; txt_align=&#8221;justify&#8221; title=&#8221;&#8221; btn_style=&#8221;square&#8221; color=&#8221;black&#8221; size=&#8221;sm&#8221; position=&#8221;left&#8221; css_animation=&#8221;appear&#8221; accent_color=&#8221;#000000&#8243; link=&#8221;||&#8221;] Pas Rom\u00ebs, Mosk\u00ebs, Sao Paolos, dhe Vilnius, Ekspozita &#8220;Nj\u00ebqindvjetori.<\/p>\n","protected":false},"author":5,"featured_media":0,"parent":0,"menu_order":0,"comment_status":"closed","ping_status":"closed","template":"","meta":{"footnotes":""},"class_list":["post-6215","page","type-page","status-publish","hentry"],"_links":{"self":[{"href":"https:\/\/cod.al\/index.php?rest_route=\/wp\/v2\/pages\/6215","targetHints":{"allow":["GET"]}}],"collection":[{"href":"https:\/\/cod.al\/index.php?rest_route=\/wp\/v2\/pages"}],"about":[{"href":"https:\/\/cod.al\/index.php?rest_route=\/wp\/v2\/types\/page"}],"author":[{"embeddable":true,"href":"https:\/\/cod.al\/index.php?rest_route=\/wp\/v2\/users\/5"}],"replies":[{"embeddable":true,"href":"https:\/\/cod.al\/index.php?rest_route=%2Fwp%2Fv2%2Fcomments&post=6215"}],"version-history":[{"count":12,"href":"https:\/\/cod.al\/index.php?rest_route=\/wp\/v2\/pages\/6215\/revisions"}],"predecessor-version":[{"id":6271,"href":"https:\/\/cod.al\/index.php?rest_route=\/wp\/v2\/pages\/6215\/revisions\/6271"}],"wp:attachment":[{"href":"https:\/\/cod.al\/index.php?rest_route=%2Fwp%2Fv2%2Fmedia&parent=6215"}],"curies":[{"name":"wp","href":"https:\/\/api.w.org\/{rel}","templated":true}]}}