{"id":5939,"date":"2020-01-27T13:41:53","date_gmt":"2020-01-27T12:41:53","guid":{"rendered":"http:\/\/cod.al\/?page_id=5939"},"modified":"2020-01-27T13:41:53","modified_gmt":"2020-01-27T12:41:53","slug":"hermon-madhi","status":"publish","type":"page","link":"https:\/\/cod.al\/?page_id=5939","title":{"rendered":"HERMON MADHI"},"content":{"rendered":"<p>[vc_row full_width=&#8221;stretch_row_content&#8221;][vc_column][vc_text_separator title=&#8221;Mite t\u00eb Vjetra Moderne&#8221; i_icon_fontawesome=&#8221;fa fa-arrow-right&#8221; i_color=&#8221;black&#8221; i_size=&#8221;sm&#8221; title_align=&#8221;separator_align_left&#8221; color=&#8221;black&#8221; add_icon=&#8221;true&#8221;][\/vc_column][\/vc_row][vc_row full_width=&#8221;stretch_row_content&#8221;][vc_column width=&#8221;1\/4&#8243;][\/vc_column][vc_column width=&#8221;1\/2&#8243;][vc_cta_button2 h2=&#8221;&#8221; h4=&#8221;\u2192 Ekspozita | Mite t\u00eb Vjetra Moderne&#8221; style=&#8221;square_outlined&#8221; txt_align=&#8221;justify&#8221; title=&#8221;&#8221; btn_style=&#8221;square&#8221; color=&#8221;black&#8221; size=&#8221;sm&#8221; position=&#8221;left&#8221; css_animation=&#8221;appear&#8221; accent_color=&#8221;#000000&#8243; link=&#8221;||&#8221;]<a href=\"http:\/\/cod.al\/wp-content\/uploads\/2020\/01\/img.jpg\"><img loading=\"lazy\" decoding=\"async\" class=\" wp-image-5940 alignleft\" src=\"http:\/\/cod.al\/wp-content\/uploads\/2020\/01\/img-216x300.jpg\" alt=\"img\" width=\"223\" height=\"310\" srcset=\"https:\/\/cod.al\/wp-content\/uploads\/2020\/01\/img-216x300.jpg 216w, https:\/\/cod.al\/wp-content\/uploads\/2020\/01\/img.jpg 411w\" sizes=\"auto, (max-width: 223px) 100vw, 223px\" \/><\/a><br \/>\n<b>HERMON MADHI <\/b><b>| Mite t\u00eb Vjetra Moderne<br \/>\n<\/b>21-31\/01\/2020<\/p>\n<p>@ COD \u2013 Center for Openness and Dialogue<\/p>\n<p><span style=\"font-weight: 400;\">Kjo ekspozit\u00eb \u00ebsht\u00eb nj\u00eb revolt\u00eb e but\u00eb ndaj denatyralizimit t\u00eb bot\u00ebs njer\u00ebzore dhe njeriut t\u00eb \u201cprogramuar\u201dq\u00eb po e orienton shoq\u00ebrin\u00eb drejt humbjes s\u00eb vlerave.<\/span><\/p>\n<p>Jetojm\u00eb n\u00eb nj\u00eb bot\u00eb pak t\u00eb ndjeshme. Shpesh na duket se historia fillon me ne. Udh\u00ebtimi yn\u00eb vazhdon p\u00ebrmes nj\u00eb shoq\u00ebrie q\u00eb shenjt\u00ebron paran\u00eb dhe q\u00eb hap pas hapi po humbet disa vlera t\u00eb r\u00ebnd\u00ebsishme t\u00eb cilat na shenjojn\u00eb si krijesa t\u00eb nd\u00ebrgjegjshme dhe krijuese. Kjo b\u00ebn q\u00eb rrug\u00ebtimit ton\u00eb t\u2019i mjegullohet horizonti.<\/p>\n<p>Mitet i shoh si nj\u00eb mjet artistik p\u00ebr t\u00eb risjell\u00eb dashurin\u00eb, sakrific\u00ebn, heroizmin. Personazhet e miteve me historit\u00eb, b\u00ebmat, n\u00eb t\u00eb shumt\u00ebn e rasteve,\u00a0 b\u00ebhen t\u00eb nevojsh\u00ebm p\u00ebr t\u00eb kuptuar q\u00eb bota nuk \u00ebsht\u00eb krijuar sot dhe jeta jon\u00eb nuk \u00ebsht\u00eb di\u00e7ka statike q\u00eb e garanton lumturin\u00eb e vet vet\u00ebm nga teknologjia . Heronjt\u00eb e miteve mund t\u00eb thyejn\u00eb indiferentizmin \u201csocial\u201d, mund t\u00eb b\u00ebhen s\u00ebrish nj\u00eb sfid\u00eb ndaj \u201cunit\u201d materialist. Doemos ndihmojn\u00eb n\u00eb \u201cstolisjen\u201d e njeriut me ve\u00e7orit\u00eb e tij individuale, me tipare dhe karaktere t\u00eb spikatura, duke e ber\u00eb at\u00eb t\u00eb ndrysh\u00ebm nga stereotipet.<\/p>\n<p>Heronjt\u00eb mitik\u00eb mbeten modern\u00eb, sepse ata flasin gjithmon\u00eb duke qen\u00eb t\u00eb sinqert\u00eb me ne pavar\u00ebsisht nga koha dhe shijet.<\/p>\n<p>N\u00eb realizimin e ciklit grafik \u00ebsht\u00eb p\u00ebrdorur rapidografi me te cilin skalis \u00e7do holl\u00ebsi, t\u00eb cil\u00ebn sot nuk ma z\u00ebvend\u00ebson dot teknologjia. Krijimi artistik \u00ebsht\u00eb nj\u00eb ekuilib\u00ebr midis logjik\u00ebs dhe emocionit, racionales dhe ndjenj\u00ebs. Spontaniteti dhe befasia ndihmojn\u00eb n\u00eb zhvillimin e ideve p\u00ebrmes nj\u00eb eksperimentimi t\u00eb vazhduesh\u00ebm.<\/p>\n<p>Boja mbi let\u00ebr \u00ebsht\u00eb p\u00ebr mua nj\u00eb shenj\u00eb e patjet\u00ebrsueshme n\u00eb p\u00ebrpjekjet e mia p\u00ebr t\u00eb krijuar i \u00e7liruar.<\/p>\n<div class=\"text_exposed_show\">\n<p>Ekspozita do t\u00eb q\u00ebndroj\u00eb e hapur p\u00ebr publikun deri m\u00eb 31\u00a0janar 2020.<\/p>\n<\/div>\n<p>&nbsp;<\/p>\n<p>[\/vc_cta_button2][\/vc_column][vc_column width=&#8221;1\/4&#8243;][vc_column_text]<strong>[Sassy_Social_Share]<\/strong>[\/vc_column_text][\/vc_column][\/vc_row][vc_row full_width=&#8221;stretch_row_content_no_spaces&#8221;][vc_column][vc_separator color=&#8221;black&#8221;][\/vc_column][\/vc_row][vc_row full_width=&#8221;stretch_row_content_no_spaces&#8221;][vc_column][vc_gallery type=&#8221;image_grid&#8221; images=&#8221;5941,5942,5943,5944,5945,5946,5947,5948,5949,5950,5951,5952,5953,5954,5955,5956,5957,5958,5959,5960,5961,5962,5963&#8243; img_size=&#8221;700X500PX&#8221;][\/vc_column][\/vc_row]<\/p>\n","protected":false},"excerpt":{"rendered":"<p>[vc_row full_width=&#8221;stretch_row_content&#8221;][vc_column][vc_text_separator title=&#8221;Mite t\u00eb Vjetra Moderne&#8221; i_icon_fontawesome=&#8221;fa fa-arrow-right&#8221; i_color=&#8221;black&#8221; i_size=&#8221;sm&#8221; title_align=&#8221;separator_align_left&#8221; color=&#8221;black&#8221; add_icon=&#8221;true&#8221;][\/vc_column][\/vc_row][vc_row full_width=&#8221;stretch_row_content&#8221;][vc_column width=&#8221;1\/4&#8243;][\/vc_column][vc_column width=&#8221;1\/2&#8243;][vc_cta_button2 h2=&#8221;&#8221; h4=&#8221;\u2192 Ekspozita | Mite t\u00eb Vjetra Moderne&#8221; style=&#8221;square_outlined&#8221; txt_align=&#8221;justify&#8221; title=&#8221;&#8221; btn_style=&#8221;square&#8221; color=&#8221;black&#8221; size=&#8221;sm&#8221; position=&#8221;left&#8221; css_animation=&#8221;appear&#8221; accent_color=&#8221;#000000&#8243; link=&#8221;||&#8221;] HERMON MADHI | Mite t\u00eb Vjetra<\/p>\n","protected":false},"author":5,"featured_media":0,"parent":0,"menu_order":0,"comment_status":"closed","ping_status":"closed","template":"","meta":{"footnotes":""},"class_list":["post-5939","page","type-page","status-publish","hentry"],"_links":{"self":[{"href":"https:\/\/cod.al\/index.php?rest_route=\/wp\/v2\/pages\/5939","targetHints":{"allow":["GET"]}}],"collection":[{"href":"https:\/\/cod.al\/index.php?rest_route=\/wp\/v2\/pages"}],"about":[{"href":"https:\/\/cod.al\/index.php?rest_route=\/wp\/v2\/types\/page"}],"author":[{"embeddable":true,"href":"https:\/\/cod.al\/index.php?rest_route=\/wp\/v2\/users\/5"}],"replies":[{"embeddable":true,"href":"https:\/\/cod.al\/index.php?rest_route=%2Fwp%2Fv2%2Fcomments&post=5939"}],"version-history":[{"count":2,"href":"https:\/\/cod.al\/index.php?rest_route=\/wp\/v2\/pages\/5939\/revisions"}],"predecessor-version":[{"id":5965,"href":"https:\/\/cod.al\/index.php?rest_route=\/wp\/v2\/pages\/5939\/revisions\/5965"}],"wp:attachment":[{"href":"https:\/\/cod.al\/index.php?rest_route=%2Fwp%2Fv2%2Fmedia&parent=5939"}],"curies":[{"name":"wp","href":"https:\/\/api.w.org\/{rel}","templated":true}]}}