{"id":5864,"date":"2019-10-17T12:14:44","date_gmt":"2019-10-17T11:14:44","guid":{"rendered":"http:\/\/cod.al\/?page_id=5864"},"modified":"2019-10-17T12:14:44","modified_gmt":"2019-10-17T11:14:44","slug":"shyqyri-sako","status":"publish","type":"page","link":"https:\/\/cod.al\/?page_id=5864","title":{"rendered":"Shyqyri Sako"},"content":{"rendered":"<p>[vc_row][vc_column][vc_column_text]<img fetchpriority=\"high\" decoding=\"async\" class=\"size-medium wp-image-5865 alignleft\" src=\"http:\/\/cod.al\/wp-content\/uploads\/2019\/10\/774328_109381042574595_1786553942_o-292x300.jpg\" alt=\"774328_109381042574595_1786553942_o\" width=\"292\" height=\"300\" srcset=\"https:\/\/cod.al\/wp-content\/uploads\/2019\/10\/774328_109381042574595_1786553942_o-292x300.jpg 292w, https:\/\/cod.al\/wp-content\/uploads\/2019\/10\/774328_109381042574595_1786553942_o-995x1024.jpg 995w, https:\/\/cod.al\/wp-content\/uploads\/2019\/10\/774328_109381042574595_1786553942_o-583x600.jpg 583w, https:\/\/cod.al\/wp-content\/uploads\/2019\/10\/774328_109381042574595_1786553942_o.jpg 1237w\" sizes=\"(max-width: 292px) 100vw, 292px\" \/><strong>Shyqyri Sako<\/strong><\/p>\n<p>lindi n\u00eb mars 1937 n\u00eb Kolonj\u00eb. Pasi mbeti jetim n\u00eb mosh\u00ebn 7-vje\u00e7are, pas vdekjes s\u00eb dy prind\u00ebrve, u rrit n\u00eb sht\u00ebpin\u00eb e f\u00ebmij\u00ebs. Mori m\u00ebsimet e para p\u00ebr vizatim n\u00eb \u201cSht\u00ebpin\u00eb e Pionierit\u201d n\u00eb Kor\u00e7\u00eb nga piktori Guri Madhi dhe n\u00eb \u201cSht\u00ebpin\u00eb e Kultur\u00ebs\u201d nga piktori Vangjush Mio. Kreu Liceun Artistik \u201cJordan Misja\u201d (1951-1955), n\u00ebn drejtimin e pedagog\u00ebve Sadik Kaceli, Abdurrahim Buza, Odhise Paskali dhe Janaq Pa\u00e7o. N\u00eb vitin 1958 nisi studimet e larta n\u00eb Institutin e Kinematografis\u00eb \u201cVGIK\u201d n\u00eb Mosk\u00eb, ku studio tre vite me radh\u00eb me nj\u00ebrin prej piktor\u00ebve m\u00eb t\u00eb m\u00ebdhenj rus\u00eb t\u00eb filmit, Iosif Shpinel nga i cili p\u00ebrfitoi shum\u00eb (Shpinel kish qen\u00eb, mes t\u00eb tjerash, edhe piktor i filmit \u201cSk\u00ebnderbeu\u201d dhe piktori i shum\u00eb filmave t\u00eb Sergei Eisenstein). Pas nd\u00ebrprerjes s\u00eb marr\u00ebdh\u00ebnieve me Bashkimin Sovjetik, Sako kthehet n\u00eb Tiran\u00eb n\u00eb 1961 dhe p\u00ebrfundon diplomimin si piktor filmi n\u00eb vitin 1962, nga Instituti i Lart\u00eb i Arteve. Gjat\u00eb periudh\u00ebs 1962-1997 punoi n\u00eb Kinostudion \u201cShqip\u00ebria e Re\u201d, duke realizuar skenografi, kostume dhe pllakate t\u00eb filmave shqiptar\u00eb.[\/vc_column_text][\/vc_column][\/vc_row]<\/p>\n","protected":false},"excerpt":{"rendered":"<p>[vc_row][vc_column][vc_column_text]Shyqyri Sako lindi n\u00eb mars 1937 n\u00eb Kolonj\u00eb. Pasi mbeti jetim n\u00eb mosh\u00ebn 7-vje\u00e7are, pas vdekjes s\u00eb dy prind\u00ebrve, u rrit n\u00eb sht\u00ebpin\u00eb e f\u00ebmij\u00ebs. Mori m\u00ebsimet e para p\u00ebr vizatim n\u00eb \u201cSht\u00ebpin\u00eb e Pionierit\u201d n\u00eb Kor\u00e7\u00eb nga piktori Guri<\/p>\n","protected":false},"author":5,"featured_media":0,"parent":0,"menu_order":0,"comment_status":"closed","ping_status":"closed","template":"","meta":{"footnotes":""},"class_list":["post-5864","page","type-page","status-publish","hentry"],"_links":{"self":[{"href":"https:\/\/cod.al\/index.php?rest_route=\/wp\/v2\/pages\/5864","targetHints":{"allow":["GET"]}}],"collection":[{"href":"https:\/\/cod.al\/index.php?rest_route=\/wp\/v2\/pages"}],"about":[{"href":"https:\/\/cod.al\/index.php?rest_route=\/wp\/v2\/types\/page"}],"author":[{"embeddable":true,"href":"https:\/\/cod.al\/index.php?rest_route=\/wp\/v2\/users\/5"}],"replies":[{"embeddable":true,"href":"https:\/\/cod.al\/index.php?rest_route=%2Fwp%2Fv2%2Fcomments&post=5864"}],"version-history":[{"count":2,"href":"https:\/\/cod.al\/index.php?rest_route=\/wp\/v2\/pages\/5864\/revisions"}],"predecessor-version":[{"id":5867,"href":"https:\/\/cod.al\/index.php?rest_route=\/wp\/v2\/pages\/5864\/revisions\/5867"}],"wp:attachment":[{"href":"https:\/\/cod.al\/index.php?rest_route=%2Fwp%2Fv2%2Fmedia&parent=5864"}],"curies":[{"name":"wp","href":"https:\/\/api.w.org\/{rel}","templated":true}]}}