{"id":5861,"date":"2019-10-17T12:11:45","date_gmt":"2019-10-17T11:11:45","guid":{"rendered":"http:\/\/cod.al\/?page_id=5861"},"modified":"2019-10-17T12:11:45","modified_gmt":"2019-10-17T11:11:45","slug":"michel-setboun-2","status":"publish","type":"page","link":"https:\/\/cod.al\/?page_id=5861","title":{"rendered":"Michel Setboun"},"content":{"rendered":"<p>[vc_row][vc_column][vc_column_text]<img fetchpriority=\"high\" decoding=\"async\" class=\"size-medium wp-image-5862 alignleft\" src=\"http:\/\/cod.al\/wp-content\/uploads\/2019\/10\/20131020-224226-300x300.jpg\" alt=\"20131020-224226\" width=\"300\" height=\"300\" srcset=\"https:\/\/cod.al\/wp-content\/uploads\/2019\/10\/20131020-224226-300x300.jpg 300w, https:\/\/cod.al\/wp-content\/uploads\/2019\/10\/20131020-224226-150x150.jpg 150w, https:\/\/cod.al\/wp-content\/uploads\/2019\/10\/20131020-224226-600x600.jpg 600w, https:\/\/cod.al\/wp-content\/uploads\/2019\/10\/20131020-224226-75x75.jpg 75w, https:\/\/cod.al\/wp-content\/uploads\/2019\/10\/20131020-224226-230x230.jpg 230w, https:\/\/cod.al\/wp-content\/uploads\/2019\/10\/20131020-224226-365x365.jpg 365w, https:\/\/cod.al\/wp-content\/uploads\/2019\/10\/20131020-224226.jpg 1024w\" sizes=\"(max-width: 300px) 100vw, 300px\" \/><\/p>\n<p><strong>Michel Setboun,<\/strong><\/p>\n<p>ka lindur n\u00eb Algjeri me 27 gusht 1952. Ai ka punuar p\u00ebr revista t\u00eb njohura\u00a0nd\u00ebrkomb\u00ebtare, si: Geo, Figaro Magazine, New York Times, Life, Paris Match, Stern.\u00a0Setboun e filloi karrier\u00ebn si arkitekt dhe vazhdoi m\u00eb pas si fotograf. Filloi t\u00eb punoj\u00eb si\u00a0fotograf n\u00eb vitin 1978 duke mbuluar konflikte nd\u00ebrkomb\u00ebtare p\u00ebr agjencin\u00eb SIPA, si\u00a0revolucionin n\u00eb Iran, luft\u00ebn p\u00ebr pavar\u00ebsi n\u00eb Angola, Afganistan, luft\u00ebn Iran-Irak dhe me von\u00eb\u00a0luft\u00ebn civile n\u00eb Liban. Ai \u00ebsht\u00eb plagosur n\u00eb El Salvador gjat\u00eb luft\u00ebs civile atje. Nga viti 1983\u00a0deri m\u00eb 1985, ai punoi p\u00ebr agjencin\u00eb e Black Star France n\u00eb Indi, Afganistan dhe Suedi.\u00a0Nd\u00ebrsa nga periudha kohore 1985-1991, ai mbulon reportazhet p\u00ebr Koren\u00eb e Jugut,\u00a0Shqip\u00ebrin\u00eb, Mongolin\u00eb dhe Rio de Zhaneiron p\u00ebr agjencin\u00eb RAPHO. Q\u00eb nga viti 1991 punon\u00a0si fotograf i pavarur. Ka udh\u00ebtuar ne m\u00eb shum\u00eb se 130 vende t\u00eb bot\u00ebs. N\u00eb 1984 Michel\u00a0Setboun fitoi \u00e7mimin e par\u00eb World Press Photo p\u00ebr reportazhin e tij n\u00eb lidhje dy milion\u00eb\u00a0refugjat\u00ebt e d\u00ebbuar n\u00eb Nigeri. Sertboun \u00ebsht\u00eb gjithashtu autor i librave t\u00eb shumt\u00eb fotografik\u00eb\u00a0dhe arkivi i tij fotografik p\u00ebrmban mbi 200 galeri fotografike, q\u00eb kan\u00eb me qindra n\u00ebngaleri\u00a0mbi Afganistanin, Shqip\u00ebrin\u00eb, Algjerin\u00eb, Antarktid\u00ebn, Argjentin\u00ebn, Beninin, Brazilin,\u00a0Kanadan\u00eb, Kepin e Gjelb\u00ebrt, Kilin, Kin\u00ebn, Kub\u00ebn, Egjiptin, Etiopin\u00eb, Franc\u00ebn, Britanin\u00eb e\u00a0Madhe, Gjermanin\u00eb, Guatemal\u00ebn, Guajan\u00ebn, Hong Kongun, Indin\u00eb, Indonezin\u00eb, Irakun,\u00a0Iranin, Izraelin, Italin\u00eb, Kenian, Koren\u00eb, Mauritanin\u00eb, Makaon, Meksik\u00ebn, Monakon,\u00a0Mongolin\u00eb, Marokun, Holland\u00ebn, Norvegjin\u00eb, Pakistanin, Polonin\u00eb, Portugalin\u00eb, Katarin,\u00a0Rumanin\u00eb, Rusin\u00eb, Salvadorin, Suedin\u00eb, Zvicr\u00ebn, Tajland\u00ebn, Tunizin\u00eb, Turqin\u00eb, Shtetet e\u00a0Bashkuara t\u00eb Amerik\u00ebs, Uzbekistanin, Jemenin, etj. Setboun, ka qen\u00eb i vetmi fotograf francez\u00a0q\u00eb ka fotografuar fillimin e Revolucionit Iranian (1978 \u2013 1979) dhe r\u00ebnien e regjimit t\u00eb\u00a0m\u00ebparsh\u00ebm.[\/vc_column_text][\/vc_column][\/vc_row]<\/p>\n","protected":false},"excerpt":{"rendered":"<p>[vc_row][vc_column][vc_column_text] Michel Setboun, ka lindur n\u00eb Algjeri me 27 gusht 1952. Ai ka punuar p\u00ebr revista t\u00eb njohura\u00a0nd\u00ebrkomb\u00ebtare, si: Geo, Figaro Magazine, New York Times, Life, Paris Match, Stern.\u00a0Setboun e filloi karrier\u00ebn si arkitekt dhe vazhdoi m\u00eb pas si fotograf.<\/p>\n","protected":false},"author":5,"featured_media":0,"parent":0,"menu_order":0,"comment_status":"closed","ping_status":"closed","template":"","meta":{"footnotes":""},"class_list":["post-5861","page","type-page","status-publish","hentry"],"_links":{"self":[{"href":"https:\/\/cod.al\/index.php?rest_route=\/wp\/v2\/pages\/5861","targetHints":{"allow":["GET"]}}],"collection":[{"href":"https:\/\/cod.al\/index.php?rest_route=\/wp\/v2\/pages"}],"about":[{"href":"https:\/\/cod.al\/index.php?rest_route=\/wp\/v2\/types\/page"}],"author":[{"embeddable":true,"href":"https:\/\/cod.al\/index.php?rest_route=\/wp\/v2\/users\/5"}],"replies":[{"embeddable":true,"href":"https:\/\/cod.al\/index.php?rest_route=%2Fwp%2Fv2%2Fcomments&post=5861"}],"version-history":[{"count":1,"href":"https:\/\/cod.al\/index.php?rest_route=\/wp\/v2\/pages\/5861\/revisions"}],"predecessor-version":[{"id":5863,"href":"https:\/\/cod.al\/index.php?rest_route=\/wp\/v2\/pages\/5861\/revisions\/5863"}],"wp:attachment":[{"href":"https:\/\/cod.al\/index.php?rest_route=%2Fwp%2Fv2%2Fmedia&parent=5861"}],"curies":[{"name":"wp","href":"https:\/\/api.w.org\/{rel}","templated":true}]}}