{"id":5180,"date":"2018-10-17T08:59:18","date_gmt":"2018-10-17T07:59:18","guid":{"rendered":"http:\/\/cod.al\/?page_id=5180"},"modified":"2018-10-17T09:11:24","modified_gmt":"2018-10-17T08:11:24","slug":"%e2%86%92-ekspozita-gaviteti-magjik-marc-chagall","status":"publish","type":"page","link":"https:\/\/cod.al\/?page_id=5180","title":{"rendered":"\u2192 EKSPOZITA |GAVITETI MAGJIK &#8211; MARC CHAGALL"},"content":{"rendered":"<p>[vc_row full_width=&#8221;stretch_row_content&#8221;][vc_column][vc_text_separator title=&#8221;Ekspozit\u00eb n\u00eb COD&#8221; i_icon_fontawesome=&#8221;fa fa-arrow-right&#8221; i_color=&#8221;black&#8221; i_size=&#8221;sm&#8221; title_align=&#8221;separator_align_left&#8221; color=&#8221;black&#8221; add_icon=&#8221;true&#8221;][\/vc_column][\/vc_row][vc_row full_width=&#8221;stretch_row_content&#8221;][vc_column width=&#8221;1\/4&#8243;][\/vc_column][vc_column width=&#8221;1\/2&#8243;][vc_video link=&#8221;https:\/\/vimeo.com\/295534538&#8243;][\/vc_column][vc_column width=&#8221;1\/4&#8243;][vc_column_text]<div class=\"heateor_sss_sharing_container heateor_sss_horizontal_sharing\" data-heateor-ss-offset=\"0\" data-heateor-sss-href='https:\/\/cod.al\/index.php?rest_route=%2Fwp%2Fv2%2Fpages%2F5180'><div class=\"heateor_sss_sharing_ul\"><a aria-label=\"Facebook\" class=\"heateor_sss_facebook\" href=\"https:\/\/www.facebook.com\/sharer\/sharer.php?u=https%3A%2F%2Fcod.al%2Findex.php%3Frest_route%3D%252Fwp%252Fv2%252Fpages%252F5180\" title=\"Facebook\" rel=\"nofollow noopener\" target=\"_blank\" style=\"font-size:32px!important;box-shadow:none;display:inline-block;vertical-align:middle\"><span class=\"heateor_sss_svg\" style=\"background-color:#0765FE;width:30px;height:30px;border-radius:999px;display:inline-block;opacity:1;float:left;font-size:32px;box-shadow:none;display:inline-block;font-size:16px;padding:0 4px;vertical-align:middle;background-repeat:repeat;overflow:hidden;padding:0;cursor:pointer;box-sizing:content-box\"><svg style=\"display:block;border-radius:999px;\" focusable=\"false\" aria-hidden=\"true\" xmlns=\"http:\/\/www.w3.org\/2000\/svg\" width=\"100%\" height=\"100%\" viewBox=\"0 0 32 32\"><path fill=\"#fff\" d=\"M28 16c0-6.627-5.373-12-12-12S4 9.373 4 16c0 5.628 3.875 10.35 9.101 11.647v-7.98h-2.474V16H13.1v-1.58c0-4.085 1.849-5.978 5.859-5.978.76 0 2.072.15 2.608.298v3.325c-.283-.03-.775-.045-1.386-.045-1.967 0-2.728.745-2.728 2.683V16h3.92l-.673 3.667h-3.247v8.245C23.395 27.195 28 22.135 28 16Z\"><\/path><\/svg><\/span><\/a><a aria-label=\"Twitter\" class=\"heateor_sss_button_twitter\" href=\"https:\/\/twitter.com\/intent\/tweet?text=%E2%86%92%20EKSPOZITA%20%7CGAVITETI%20MAGJIK%20-%20MARC%20CHAGALL&url=https%3A%2F%2Fcod.al%2Findex.php%3Frest_route%3D%252Fwp%252Fv2%252Fpages%252F5180\" title=\"Twitter\" rel=\"nofollow noopener\" target=\"_blank\" style=\"font-size:32px!important;box-shadow:none;display:inline-block;vertical-align:middle\"><span class=\"heateor_sss_svg heateor_sss_s__default heateor_sss_s_twitter\" style=\"background-color:#55acee;width:30px;height:30px;border-radius:999px;display:inline-block;opacity:1;float:left;font-size:32px;box-shadow:none;display:inline-block;font-size:16px;padding:0 4px;vertical-align:middle;background-repeat:repeat;overflow:hidden;padding:0;cursor:pointer;box-sizing:content-box\"><svg style=\"display:block;border-radius:999px;\" focusable=\"false\" aria-hidden=\"true\" xmlns=\"http:\/\/www.w3.org\/2000\/svg\" width=\"100%\" height=\"100%\" viewBox=\"-4 -4 39 39\"><path d=\"M28 8.557a9.913 9.913 0 0 1-2.828.775 4.93 4.93 0 0 0 2.166-2.725 9.738 9.738 0 0 1-3.13 1.194 4.92 4.92 0 0 0-3.593-1.55 4.924 4.924 0 0 0-4.794 6.049c-4.09-.21-7.72-2.17-10.15-5.15a4.942 4.942 0 0 0-.665 2.477c0 1.71.87 3.214 2.19 4.1a4.968 4.968 0 0 1-2.23-.616v.06c0 2.39 1.7 4.38 3.952 4.83-.414.115-.85.174-1.297.174-.318 0-.626-.03-.928-.086a4.935 4.935 0 0 0 4.6 3.42 9.893 9.893 0 0 1-6.114 2.107c-.398 0-.79-.023-1.175-.068a13.953 13.953 0 0 0 7.55 2.213c9.056 0 14.01-7.507 14.01-14.013 0-.213-.005-.426-.015-.637.96-.695 1.795-1.56 2.455-2.55z\" fill=\"#fff\"><\/path><\/svg><\/span><\/a><a aria-label=\"Instagram\" class=\"heateor_sss_button_instagram\" href=\"https:\/\/www.instagram.com\/\" title=\"Instagram\" rel=\"nofollow noopener\" target=\"_blank\" style=\"font-size:32px!important;box-shadow:none;display:inline-block;vertical-align:middle\"><span class=\"heateor_sss_svg\" style=\"background-color:#53beee;width:30px;height:30px;border-radius:999px;display:inline-block;opacity:1;float:left;font-size:32px;box-shadow:none;display:inline-block;font-size:16px;padding:0 4px;vertical-align:middle;background-repeat:repeat;overflow:hidden;padding:0;cursor:pointer;box-sizing:content-box\"><svg style=\"display:block;border-radius:999px;\" version=\"1.1\" viewBox=\"-10 -10 148 148\" width=\"100%\" height=\"100%\" xml:space=\"preserve\" xmlns=\"http:\/\/www.w3.org\/2000\/svg\" xmlns:xlink=\"http:\/\/www.w3.org\/1999\/xlink\"><g><g><path d=\"M86,112H42c-14.336,0-26-11.663-26-26V42c0-14.337,11.664-26,26-26h44c14.337,0,26,11.663,26,26v44 C112,100.337,100.337,112,86,112z M42,24c-9.925,0-18,8.074-18,18v44c0,9.925,8.075,18,18,18h44c9.926,0,18-8.075,18-18V42 c0-9.926-8.074-18-18-18H42z\" fill=\"#fff\"><\/path><\/g><g><path d=\"M64,88c-13.234,0-24-10.767-24-24c0-13.234,10.766-24,24-24s24,10.766,24,24C88,77.233,77.234,88,64,88z M64,48c-8.822,0-16,7.178-16,16s7.178,16,16,16c8.822,0,16-7.178,16-16S72.822,48,64,48z\" fill=\"#fff\"><\/path><\/g><g><circle cx=\"89.5\" cy=\"38.5\" fill=\"#fff\" r=\"5.5\"><\/circle><\/g><\/g><\/svg><\/span><\/a><a target=\"_blank\" aria-label=\"Facebook Messenger\" class=\"heateor_sss_button_facebook_messenger\" href=\"https:\/\/www.facebook.com\/dialog\/send?app_id=1904103319867886&display=popup&link=https%3A%2F%2Fcod.al%2Findex.php%3Frest_route%3D%252Fwp%252Fv2%252Fpages%252F5180&redirect_uri=https%3A%2F%2Fcod.al%2Findex.php%3Frest_route%3D%252Fwp%252Fv2%252Fpages%252F5180\" style=\"font-size:32px!important;box-shadow:none;display:inline-block;vertical-align:middle\"><span class=\"heateor_sss_svg heateor_sss_s__default heateor_sss_s_facebook_messenger\" style=\"background-color:#0084ff;width:30px;height:30px;border-radius:999px;display:inline-block;opacity:1;float:left;font-size:32px;box-shadow:none;display:inline-block;font-size:16px;padding:0 4px;vertical-align:middle;background-repeat:repeat;overflow:hidden;padding:0;cursor:pointer;box-sizing:content-box\"><svg style=\"display:block;border-radius:999px;\" focusable=\"false\" aria-hidden=\"true\" xmlns=\"http:\/\/www.w3.org\/2000\/svg\" width=\"100%\" height=\"100%\" viewBox=\"-2 -2 36 36\"><path fill=\"#fff\" d=\"M16 5C9.986 5 5.11 9.56 5.11 15.182c0 3.2 1.58 6.054 4.046 7.92V27l3.716-2.06c.99.276 2.04.425 3.128.425 6.014 0 10.89-4.56 10.89-10.183S22.013 5 16 5zm1.147 13.655L14.33 15.73l-5.423 3 5.946-6.31 2.816 2.925 5.42-3-5.946 6.31z\"\/><\/svg><\/span><\/a><a aria-label=\"Email\" class=\"heateor_sss_email\" href=\"https:\/\/cod.al\/index.php?rest_route=%2Fwp%2Fv2%2Fpages%2F5180\" onclick=\"event.preventDefault();window.open('mailto:?subject=' + decodeURIComponent('%E2%86%92%20EKSPOZITA%20%7CGAVITETI%20MAGJIK%20-%20MARC%20CHAGALL').replace('&', '%26') + '&body=https%3A%2F%2Fcod.al%2Findex.php%3Frest_route%3D%252Fwp%252Fv2%252Fpages%252F5180', '_blank')\" title=\"Email\" rel=\"noopener\" style=\"font-size:32px!important;box-shadow:none;display:inline-block;vertical-align:middle\"><span class=\"heateor_sss_svg\" style=\"background-color:#649a3f;width:30px;height:30px;border-radius:999px;display:inline-block;opacity:1;float:left;font-size:32px;box-shadow:none;display:inline-block;font-size:16px;padding:0 4px;vertical-align:middle;background-repeat:repeat;overflow:hidden;padding:0;cursor:pointer;box-sizing:content-box\"><svg style=\"display:block;border-radius:999px;\" focusable=\"false\" aria-hidden=\"true\" xmlns=\"http:\/\/www.w3.org\/2000\/svg\" width=\"100%\" height=\"100%\" viewBox=\"-.75 -.5 36 36\"><path d=\"M 5.5 11 h 23 v 1 l -11 6 l -11 -6 v -1 m 0 2 l 11 6 l 11 -6 v 11 h -22 v -11\" stroke-width=\"1\" fill=\"#fff\"><\/path><\/svg><\/span><\/a><a aria-label=\"Copy Link\" class=\"heateor_sss_button_copy_link\" title=\"Copy Link\" rel=\"noopener\" href=\"https:\/\/cod.al\/index.php?rest_route=%2Fwp%2Fv2%2Fpages%2F5180\" onclick=\"event.preventDefault()\" style=\"font-size:32px!important;box-shadow:none;display:inline-block;vertical-align:middle\"><span class=\"heateor_sss_svg heateor_sss_s__default heateor_sss_s_copy_link\" style=\"background-color:#ffc112;width:30px;height:30px;border-radius:999px;display:inline-block;opacity:1;float:left;font-size:32px;box-shadow:none;display:inline-block;font-size:16px;padding:0 4px;vertical-align:middle;background-repeat:repeat;overflow:hidden;padding:0;cursor:pointer;box-sizing:content-box\"><svg style=\"display:block;border-radius:999px;\" focusable=\"false\" aria-hidden=\"true\" xmlns=\"http:\/\/www.w3.org\/2000\/svg\" width=\"100%\" height=\"100%\" viewBox=\"-4 -4 40 40\"><path fill=\"#fff\" d=\"M24.412 21.177c0-.36-.126-.665-.377-.917l-2.804-2.804a1.235 1.235 0 0 0-.913-.378c-.377 0-.7.144-.97.43.026.028.11.11.255.25.144.14.24.236.29.29s.117.14.2.256c.087.117.146.232.177.344.03.112.046.236.046.37 0 .36-.126.666-.377.918a1.25 1.25 0 0 1-.918.377 1.4 1.4 0 0 1-.373-.047 1.062 1.062 0 0 1-.345-.175 2.268 2.268 0 0 1-.256-.2 6.815 6.815 0 0 1-.29-.29c-.14-.142-.223-.23-.25-.254-.297.28-.445.607-.445.984 0 .36.126.664.377.916l2.778 2.79c.243.243.548.364.917.364.36 0 .665-.118.917-.35l1.982-1.97c.252-.25.378-.55.378-.9zm-9.477-9.504c0-.36-.126-.665-.377-.917l-2.777-2.79a1.235 1.235 0 0 0-.913-.378c-.35 0-.656.12-.917.364L7.967 9.92c-.254.252-.38.553-.38.903 0 .36.126.665.38.917l2.802 2.804c.242.243.547.364.916.364.377 0 .7-.14.97-.418-.026-.027-.11-.11-.255-.25s-.24-.235-.29-.29a2.675 2.675 0 0 1-.2-.255 1.052 1.052 0 0 1-.176-.344 1.396 1.396 0 0 1-.047-.37c0-.36.126-.662.377-.914.252-.252.557-.377.917-.377.136 0 .26.015.37.046.114.03.23.09.346.175.117.085.202.153.256.2.054.05.15.148.29.29.14.146.222.23.25.258.294-.278.442-.606.442-.983zM27 21.177c0 1.078-.382 1.99-1.146 2.736l-1.982 1.968c-.745.75-1.658 1.12-2.736 1.12-1.087 0-2.004-.38-2.75-1.143l-2.777-2.79c-.75-.747-1.12-1.66-1.12-2.737 0-1.106.392-2.046 1.183-2.818l-1.186-1.185c-.774.79-1.708 1.186-2.805 1.186-1.078 0-1.995-.376-2.75-1.13l-2.803-2.81C5.377 12.82 5 11.903 5 10.826c0-1.08.382-1.993 1.146-2.738L8.128 6.12C8.873 5.372 9.785 5 10.864 5c1.087 0 2.004.382 2.75 1.146l2.777 2.79c.75.747 1.12 1.66 1.12 2.737 0 1.105-.392 2.045-1.183 2.817l1.186 1.186c.774-.79 1.708-1.186 2.805-1.186 1.078 0 1.995.377 2.75 1.132l2.804 2.804c.754.755 1.13 1.672 1.13 2.75z\"\/><\/svg><\/span><\/a><a class=\"heateor_sss_more\" aria-label=\"More\" title=\"More\" rel=\"nofollow noopener\" style=\"font-size: 32px!important;border:0;box-shadow:none;display:inline-block!important;font-size:16px;padding:0 4px;vertical-align: middle;display:inline;\" href=\"https:\/\/cod.al\/index.php?rest_route=%2Fwp%2Fv2%2Fpages%2F5180\" onclick=\"event.preventDefault()\"><span class=\"heateor_sss_svg\" style=\"background-color:#ee8e2d;width:30px;height:30px;border-radius:999px;display:inline-block!important;opacity:1;float:left;font-size:32px!important;box-shadow:none;display:inline-block;font-size:16px;padding:0 4px;vertical-align:middle;display:inline;background-repeat:repeat;overflow:hidden;padding:0;cursor:pointer;box-sizing:content-box;\" onclick=\"heateorSssMoreSharingPopup(this, 'https:\/\/cod.al\/index.php?rest_route=%2Fwp%2Fv2%2Fpages%2F5180', '%E2%86%92%20EKSPOZITA%20%7CGAVITETI%20MAGJIK%20-%20MARC%20CHAGALL', '' )\"><svg xmlns=\"http:\/\/www.w3.org\/2000\/svg\" xmlns:xlink=\"http:\/\/www.w3.org\/1999\/xlink\" viewBox=\"-.3 0 32 32\" version=\"1.1\" width=\"100%\" height=\"100%\" style=\"display:block;border-radius:999px;\" xml:space=\"preserve\"><g><path fill=\"#fff\" d=\"M18 14V8h-4v6H8v4h6v6h4v-6h6v-4h-6z\" fill-rule=\"evenodd\"><\/path><\/g><\/svg><\/span><\/a><\/div><div class=\"heateorSssClear\"><\/div><\/div>[\/vc_column_text][\/vc_column][\/vc_row][vc_row full_width=&#8221;stretch_row_content&#8221;][vc_column width=&#8221;1\/4&#8243;][\/vc_column][vc_column width=&#8221;1\/2&#8243;][vc_cta_button2 h2=&#8221;\u2192 Chagall: Graviteti Magjik&#8221; h4=&#8221; 19 Tetor 2018 \u2013 12 Janar 2019&#8243; style=&#8221;square_outlined&#8221; txt_align=&#8221;justify&#8221; title=&#8221;&#8221; btn_style=&#8221;square&#8221; color=&#8221;black&#8221; size=&#8221;sm&#8221; position=&#8221;left&#8221; css_animation=&#8221;appear&#8221; accent_color=&#8221;#000000&#8243; link=&#8221;||&#8221;]Qendra p\u00ebr Hapje dhe Dialog (COD) hap m\u00eb 19 Tetor 2018, ekspozit\u00ebn <strong><em>\u201cChagall: Graviteti Magjik\u201d<\/em><\/strong>, t\u00eb artistit t\u00eb famsh\u00ebm ruso &#8211; francez Marc Chagall. Ekspozita sh\u00ebnon nj\u00ebkoh\u00ebsisht dhe hapjen e sezionit t\u00eb tret\u00eb t\u00eb COD si aktiviteti artistik dhe ekspozita m\u00eb e r\u00ebnd\u00ebsishme p\u00ebr vitin 2018.<\/p>\n<p>Marc Chagall (1887-1985) \u00ebsht\u00eb nj\u00eb nga artist\u00ebt m\u00eb t\u00eb m\u00ebdhenj t\u00eb shekullit t\u00eb XX-t\u00eb. Ekspozita <strong><em>Chagall: Graviteti Magjik<\/em><\/strong> sjell n\u00eb COD m\u00eb shum\u00eb se 180 gravura dhe grafika p\u00ebr her\u00eb t\u00eb par\u00eb n\u00eb Shqip\u00ebri me nj\u00eb\u00a0p\u00ebrzgjedhje grafike nga tre ciklet e tij m\u00eb t\u00eb njohura ilustrative p\u00ebr libra: \u201cShpirtra t\u00eb Vdekur\u2019 t\u00eb Gogol, \u2018Stuhia\u2019 t\u00eb Shekspirit dhe \u2018Fabulat\u2019 e La Fontenit.<\/p>\n<p>Marc Chagall ishte nj\u00eb eksperimentues gjenial dhe eklektik. N\u00eb m\u00eb shum\u00eb se shtat\u00ebdhjet\u00eb vjet aktivitet si artist, mjeshtri e shprehu veten p\u00ebrmes \u00e7do mediumi n\u00eb dispozicion t\u00eb tij: nga piktura, grafika, qeramika dhe vizatimi, deri tek vitrazhi, mozaiku, endja n\u00eb tezgjah, skulptura monumentale dhe skenografia. Ai krijoi nj\u00eb univers n\u00eb t\u00eb cilin figurat njer\u00ebzore, kafsh\u00ebt dhe skena t\u00eb marra nga traditat hebraike jetojn\u00eb krah p\u00ebr krah me referenca biblike dhe fetare.<\/p>\n<p>\u00cbsht\u00eb e v\u00ebrtet\u00eb se Chagall e shprehu bot\u00ebn e tij t\u00eb brendshme p\u00ebrmes piktur\u00ebs dhe ngjyr\u00ebs, por \u00ebsht\u00eb gjithashtu e v\u00ebrtet\u00eb se grafika ishte shum\u00eb af\u00ebr zemr\u00ebs s\u00eb mjeshtrit ruso \u2013 francez. Pllakat e tij t\u00eb gravur\u00ebs ngjajn\u00eb si pyje shenjash, mbushur plot me gdhendjet trondit\u00ebse t\u00eb artistit dhe t\u00eb ngjashme me pun\u00ebn e Rembrandt-it dhe Goja-s.<\/p>\n<p>Gravurat e tij (n\u00eb k\u00ebt\u00eb ekspozit\u00eb cil\u00ebsisht litografi dhe akuaforte) t\u00eb mahnisin, duke demonstruar aft\u00ebsin\u00eb e tij gjeniale p\u00ebr t\u00eb balancuar vlera t\u00eb ndryshme tonale; ato shfaqin aft\u00ebsit\u00eb e tij t\u00eb jasht\u00ebzakonshme n\u00eb raportet mes t\u00eb bardh\u00ebs dhe t\u00eb zez\u00ebs, si dhe na zbulojn\u00eb dor\u00ebn e tij unike, kaq delikate dhe t\u00eb dallueshme n\u00eb \u2018gjestet\u2019 dhe \u2018prekjet\u2019 e ve\u00e7anta dhe intime.<\/p>\n<p>Chagall u prezantua me procesin dhe filloi t\u00eb prodhonte gravura n\u00eb Berlin n\u00eb 1922, n\u00eb mosh\u00ebn tridhjet\u00eb e pes\u00eb vje\u00e7. Pas kthimit t\u00eb tij nga Rusia, ai e provoi dor\u00ebn s\u00eb pari n\u00eb gravurat e ekzekutuara p\u00ebr autobiografin\u00eb e tij, My Life (Jeta ime) (Berlin, 1922-23).<\/p>\n<p>Pasi u zhvendos n\u00eb Paris, Chagall-it iu afrua Ambroise Vollard (francezi Ambroise Vollard (1866-1939) \u00ebsht\u00eb nj\u00eb nga galerist\u00ebt, tregtar\u00ebt dhe mecenat\u00ebt m\u00eb t\u00eb njohur dhe m\u00eb t\u00eb r\u00ebnd\u00ebsish\u00ebm t\u00eb artit n\u00eb shekullin e 20-t\u00eb), i cili d\u00ebshironte t\u00eb komisiononte Chagall-in p\u00ebr t\u00eb prodhuar nj\u00eb seri gravurash p\u00ebr nj\u00eb &#8220;livre de peintre&#8221; (lib\u00ebr artisti), delikat si ato q\u00eb Vollard kishte porositur nga piktor\u00ebt Bonnard dhe Rouault. Chagall e refuzoi zgjedhjen e teksteve q\u00eb propozonte Vollard\u2019s dhe n\u00eb vend t\u00eb tyre sugjeroi t\u00eb ilustronte romanin Shpirtra t\u00eb Vdekur nga Nikolai Gogol. Rezultati i k\u00ebsaj pune \u00ebsht\u00eb nj\u00eb nga kryeveprat e artit modern n\u00eb gravur\u00eb.<\/p>\n<p>N\u00eb vitin 1927 Chagall filloi t\u00eb punoj\u00eb p\u00ebr nj\u00eb projekt tjet\u00ebr p\u00ebr Vollard, nj\u00eb seri gravurash p\u00ebr ilustrimin e \u2018Fabulave\u2019 t\u00eb mrekullueshme t\u00eb La Fontenit. N\u00eb k\u00ebto vepra zhvendoset nga Rusia fantastike e imagjinat\u00ebs dhe kujtes\u00ebs s\u00eb Chagall-it, n\u00eb bot\u00ebn m\u00eb \u00ebnd\u00ebrrimtare t\u00eb mitit dhe legjend\u00ebs s\u00eb lasht\u00eb, t\u00eb treguar e t\u00eb ritreguar sa e sa her\u00eb, duke ndryshuar koh\u00eb pas kohe dhe vend pas vendi, por n\u00eb fund duke mbetur po gjithmon\u00eb t\u00eb nj\u00ebjtat.<\/p>\n<p>Teknikisht k\u00ebto vepra ndryshojn\u00eb shum\u00eb nga ato t\u00eb \u2018Shpirtrave t\u00eb Vdekur\u2019. Franz Meyer komenton: &#8220;Krahasuar me gravurat e fundit p\u00ebr \u2018Shpirtrat e Vdekur\u2019, n\u00eb gdhendjet e reja p\u00ebrmbajtja piktorike e vepr\u00ebs rritet jasht\u00ebzakonisht shum\u00eb. Chagall-in tani nuk e t\u00ebrheq m\u00eb teknika e akuafortes dhe litografis\u00eb; gjithashtu edhe teknika e gjilp\u00ebr\u00ebs s\u00eb that\u00eb mezi vihet re. N\u00eb vend t\u00eb k\u00ebsaj, ai b\u00ebn gjith\u00e7ka me an\u00eb t\u00eb zinkografis\u00eb (gdhendjes n\u00eb pllak\u00eb zinku), dhe e mbulon sip\u00ebrfaqen e gdhendur me dyll\u00eb fiksues, nj\u00eb kombinim q\u00eb e rrit intensivisht efektin piktorial t\u00eb grafik\u00ebs.\u201d<\/p>\n<p>Prodhuar n\u00eb mosh\u00ebn 88 vje\u00e7are, \u2018Stuhia\u2019 e Shekspirit paraqet si cik\u00ebl i plot\u00eb rreth 50 ilustrime q\u00eb reflektojn\u00eb interpretimin e Chagall-it t\u00eb magjikes Shekspiriane tek drama \u2018Stuhia\u2019. Sipas interpretimeve kritike m\u00eb t\u00eb fundit, Chagall pa tek \u2018Stuhia\u2019 e Shekspirit simbolin e stuhis\u00eb q\u00eb p\u00ebrfshiu vet\u00eb jet\u00ebn e tij, si dhe nj\u00eb reflektim t\u00eb p\u00ebrvojave traumatike t\u00eb hebrenjve evropian\u00eb n\u00eb gjysm\u00ebn e par\u00eb t\u00eb shekullit t\u00eb XX-t\u00eb.<\/p>\n<p>Ekspozit\u00ebn e mbyll nj\u00eb cik\u00ebl me 13 litografi q\u00eb jan\u00eb nj\u00eb p\u00ebrmbledhje sintetizuese e diapazonit koloristik dhe tematik t\u00eb universit Chagall-ian.<\/p>\n<p>Ekspozita do t\u00eb q\u00ebndroj\u00eb e hapur p\u00ebr publikun deri m\u00eb dat\u00ebn 12 Janar 2019 dhe mund t\u00eb vizitohet n\u00eb COD nga e h\u00ebna n\u00eb t\u00eb shtun\u00eb, nga data 20 Tetor e n\u00eb vazhdim.[\/vc_cta_button2][\/vc_column][vc_column width=&#8221;1\/4&#8243;][\/vc_column][\/vc_row][vc_row full_width=&#8221;stretch_row_content_no_spaces&#8221;][vc_column][vc_separator color=&#8221;black&#8221;][\/vc_column][\/vc_row]<\/p>\n","protected":false},"excerpt":{"rendered":"<p>[vc_row full_width=&#8221;stretch_row_content&#8221;][vc_column][vc_text_separator title=&#8221;Ekspozit\u00eb n\u00eb COD&#8221; i_icon_fontawesome=&#8221;fa fa-arrow-right&#8221; i_color=&#8221;black&#8221; i_size=&#8221;sm&#8221; title_align=&#8221;separator_align_left&#8221; color=&#8221;black&#8221; add_icon=&#8221;true&#8221;][\/vc_column][\/vc_row][vc_row full_width=&#8221;stretch_row_content&#8221;][vc_column width=&#8221;1\/4&#8243;][\/vc_column][vc_column width=&#8221;1\/2&#8243;][vc_video link=&#8221;https:\/\/vimeo.com\/295534538&#8243;][\/vc_column][vc_column width=&#8221;1\/4&#8243;][vc_column_text][\/vc_column_text][\/vc_column][\/vc_row][vc_row full_width=&#8221;stretch_row_content&#8221;][vc_column width=&#8221;1\/4&#8243;][\/vc_column][vc_column width=&#8221;1\/2&#8243;][vc_cta_button2 h2=&#8221;\u2192 Chagall: Graviteti Magjik&#8221; h4=&#8221; 19 Tetor 2018 \u2013 12 Janar 2019&#8243; style=&#8221;square_outlined&#8221; txt_align=&#8221;justify&#8221; title=&#8221;&#8221; btn_style=&#8221;square&#8221; color=&#8221;black&#8221; size=&#8221;sm&#8221; position=&#8221;left&#8221; css_animation=&#8221;appear&#8221;<\/p>\n","protected":false},"author":5,"featured_media":0,"parent":0,"menu_order":0,"comment_status":"closed","ping_status":"closed","template":"","meta":{"footnotes":""},"class_list":["post-5180","page","type-page","status-publish","hentry"],"_links":{"self":[{"href":"https:\/\/cod.al\/index.php?rest_route=\/wp\/v2\/pages\/5180","targetHints":{"allow":["GET"]}}],"collection":[{"href":"https:\/\/cod.al\/index.php?rest_route=\/wp\/v2\/pages"}],"about":[{"href":"https:\/\/cod.al\/index.php?rest_route=\/wp\/v2\/types\/page"}],"author":[{"embeddable":true,"href":"https:\/\/cod.al\/index.php?rest_route=\/wp\/v2\/users\/5"}],"replies":[{"embeddable":true,"href":"https:\/\/cod.al\/index.php?rest_route=%2Fwp%2Fv2%2Fcomments&post=5180"}],"version-history":[{"count":5,"href":"https:\/\/cod.al\/index.php?rest_route=\/wp\/v2\/pages\/5180\/revisions"}],"predecessor-version":[{"id":5188,"href":"https:\/\/cod.al\/index.php?rest_route=\/wp\/v2\/pages\/5180\/revisions\/5188"}],"wp:attachment":[{"href":"https:\/\/cod.al\/index.php?rest_route=%2Fwp%2Fv2%2Fmedia&parent=5180"}],"curies":[{"name":"wp","href":"https:\/\/api.w.org\/{rel}","templated":true}]}}