{"id":501,"date":"2015-07-03T09:56:17","date_gmt":"2015-07-03T08:56:17","guid":{"rendered":"http:\/\/cod.al\/?page_id=501"},"modified":"2016-03-29T14:57:00","modified_gmt":"2016-03-29T13:57:00","slug":"minilab-kreativ","status":"publish","type":"page","link":"https:\/\/cod.al\/?page_id=501","title":{"rendered":"Minilab Kreativ"},"content":{"rendered":"<p>[vc_row][vc_column][vc_column_text]<\/p>\n<hr \/>\n<p>&nbsp;<\/p>\n<h3><img fetchpriority=\"high\" decoding=\"async\" class=\"aligncenter wp-image-1379 size-full\" src=\"http:\/\/cod.al\/wp-content\/uploads\/2015\/07\/Editi_Alb_Vers-21.jpg\" alt=\"\" width=\"2850\" height=\"1746\" srcset=\"https:\/\/cod.al\/wp-content\/uploads\/2015\/07\/Editi_Alb_Vers-21.jpg 2850w, https:\/\/cod.al\/wp-content\/uploads\/2015\/07\/Editi_Alb_Vers-21-300x184.jpg 300w, https:\/\/cod.al\/wp-content\/uploads\/2015\/07\/Editi_Alb_Vers-21-1024x627.jpg 1024w\" sizes=\"(max-width: 2850px) 100vw, 2850px\" \/>SENDE TE ASKUJT SI TRASH\u00cbGIMI E ARKIVUAR<\/h3>\n<p>Shembuj t\u00eb sendeve t\u00eb askujt tashm\u00eb, materiale stok dhe objekte nga koha e totalitarizmit, t\u00eb gjetura n\u00eb magazinat e shtetit, sillen n\u00eb v\u00ebmendje t\u00eb artistit dhe publikut nj\u00ebkoh\u00ebsisht, me q\u00ebllim riprezantimin me to, rikonsiderimin dhe eventualisht, rehabilitimin nga p\u00ebrdorimi dhe ngjyrimi i d\u00ebshp\u00ebruar i s\u00eb shkuar\u00ebs, n\u00ebp\u00ebrmjet formave t\u00eb ndryshme nd\u00ebrmjet\u00ebsuese bashk\u00ebkohore.<\/p>\n<p>Projekti ka p\u00ebr q\u00ebllim gjetjen e rrug\u00ebve krijuese q\u00eb mb\u00ebshtesin dhe n\u00eb t\u00eb nj\u00ebjt\u00ebn koh\u00eb ruajn\u00eb kujtes\u00ebn ton\u00eb kolektive.<\/p>\n<p>&nbsp;<\/p>\n<p>A mund t\u00eb ngrem\u00eb nj\u00eb ur\u00eb dialogu mes funksionit p\u00ebrfundimtar t\u00eb k\u00ebtyre objekteve n\u00eb t\u00eb shkuar\u00ebn dhe mund\u00ebsive t\u00eb kuptimit t\u00eb tyre n\u00eb t\u00eb ardhmen? A mund t\u2019i emancipojm\u00eb k\u00ebto objekte, t\u2019i \u00e7lirojm\u00eb nga konteksti historik dhe nga ana tjet\u00ebr, t\u00eb fokusohemi te fuqia \u00a0d\u00ebshmuese e \u201cMade in Albania\u201d dhe \u201cSende t\u00eb Askujt\u201d, t\u00eb cilat jan\u00eb d\u00ebshmitare t\u00eb mbetura t\u00eb industrive t\u00eb humbura prej nga edhe dol\u00ebn?<\/p>\n<p>&nbsp;<\/p>\n<p>I l\u00ebn\u00eb p\u00ebr dekada n\u00eb harres\u00eb, ky koleksion i \u00e7uditsh\u00ebm i produkteve industriale dhe sht\u00ebpiake, p\u00ebrb\u00ebhet q\u00eb nga mobiljet, ndri\u00e7imi, materialet elektrike e deri te sendet e dekorimit dhe arg\u00ebtimit.<\/p>\n<p>Disa prej tyre, ekskluzivisht p\u00ebr p\u00ebrdorim nga lider\u00ebt komunist\u00eb dhe vet\u00ebm n\u00eb banesat e tyre, u \u00a0blen\u00eb jasht\u00eb vendit gjat\u00eb viteve t\u00eb diktatur\u00ebs.<\/p>\n<p>Mund t\u00eb gjesh varietete sendesh n\u00eb k\u00ebto magazina: q\u00eb nga vaskat e porcelanit te topat e bilardos, nga drap\u00ebri e gozhda, te pasta e dh\u00ebmb\u00ebve, nga kitara te vath\u00ebt, nga \u00e7ar\u00e7af\u00ebt te llampadar\u00ebt. P\u00ebrve\u00e7 k\u00ebtyre sendeve t\u00eb \u201cluksi\u201d-t dhe n\u00eb kontrast t\u00eb plot\u00eb me to, n\u00eb k\u00ebto magazina gjejm\u00eb edhe nj\u00eb koleksion t\u00eb konsideruesh\u00ebm t\u00eb prodhimeve \u201cMade in Albania\u201d nga industrit\u00eb vendase, produkte q\u00eb ishin p\u00ebr p\u00ebrdorim n\u00eb sht\u00ebpit\u00eb modeste t\u00eb shqiptar\u00ebve t\u00eb thjesht\u00eb, q\u00eb jetonin t\u00eb izoluar nga bota p\u00ebrtej.<\/p>\n<p>K\u00ebto produkte na rikujtojn\u00eb fjal\u00eb aq t\u00eb zakonshme t\u00eb fjalorit ton\u00eb t\u00eb dikursh\u00ebm. Uzina e Telave n\u00eb Shkod\u00ebr, Kombinati i Tekstileve \u201cStalin\u201d n\u00eb Berat, Nd\u00ebrmarrja Artistike \u201cMigjeni\u201d n\u00eb Tiran\u00eb, Fabrika e Qelqit n\u00eb Kavaj\u00eb, p\u00ebr t\u00eb p\u00ebrmendur vet\u00ebm disa prej tyre<\/p>\n<p>Fal\u00eb rregullave strikte t\u00eb inventarit, metra pa fund teli nga Uzina e Shkodr\u00ebs, material tekstil nga Kombinati i Beratit, suvenir\u00eb origjinal\u00eb nga Artistike \u201cMigjeni\u201d, jan\u00eb ende me ne dhe ndoshta metrat, copat dhe kilogram\u00ebt e fundit t\u00eb l\u00ebn\u00eb si d\u00ebshmi e s\u00eb kaluar\u00ebs.<\/p>\n<p>Serit\u00eb e objekteve t\u00eb vendosura k\u00ebtu n\u00eb \u201cMade in Albania\u201d, bashk\u00eb me numrin e dosjeve t\u00eb inventarit, kartelat me \u00e7mimet origjinale t\u00eb koh\u00ebs dhe shum\u00eb e shum\u00eb sende t\u00eb tjera, q\u00eb gjenden ende n\u00eb magazina, e prezantojn\u00eb vetveten para publikut si d\u00ebshmitar\u00eb t\u00eb arkivuar t\u00eb s\u00eb kaluar\u00ebs s\u00eb p\u00ebrbashk\u00ebt.<\/p>\n<p>Koleksioni i kufizuar, i prezantuar k\u00ebtu n\u00eb \u201cMade in Albania\u201d, \u00ebsht\u00eb vet\u00ebm nj\u00eb shikim i beft\u00eb i projektit \u201c<strong><em>Sende t\u00eb askujt, si trash\u00ebgimi e arkivuar\u201d<\/em><\/strong>, q\u00eb vjen s\u00eb shpejti si ekspozit\u00eb autonome.<\/p>\n<hr \/>\n<p><em>Edit Pula<\/em><\/p>\n<p>Artiste\/ K\u00ebshilltare p\u00ebr Kultur\u00ebn,<br \/>\nBashkia Tiran\u00eb[\/vc_column_text][\/vc_column][\/vc_row]<\/p>\n","protected":false},"excerpt":{"rendered":"<p>[vc_row][vc_column][vc_column_text] &nbsp; SENDE TE ASKUJT SI TRASH\u00cbGIMI E ARKIVUAR Shembuj t\u00eb sendeve t\u00eb askujt tashm\u00eb, materiale stok dhe objekte nga koha e totalitarizmit, t\u00eb gjetura n\u00eb magazinat e shtetit, sillen n\u00eb v\u00ebmendje t\u00eb artistit dhe publikut nj\u00ebkoh\u00ebsisht, me q\u00ebllim riprezantimin<\/p>\n","protected":false},"author":5,"featured_media":0,"parent":0,"menu_order":0,"comment_status":"open","ping_status":"open","template":"","meta":{"footnotes":""},"class_list":["post-501","page","type-page","status-publish","hentry"],"_links":{"self":[{"href":"https:\/\/cod.al\/index.php?rest_route=\/wp\/v2\/pages\/501","targetHints":{"allow":["GET"]}}],"collection":[{"href":"https:\/\/cod.al\/index.php?rest_route=\/wp\/v2\/pages"}],"about":[{"href":"https:\/\/cod.al\/index.php?rest_route=\/wp\/v2\/types\/page"}],"author":[{"embeddable":true,"href":"https:\/\/cod.al\/index.php?rest_route=\/wp\/v2\/users\/5"}],"replies":[{"embeddable":true,"href":"https:\/\/cod.al\/index.php?rest_route=%2Fwp%2Fv2%2Fcomments&post=501"}],"version-history":[{"count":22,"href":"https:\/\/cod.al\/index.php?rest_route=\/wp\/v2\/pages\/501\/revisions"}],"predecessor-version":[{"id":1693,"href":"https:\/\/cod.al\/index.php?rest_route=\/wp\/v2\/pages\/501\/revisions\/1693"}],"wp:attachment":[{"href":"https:\/\/cod.al\/index.php?rest_route=%2Fwp%2Fv2%2Fmedia&parent=501"}],"curies":[{"name":"wp","href":"https:\/\/api.w.org\/{rel}","templated":true}]}}