{"id":4741,"date":"2018-09-11T09:09:49","date_gmt":"2018-09-11T08:09:49","guid":{"rendered":"http:\/\/cod.al\/?page_id=4741"},"modified":"2019-02-12T10:42:32","modified_gmt":"2019-02-12T09:42:32","slug":"sezoni-2018-iii","status":"publish","type":"page","link":"https:\/\/cod.al\/?page_id=4741","title":{"rendered":"Sezoni 2018-III"},"content":{"rendered":"<p>[vc_row full_width=&#8221;stretch_row_content&#8221; content_placement=&#8221;middle&#8221;][vc_column width=&#8221;1\/4&#8243;][\/vc_column][vc_column width=&#8221;1\/4&#8243;][vc_single_image image=&#8221;5184&#8243; img_size=&#8221;full&#8221; onclick=&#8221;custom_link&#8221; link=&#8221;http:\/\/cod.al\/?page_id=5180&#8243;][\/vc_column][vc_column width=&#8221;1\/4&#8243;][vc_single_image image=&#8221;5562&#8243; img_size=&#8221;full&#8221; onclick=&#8221;custom_link&#8221; link=&#8221;http:\/\/cod.al\/?page_id=5345&#8243;][\/vc_column][vc_column width=&#8221;1\/4&#8243;][\/vc_column][\/vc_row][vc_row full_width=&#8221;stretch_row_content&#8221; content_placement=&#8221;middle&#8221;][vc_column width=&#8221;1\/4&#8243;][vc_single_image image=&#8221;4495&#8243; img_size=&#8221;full&#8221; onclick=&#8221;custom_link&#8221; link=&#8221;http:\/\/cod.al\/?page_id=4342&#8243;][\/vc_column][vc_column width=&#8221;1\/4&#8243;][vc_single_image image=&#8221;4693&#8243; img_size=&#8221;full&#8221; onclick=&#8221;custom_link&#8221; link=&#8221;http:\/\/cod.al\/?page_id=4502&#8243;][\/vc_column][vc_column width=&#8221;1\/4&#8243;][vc_single_image image=&#8221;4760&#8243; img_size=&#8221;full&#8221; onclick=&#8221;custom_link&#8221; link=&#8221;http:\/\/cod.al\/?page_id=4753&#8243;][\/vc_column][vc_column width=&#8221;1\/4&#8243;][vc_single_image image=&#8221;5142&#8243; img_size=&#8221;full&#8221; onclick=&#8221;custom_link&#8221; link=&#8221;http:\/\/cod.al\/?page_id=5052&#8243;][\/vc_column][\/vc_row][vc_row full_width=&#8221;stretch_row_content&#8221; gap=&#8221;1&#8243;][vc_column][vc_separator][\/vc_column][\/vc_row][vc_row full_width=&#8221;stretch_row_content&#8221;][vc_column width=&#8221;1\/4&#8243;][vc_video link=&#8221;https:\/\/youtu.be\/llRzU_IVrI4&#8243;][vc_custom_heading text=&#8221;\u279c Michel Setboun<br \/>\nEkspozita | \u201cFUNDI. FILLIMI. SHQIP\u00cbRIA. 1981-1991\u201d&#8221; font_container=&#8221;tag:h3|text_align:left|color:%23000000&#8243; google_fonts=&#8221;font_family:Exo%3A100%2C100italic%2C200%2C200italic%2C300%2C300italic%2Cregular%2Citalic%2C500%2C500italic%2C600%2C600italic%2C700%2C700italic%2C800%2C800italic%2C900%2C900italic|font_style:400%20regular%3A400%3Anormal&#8221;][\/vc_column][vc_column width=&#8221;1\/4&#8243;][vc_video link=&#8221;https:\/\/youtu.be\/I-VGegVfGpM&#8221;][vc_custom_heading text=&#8221;HARTOGRAFIA EUROPIANE DHE TERRITORET SHQIPFOL\u00cbSE<br \/>\n\u279c Koleksion nga Afrim Ethemi&#8221; font_container=&#8221;tag:h3|text_align:left|color:%23000000&#8243; google_fonts=&#8221;font_family:Exo%3A100%2C100italic%2C200%2C200italic%2C300%2C300italic%2Cregular%2Citalic%2C500%2C500italic%2C600%2C600italic%2C700%2C700italic%2C800%2C800italic%2C900%2C900italic|font_style:400%20regular%3A400%3Anormal&#8221;][\/vc_column][vc_column width=&#8221;1\/4&#8243;][vc_single_image image=&#8221;4706&#8243; img_size=&#8221;full&#8221; onclick=&#8221;custom_link&#8221; link=&#8221;http:\/\/cod.al\/?page_id=4502&#8243;][vc_custom_heading text=&#8221;Ekspozita | HARTOGRAFIA EUROPIANE DHE TERRITORET SHQIPFOL\u00cbSE<br \/>\n\u279c Koleksion nga Afrim Ethemi&#8221; font_container=&#8221;tag:h3|text_align:left|color:%23000000&#8243; google_fonts=&#8221;font_family:Exo%3A100%2C100italic%2C200%2C200italic%2C300%2C300italic%2Cregular%2Citalic%2C500%2C500italic%2C600%2C600italic%2C700%2C700italic%2C800%2C800italic%2C900%2C900italic|font_style:400%20regular%3A400%3Anormal&#8221; css=&#8221;.vc_custom_1532085465713{margin-top: -55px !important;}&#8221;][\/vc_column][vc_column width=&#8221;1\/4&#8243;][vc_single_image image=&#8221;4705&#8243; img_size=&#8221;full&#8221; onclick=&#8221;custom_link&#8221; link=&#8221;http:\/\/cod.al\/?page_id=4456&#8243;][vc_custom_heading text=&#8221;IHRFFA<br \/>\n\u279c KONKURSI \u201cNJ\u00cb FOTO P\u00cbR T\u00cb DREJTAT E NJERIUT\u201d&#8221; font_container=&#8221;tag:h3|text_align:left|color:%23000000&#8243; google_fonts=&#8221;font_family:Exo%3A100%2C100italic%2C200%2C200italic%2C300%2C300italic%2Cregular%2Citalic%2C500%2C500italic%2C600%2C600italic%2C700%2C700italic%2C800%2C800italic%2C900%2C900italic|font_style:400%20regular%3A400%3Anormal&#8221; css=&#8221;.vc_custom_1532085452532{margin-top: -55px !important;}&#8221;][\/vc_column][\/vc_row]<\/p>\n","protected":false},"excerpt":{"rendered":"<p>[vc_row full_width=&#8221;stretch_row_content&#8221; content_placement=&#8221;middle&#8221;][vc_column width=&#8221;1\/4&#8243;][\/vc_column][vc_column width=&#8221;1\/4&#8243;][vc_single_image image=&#8221;5184&#8243; img_size=&#8221;full&#8221; onclick=&#8221;custom_link&#8221; link=&#8221;http:\/\/cod.al\/?page_id=5180&#8243;][\/vc_column][vc_column width=&#8221;1\/4&#8243;][vc_single_image image=&#8221;5562&#8243; img_size=&#8221;full&#8221; onclick=&#8221;custom_link&#8221; link=&#8221;http:\/\/cod.al\/?page_id=5345&#8243;][\/vc_column][vc_column width=&#8221;1\/4&#8243;][\/vc_column][\/vc_row][vc_row full_width=&#8221;stretch_row_content&#8221; content_placement=&#8221;middle&#8221;][vc_column width=&#8221;1\/4&#8243;][vc_single_image image=&#8221;4495&#8243; img_size=&#8221;full&#8221; onclick=&#8221;custom_link&#8221; link=&#8221;http:\/\/cod.al\/?page_id=4342&#8243;][\/vc_column][vc_column width=&#8221;1\/4&#8243;][vc_single_image image=&#8221;4693&#8243; img_size=&#8221;full&#8221; onclick=&#8221;custom_link&#8221; link=&#8221;http:\/\/cod.al\/?page_id=4502&#8243;][\/vc_column][vc_column width=&#8221;1\/4&#8243;][vc_single_image image=&#8221;4760&#8243; img_size=&#8221;full&#8221; onclick=&#8221;custom_link&#8221; link=&#8221;http:\/\/cod.al\/?page_id=4753&#8243;][\/vc_column][vc_column width=&#8221;1\/4&#8243;][vc_single_image image=&#8221;5142&#8243; img_size=&#8221;full&#8221; onclick=&#8221;custom_link&#8221; link=&#8221;http:\/\/cod.al\/?page_id=5052&#8243;][\/vc_column][\/vc_row][vc_row full_width=&#8221;stretch_row_content&#8221; gap=&#8221;1&#8243;][vc_column][vc_separator][\/vc_column][\/vc_row][vc_row full_width=&#8221;stretch_row_content&#8221;][vc_column<\/p>\n","protected":false},"author":5,"featured_media":0,"parent":0,"menu_order":0,"comment_status":"closed","ping_status":"closed","template":"","meta":{"footnotes":""},"class_list":["post-4741","page","type-page","status-publish","hentry"],"_links":{"self":[{"href":"https:\/\/cod.al\/index.php?rest_route=\/wp\/v2\/pages\/4741","targetHints":{"allow":["GET"]}}],"collection":[{"href":"https:\/\/cod.al\/index.php?rest_route=\/wp\/v2\/pages"}],"about":[{"href":"https:\/\/cod.al\/index.php?rest_route=\/wp\/v2\/types\/page"}],"author":[{"embeddable":true,"href":"https:\/\/cod.al\/index.php?rest_route=\/wp\/v2\/users\/5"}],"replies":[{"embeddable":true,"href":"https:\/\/cod.al\/index.php?rest_route=%2Fwp%2Fv2%2Fcomments&post=4741"}],"version-history":[{"count":11,"href":"https:\/\/cod.al\/index.php?rest_route=\/wp\/v2\/pages\/4741\/revisions"}],"predecessor-version":[{"id":8705,"href":"https:\/\/cod.al\/index.php?rest_route=\/wp\/v2\/pages\/4741\/revisions\/8705"}],"wp:attachment":[{"href":"https:\/\/cod.al\/index.php?rest_route=%2Fwp%2Fv2%2Fmedia&parent=4741"}],"curies":[{"name":"wp","href":"https:\/\/api.w.org\/{rel}","templated":true}]}}