{"id":4456,"date":"2018-06-21T13:38:26","date_gmt":"2018-06-21T12:38:26","guid":{"rendered":"http:\/\/cod.al\/?page_id=4456"},"modified":"2018-07-12T09:05:59","modified_gmt":"2018-07-12T08:05:59","slug":"ihrffa-2018-konkursi-i-fotografise","status":"publish","type":"page","link":"https:\/\/cod.al\/?page_id=4456","title":{"rendered":"IHRFFA 2018 | Konkursi i Fotografise"},"content":{"rendered":"<p>[vc_row full_width=&#8221;stretch_row&#8221; full_height=&#8221;yes&#8221; parallax=&#8221;content-moving&#8221; css=&#8221;.vc_custom_1530620109891{background: #ffffff url(http:\/\/cod.al\/wp-content\/uploads\/2018\/06\/bcg31.jpg?id=4526);background-position: center;background-repeat: no-repeat !important;background-size: cover !important;}&#8221;][vc_column width=&#8221;1\/3&#8243;][vc_empty_space height=&#8221;90px&#8221;][vc_column_text]<\/p>\n<p style=\"text-align: center;\">[files_fm_upload]<\/p>\n<p>[\/vc_column_text][\/vc_column][vc_column width=&#8221;1\/3&#8243;][vc_empty_space height=&#8221;90px&#8221;][vc_column_text]<\/p>\n<h3 style=\"text-align: left;\"><span style=\"color: #ffffff;\">\u279c Konkursi \u201cNj\u00eb foto p\u00ebr t\u00eb Drejtat e Njeriut\u201d<\/span><\/h3>\n<p style=\"text-align: left;\"><span style=\"color: #ffffff;\">N\u00eb kuadrin e Edicionit t\u00eb 13 t\u00eb IHRFFA nga 17 &#8211; 22 Shtator 2018<\/span><\/p>\n<p><span style=\"color: #ffffff;\">&#8211;\u00a0<strong>Q\u00ebllimi<\/strong><\/span><\/p>\n<p><span style=\"color: #ffffff;\">Organizimi i k\u00ebtij konkursi fotografik n\u00eb kuadrin e IHRFFA 2018, ka p\u00ebr q\u00ebllim t\u00eb konstatoj\u00eb dhe promovoj\u00eb nd\u00ebrgjegj\u00ebsimin e t\u00eb rinjve shqiptar\u00eb, dhe t\u00eb orientimit t\u00eb k\u00ebndv\u00ebshtrimit t\u00eb tyre mbi t\u00eb drejtat tona njer\u00ebzore. V\u00ebnia e t\u00eb rinjve n\u00eb pozita k\u00ebrkuese dhe v\u00ebzhguese ndaj shkeljeve, dhunimeve por edhe t\u00eb respektit n\u00eb fush\u00ebn e t\u00eb drejtave t\u00eb njeriut p\u00ebrmes shkrepjes s\u00eb nj\u00eb imazhi t\u00eb vet\u00ebm.<\/span><\/p>\n<p><span style=\"color: #ffffff;\">P\u00ebrmes kushteve t\u00eb v\u00ebna synohet edhe n\u00ebnvizimi i forc\u00ebs s\u00eb nj\u00eb imazhi t\u00eb vet\u00ebm, dhe raporti i imazhit me t\u00eb v\u00ebrtet\u00ebn, n\u00eb epok\u00ebn e bombardimit numerik e t\u00eb zhvler\u00ebsimit t\u00eb fuqis\u00eb t\u00eb s\u00eb v\u00ebrtet\u00ebs.<\/span>[\/vc_column_text][\/vc_column][vc_column width=&#8221;1\/3&#8243;][vc_empty_space height=&#8221;90px&#8221;][vc_column_text]<\/p>\n<h3><span style=\"color: #ffffff;\">\u279c Kushtet<\/span><\/h3>\n<p><span style=\"color: #ffffff;\">\u25cb T\u00eb rinj nga mosha 16 deri n\u00eb mosh\u00ebn 22 vje\u00e7.<\/span><br \/>\n<span style=\"color: #ffffff;\">\u25cb Fotot duhet t\u00eb b\u00ebhen vet\u00ebm me celular.<\/span><br \/>\n<span style=\"color: #ffffff;\">\u25cb Platforma do t\u00eb rrij\u00eb e hapur deri m\u00eb 31 gusht 2018.<\/span><br \/>\n<span style=\"color: #ffffff;\">\u25cb Secili konkurent do t\u00eb ngarkoj\u00eb vet\u00ebm nj\u00eb foto n\u00eb platform\u00eb.<\/span><\/p>\n<p><span style=\"color: #ffffff;\">\u00a0<\/span><\/p>\n<h3><span style=\"color: #ffffff;\">\u279c Koh\u00ebzgjatja e Konkursit<\/span><\/h3>\n<p><span style=\"color: #ffffff;\">\u25cb Datat e konkurimit &#8211; 2 Korrik deri m\u00eb 31 Gusht 2018<\/span><br \/>\n<span style=\"color: #ffffff;\">\u25cb Datat e vler\u00ebsimit \u2013 7 &#8211; 8 Shtator 2018<\/span><br \/>\n<span style=\"color: #ffffff;\">\u25cb Datat e afishimit t\u00eb 5 fotove m\u00eb t\u00eb mira \u2013 17 &#8211; 22 Shtator 2018<\/span><br \/>\n<span style=\"color: #ffffff;\">\u25cb Shpallja e fituesit \u2013 17 Shtator ora 17:00 (Hapja e Ekspozit\u00ebs n\u00eb COD)<\/span>[\/vc_column_text][\/vc_column][\/vc_row]<\/p>\n","protected":false},"excerpt":{"rendered":"<p>[vc_row full_width=&#8221;stretch_row&#8221; full_height=&#8221;yes&#8221; parallax=&#8221;content-moving&#8221; css=&#8221;.vc_custom_1530620109891{background: #ffffff url(http:\/\/cod.al\/wp-content\/uploads\/2018\/06\/bcg31.jpg?id=4526);background-position: center;background-repeat: no-repeat !important;background-size: cover !important;}&#8221;][vc_column width=&#8221;1\/3&#8243;][vc_empty_space height=&#8221;90px&#8221;][vc_column_text] [files_fm_upload] [\/vc_column_text][\/vc_column][vc_column width=&#8221;1\/3&#8243;][vc_empty_space height=&#8221;90px&#8221;][vc_column_text] \u279c Konkursi \u201cNj\u00eb foto p\u00ebr t\u00eb Drejtat e Njeriut\u201d N\u00eb kuadrin e Edicionit t\u00eb 13 t\u00eb IHRFFA nga 17 &#8211; 22 Shtator<\/p>\n","protected":false},"author":5,"featured_media":0,"parent":0,"menu_order":0,"comment_status":"closed","ping_status":"closed","template":"","meta":{"footnotes":""},"class_list":["post-4456","page","type-page","status-publish","hentry"],"_links":{"self":[{"href":"https:\/\/cod.al\/index.php?rest_route=\/wp\/v2\/pages\/4456","targetHints":{"allow":["GET"]}}],"collection":[{"href":"https:\/\/cod.al\/index.php?rest_route=\/wp\/v2\/pages"}],"about":[{"href":"https:\/\/cod.al\/index.php?rest_route=\/wp\/v2\/types\/page"}],"author":[{"embeddable":true,"href":"https:\/\/cod.al\/index.php?rest_route=\/wp\/v2\/users\/5"}],"replies":[{"embeddable":true,"href":"https:\/\/cod.al\/index.php?rest_route=%2Fwp%2Fv2%2Fcomments&post=4456"}],"version-history":[{"count":11,"href":"https:\/\/cod.al\/index.php?rest_route=\/wp\/v2\/pages\/4456\/revisions"}],"predecessor-version":[{"id":4647,"href":"https:\/\/cod.al\/index.php?rest_route=\/wp\/v2\/pages\/4456\/revisions\/4647"}],"wp:attachment":[{"href":"https:\/\/cod.al\/index.php?rest_route=%2Fwp%2Fv2%2Fmedia&parent=4456"}],"curies":[{"name":"wp","href":"https:\/\/api.w.org\/{rel}","templated":true}]}}