{"id":4342,"date":"2018-06-19T12:18:20","date_gmt":"2018-06-19T11:18:20","guid":{"rendered":"http:\/\/cod.al\/?page_id=4342"},"modified":"2018-07-09T09:24:43","modified_gmt":"2018-07-09T08:24:43","slug":"michel-setboun","status":"publish","type":"page","link":"https:\/\/cod.al\/?page_id=4342","title":{"rendered":"Michel Setboun"},"content":{"rendered":"<p>[vc_row full_width=&#8221;stretch_row_content&#8221;][vc_column][vc_text_separator title=&#8221;MICHEL SETBOUN&#8221; i_icon_fontawesome=&#8221;fa fa-arrow-right&#8221; i_color=&#8221;black&#8221; i_size=&#8221;sm&#8221; title_align=&#8221;separator_align_left&#8221; color=&#8221;black&#8221; add_icon=&#8221;true&#8221;][\/vc_column][\/vc_row][vc_row full_width=&#8221;stretch_row_content&#8221;][vc_column width=&#8221;1\/4&#8243;][\/vc_column][vc_column width=&#8221;1\/2&#8243;][vc_cta_button2 h2=&#8221;\u2192 Ekspozita \u201cFundi. Fillimi Shqip\u00ebria. 1981-1991\u201d&#8221; h4=&#8221;nga Michel Setboun&#8221; style=&#8221;square_outlined&#8221; txt_align=&#8221;justify&#8221; title=&#8221;&#8221; btn_style=&#8221;square&#8221; color=&#8221;black&#8221; size=&#8221;sm&#8221; position=&#8221;left&#8221; css_animation=&#8221;appear&#8221; accent_color=&#8221;#000000&#8243; link=&#8221;||&#8221;]COD hapi p\u00ebr publikun, m\u00eb 6 korrik 2018, ekspozit\u00ebn fotografike t\u00eb Michel Setboun <em>\u201cFundi. Fillimi. Shqip\u00ebria 1981 &#8211; 1991\u201d<\/em>.<\/p>\n<p>N\u00eb hap\u00ebsirat e COD, Setboun sjell p\u00ebr her\u00eb t\u00eb par\u00eb 99 foto n\u00eb dimensione t\u00eb mesme e t\u00eb m\u00ebdha si imazhe emblematike q\u00eb kan\u00eb n\u00eb thelb kujtes\u00ebn e dokumentimin, diakronin\u00eb p\u00ebrgjat\u00eb nj\u00eb dekade dramatike, t\u00eb mbushur me ngjarje t\u00eb nj\u00eb r\u00ebnd\u00ebsie t\u00eb jasht\u00ebzakonshme p\u00ebr historin\u00eb e shqiptar\u00ebve.<\/p>\n<p>Brendia e k\u00ebsaj ekspozite n\u00eb retrospektiv\u00eb ndalet n\u00eb kontraste t\u00eb fuqishme, tablo t\u00eb gjalla q\u00eb kan\u00eb n\u00eb fokus t\u00eb objektivit Shqip\u00ebrin\u00eb e pas &#8217;80-\u00ebs me demagogjin\u00eb, pankartat a parullat me gur\u00eb, paradat komuniste, bunker\u00ebt e kudo gjendur, <em>ngrehinat e kultit t\u00eb shnd\u00ebrruara n\u00eb salla teatri, kafene, sht\u00ebpi kulture a t\u00eb braktisura, <\/em>varf\u00ebrin\u00eb ekonomike, shtypjen politike e shoq\u00ebrore gjat\u00eb periudh\u00ebs s\u00eb autarkis\u00eb, figur\u00ebn e gruas shqiptare, f\u00ebmij\u00eb dhe nx\u00ebn\u00ebs t\u00eb shkollave dhe jo vet\u00ebm.<\/p>\n<p>P\u00ebr Setboun jan\u00eb po kaq trondit\u00ebse momentet e Shqip\u00ebris\u00eb n\u00eb pik\u00ebnisjet t\u00eb viteve &#8217;90, (aso kohe kur po zhb\u00ebhej regjimi komunist), jan\u00eb foto q\u00eb flasin p\u00ebr eksodin shqiptar dhe anijet e tejmbushura n\u00eb portin e Durr\u00ebsit, pritjen e N\u00ebn\u00eb Terez\u00ebs, humanistes shqiptare n\u00eb shtetin am\u00eb, ringjalljen e fes\u00eb, rihapjen e <em>kulteve fetare,<\/em> zgjedhjet e para pluraliste, zbulimin dhe p\u00ebrballjen me kapitalizmin, gjendjen trondit\u00ebse n\u00eb qendrat e f\u00ebmij\u00ebve me aft\u00ebsi t\u00eb kufizuar, dasmat dhe shum\u00eb aspekte t\u00eb tjera t\u00eb p\u00ebrditshm\u00ebris\u00eb s\u00eb jet\u00ebs shqiptare.<\/p>\n<p>Nd\u00ebrkaq, Michel Setboun, konsiderohet si nj\u00eb nd\u00ebr fotoreporter\u00ebt m\u00eb t\u00eb r\u00ebnd\u00ebsish\u00ebm nd\u00ebrkomb\u00ebtar\u00eb p\u00ebr Shqip\u00ebrin\u00eb dhe nj\u00eb nga dokumentuesit m\u00eb k\u00ebmb\u00ebngul\u00ebs t\u00eb historis\u00eb s\u00eb Shqip\u00ebris\u00eb nga viti 1981 e n\u00eb vazhdim, pasi mbetet thuajse i vetmi fotograf i huaj, i cili ka mb\u00ebrthyer me aparatin e tij, si askush tjet\u00ebr e n\u00eb m\u00ebnyr\u00eb t\u00eb vazhdueshme, gjat\u00eb gati kat\u00ebr dekadave t\u00eb fundit gjith\u00eb zhvillimin politik, shoq\u00ebror dhe kulturor t\u00eb vendit skaj m\u00eb skaj. Arkivi fotografik mbi Shqip\u00ebrin\u00eb ka mij\u00ebra fotografi dhe \u00ebsht\u00eb i nj\u00eb r\u00ebnd\u00ebsie t\u00eb ve\u00e7ant\u00eb, si historike ashtu edhe artistike.<\/p>\n<p>Ekspozita do q\u00ebndroj\u00eb e hapur p\u00ebr publikun deri m\u00eb 2 shtator. Hyrja \u00ebsht\u00eb e lir\u00eb.[\/vc_cta_button2][vc_cta_button2 h2=&#8221;&#8221; h4=&#8221;\u2192 Michel Setboun&#8221; style=&#8221;square_outlined&#8221; txt_align=&#8221;justify&#8221; title=&#8221;&#8221; btn_style=&#8221;square&#8221; color=&#8221;black&#8221; size=&#8221;sm&#8221; position=&#8221;left&#8221; css_animation=&#8221;appear&#8221; accent_color=&#8221;#000000&#8243; link=&#8221;||&#8221;]<img fetchpriority=\"high\" decoding=\"async\" class=\" wp-image-4343 alignleft\" src=\"http:\/\/cod.al\/wp-content\/uploads\/2018\/06\/Michel-Setboun-Artist-portrait-Image-via-YouTube-555x312.jpg\" alt=\"Michel-Setboun-Artist-portrait-Image-via-YouTube-555x312\" width=\"450\" height=\"253\" srcset=\"https:\/\/cod.al\/wp-content\/uploads\/2018\/06\/Michel-Setboun-Artist-portrait-Image-via-YouTube-555x312.jpg 555w, https:\/\/cod.al\/wp-content\/uploads\/2018\/06\/Michel-Setboun-Artist-portrait-Image-via-YouTube-555x312-300x169.jpg 300w\" sizes=\"(max-width: 450px) 100vw, 450px\" \/><strong>Michel Setboun,<\/strong> lindi n\u00eb Algjeri m\u00eb 27 gusht 1952. E filloi karrier\u00ebn si arkitekt e m\u00eb pas vazhdoi si fotograf. N\u00eb vitin 1978, mbuloi si foto reporter p\u00ebr agjencin\u00eb SIPA konflikte nd\u00ebrkomb\u00ebtare, si\u00e7 ishte revolucioni n\u00eb Iran, lufta p\u00ebr pavar\u00ebsi n\u00eb Angola, Afganistan, Iran-Irak dhe m\u00eb von\u00eb luft\u00ebn civile n\u00eb Liban. Nga viti 1983-1985 punoi p\u00ebr agjencin\u00eb e Black Star n\u00eb Indi, Afganistan dhe Suedi. P\u00ebr agjencin\u00eb RAPHO, n\u00eb periudh\u00ebn kohore 1985-1991, mbuloi reportazhet p\u00ebr Koren\u00eb e Jugut, Shqip\u00ebrin\u00eb, Mongolin\u00eb dhe Rio de Zhaneiron. Nga 1991 punon si fotograf i pavarur. Ka bashk\u00ebpunuar me revista t\u00eb njohura nd\u00ebrkomb\u00ebtare, si: Geo, Figaro Magazine, New York Times, Life, Paris Match, Stern. N\u00eb 1984 fitoi \u00e7mimin e par\u00eb World Press Photo p\u00ebr reportazhin n\u00eb lidhje me dy milion\u00eb refugjat\u00ebt e d\u00ebbuar n\u00eb Nigeri. Gjithashtu, ai \u00ebsht\u00eb autor i shum\u00eb librave me fotografi. Setboun ka qen\u00eb i vetmi fotograf francez q\u00eb ka fotografuar Revolucionin Iranian (1978 \u2013 1979) dhe r\u00ebnien e regjimit. Arkivi i tij fotografik p\u00ebrmban mij\u00ebra foto nga vende t\u00eb ndryshme t\u00eb Evrop\u00ebs, Amerik\u00ebs, Afrik\u00ebs e Azis\u00eb.<\/p>\n<p>&nbsp;<\/p>\n<p>&nbsp;<\/p>\n<p>[\/vc_cta_button2][\/vc_column][vc_column width=&#8221;1\/4&#8243;][vc_column_text]<strong><div class=\"heateor_sss_sharing_container heateor_sss_horizontal_sharing\" data-heateor-ss-offset=\"0\" data-heateor-sss-href='https:\/\/cod.al\/index.php?rest_route=%2Fwp%2Fv2%2Fpages%2F4342'><div class=\"heateor_sss_sharing_ul\"><a aria-label=\"Facebook\" class=\"heateor_sss_facebook\" href=\"https:\/\/www.facebook.com\/sharer\/sharer.php?u=https%3A%2F%2Fcod.al%2Findex.php%3Frest_route%3D%252Fwp%252Fv2%252Fpages%252F4342\" title=\"Facebook\" rel=\"nofollow noopener\" target=\"_blank\" style=\"font-size:32px!important;box-shadow:none;display:inline-block;vertical-align:middle\"><span class=\"heateor_sss_svg\" style=\"background-color:#0765FE;width:30px;height:30px;border-radius:999px;display:inline-block;opacity:1;float:left;font-size:32px;box-shadow:none;display:inline-block;font-size:16px;padding:0 4px;vertical-align:middle;background-repeat:repeat;overflow:hidden;padding:0;cursor:pointer;box-sizing:content-box\"><svg style=\"display:block;border-radius:999px;\" focusable=\"false\" aria-hidden=\"true\" xmlns=\"http:\/\/www.w3.org\/2000\/svg\" width=\"100%\" height=\"100%\" viewBox=\"0 0 32 32\"><path fill=\"#fff\" d=\"M28 16c0-6.627-5.373-12-12-12S4 9.373 4 16c0 5.628 3.875 10.35 9.101 11.647v-7.98h-2.474V16H13.1v-1.58c0-4.085 1.849-5.978 5.859-5.978.76 0 2.072.15 2.608.298v3.325c-.283-.03-.775-.045-1.386-.045-1.967 0-2.728.745-2.728 2.683V16h3.92l-.673 3.667h-3.247v8.245C23.395 27.195 28 22.135 28 16Z\"><\/path><\/svg><\/span><\/a><a aria-label=\"Twitter\" class=\"heateor_sss_button_twitter\" href=\"https:\/\/twitter.com\/intent\/tweet?text=Michel%20Setboun&url=https%3A%2F%2Fcod.al%2Findex.php%3Frest_route%3D%252Fwp%252Fv2%252Fpages%252F4342\" title=\"Twitter\" rel=\"nofollow noopener\" target=\"_blank\" style=\"font-size:32px!important;box-shadow:none;display:inline-block;vertical-align:middle\"><span class=\"heateor_sss_svg heateor_sss_s__default heateor_sss_s_twitter\" style=\"background-color:#55acee;width:30px;height:30px;border-radius:999px;display:inline-block;opacity:1;float:left;font-size:32px;box-shadow:none;display:inline-block;font-size:16px;padding:0 4px;vertical-align:middle;background-repeat:repeat;overflow:hidden;padding:0;cursor:pointer;box-sizing:content-box\"><svg style=\"display:block;border-radius:999px;\" focusable=\"false\" aria-hidden=\"true\" xmlns=\"http:\/\/www.w3.org\/2000\/svg\" width=\"100%\" height=\"100%\" viewBox=\"-4 -4 39 39\"><path d=\"M28 8.557a9.913 9.913 0 0 1-2.828.775 4.93 4.93 0 0 0 2.166-2.725 9.738 9.738 0 0 1-3.13 1.194 4.92 4.92 0 0 0-3.593-1.55 4.924 4.924 0 0 0-4.794 6.049c-4.09-.21-7.72-2.17-10.15-5.15a4.942 4.942 0 0 0-.665 2.477c0 1.71.87 3.214 2.19 4.1a4.968 4.968 0 0 1-2.23-.616v.06c0 2.39 1.7 4.38 3.952 4.83-.414.115-.85.174-1.297.174-.318 0-.626-.03-.928-.086a4.935 4.935 0 0 0 4.6 3.42 9.893 9.893 0 0 1-6.114 2.107c-.398 0-.79-.023-1.175-.068a13.953 13.953 0 0 0 7.55 2.213c9.056 0 14.01-7.507 14.01-14.013 0-.213-.005-.426-.015-.637.96-.695 1.795-1.56 2.455-2.55z\" fill=\"#fff\"><\/path><\/svg><\/span><\/a><a aria-label=\"Instagram\" class=\"heateor_sss_button_instagram\" href=\"https:\/\/www.instagram.com\/\" title=\"Instagram\" rel=\"nofollow noopener\" target=\"_blank\" style=\"font-size:32px!important;box-shadow:none;display:inline-block;vertical-align:middle\"><span class=\"heateor_sss_svg\" style=\"background-color:#53beee;width:30px;height:30px;border-radius:999px;display:inline-block;opacity:1;float:left;font-size:32px;box-shadow:none;display:inline-block;font-size:16px;padding:0 4px;vertical-align:middle;background-repeat:repeat;overflow:hidden;padding:0;cursor:pointer;box-sizing:content-box\"><svg style=\"display:block;border-radius:999px;\" version=\"1.1\" viewBox=\"-10 -10 148 148\" width=\"100%\" height=\"100%\" xml:space=\"preserve\" xmlns=\"http:\/\/www.w3.org\/2000\/svg\" xmlns:xlink=\"http:\/\/www.w3.org\/1999\/xlink\"><g><g><path d=\"M86,112H42c-14.336,0-26-11.663-26-26V42c0-14.337,11.664-26,26-26h44c14.337,0,26,11.663,26,26v44 C112,100.337,100.337,112,86,112z M42,24c-9.925,0-18,8.074-18,18v44c0,9.925,8.075,18,18,18h44c9.926,0,18-8.075,18-18V42 c0-9.926-8.074-18-18-18H42z\" fill=\"#fff\"><\/path><\/g><g><path d=\"M64,88c-13.234,0-24-10.767-24-24c0-13.234,10.766-24,24-24s24,10.766,24,24C88,77.233,77.234,88,64,88z M64,48c-8.822,0-16,7.178-16,16s7.178,16,16,16c8.822,0,16-7.178,16-16S72.822,48,64,48z\" fill=\"#fff\"><\/path><\/g><g><circle cx=\"89.5\" cy=\"38.5\" fill=\"#fff\" r=\"5.5\"><\/circle><\/g><\/g><\/svg><\/span><\/a><a target=\"_blank\" aria-label=\"Facebook Messenger\" class=\"heateor_sss_button_facebook_messenger\" href=\"https:\/\/www.facebook.com\/dialog\/send?app_id=1904103319867886&display=popup&link=https%3A%2F%2Fcod.al%2Findex.php%3Frest_route%3D%252Fwp%252Fv2%252Fpages%252F4342&redirect_uri=https%3A%2F%2Fcod.al%2Findex.php%3Frest_route%3D%252Fwp%252Fv2%252Fpages%252F4342\" style=\"font-size:32px!important;box-shadow:none;display:inline-block;vertical-align:middle\"><span class=\"heateor_sss_svg heateor_sss_s__default heateor_sss_s_facebook_messenger\" style=\"background-color:#0084ff;width:30px;height:30px;border-radius:999px;display:inline-block;opacity:1;float:left;font-size:32px;box-shadow:none;display:inline-block;font-size:16px;padding:0 4px;vertical-align:middle;background-repeat:repeat;overflow:hidden;padding:0;cursor:pointer;box-sizing:content-box\"><svg style=\"display:block;border-radius:999px;\" focusable=\"false\" aria-hidden=\"true\" xmlns=\"http:\/\/www.w3.org\/2000\/svg\" width=\"100%\" height=\"100%\" viewBox=\"-2 -2 36 36\"><path fill=\"#fff\" d=\"M16 5C9.986 5 5.11 9.56 5.11 15.182c0 3.2 1.58 6.054 4.046 7.92V27l3.716-2.06c.99.276 2.04.425 3.128.425 6.014 0 10.89-4.56 10.89-10.183S22.013 5 16 5zm1.147 13.655L14.33 15.73l-5.423 3 5.946-6.31 2.816 2.925 5.42-3-5.946 6.31z\"\/><\/svg><\/span><\/a><a aria-label=\"Email\" class=\"heateor_sss_email\" href=\"https:\/\/cod.al\/index.php?rest_route=%2Fwp%2Fv2%2Fpages%2F4342\" onclick=\"event.preventDefault();window.open('mailto:?subject=' + decodeURIComponent('Michel%20Setboun').replace('&', '%26') + '&body=https%3A%2F%2Fcod.al%2Findex.php%3Frest_route%3D%252Fwp%252Fv2%252Fpages%252F4342', '_blank')\" title=\"Email\" rel=\"noopener\" style=\"font-size:32px!important;box-shadow:none;display:inline-block;vertical-align:middle\"><span class=\"heateor_sss_svg\" style=\"background-color:#649a3f;width:30px;height:30px;border-radius:999px;display:inline-block;opacity:1;float:left;font-size:32px;box-shadow:none;display:inline-block;font-size:16px;padding:0 4px;vertical-align:middle;background-repeat:repeat;overflow:hidden;padding:0;cursor:pointer;box-sizing:content-box\"><svg style=\"display:block;border-radius:999px;\" focusable=\"false\" aria-hidden=\"true\" xmlns=\"http:\/\/www.w3.org\/2000\/svg\" width=\"100%\" height=\"100%\" viewBox=\"-.75 -.5 36 36\"><path d=\"M 5.5 11 h 23 v 1 l -11 6 l -11 -6 v -1 m 0 2 l 11 6 l 11 -6 v 11 h -22 v -11\" stroke-width=\"1\" fill=\"#fff\"><\/path><\/svg><\/span><\/a><a aria-label=\"Copy Link\" class=\"heateor_sss_button_copy_link\" title=\"Copy Link\" rel=\"noopener\" href=\"https:\/\/cod.al\/index.php?rest_route=%2Fwp%2Fv2%2Fpages%2F4342\" onclick=\"event.preventDefault()\" style=\"font-size:32px!important;box-shadow:none;display:inline-block;vertical-align:middle\"><span class=\"heateor_sss_svg heateor_sss_s__default heateor_sss_s_copy_link\" style=\"background-color:#ffc112;width:30px;height:30px;border-radius:999px;display:inline-block;opacity:1;float:left;font-size:32px;box-shadow:none;display:inline-block;font-size:16px;padding:0 4px;vertical-align:middle;background-repeat:repeat;overflow:hidden;padding:0;cursor:pointer;box-sizing:content-box\"><svg style=\"display:block;border-radius:999px;\" focusable=\"false\" aria-hidden=\"true\" xmlns=\"http:\/\/www.w3.org\/2000\/svg\" width=\"100%\" height=\"100%\" viewBox=\"-4 -4 40 40\"><path fill=\"#fff\" d=\"M24.412 21.177c0-.36-.126-.665-.377-.917l-2.804-2.804a1.235 1.235 0 0 0-.913-.378c-.377 0-.7.144-.97.43.026.028.11.11.255.25.144.14.24.236.29.29s.117.14.2.256c.087.117.146.232.177.344.03.112.046.236.046.37 0 .36-.126.666-.377.918a1.25 1.25 0 0 1-.918.377 1.4 1.4 0 0 1-.373-.047 1.062 1.062 0 0 1-.345-.175 2.268 2.268 0 0 1-.256-.2 6.815 6.815 0 0 1-.29-.29c-.14-.142-.223-.23-.25-.254-.297.28-.445.607-.445.984 0 .36.126.664.377.916l2.778 2.79c.243.243.548.364.917.364.36 0 .665-.118.917-.35l1.982-1.97c.252-.25.378-.55.378-.9zm-9.477-9.504c0-.36-.126-.665-.377-.917l-2.777-2.79a1.235 1.235 0 0 0-.913-.378c-.35 0-.656.12-.917.364L7.967 9.92c-.254.252-.38.553-.38.903 0 .36.126.665.38.917l2.802 2.804c.242.243.547.364.916.364.377 0 .7-.14.97-.418-.026-.027-.11-.11-.255-.25s-.24-.235-.29-.29a2.675 2.675 0 0 1-.2-.255 1.052 1.052 0 0 1-.176-.344 1.396 1.396 0 0 1-.047-.37c0-.36.126-.662.377-.914.252-.252.557-.377.917-.377.136 0 .26.015.37.046.114.03.23.09.346.175.117.085.202.153.256.2.054.05.15.148.29.29.14.146.222.23.25.258.294-.278.442-.606.442-.983zM27 21.177c0 1.078-.382 1.99-1.146 2.736l-1.982 1.968c-.745.75-1.658 1.12-2.736 1.12-1.087 0-2.004-.38-2.75-1.143l-2.777-2.79c-.75-.747-1.12-1.66-1.12-2.737 0-1.106.392-2.046 1.183-2.818l-1.186-1.185c-.774.79-1.708 1.186-2.805 1.186-1.078 0-1.995-.376-2.75-1.13l-2.803-2.81C5.377 12.82 5 11.903 5 10.826c0-1.08.382-1.993 1.146-2.738L8.128 6.12C8.873 5.372 9.785 5 10.864 5c1.087 0 2.004.382 2.75 1.146l2.777 2.79c.75.747 1.12 1.66 1.12 2.737 0 1.105-.392 2.045-1.183 2.817l1.186 1.186c.774-.79 1.708-1.186 2.805-1.186 1.078 0 1.995.377 2.75 1.132l2.804 2.804c.754.755 1.13 1.672 1.13 2.75z\"\/><\/svg><\/span><\/a><a class=\"heateor_sss_more\" aria-label=\"More\" title=\"More\" rel=\"nofollow noopener\" style=\"font-size: 32px!important;border:0;box-shadow:none;display:inline-block!important;font-size:16px;padding:0 4px;vertical-align: middle;display:inline;\" href=\"https:\/\/cod.al\/index.php?rest_route=%2Fwp%2Fv2%2Fpages%2F4342\" onclick=\"event.preventDefault()\"><span class=\"heateor_sss_svg\" style=\"background-color:#ee8e2d;width:30px;height:30px;border-radius:999px;display:inline-block!important;opacity:1;float:left;font-size:32px!important;box-shadow:none;display:inline-block;font-size:16px;padding:0 4px;vertical-align:middle;display:inline;background-repeat:repeat;overflow:hidden;padding:0;cursor:pointer;box-sizing:content-box;\" onclick=\"heateorSssMoreSharingPopup(this, 'https:\/\/cod.al\/index.php?rest_route=%2Fwp%2Fv2%2Fpages%2F4342', 'Michel%20Setboun', '' )\"><svg xmlns=\"http:\/\/www.w3.org\/2000\/svg\" xmlns:xlink=\"http:\/\/www.w3.org\/1999\/xlink\" viewBox=\"-.3 0 32 32\" version=\"1.1\" width=\"100%\" height=\"100%\" style=\"display:block;border-radius:999px;\" xml:space=\"preserve\"><g><path fill=\"#fff\" d=\"M18 14V8h-4v6H8v4h6v6h4v-6h6v-4h-6z\" fill-rule=\"evenodd\"><\/path><\/g><\/svg><\/span><\/a><\/div><div class=\"heateorSssClear\"><\/div><\/div><\/strong>[\/vc_column_text][\/vc_column][\/vc_row][vc_row full_width=&#8221;stretch_row_content_no_spaces&#8221;][vc_column][vc_separator color=&#8221;black&#8221;][\/vc_column][\/vc_row][vc_row full_width=&#8221;stretch_row_content&#8221; gap=&#8221;2&#8243; content_placement=&#8221;middle&#8221;][vc_column][vc_gallery type=&#8221;image_grid&#8221; images=&#8221;4579,4584,4583,4582,4586,4581,4585,4589,4588,4587,4590,4580&#8243; img_size=&#8221;500&#215;400&#8243;][\/vc_column][\/vc_row]<\/p>\n","protected":false},"excerpt":{"rendered":"<p>[vc_row full_width=&#8221;stretch_row_content&#8221;][vc_column][vc_text_separator title=&#8221;MICHEL SETBOUN&#8221; i_icon_fontawesome=&#8221;fa fa-arrow-right&#8221; i_color=&#8221;black&#8221; i_size=&#8221;sm&#8221; title_align=&#8221;separator_align_left&#8221; color=&#8221;black&#8221; add_icon=&#8221;true&#8221;][\/vc_column][\/vc_row][vc_row full_width=&#8221;stretch_row_content&#8221;][vc_column width=&#8221;1\/4&#8243;][\/vc_column][vc_column width=&#8221;1\/2&#8243;][vc_cta_button2 h2=&#8221;\u2192 Ekspozita \u201cFundi. Fillimi Shqip\u00ebria. 1981-1991\u201d&#8221; h4=&#8221;nga Michel Setboun&#8221; style=&#8221;square_outlined&#8221; txt_align=&#8221;justify&#8221; title=&#8221;&#8221; btn_style=&#8221;square&#8221; color=&#8221;black&#8221; size=&#8221;sm&#8221; position=&#8221;left&#8221; css_animation=&#8221;appear&#8221; accent_color=&#8221;#000000&#8243; link=&#8221;||&#8221;]COD hapi p\u00ebr publikun, m\u00eb 6 korrik 2018,<\/p>\n","protected":false},"author":5,"featured_media":0,"parent":0,"menu_order":0,"comment_status":"closed","ping_status":"closed","template":"","meta":{"footnotes":""},"class_list":["post-4342","page","type-page","status-publish","hentry"],"_links":{"self":[{"href":"https:\/\/cod.al\/index.php?rest_route=\/wp\/v2\/pages\/4342","targetHints":{"allow":["GET"]}}],"collection":[{"href":"https:\/\/cod.al\/index.php?rest_route=\/wp\/v2\/pages"}],"about":[{"href":"https:\/\/cod.al\/index.php?rest_route=\/wp\/v2\/types\/page"}],"author":[{"embeddable":true,"href":"https:\/\/cod.al\/index.php?rest_route=\/wp\/v2\/users\/5"}],"replies":[{"embeddable":true,"href":"https:\/\/cod.al\/index.php?rest_route=%2Fwp%2Fv2%2Fcomments&post=4342"}],"version-history":[{"count":20,"href":"https:\/\/cod.al\/index.php?rest_route=\/wp\/v2\/pages\/4342\/revisions"}],"predecessor-version":[{"id":4617,"href":"https:\/\/cod.al\/index.php?rest_route=\/wp\/v2\/pages\/4342\/revisions\/4617"}],"wp:attachment":[{"href":"https:\/\/cod.al\/index.php?rest_route=%2Fwp%2Fv2%2Fmedia&parent=4342"}],"curies":[{"name":"wp","href":"https:\/\/api.w.org\/{rel}","templated":true}]}}