{"id":3641,"date":"2018-04-11T11:28:28","date_gmt":"2018-04-11T10:28:28","guid":{"rendered":"http:\/\/cod.al\/?page_id=3641"},"modified":"2018-06-12T14:39:26","modified_gmt":"2018-06-12T13:39:26","slug":"ornela-vorpsi-holli-protokollar","status":"publish","type":"page","link":"https:\/\/cod.al\/?page_id=3641","title":{"rendered":"Ornela Vorpsi Holli Protokollar"},"content":{"rendered":"<p>[vc_row][vc_column][vc_single_image image=&#8221;3647&#8243; img_size=&#8221;full&#8221; alignment=&#8221;center&#8221;][vc_column_text]<strong>PROVIDENCE<\/strong><br \/>\n<b><i>\u201cM\u00eb imagjino; un\u00eb s\u2019kam jet\u00eb, n\u00ebse ti nuk m\u00eb imagjinon.\u201d<br \/>\n<\/i><\/b>&#8211; Vladimir Nabokov, <i>Lolita<\/i><\/p>\n<p>Vepra e Ornela Vorpsit n\u00eb artet pamore ka nj\u00eb gam\u00eb t\u00eb gjer\u00eb mediumesh, procesesh e q\u00ebndrimesh estetike, si dhe nj\u00eb num\u00ebr impresionues veprash t\u00eb forta, t\u00eb p\u00ebrqendruara, me t\u00eb cilat ajo nd\u00ebrton nj\u00eb trilogji narrative n\u00eb piktur\u00eb, fotografi dhe video, po aq t\u00eb fuqishme e identifikuese sa edhe vepra e saj si shkrimtare e tregimtare. N\u00ebp\u00ebrmjet tyre, Ornela Vorpsi specifikon edhe m\u00eb shum\u00eb diametrin e temave, p\u00ebrmes t\u00eb cilave ajo ka nd\u00ebrtuar tashm\u00eb kanonin e saj artistik prej rreth 20 vitesh: brisht\u00ebsia dhe fort\u00ebsia fem\u00ebrore; bukuria fizike si shqet\u00ebsim artistik; estetika si obsesion i pashmangsh\u00ebm; d\u00ebshtimi n\u00eb posedimin e vetes, tjetrit; pamund\u00ebsia e subjektives si etalon p\u00ebr matjen e s\u00eb p\u00ebrgjithshmes dhe ideja e trupit si foleja e jet\u00ebs, si nj\u00eb<\/p>\n<p>cilind\u00ebr n\u00ebn presionin e emocioneve. Vorpsi, edhe pse e njohur m\u00eb s\u00eb shumti p\u00ebr proz\u00ebn e saj t\u00eb shkruar fillimisht drejtp\u00ebrs\u00ebdrejti n\u00eb italisht, &#8211; e prej disa vitesh n\u00eb fr\u00ebngjisht, &#8211; ka formim t\u00eb plot\u00eb akademik n\u00eb artet pamore, fillimisht n\u00eb Tiran\u00eb dhe m\u00eb pas n\u00eb Brera, Milano. Narrativja dhe pamorja te Vorpsi jan\u00eb vazhdim i nj\u00ebra \u2013 tjetr\u00ebs; ato stimulojn\u00eb nj\u00ebra \u2013 tjetr\u00ebn dhe nuk mund t\u00eb ndahen dot.<\/p>\n<p>Vepra pamore e Vorpsit ka si themel bot\u00ebn sensuale, emocionale dhe n\u00eb kontrast me shumic\u00ebn e artit konceptual e bashk\u00ebkohor, shprehet p\u00ebrmes nj\u00eb strukture t\u00eb qart\u00eb e ritmi t\u00eb balancuar, duke dh\u00ebn\u00eb n\u00eb \u00e7do vep\u00ebr thell\u00ebsin\u00eb e nj\u00eb hap\u00ebsire t\u00eb dyfisht\u00eb \u2013 t\u00eb brendshme dhe t\u00eb jashtme. N\u00ebp\u00ebrmjet nj\u00eb gjuhe realiste, figurative, mediumeve t\u00eb thjeshta, primare, si vizatimi me laps e piktura n\u00eb vaj, dhe sidomos nj\u00eb forme klasike n\u00eb kompozim, Vorpsi p\u00ebrqendrohet intensivisht n\u00eb cil\u00ebsit\u00eb formale t\u00eb subjektit t\u00eb portretizuar, duke synuar hapjen e tyre drejt interpretimeve t\u00eb reja narrative dhe reflektimin mbi to nga nj\u00eb qasje humaniste, poetike. K\u00ebshtu, n\u00eb pun\u00ebn e saj krijuese bashkohen n\u00eb dukje dy parime t\u00eb kund\u00ebrta, poezia e piktur\u00ebs dhe nd\u00ebrtimi klasik i tablos\u00eb.<\/p>\n<p>N\u00ebse ka nj\u00eb surpriz\u00eb n\u00eb p\u00ebrballje me vepr\u00ebn e saj n\u00eb k\u00ebt\u00eb ekspozit\u00eb t\u00eb par\u00eb personale n\u00eb Shqip\u00ebri, q\u00eb pas largimit prej m\u00eb shum\u00eb se nj\u00eb \u00e7erekshekulli m\u00eb par\u00eb n\u00eb Itali n\u00eb 1991, \u00ebsht\u00eb ajo q\u00eb vepra e saj n\u00eb arte pamore k\u00ebtu i shmanget me sukses turbulencave politiko-historike shqiptare, p\u00ebr t\u00eb cilat shquhen romanet e saj. Por kjo vjen se vepra pamore e Vorpsit nuk ka t\u00eb b\u00ebj\u00eb specifikisht me ide t\u00eb p\u00ebrgjithshme, t\u00eb m\u00ebdha, historike, pasi ato duken t\u00eb pamundura p\u00ebr t\u00eb gjeneruar kureshtje t\u00eb mjaftueshme tek ajo. Vorpsi, ashtu si t\u00eb gjith\u00eb artist\u00ebt e mir\u00eb, dep\u00ebrtues, \u00ebsht\u00eb e interesuar te vizioni i ve\u00e7ant\u00eb, n\u00eb holl\u00ebsit\u00eb e vogla, sidomos n\u00eb djallin e vog\u00ebl q\u00eb banon n\u00eb sht\u00ebpin\u00eb e detajeve fine, n\u00eb ato gj\u00ebra q\u00eb kan\u00eb nj\u00eb fund (me pak fjal\u00eb, n\u00eb t\u00eb vdekshmen), n\u00eb t\u00eb par\u00ebnd\u00ebsishmen, n\u00eb momentalen dhe kalimtaren. Ashtu si Nabokovi, me t\u00eb cilin ajo ndan shum\u00eb, vepra e saj na thot\u00eb dhe na konfirmon edhe nj\u00eb her\u00eb: <i>\u201cRealiteti nuk \u00ebsht\u00eb as subjekt, as objekt i artit t\u00eb v\u00ebrtet\u00eb; arti i v\u00ebrtet\u00eb krijon realitetin e tij t\u00eb ve\u00e7ant\u00eb q\u00eb nuk ka t\u00eb b\u00ebj\u00eb fare me \u201crealitetin\u201d e p\u00ebrgjithsh\u00ebm t\u00eb perceptuar nga syri mesatar\u201d.<\/i> N\u00eb koherenc\u00eb me k\u00ebt\u00eb maksim\u00eb, n\u00eb vepr\u00ebn e saj vizuale Vorpsi shfaq nj\u00eb kontroll t\u00eb plot\u00eb mbi materien e zgjedhur si p\u00ebrmbajtje dhe si trajtim.<\/p>\n<p>Autoportretet e Vorpsit n\u00eb piktur\u00eb jan\u00eb disa prej veprave m\u00eb t\u00eb mira t\u00eb artistes. N\u00eb to, retrospektiva, introspektiva dhe perspektiva shkrijn\u00eb kufijt\u00eb e secil\u00ebs nga pik\u00ebpamja formale dhe formojn\u00eb nj\u00eb mas\u00eb emotive turbulence emocionale, duke reflektuar me habi dhe melankoli n\u00eb zbulimin e vet\u00eb vizionit q\u00eb i krijon. Transformimi i fytyr\u00ebs s\u00eb saj n\u00eb nj\u00eb seri metaformozash, her\u00eb si mace e her\u00eb si nj\u00eb kafsh\u00eb e p\u00ebrgjakur, tregon se artistja k\u00ebrkon t\u00eb nxjerr\u00eb nga thell\u00ebsit\u00eb ende t\u00eb pashprehura emocionale t\u00eb saj d\u00ebshir\u00ebn p\u00ebr ikje dhe arrati nga vetja, si nj\u00eb mekaniz\u00ebm \u00e7lirues psikologjik, por edhe si nj\u00eb m\u00ebnyr\u00eb p\u00ebr t\u00eb jetuar p\u00ebrtej standardit njer\u00ebzor (macet, n\u00eb folklorin e shum\u00eb popujve kan\u00eb m\u00eb shum\u00eb se nj\u00eb jet\u00eb; nga gjasht\u00eb deri n\u00eb n\u00ebnt\u00eb). Autoportretet e saj nuk n\u00ebnkuptojn\u00eb aq shum\u00eb pranin\u00eb e dyshimit ekzistencial, pakuptimshm\u00ebrin\u00eb e jet\u00ebs dhe kalimin e koh\u00ebs, por hutimin absolut para fenomenit jet\u00eb. K\u00ebtu, n\u00eb autoportretet e Vorpsit, Superegoja, Egoja dhe Id-i takohen n\u00eb sip\u00ebrfaqen e planit piktorik, me habi n\u00eb ekzistenc\u00ebn e nj\u00ebri-tjetrit. Q\u00eb \u00ebsht\u00eb habia e secilit prej nesh para nj\u00eb fytyre, para nj\u00eb pasqyre. Apo ashtu si do t\u00eb shprehej Carlo Levi <i>\u201cmelankolia klasike, e dhimbshme e t\u00eb jetuarit n\u00eb koh\u00ebn ton\u00eb.\u201d<\/i><\/p>\n<p>Cikli <i>\u2018Sh\u00ebtitje\u2019 <\/i>tregon p\u00ebrmes skenash t\u00eb thjeshta p\u00ebrditshm\u00ebrie p\u00ebr lidhjen bab\u00eb-bij\u00eb, p\u00ebr momente q\u00eb secili shkul nga trungu i t\u00eb zakonshmes dhe i kthen n\u00eb nj\u00eb ditar personal vizual ekzistencial. Personazhet e tablove k\u00ebtu, i shoqi dhe e bija, nuk pozojn\u00eb, nuk ngrijn\u00eb n\u00eb momente dometh\u00ebn\u00ebse, por vazhdojn\u00eb jet\u00ebn normalisht.<\/p>\n<p>Ashtu si Pierre Bonnard (me t\u00eb cilin Ornela Vorpsi ndan shum\u00eb) q\u00eb pikturonte Mart\u00ebn, t\u00eb shoqen, pafund\u00ebsisht, ashtu dhe Vorpsi, tek e zakonshmja, tek e p\u00ebrditshmja gjen piktoriken, artistiken. Artistja e pohon dhe vet\u00eb k\u00ebt\u00eb q\u00ebndrim, kur thot\u00eb: <i>\u201cKrijimi im artistik ka nevoj\u00eb t\u00eb g\u00ebrmoj\u00eb n\u00eb thell\u00ebsit\u00eb e shpirtit njer\u00ebzor. Subjektet e mia t\u00eb momentit jan\u00eb fytyrat, trupat. Observoj n\u00ebp\u00ebrmjet piktur\u00ebs, si ato \u00abulen\u00bb n\u00eb k\u00ebt\u00eb eksiztenc\u00eb \u00abjoevidente\u00bb.\u201d<\/i> Po t\u00eb parafrazojm\u00eb Kimmelman kur shkruan p\u00ebr Bonnard, ky q\u00ebndrim \u201d&#8230; provon se nj\u00eb bot\u00eb e kufizuar mund t\u00eb duket e jasht\u00ebzakonshme, e par\u00eb p\u00ebrmes nj\u00eb imagjinate t\u00eb pasur.\u201d<\/p>\n<p>Fotografia \u00ebsht\u00eb nj\u00eb nga mediumet me t\u00eb cilat Vorpsi ka nj\u00eb lidhje organike. P\u00ebrmes ciklesh t\u00eb plota, duke nisur q\u00eb nga <i>\u2018Nothing Obvious\u2019 <\/i>(2001), e m\u00eb von\u00eb, Vorpsi, te kamera fotografike ka gjetur nj\u00eb medium n\u00ebp\u00ebrmjet t\u00eb cilit shfaq nj\u00eb an\u00eb tjet\u00ebr t\u00eb instinktit t\u00eb saj krijues, por edhe nj\u00eb mekaniz\u00ebm shtes\u00eb n\u00eb krijimin e autoportretit t\u00eb saj, poliedrik dhe t\u00eb shum\u00ebshtrez\u00ebsuar, nj\u00eb pen\u00eb t\u00eb re, me t\u00eb cil\u00ebn ajo shkruan vizualisht. Imazhet e saj, n\u00eb shumic\u00ebn d\u00ebrrmuese tregojn\u00eb femra nudo, ku trupi \u00ebsht\u00eb pjes\u00ebrisht ose gati krejt\u00ebsisht n\u00eb hije e, p\u00ebrmes imazheve q\u00eb duket sikur jetojn\u00eb nd\u00ebrmjet \u00ebndrr\u00ebs dhe realitetit, shfaqin bukuri fizike gati ideale. Mir\u00ebpo, fuqia e pun\u00ebs s\u00eb saj q\u00ebndron pik\u00ebrisht te disonanca, ku fokusi \u00ebsht\u00eb realisht jo truporja dhe fizikja e p\u00ebrkryer, por dhimbja shpirt\u00ebrore q\u00eb nuk ka as em\u00ebr dhe as sh\u00ebrim.<\/p>\n<p>Dhe nga kjo pozit\u00eb strategjike si krijuese dhe demiurge Vorpsi p\u00ebrpiqet t\u00eb sh\u00ebroj\u00eb trupin, njeriun, shpirtin, sado i vrazhd\u00eb e i mbushur me padrejt\u00ebsi dhe absurditet t\u00eb jet\u00eb realiteti.<\/p>\n<p><strong>Genti Gjikola<\/strong><br \/>\nMars 2018[\/vc_column_text][\/vc_column][\/vc_row][vc_row][vc_column][vc_column_text]<strong><div class=\"heateor_sss_sharing_container heateor_sss_horizontal_sharing\" data-heateor-ss-offset=\"0\" data-heateor-sss-href='https:\/\/cod.al\/index.php?rest_route=%2Fwp%2Fv2%2Fpages%2F3641'><div class=\"heateor_sss_sharing_ul\"><a aria-label=\"Facebook\" class=\"heateor_sss_facebook\" href=\"https:\/\/www.facebook.com\/sharer\/sharer.php?u=https%3A%2F%2Fcod.al%2Findex.php%3Frest_route%3D%252Fwp%252Fv2%252Fpages%252F3641\" title=\"Facebook\" rel=\"nofollow noopener\" target=\"_blank\" style=\"font-size:32px!important;box-shadow:none;display:inline-block;vertical-align:middle\"><span class=\"heateor_sss_svg\" style=\"background-color:#0765FE;width:30px;height:30px;border-radius:999px;display:inline-block;opacity:1;float:left;font-size:32px;box-shadow:none;display:inline-block;font-size:16px;padding:0 4px;vertical-align:middle;background-repeat:repeat;overflow:hidden;padding:0;cursor:pointer;box-sizing:content-box\"><svg style=\"display:block;border-radius:999px;\" focusable=\"false\" aria-hidden=\"true\" xmlns=\"http:\/\/www.w3.org\/2000\/svg\" width=\"100%\" height=\"100%\" viewBox=\"0 0 32 32\"><path fill=\"#fff\" d=\"M28 16c0-6.627-5.373-12-12-12S4 9.373 4 16c0 5.628 3.875 10.35 9.101 11.647v-7.98h-2.474V16H13.1v-1.58c0-4.085 1.849-5.978 5.859-5.978.76 0 2.072.15 2.608.298v3.325c-.283-.03-.775-.045-1.386-.045-1.967 0-2.728.745-2.728 2.683V16h3.92l-.673 3.667h-3.247v8.245C23.395 27.195 28 22.135 28 16Z\"><\/path><\/svg><\/span><\/a><a aria-label=\"Twitter\" class=\"heateor_sss_button_twitter\" href=\"https:\/\/twitter.com\/intent\/tweet?text=Ornela%20Vorpsi%20Holli%20Protokollar&url=https%3A%2F%2Fcod.al%2Findex.php%3Frest_route%3D%252Fwp%252Fv2%252Fpages%252F3641\" title=\"Twitter\" rel=\"nofollow noopener\" target=\"_blank\" style=\"font-size:32px!important;box-shadow:none;display:inline-block;vertical-align:middle\"><span class=\"heateor_sss_svg heateor_sss_s__default heateor_sss_s_twitter\" style=\"background-color:#55acee;width:30px;height:30px;border-radius:999px;display:inline-block;opacity:1;float:left;font-size:32px;box-shadow:none;display:inline-block;font-size:16px;padding:0 4px;vertical-align:middle;background-repeat:repeat;overflow:hidden;padding:0;cursor:pointer;box-sizing:content-box\"><svg style=\"display:block;border-radius:999px;\" focusable=\"false\" aria-hidden=\"true\" xmlns=\"http:\/\/www.w3.org\/2000\/svg\" width=\"100%\" height=\"100%\" viewBox=\"-4 -4 39 39\"><path d=\"M28 8.557a9.913 9.913 0 0 1-2.828.775 4.93 4.93 0 0 0 2.166-2.725 9.738 9.738 0 0 1-3.13 1.194 4.92 4.92 0 0 0-3.593-1.55 4.924 4.924 0 0 0-4.794 6.049c-4.09-.21-7.72-2.17-10.15-5.15a4.942 4.942 0 0 0-.665 2.477c0 1.71.87 3.214 2.19 4.1a4.968 4.968 0 0 1-2.23-.616v.06c0 2.39 1.7 4.38 3.952 4.83-.414.115-.85.174-1.297.174-.318 0-.626-.03-.928-.086a4.935 4.935 0 0 0 4.6 3.42 9.893 9.893 0 0 1-6.114 2.107c-.398 0-.79-.023-1.175-.068a13.953 13.953 0 0 0 7.55 2.213c9.056 0 14.01-7.507 14.01-14.013 0-.213-.005-.426-.015-.637.96-.695 1.795-1.56 2.455-2.55z\" fill=\"#fff\"><\/path><\/svg><\/span><\/a><a aria-label=\"Instagram\" class=\"heateor_sss_button_instagram\" href=\"https:\/\/www.instagram.com\/\" title=\"Instagram\" rel=\"nofollow noopener\" target=\"_blank\" style=\"font-size:32px!important;box-shadow:none;display:inline-block;vertical-align:middle\"><span class=\"heateor_sss_svg\" style=\"background-color:#53beee;width:30px;height:30px;border-radius:999px;display:inline-block;opacity:1;float:left;font-size:32px;box-shadow:none;display:inline-block;font-size:16px;padding:0 4px;vertical-align:middle;background-repeat:repeat;overflow:hidden;padding:0;cursor:pointer;box-sizing:content-box\"><svg style=\"display:block;border-radius:999px;\" version=\"1.1\" viewBox=\"-10 -10 148 148\" width=\"100%\" height=\"100%\" xml:space=\"preserve\" xmlns=\"http:\/\/www.w3.org\/2000\/svg\" xmlns:xlink=\"http:\/\/www.w3.org\/1999\/xlink\"><g><g><path d=\"M86,112H42c-14.336,0-26-11.663-26-26V42c0-14.337,11.664-26,26-26h44c14.337,0,26,11.663,26,26v44 C112,100.337,100.337,112,86,112z M42,24c-9.925,0-18,8.074-18,18v44c0,9.925,8.075,18,18,18h44c9.926,0,18-8.075,18-18V42 c0-9.926-8.074-18-18-18H42z\" fill=\"#fff\"><\/path><\/g><g><path d=\"M64,88c-13.234,0-24-10.767-24-24c0-13.234,10.766-24,24-24s24,10.766,24,24C88,77.233,77.234,88,64,88z M64,48c-8.822,0-16,7.178-16,16s7.178,16,16,16c8.822,0,16-7.178,16-16S72.822,48,64,48z\" fill=\"#fff\"><\/path><\/g><g><circle cx=\"89.5\" cy=\"38.5\" fill=\"#fff\" r=\"5.5\"><\/circle><\/g><\/g><\/svg><\/span><\/a><a target=\"_blank\" aria-label=\"Facebook Messenger\" class=\"heateor_sss_button_facebook_messenger\" href=\"https:\/\/www.facebook.com\/dialog\/send?app_id=1904103319867886&display=popup&link=https%3A%2F%2Fcod.al%2Findex.php%3Frest_route%3D%252Fwp%252Fv2%252Fpages%252F3641&redirect_uri=https%3A%2F%2Fcod.al%2Findex.php%3Frest_route%3D%252Fwp%252Fv2%252Fpages%252F3641\" style=\"font-size:32px!important;box-shadow:none;display:inline-block;vertical-align:middle\"><span class=\"heateor_sss_svg heateor_sss_s__default heateor_sss_s_facebook_messenger\" style=\"background-color:#0084ff;width:30px;height:30px;border-radius:999px;display:inline-block;opacity:1;float:left;font-size:32px;box-shadow:none;display:inline-block;font-size:16px;padding:0 4px;vertical-align:middle;background-repeat:repeat;overflow:hidden;padding:0;cursor:pointer;box-sizing:content-box\"><svg style=\"display:block;border-radius:999px;\" focusable=\"false\" aria-hidden=\"true\" xmlns=\"http:\/\/www.w3.org\/2000\/svg\" width=\"100%\" height=\"100%\" viewBox=\"-2 -2 36 36\"><path fill=\"#fff\" d=\"M16 5C9.986 5 5.11 9.56 5.11 15.182c0 3.2 1.58 6.054 4.046 7.92V27l3.716-2.06c.99.276 2.04.425 3.128.425 6.014 0 10.89-4.56 10.89-10.183S22.013 5 16 5zm1.147 13.655L14.33 15.73l-5.423 3 5.946-6.31 2.816 2.925 5.42-3-5.946 6.31z\"\/><\/svg><\/span><\/a><a aria-label=\"Email\" class=\"heateor_sss_email\" href=\"https:\/\/cod.al\/index.php?rest_route=%2Fwp%2Fv2%2Fpages%2F3641\" onclick=\"event.preventDefault();window.open('mailto:?subject=' + decodeURIComponent('Ornela%20Vorpsi%20Holli%20Protokollar').replace('&', '%26') + '&body=https%3A%2F%2Fcod.al%2Findex.php%3Frest_route%3D%252Fwp%252Fv2%252Fpages%252F3641', '_blank')\" title=\"Email\" rel=\"noopener\" style=\"font-size:32px!important;box-shadow:none;display:inline-block;vertical-align:middle\"><span class=\"heateor_sss_svg\" style=\"background-color:#649a3f;width:30px;height:30px;border-radius:999px;display:inline-block;opacity:1;float:left;font-size:32px;box-shadow:none;display:inline-block;font-size:16px;padding:0 4px;vertical-align:middle;background-repeat:repeat;overflow:hidden;padding:0;cursor:pointer;box-sizing:content-box\"><svg style=\"display:block;border-radius:999px;\" focusable=\"false\" aria-hidden=\"true\" xmlns=\"http:\/\/www.w3.org\/2000\/svg\" width=\"100%\" height=\"100%\" viewBox=\"-.75 -.5 36 36\"><path d=\"M 5.5 11 h 23 v 1 l -11 6 l -11 -6 v -1 m 0 2 l 11 6 l 11 -6 v 11 h -22 v -11\" stroke-width=\"1\" fill=\"#fff\"><\/path><\/svg><\/span><\/a><a aria-label=\"Copy Link\" class=\"heateor_sss_button_copy_link\" title=\"Copy Link\" rel=\"noopener\" href=\"https:\/\/cod.al\/index.php?rest_route=%2Fwp%2Fv2%2Fpages%2F3641\" onclick=\"event.preventDefault()\" style=\"font-size:32px!important;box-shadow:none;display:inline-block;vertical-align:middle\"><span class=\"heateor_sss_svg heateor_sss_s__default heateor_sss_s_copy_link\" style=\"background-color:#ffc112;width:30px;height:30px;border-radius:999px;display:inline-block;opacity:1;float:left;font-size:32px;box-shadow:none;display:inline-block;font-size:16px;padding:0 4px;vertical-align:middle;background-repeat:repeat;overflow:hidden;padding:0;cursor:pointer;box-sizing:content-box\"><svg style=\"display:block;border-radius:999px;\" focusable=\"false\" aria-hidden=\"true\" xmlns=\"http:\/\/www.w3.org\/2000\/svg\" width=\"100%\" height=\"100%\" viewBox=\"-4 -4 40 40\"><path fill=\"#fff\" d=\"M24.412 21.177c0-.36-.126-.665-.377-.917l-2.804-2.804a1.235 1.235 0 0 0-.913-.378c-.377 0-.7.144-.97.43.026.028.11.11.255.25.144.14.24.236.29.29s.117.14.2.256c.087.117.146.232.177.344.03.112.046.236.046.37 0 .36-.126.666-.377.918a1.25 1.25 0 0 1-.918.377 1.4 1.4 0 0 1-.373-.047 1.062 1.062 0 0 1-.345-.175 2.268 2.268 0 0 1-.256-.2 6.815 6.815 0 0 1-.29-.29c-.14-.142-.223-.23-.25-.254-.297.28-.445.607-.445.984 0 .36.126.664.377.916l2.778 2.79c.243.243.548.364.917.364.36 0 .665-.118.917-.35l1.982-1.97c.252-.25.378-.55.378-.9zm-9.477-9.504c0-.36-.126-.665-.377-.917l-2.777-2.79a1.235 1.235 0 0 0-.913-.378c-.35 0-.656.12-.917.364L7.967 9.92c-.254.252-.38.553-.38.903 0 .36.126.665.38.917l2.802 2.804c.242.243.547.364.916.364.377 0 .7-.14.97-.418-.026-.027-.11-.11-.255-.25s-.24-.235-.29-.29a2.675 2.675 0 0 1-.2-.255 1.052 1.052 0 0 1-.176-.344 1.396 1.396 0 0 1-.047-.37c0-.36.126-.662.377-.914.252-.252.557-.377.917-.377.136 0 .26.015.37.046.114.03.23.09.346.175.117.085.202.153.256.2.054.05.15.148.29.29.14.146.222.23.25.258.294-.278.442-.606.442-.983zM27 21.177c0 1.078-.382 1.99-1.146 2.736l-1.982 1.968c-.745.75-1.658 1.12-2.736 1.12-1.087 0-2.004-.38-2.75-1.143l-2.777-2.79c-.75-.747-1.12-1.66-1.12-2.737 0-1.106.392-2.046 1.183-2.818l-1.186-1.185c-.774.79-1.708 1.186-2.805 1.186-1.078 0-1.995-.376-2.75-1.13l-2.803-2.81C5.377 12.82 5 11.903 5 10.826c0-1.08.382-1.993 1.146-2.738L8.128 6.12C8.873 5.372 9.785 5 10.864 5c1.087 0 2.004.382 2.75 1.146l2.777 2.79c.75.747 1.12 1.66 1.12 2.737 0 1.105-.392 2.045-1.183 2.817l1.186 1.186c.774-.79 1.708-1.186 2.805-1.186 1.078 0 1.995.377 2.75 1.132l2.804 2.804c.754.755 1.13 1.672 1.13 2.75z\"\/><\/svg><\/span><\/a><a class=\"heateor_sss_more\" aria-label=\"More\" title=\"More\" rel=\"nofollow noopener\" style=\"font-size: 32px!important;border:0;box-shadow:none;display:inline-block!important;font-size:16px;padding:0 4px;vertical-align: middle;display:inline;\" href=\"https:\/\/cod.al\/index.php?rest_route=%2Fwp%2Fv2%2Fpages%2F3641\" onclick=\"event.preventDefault()\"><span class=\"heateor_sss_svg\" style=\"background-color:#ee8e2d;width:30px;height:30px;border-radius:999px;display:inline-block!important;opacity:1;float:left;font-size:32px!important;box-shadow:none;display:inline-block;font-size:16px;padding:0 4px;vertical-align:middle;display:inline;background-repeat:repeat;overflow:hidden;padding:0;cursor:pointer;box-sizing:content-box;\" onclick=\"heateorSssMoreSharingPopup(this, 'https:\/\/cod.al\/index.php?rest_route=%2Fwp%2Fv2%2Fpages%2F3641', 'Ornela%20Vorpsi%20Holli%20Protokollar', '' )\"><svg xmlns=\"http:\/\/www.w3.org\/2000\/svg\" xmlns:xlink=\"http:\/\/www.w3.org\/1999\/xlink\" viewBox=\"-.3 0 32 32\" version=\"1.1\" width=\"100%\" height=\"100%\" style=\"display:block;border-radius:999px;\" xml:space=\"preserve\"><g><path fill=\"#fff\" d=\"M18 14V8h-4v6H8v4h6v6h4v-6h6v-4h-6z\" fill-rule=\"evenodd\"><\/path><\/g><\/svg><\/span><\/a><\/div><div class=\"heateorSssClear\"><\/div><\/div><\/strong>[\/vc_column_text][\/vc_column][\/vc_row]<\/p>\n","protected":false},"excerpt":{"rendered":"<p>[vc_row][vc_column][vc_single_image image=&#8221;3647&#8243; img_size=&#8221;full&#8221; alignment=&#8221;center&#8221;][vc_column_text]PROVIDENCE \u201cM\u00eb imagjino; un\u00eb s\u2019kam jet\u00eb, n\u00ebse ti nuk m\u00eb imagjinon.\u201d &#8211; Vladimir Nabokov, Lolita Vepra e Ornela Vorpsit n\u00eb artet pamore ka nj\u00eb gam\u00eb t\u00eb gjer\u00eb mediumesh, procesesh e q\u00ebndrimesh estetike, si dhe nj\u00eb num\u00ebr impresionues<\/p>\n","protected":false},"author":5,"featured_media":0,"parent":0,"menu_order":0,"comment_status":"closed","ping_status":"closed","template":"","meta":{"footnotes":""},"class_list":["post-3641","page","type-page","status-publish","hentry"],"_links":{"self":[{"href":"https:\/\/cod.al\/index.php?rest_route=\/wp\/v2\/pages\/3641","targetHints":{"allow":["GET"]}}],"collection":[{"href":"https:\/\/cod.al\/index.php?rest_route=\/wp\/v2\/pages"}],"about":[{"href":"https:\/\/cod.al\/index.php?rest_route=\/wp\/v2\/types\/page"}],"author":[{"embeddable":true,"href":"https:\/\/cod.al\/index.php?rest_route=\/wp\/v2\/users\/5"}],"replies":[{"embeddable":true,"href":"https:\/\/cod.al\/index.php?rest_route=%2Fwp%2Fv2%2Fcomments&post=3641"}],"version-history":[{"count":7,"href":"https:\/\/cod.al\/index.php?rest_route=\/wp\/v2\/pages\/3641\/revisions"}],"predecessor-version":[{"id":4184,"href":"https:\/\/cod.al\/index.php?rest_route=\/wp\/v2\/pages\/3641\/revisions\/4184"}],"wp:attachment":[{"href":"https:\/\/cod.al\/index.php?rest_route=%2Fwp%2Fv2%2Fmedia&parent=3641"}],"curies":[{"name":"wp","href":"https:\/\/api.w.org\/{rel}","templated":true}]}}