{"id":3304,"date":"2017-06-23T13:46:45","date_gmt":"2017-06-23T12:46:45","guid":{"rendered":"http:\/\/cod.al\/?page_id=3304"},"modified":"2017-07-04T14:11:14","modified_gmt":"2017-07-04T13:11:14","slug":"tami-notsani","status":"publish","type":"page","link":"https:\/\/cod.al\/?page_id=3304","title":{"rendered":"Tami Notsani"},"content":{"rendered":"<p>[vc_row][vc_column][vc_column_text]<a href=\"http:\/\/cod.al\/wp-content\/uploads\/2017\/06\/Portrait-\u00a9-Tami-Notsani.jpg\"><img loading=\"lazy\" decoding=\"async\" class=\"aligncenter size-large wp-image-3313\" src=\"http:\/\/cod.al\/wp-content\/uploads\/2017\/06\/Portrait-\u00a9-Tami-Notsani-1024x1024.jpg\" alt=\"Portrait \u00a9 Tami Notsani\" width=\"720\" height=\"720\" srcset=\"https:\/\/cod.al\/wp-content\/uploads\/2017\/06\/Portrait-\u00a9-Tami-Notsani-1024x1024.jpg 1024w, https:\/\/cod.al\/wp-content\/uploads\/2017\/06\/Portrait-\u00a9-Tami-Notsani-150x150.jpg 150w, https:\/\/cod.al\/wp-content\/uploads\/2017\/06\/Portrait-\u00a9-Tami-Notsani-300x300.jpg 300w, https:\/\/cod.al\/wp-content\/uploads\/2017\/06\/Portrait-\u00a9-Tami-Notsani-230x230.jpg 230w, https:\/\/cod.al\/wp-content\/uploads\/2017\/06\/Portrait-\u00a9-Tami-Notsani-365x365.jpg 365w, https:\/\/cod.al\/wp-content\/uploads\/2017\/06\/Portrait-\u00a9-Tami-Notsani-500x500.jpg 500w\" sizes=\"auto, (max-width: 720px) 100vw, 720px\" \/><\/a><\/p>\n<p style=\"text-align: left;\">E lindur n\u00eb Haifa m\u00eb 1972, Tami Notsani jeton e punon n\u00eb Paris dhe Izrael. Ajo u diplomua nga Fresnoy n\u00eb Turcoing dhe n\u00eb Akademin\u00eb e Arteve t\u00eb Bukura Bezalel n\u00eb Jeruzalem. Artistja ekspozon rregullisht n\u00eb Franc\u00eb dhe jasht\u00eb saj. Ekspozitat e fundit jan\u00eb shfaqur n\u00eb Mamco &#8211; Gjenev\u00eb, Nuit blanche &#8211; Paris, MNHA, Luksemburg, Muzeu i Artit Ashdod &#8211; Izrael, MUCEM &#8211; Marsej\u00eb 2013. Notsani ka marr\u00eb pjes\u00eb n\u00eb disa rezidenca artist\u00ebsh dhe \u00ebsht\u00eb nderuar me \u00e7mime t\u00eb shumta. Puna e saj \u00ebsht\u00eb pjes\u00eb e disa koleksioneve n\u00eb Europ\u00eb, SHBA dhe Izrael.<\/p>\n<p>Praktika e artit tim fotografik \u00ebsht\u00eb e rr\u00ebnjosur n\u00eb portrete dhe peizazhe. Duke zbuluar marr\u00ebdh\u00ebnien mes identitetit, kultur\u00ebs, territorit dhe vendit, m\u00eb s\u00eb shumti dokumentoj imazhe nga ngjarjet, p\u00ebrvojat dhe pasazhet e jet\u00ebs.<\/p>\n<p>&nbsp;<\/p>\n<p><span style=\"font-weight: 400;\">Qofshin vende t\u00eb njohura apo familjare, t\u00eb frym\u00ebzuara nga njer\u00ebzit dhe ajo q\u00eb i rrethon, arrij ta kuptoj menj\u00ebher\u00eb, ndaj shum\u00eb nga projektet e mia ndjekin transformimin e subjektit p\u00ebr nj\u00eb periudh\u00eb t\u00eb gjat\u00eb\u00a0<\/span><span style=\"font-weight: 400;\">kohe. Eksplorimi i imazhit fotografik, fotografimi dhe p\u00ebrs\u00ebri fotografimi i t\u00eb nj\u00ebjtit subjekt\u00a0<\/span><span style=\"font-weight: 400;\">her\u00eb pas here, zbulon nj\u00eb gjendje themelore njer\u00ebzore n\u00eb nj\u00eb shoq\u00ebri gjithnj\u00eb n\u00eb ndryshim.<\/span><span style=\"font-weight: 400;\">\u00a0<\/span><\/p>\n<p><span style=\"font-weight: 400;\">Duke filluar nga pamjet arkivore t\u00eb dit\u00ebve t\u00eb shkuara ose nga fotografit\u00eb tradicionale\u00a0<\/span><span style=\"font-weight: 400;\">dhe filmi, te mediat e sotme digjitale dhe aplikacionet e tyre t\u00eb ndryshme sociale,\u00a0<\/span><span style=\"font-weight: 400;\">aksesi i publikut gjithashtu, pyes veten se si ne i shk\u00ebmbejm\u00eb, i publikojm\u00eb dhe i ndajm\u00eb imazhet personale n\u00eb lidhje me hap\u00ebsir\u00ebn publike e private, dhe se si ndikon kjo n\u00eb m\u00ebnyrat se si i\u00a0<\/span><span style=\"font-weight: 400;\">p\u00ebrcjellim imazhet rreth asaj se kush jemi dhe prej nga kemi ardhur.<\/span><\/p>\n<p><span style=\"font-weight: 400;\">Punimet e mia t\u00eb fundit shfaqin performanca pjes\u00ebmarr\u00ebse dhe instalacione, ku spektator\u00ebt b\u00ebhen pjes\u00eb aktive n\u00eb zhvillimin e projektit.<\/span>[\/vc_column_text][\/vc_column][\/vc_row]<\/p>\n","protected":false},"excerpt":{"rendered":"<p>[vc_row][vc_column][vc_column_text] E lindur n\u00eb Haifa m\u00eb 1972, Tami Notsani jeton e punon n\u00eb Paris dhe Izrael. Ajo u diplomua nga Fresnoy n\u00eb Turcoing dhe n\u00eb Akademin\u00eb e Arteve t\u00eb Bukura Bezalel n\u00eb Jeruzalem. Artistja ekspozon rregullisht n\u00eb Franc\u00eb dhe jasht\u00eb<\/p>\n","protected":false},"author":5,"featured_media":0,"parent":0,"menu_order":0,"comment_status":"closed","ping_status":"closed","template":"","meta":{"footnotes":""},"class_list":["post-3304","page","type-page","status-publish","hentry"],"_links":{"self":[{"href":"https:\/\/cod.al\/index.php?rest_route=\/wp\/v2\/pages\/3304","targetHints":{"allow":["GET"]}}],"collection":[{"href":"https:\/\/cod.al\/index.php?rest_route=\/wp\/v2\/pages"}],"about":[{"href":"https:\/\/cod.al\/index.php?rest_route=\/wp\/v2\/types\/page"}],"author":[{"embeddable":true,"href":"https:\/\/cod.al\/index.php?rest_route=\/wp\/v2\/users\/5"}],"replies":[{"embeddable":true,"href":"https:\/\/cod.al\/index.php?rest_route=%2Fwp%2Fv2%2Fcomments&post=3304"}],"version-history":[{"count":5,"href":"https:\/\/cod.al\/index.php?rest_route=\/wp\/v2\/pages\/3304\/revisions"}],"predecessor-version":[{"id":3314,"href":"https:\/\/cod.al\/index.php?rest_route=\/wp\/v2\/pages\/3304\/revisions\/3314"}],"wp:attachment":[{"href":"https:\/\/cod.al\/index.php?rest_route=%2Fwp%2Fv2%2Fmedia&parent=3304"}],"curies":[{"name":"wp","href":"https:\/\/api.w.org\/{rel}","templated":true}]}}