{"id":3252,"date":"2017-05-29T03:41:03","date_gmt":"2017-05-29T02:41:03","guid":{"rendered":"http:\/\/cod.al\/?page_id=3252"},"modified":"2017-05-29T03:41:03","modified_gmt":"2017-05-29T02:41:03","slug":"tirana-au-fil-des-rues","status":"publish","type":"page","link":"https:\/\/cod.al\/?page_id=3252","title":{"rendered":"Tirana au fil des rues"},"content":{"rendered":"<p><strong>\u201cShqip\u00ebria nga brenda dhe jasht\u00eb\u201d<\/strong><\/p>\n<p><strong>\u00a0<\/strong><\/p>\n<p><strong>Ekspozit\u00eb fotografike e<em> Virginie Caquot<\/em><\/strong><\/p>\n<p><em><strong>\u00a0<\/strong><\/em><\/p>\n<p><strong>Tiran\u00eb, 15 maj 2017<\/strong> \u2013 Cikli <em>\u201cShqip\u00ebria nga brenda dhe jasht\u00eb\u201d<\/em> vijon me ekspozit\u00ebn <em>\u201cTirana n\u00eb rrug\u00ebtim\u201d <\/em>t\u00eb Virginie Caquot, n\u00eb kuad\u00ebr t\u00eb shk\u00ebmbimeve kulturore Franc\u00eb &#8211; Shqip\u00ebri dhe marr\u00ebveshjes\u00a0<em>&#8220;Les temps forts entre l&#8217;Albanie et la France&#8221;<\/em>\u00a0. T\u00eb ftuar artist\u00eb, fotograf\u00eb, p\u00ebrfaq\u00ebsues t\u00eb trupit diplomatik, publicistik\u00ebs, shoq\u00ebris\u00eb civile e student\u00eb. Aktiviteti \u00ebsht\u00eb i hapur p\u00ebr mediat.<\/p>\n<p>&nbsp;<\/p>\n<p>E hapur n\u00eb COD nga data 15-31 maj, ekspozita sjell imazhe t\u00eb Tiran\u00ebs, p\u00ebrgjat\u00eb rrug\u00ebve t\u00eb saj, n\u00eb dy vitet e fundit. Sipas Caquot: \u201cKa shum\u00eb ndjesi n\u00eb situatat e reja&#8230; Muajt pas mb\u00ebrritjes jan\u00eb m\u00eb t\u00eb r\u00ebnd\u00ebsishmit n\u00eb kapjen e hendekut midis m\u00ebnyr\u00ebs se si shp\u00ebrfaqet nj\u00eb vend dhe asaj \u00e7\u2019ka \u00ebsht\u00eb n\u00eb t\u00eb v\u00ebrtet\u00eb. Prandaj duhet t\u00eb dal\u00ebsh, t\u00eb ec\u00ebsh, t\u00eb ndalesh, t\u00eb humbas\u00ebsh, t\u00eb p\u00ebrvet\u00ebsosh hap\u00ebsir\u00ebn e t\u00eb thith\u00ebsh \u00e7do gj\u00eb nga ajo \u00e7\u2019ka percepton, ajo q\u00eb sheh, d\u00ebgjon dhe ndien\u201d. N\u00eb k\u00ebt\u00eb m\u00ebnyr\u00eb, qyteti ndryshon dhe evuolon n\u00eb syt\u00eb e atij q\u00eb e sheh pas objektivit e p\u00ebrmes tij, fikson kund\u00ebrv\u00ebnie e pran\u00ebv\u00ebnie realitetesh.<\/p>\n<p>&nbsp;<\/p>\n<p>M\u00eb her\u00ebt, Caquot ka prezantuar projektet e veta n\u00eb Forumin e COD, dhe punimet e saj kudo n\u00ebp\u00ebr Shqip\u00ebri. N\u00eb k\u00ebt\u00eb rast, duke zgjedhur nj\u00eb qasje artistike q\u00eb e sheh Tiran\u00ebn \u201cs\u00eb jashtmi\u201d bardh\u00eb e zi, n\u00eb mjediset e Qendr\u00ebs reflektohen nj\u00ebri pas tjetrit momente t\u00eb jet\u00ebs s\u00eb p\u00ebrditshme n\u00eb kryeqytet, t\u00eb ritreguara me mjesht\u00ebrin\u00eb e fotografes.<\/p>\n<p>&nbsp;<\/p>\n<p>Virginie Caquot, e lindur n\u00eb veri t\u00eb Franc\u00ebs, u diplomua p\u00ebr Shkenca Humane. Fillimisht punoi si m\u00ebsuese e m\u00eb pas iu dedikua fotografis\u00eb, t\u00eb cil\u00ebn e praktikon prej 20 vjet\u00ebsh. Pas tre viteve n\u00eb Brazil (2012 &#8211; 2015), aktualisht jeton e punon n\u00eb Tiran\u00eb, si fotografe e pavarur.<\/p>\n<p>*\u00a0 *\u00a0 *<\/p>\n<p>&nbsp;<\/p>\n<p>COD zhvillon aktivitete n\u00eb linja, si\u00a0<em>Hap\u00ebsira Rinore, Hap\u00ebsira e Filmit, Konferenc\u00eb n\u00eb COD, Ekspozita, Bised\u00eb n\u00eb COD, Takim n\u00eb COD, Podiumi i COD.<\/em>\u00a0<em>\u00a0<\/em><em>Ekspozit\u00eb n\u00eb COD<\/em>\u00a0\u00ebsht\u00eb nj\u00eb linj\u00eb e ve\u00e7ant\u00eb prezantimesh artistike, ve\u00e7an\u00ebrisht me tema sociale dhe nga artist\u00eb e kurator\u00eb t\u00eb profileve e moshave shum\u00eb t\u00eb ndryshme. K\u00ebto ekspozita zhvillohen disa her\u00eb n\u00eb vit dhe mund t\u00eb ket\u00eb deri n\u00eb 4-5 prej tyre gjat\u00eb nj\u00eb sezoni tremujor t\u00eb COD, i cili kurohet duke u fokusuar n\u00eb nj\u00eb tem\u00eb kryesore dhe ekspozita qendrore zgjat gjat\u00eb gjith\u00eb sezonit.<\/p>\n<p>&nbsp;<\/p>\n<p>P\u00ebr t\u00eb rejat m\u00eb t\u00eb fundit, si dhe p\u00ebr t\u00eb ndjekur kalendarin e sezonit 2017 abonohuni n\u00eb\u00a0buletinin elektronik n\u00eb <a href=\"http:\/\/www.cod.al\">www.cod.al<\/a>, ku mund t\u00eb rezervohen vizitat n\u00eb COD dhe pjes\u00ebmarrja n\u00eb aktivitete.<\/p>\n<p>&nbsp;<\/p>\n<p>COD mbetet i hapur p\u00ebr propozime dhe bashk\u00ebpunime, me q\u00ebllim fuqizimin e dialogut dhe mb\u00ebshtetjen e krijimtaris\u00eb.<\/p>\n<p>&nbsp;<\/p>\n<p>&nbsp;<\/p>\n<p>&nbsp;<\/p>\n<p>&nbsp;<\/p>\n","protected":false},"excerpt":{"rendered":"<p>\u201cShqip\u00ebria nga brenda dhe jasht\u00eb\u201d \u00a0 Ekspozit\u00eb fotografike e Virginie Caquot \u00a0 Tiran\u00eb, 15 maj 2017 \u2013 Cikli \u201cShqip\u00ebria nga brenda dhe jasht\u00eb\u201d vijon me ekspozit\u00ebn \u201cTirana n\u00eb rrug\u00ebtim\u201d t\u00eb Virginie Caquot, n\u00eb kuad\u00ebr t\u00eb shk\u00ebmbimeve kulturore Franc\u00eb &#8211; Shqip\u00ebri<\/p>\n","protected":false},"author":5,"featured_media":0,"parent":0,"menu_order":0,"comment_status":"closed","ping_status":"closed","template":"","meta":{"footnotes":""},"class_list":["post-3252","page","type-page","status-publish","hentry"],"_links":{"self":[{"href":"https:\/\/cod.al\/index.php?rest_route=\/wp\/v2\/pages\/3252","targetHints":{"allow":["GET"]}}],"collection":[{"href":"https:\/\/cod.al\/index.php?rest_route=\/wp\/v2\/pages"}],"about":[{"href":"https:\/\/cod.al\/index.php?rest_route=\/wp\/v2\/types\/page"}],"author":[{"embeddable":true,"href":"https:\/\/cod.al\/index.php?rest_route=\/wp\/v2\/users\/5"}],"replies":[{"embeddable":true,"href":"https:\/\/cod.al\/index.php?rest_route=%2Fwp%2Fv2%2Fcomments&post=3252"}],"version-history":[{"count":1,"href":"https:\/\/cod.al\/index.php?rest_route=\/wp\/v2\/pages\/3252\/revisions"}],"predecessor-version":[{"id":3254,"href":"https:\/\/cod.al\/index.php?rest_route=\/wp\/v2\/pages\/3252\/revisions\/3254"}],"wp:attachment":[{"href":"https:\/\/cod.al\/index.php?rest_route=%2Fwp%2Fv2%2Fmedia&parent=3252"}],"curies":[{"name":"wp","href":"https:\/\/api.w.org\/{rel}","templated":true}]}}