{"id":297,"date":"2015-06-29T09:08:26","date_gmt":"2015-06-29T08:08:26","guid":{"rendered":"http:\/\/cod.al\/?page_id=297"},"modified":"2016-02-03T17:29:30","modified_gmt":"2016-02-03T16:29:30","slug":"1993-2015-arkivi","status":"publish","type":"page","link":"https:\/\/cod.al\/?page_id=297","title":{"rendered":"1993-2015"},"content":{"rendered":"<p>[vc_row][vc_column][vc_column_text el_class=&#8221;fondi-arkivor&#8221; css=&#8221;.vc_custom_1436288262203{background-image: url(http:\/\/cod.al\/wp-content\/uploads\/2015\/06\/bg-library.jpg?id=270) !important;}&#8221;]<\/p>\n<div class=\"inner-text-format\">\n<p style=\"text-align: center;\"><strong>Fondi i fotove t\u00eb K\u00ebshillit t\u00eb Ministrave (burimi ATSH) <\/strong><\/p>\n<p style=\"text-align: center;\">1993-2015<\/p>\n<\/div>\n<p>[\/vc_column_text][\/vc_column][\/vc_row][vc_row][vc_column][vc_column_text css_animation=&#8221;appear&#8221;]<img loading=\"lazy\" decoding=\"async\" class=\"aligncenter size-full wp-image-1502\" src=\"http:\/\/cod.al\/wp-content\/uploads\/2015\/06\/all-93-15.png\" alt=\"all-93-15\" width=\"1215\" height=\"1575\" srcset=\"https:\/\/cod.al\/wp-content\/uploads\/2015\/06\/all-93-15.png 1215w, https:\/\/cod.al\/wp-content\/uploads\/2015\/06\/all-93-15-231x300.png 231w, https:\/\/cod.al\/wp-content\/uploads\/2015\/06\/all-93-15-790x1024.png 790w\" sizes=\"auto, (max-width: 1215px) 100vw, 1215px\" \/>[\/vc_column_text][\/vc_column][\/vc_row]<\/p>\n","protected":false},"excerpt":{"rendered":"<p>Fondi i fotove t\u00eb K\u00ebshillit t\u00eb Ministrave (burimi ATSH)<\/p>\n","protected":false},"author":5,"featured_media":236,"parent":0,"menu_order":0,"comment_status":"open","ping_status":"open","template":"","meta":{"footnotes":""},"class_list":["post-297","page","type-page","status-publish","has-post-thumbnail","hentry"],"_links":{"self":[{"href":"https:\/\/cod.al\/index.php?rest_route=\/wp\/v2\/pages\/297","targetHints":{"allow":["GET"]}}],"collection":[{"href":"https:\/\/cod.al\/index.php?rest_route=\/wp\/v2\/pages"}],"about":[{"href":"https:\/\/cod.al\/index.php?rest_route=\/wp\/v2\/types\/page"}],"author":[{"embeddable":true,"href":"https:\/\/cod.al\/index.php?rest_route=\/wp\/v2\/users\/5"}],"replies":[{"embeddable":true,"href":"https:\/\/cod.al\/index.php?rest_route=%2Fwp%2Fv2%2Fcomments&post=297"}],"version-history":[{"count":18,"href":"https:\/\/cod.al\/index.php?rest_route=\/wp\/v2\/pages\/297\/revisions"}],"predecessor-version":[{"id":1503,"href":"https:\/\/cod.al\/index.php?rest_route=\/wp\/v2\/pages\/297\/revisions\/1503"}],"wp:featuredmedia":[{"embeddable":true,"href":"https:\/\/cod.al\/index.php?rest_route=\/wp\/v2\/media\/236"}],"wp:attachment":[{"href":"https:\/\/cod.al\/index.php?rest_route=%2Fwp%2Fv2%2Fmedia&parent=297"}],"curies":[{"name":"wp","href":"https:\/\/api.w.org\/{rel}","templated":true}]}}