{"id":295,"date":"2015-06-29T09:07:51","date_gmt":"2015-06-29T08:07:51","guid":{"rendered":"http:\/\/cod.al\/?page_id=295"},"modified":"2016-02-03T17:15:19","modified_gmt":"2016-02-03T16:15:19","slug":"1945-1992-arkivi","status":"publish","type":"page","link":"https:\/\/cod.al\/?page_id=295","title":{"rendered":"1945-1992"},"content":{"rendered":"<p>[vc_row][vc_column][vc_column_text css=&#8221;.vc_custom_1436288344438{background-image: url(http:\/\/cod.al\/wp-content\/uploads\/2015\/06\/bg-library.jpg?id=270) !important;}&#8221; el_class=&#8221;fondi-arkivor&#8221;]<\/p>\n<div class=\"inner-text-format\">\n<p style=\"text-align: center;\"><strong>Fondi i fotove t\u00eb K\u00ebshillit t\u00eb Ministrave (burimi ATSH) <\/strong><\/p>\n<p style=\"text-align: center;\">1945-1992<\/p>\n<\/div>\n<p>[\/vc_column_text][\/vc_column][\/vc_row][vc_row][vc_column][vc_column_text css_animation=&#8221;appear&#8221;]<img fetchpriority=\"high\" decoding=\"async\" class=\"aligncenter size-full wp-image-1500\" src=\"http:\/\/cod.al\/wp-content\/uploads\/2015\/06\/all.jpg\" alt=\"all\" width=\"1821\" height=\"1884\" srcset=\"https:\/\/cod.al\/wp-content\/uploads\/2015\/06\/all.jpg 1821w, https:\/\/cod.al\/wp-content\/uploads\/2015\/06\/all-290x300.jpg 290w, https:\/\/cod.al\/wp-content\/uploads\/2015\/06\/all-990x1024.jpg 990w\" sizes=\"(max-width: 1821px) 100vw, 1821px\" \/>[\/vc_column_text][\/vc_column][\/vc_row]<\/p>\n","protected":false},"excerpt":{"rendered":"<p>Fondi i fotove t\u00eb K\u00ebshillit t\u00eb Ministrave (burimi ATSH)<\/p>\n","protected":false},"author":5,"featured_media":234,"parent":0,"menu_order":0,"comment_status":"open","ping_status":"open","template":"","meta":{"footnotes":""},"class_list":["post-295","page","type-page","status-publish","has-post-thumbnail","hentry"],"_links":{"self":[{"href":"https:\/\/cod.al\/index.php?rest_route=\/wp\/v2\/pages\/295","targetHints":{"allow":["GET"]}}],"collection":[{"href":"https:\/\/cod.al\/index.php?rest_route=\/wp\/v2\/pages"}],"about":[{"href":"https:\/\/cod.al\/index.php?rest_route=\/wp\/v2\/types\/page"}],"author":[{"embeddable":true,"href":"https:\/\/cod.al\/index.php?rest_route=\/wp\/v2\/users\/5"}],"replies":[{"embeddable":true,"href":"https:\/\/cod.al\/index.php?rest_route=%2Fwp%2Fv2%2Fcomments&post=295"}],"version-history":[{"count":14,"href":"https:\/\/cod.al\/index.php?rest_route=\/wp\/v2\/pages\/295\/revisions"}],"predecessor-version":[{"id":1501,"href":"https:\/\/cod.al\/index.php?rest_route=\/wp\/v2\/pages\/295\/revisions\/1501"}],"wp:featuredmedia":[{"embeddable":true,"href":"https:\/\/cod.al\/index.php?rest_route=\/wp\/v2\/media\/234"}],"wp:attachment":[{"href":"https:\/\/cod.al\/index.php?rest_route=%2Fwp%2Fv2%2Fmedia&parent=295"}],"curies":[{"name":"wp","href":"https:\/\/api.w.org\/{rel}","templated":true}]}}