{"id":293,"date":"2015-06-29T09:07:26","date_gmt":"2015-06-29T08:07:26","guid":{"rendered":"http:\/\/cod.al\/?page_id=293"},"modified":"2016-01-23T02:11:56","modified_gmt":"2016-01-23T01:11:56","slug":"1912-1944-2","status":"publish","type":"page","link":"https:\/\/cod.al\/?page_id=293","title":{"rendered":"1912-1944"},"content":{"rendered":"<p>[vc_row full_width=&#8221;&#8221; parallax=&#8221;&#8221; parallax_image=&#8221;&#8221;][vc_column width=&#8221;1\/1&#8243;][vc_column_text el_class=&#8221;fondi-arkivor&#8221; css=&#8221;.vc_custom_1436288372439{background-image: url(http:\/\/cod.al\/wp-content\/uploads\/2015\/06\/bg-library.jpg?id=270) !important;}&#8221;]<\/p>\n<div class=\"inner-text-format\">\n<p style=\"text-align: center;\"><strong>Fondi i fotove t\u00eb K\u00ebshillit t\u00eb Ministrave<\/strong><\/p>\n<p style=\"text-align: center;\">1912-1944<\/p>\n<\/div>\n<p>[\/vc_column_text][\/vc_column][\/vc_row][vc_row el_class=&#8221;arkiva-photo-wrap&#8221;][vc_column width=&#8221;1\/4&#8243;][\/vc_column][vc_column width=&#8221;1\/2&#8243;][vc_column_text]<img loading=\"lazy\" decoding=\"async\" class=\" size-full wp-image-549 aligncenter\" src=\"http:\/\/cod.al\/wp-content\/uploads\/2015\/06\/kryeministria-dje.jpg\" alt=\"kryeministria-dje\" width=\"518\" height=\"253\" srcset=\"https:\/\/cod.al\/wp-content\/uploads\/2015\/06\/kryeministria-dje.jpg 518w, https:\/\/cod.al\/wp-content\/uploads\/2015\/06\/kryeministria-dje-300x147.jpg 300w\" sizes=\"auto, (max-width: 518px) 100vw, 518px\" \/>[\/vc_column_text][\/vc_column][vc_column width=&#8221;1\/4&#8243;][\/vc_column][\/vc_row]<\/p>\n","protected":false},"excerpt":{"rendered":"<p>Fondi i fotove t\u00eb K\u00ebshillit t\u00eb Ministrave<\/p>\n","protected":false},"author":5,"featured_media":197,"parent":0,"menu_order":0,"comment_status":"open","ping_status":"open","template":"","meta":{"footnotes":""},"class_list":["post-293","page","type-page","status-publish","has-post-thumbnail","hentry"],"_links":{"self":[{"href":"https:\/\/cod.al\/index.php?rest_route=\/wp\/v2\/pages\/293","targetHints":{"allow":["GET"]}}],"collection":[{"href":"https:\/\/cod.al\/index.php?rest_route=\/wp\/v2\/pages"}],"about":[{"href":"https:\/\/cod.al\/index.php?rest_route=\/wp\/v2\/types\/page"}],"author":[{"embeddable":true,"href":"https:\/\/cod.al\/index.php?rest_route=\/wp\/v2\/users\/5"}],"replies":[{"embeddable":true,"href":"https:\/\/cod.al\/index.php?rest_route=%2Fwp%2Fv2%2Fcomments&post=293"}],"version-history":[{"count":18,"href":"https:\/\/cod.al\/index.php?rest_route=\/wp\/v2\/pages\/293\/revisions"}],"predecessor-version":[{"id":851,"href":"https:\/\/cod.al\/index.php?rest_route=\/wp\/v2\/pages\/293\/revisions\/851"}],"wp:featuredmedia":[{"embeddable":true,"href":"https:\/\/cod.al\/index.php?rest_route=\/wp\/v2\/media\/197"}],"wp:attachment":[{"href":"https:\/\/cod.al\/index.php?rest_route=%2Fwp%2Fv2%2Fmedia&parent=293"}],"curies":[{"name":"wp","href":"https:\/\/api.w.org\/{rel}","templated":true}]}}