{"id":2658,"date":"2016-11-07T10:22:32","date_gmt":"2016-11-07T09:22:32","guid":{"rendered":"http:\/\/cod.al\/?page_id=2658"},"modified":"2016-11-08T14:41:14","modified_gmt":"2016-11-08T13:41:14","slug":"edson-luli","status":"publish","type":"page","link":"https:\/\/cod.al\/?page_id=2658","title":{"rendered":"Edson Luli"},"content":{"rendered":"<p>[vc_row][vc_column][vc_single_image image=&#8221;2663&#8243; img_size=&#8221;full&#8221; alignment=&#8221;center&#8221; css_animation=&#8221;appear&#8221;][\/vc_column][\/vc_row][vc_row][vc_column][vc_column_text]<strong>EDSON LULI<br \/>\n<\/strong>lindur n\u00eb Shkod\u00ebr (Shqip\u00ebri) n\u00eb 1989, jeton dhe punon n\u00eb Milano.<\/p>\n<p>Puna e Edson Lulit \u00ebsht\u00eb nj\u00eb investigim i vazhduesh\u00ebm p\u00ebr ekzistenc\u00ebn e qenies dhe lidhjes s\u00eb saj me teknologjin\u00eb. M\u00ebnyra si sillemi n\u00eb hap\u00ebsir\u00eb n\u00eb jet\u00ebn e p\u00ebrditshme mund t\u00eb jet\u00eb esenca e prezenc\u00ebs son\u00eb n\u00eb bot\u00eb. Por \u00e7far\u00eb ndodh kur nisim t\u00eb reflektojm\u00eb mbi t\u00eb, ndoshta p\u00ebrball\u00eb nj\u00eb pajisjeje? Roli i artistit, p\u00ebr Lulin, \u00ebsht\u00eb ai i aktivuesit t\u00eb perceptimit, duke lundruar midis metodave filozofike, psikoanalitike dhe shkencore t\u00eb v\u00ebzhgimit. Duke i ofruar audienc\u00ebs nj\u00eb lloj v\u00ebshtrimi pjes\u00ebmarr\u00ebs, ai propozon, n\u00ebp\u00ebrmjet praktik\u00ebs s\u00eb tij, pasigurin\u00eb e gjeografis\u00eb t\u00eb realitetit dhe virtuales t\u00eb vetes.<\/p>\n<p>N\u00eb COD Luli do t\u00eb nd\u00ebrhyj\u00eb n\u00eb hap\u00ebsirat e Forumit dhe dhom\u00ebs digjitale duke propozuar nj\u00eb dialog lidhur me:\u00a0V\u00ebzhguesi dhe i V\u00ebzhguari<\/p>\n<p><strong>PUNET E SHFAQURA<br \/>\n<\/strong>Dhoma Digjitale<\/p>\n<p><em>Nj\u00eb rreth vicioz<\/em> (2013)<\/p>\n<p>Video, b\/z, pa z\u00eb, 22 min 35 sek<\/p>\n<p>&#8220;\u2026Me kameran e montuar n\u00eb an\u00ebn e djatht\u00eb t\u00eb makin\u00ebs, ngas nj\u00eb rreth t\u00eb plot\u00eb, rrug\u00ebn m\u00eb t\u00eb r\u00ebnd\u00ebsishme t\u00eb nj\u00eb qyteti n\u00eb t\u00eb cil\u00ebn historia shkruhet n\u00eb forma t\u00eb ndryshme, ku marr rolin e v\u00ebzhguesit\u00a0duke hyr\u00eb n\u00eb ritmin dhe kompleksitetin e tij\u2026&#8220;EL<\/p>\n<p>Salla Forum<\/p>\n<p><em>Me k\u00eb po qesh?<\/em>, 2015<\/p>\n<p>Video \u2013 instalacion interaktiv<\/p>\n<p>Projeksioni, nj\u00eb hap\u00ebsir\u00eb virtuale q\u00eb p\u00ebrfaq\u00ebson realitetin, kusht\u00ebzon sjelljen e audienc\u00ebs.<em> Me k\u00eb po qesh?<\/em> \u00ebsht\u00eb nj\u00eb bashk\u00ebveprim midis realitetit fizik dhe virtual, ku secili nis t\u00eb v\u00ebzhgoj\u00eb veten.<\/p>\n<p><strong>RRETH ARTISTIT<br \/>\n<\/strong>Luli ka marr\u00eb pjes\u00eb n\u00eb: <em>Tirana Film Festival<\/em>, Tirane 2016, <em>Hotel Europa<\/em>,\u00a0Concordia,\u00a0Exhibition Space\u00a0Langestraat 56, Holland\u00a02016; \u00a0<em>Fuori \u00a0Visioni<\/em>\u00a0&#8211; Festivali i Artit Bashk\u00ebkohor, \u00a0Piacenza, \u00a02016; <em>Talking\u00a0About, MM\u00a0XI<\/em>, Galeria Komb\u00ebtare e Kosov\u00ebs, Prishtin\u00eb, 2016; <em>VideoZero<\/em>, Akademia e Arteve t\u00eb Bukura Brera, 2016; <em>Combat Prize,<\/em> Muzeu G. Fattori, Livorno, 2016. <em>Festivali i Filmit<\/em> <em>Milano<\/em>, Milano, 2015; <em>VideoZero<\/em>, Akademia e Arteve t\u00eb Bukura Brera, 2015; <em>Identitetet e s\u00eb Ardhmes<\/em>, Galeria Laura Haber, Buenos Aires, 2015; <em>Ritmi I artit shtrihet diku n\u00eb mes<\/em>, Bienalja e Fundit t\u00eb Bot\u00ebs IV, Kili, 2015; <em>Identitete Hibride<\/em>, Venecia Bashk\u00ebkohore, Pallati Flangini, Venecia, 2014; <em>Pamur<\/em>, Festivali I Arteve Vizuale, Tiran\u00eb; <em>Black Box<\/em>, Galeria Malaga Home, Milano, 2014.[\/vc_column_text][\/vc_column][\/vc_row]<\/p>\n","protected":false},"excerpt":{"rendered":"<p>[vc_row][vc_column][vc_single_image image=&#8221;2663&#8243; img_size=&#8221;full&#8221; alignment=&#8221;center&#8221; css_animation=&#8221;appear&#8221;][\/vc_column][\/vc_row][vc_row][vc_column][vc_column_text]EDSON LULI lindur n\u00eb Shkod\u00ebr (Shqip\u00ebri) n\u00eb 1989, jeton dhe punon n\u00eb Milano. Puna e Edson Lulit \u00ebsht\u00eb nj\u00eb investigim i vazhduesh\u00ebm p\u00ebr ekzistenc\u00ebn e qenies dhe lidhjes s\u00eb saj me teknologjin\u00eb. M\u00ebnyra si sillemi n\u00eb<\/p>\n","protected":false},"author":5,"featured_media":0,"parent":0,"menu_order":0,"comment_status":"closed","ping_status":"closed","template":"","meta":{"footnotes":""},"class_list":["post-2658","page","type-page","status-publish","hentry"],"_links":{"self":[{"href":"https:\/\/cod.al\/index.php?rest_route=\/wp\/v2\/pages\/2658","targetHints":{"allow":["GET"]}}],"collection":[{"href":"https:\/\/cod.al\/index.php?rest_route=\/wp\/v2\/pages"}],"about":[{"href":"https:\/\/cod.al\/index.php?rest_route=\/wp\/v2\/types\/page"}],"author":[{"embeddable":true,"href":"https:\/\/cod.al\/index.php?rest_route=\/wp\/v2\/users\/5"}],"replies":[{"embeddable":true,"href":"https:\/\/cod.al\/index.php?rest_route=%2Fwp%2Fv2%2Fcomments&post=2658"}],"version-history":[{"count":4,"href":"https:\/\/cod.al\/index.php?rest_route=\/wp\/v2\/pages\/2658\/revisions"}],"predecessor-version":[{"id":2665,"href":"https:\/\/cod.al\/index.php?rest_route=\/wp\/v2\/pages\/2658\/revisions\/2665"}],"wp:attachment":[{"href":"https:\/\/cod.al\/index.php?rest_route=%2Fwp%2Fv2%2Fmedia&parent=2658"}],"curies":[{"name":"wp","href":"https:\/\/api.w.org\/{rel}","templated":true}]}}