{"id":235,"date":"2015-06-26T09:46:00","date_gmt":"2015-06-26T08:46:00","guid":{"rendered":"http:\/\/cod.al\/?page_id=235"},"modified":"2015-07-14T16:51:33","modified_gmt":"2015-07-14T15:51:33","slug":"1993-2015","status":"publish","type":"page","link":"https:\/\/cod.al\/?page_id=235","title":{"rendered":"1993-2015"},"content":{"rendered":"<p>[vc_row][vc_column css=&#8221;.vc_custom_1435330143971{background-position: center !important;background-repeat: no-repeat !important;background-size: cover !important;}&#8221; width=&#8221;1\/1&#8243;][vc_column_text css=&#8221;.vc_custom_1436365126532{background-image: url(http:\/\/cod.al\/wp-content\/uploads\/2015\/06\/bg-library.jpg?id=270) !important;background-position: center !important;background-repeat: no-repeat !important;background-size: cover !important;}&#8221; el_class=&#8221;fondi-arkivor&#8221;]<\/p>\n<div class=\"inner-text-format\">\n<p style=\"text-align: center;\"><strong>Fondi i dokumenteve<br \/>\nt\u00eb K\u00ebshillit t\u00eb Ministrave<\/strong><\/p>\n<p style=\"text-align: center;\">1993-2015<\/p>\n<\/div>\n<p>[\/vc_column_text][\/vc_column][\/vc_row][vc_row el_class=&#8221;tabele&#8221;][vc_column width=&#8221;1\/1&#8243;][vc_column_text]<\/p>\n<table>\n<tbody>\n<tr>\n<td><a href=\"http:\/\/cod.al\/wp-content\/uploads\/2015\/06\/inventari-1993.pdf\">1993<\/a><\/td>\n<td><a href=\"http:\/\/cod.al\/wp-content\/uploads\/2015\/07\/1994.pdf\">1994<\/a><\/td>\n<td><a href=\"http:\/\/cod.al\/wp-content\/uploads\/2015\/07\/inventari-1995.pdf\">1995<\/a><\/td>\n<td><a href=\"http:\/\/cod.al\/wp-content\/uploads\/2015\/07\/1996.pdf\">1996<\/a><\/td>\n<td><a href=\"http:\/\/cod.al\/wp-content\/uploads\/2015\/07\/Inventari-1997.pdf\">1997<\/a><\/td>\n<td><a href=\"http:\/\/cod.al\/wp-content\/uploads\/2015\/07\/1998.pdf\">1998<\/a><\/td>\n<td><a href=\"http:\/\/cod.al\/wp-content\/uploads\/2015\/07\/inventari-1999.pdf\">1999<\/a><\/td>\n<td><a href=\"http:\/\/cod.al\/wp-content\/uploads\/2015\/06\/Inventari-2000.pdf\">2000 <\/a><\/td>\n<\/tr>\n<tr>\n<td><a href=\"http:\/\/cod.al\/wp-content\/uploads\/2015\/07\/perpunim.pdf\" target=\"_blank\">2001<\/a><\/td>\n<td><a href=\"http:\/\/cod.al\/wp-content\/uploads\/2015\/07\/perpunim.pdf\" target=\"_blank\">2002<\/a><\/td>\n<td><a href=\"#\">2003<\/a><\/td>\n<td><a href=\"http:\/\/cod.al\/wp-content\/uploads\/2015\/07\/perpunim.pdf\" target=\"_blank\">2004<\/a><\/td>\n<td><a href=\"http:\/\/cod.al\/wp-content\/uploads\/2015\/07\/perpunim.pdf\" target=\"_blank\">2005<\/a><\/td>\n<td><a href=\"http:\/\/cod.al\/wp-content\/uploads\/2015\/07\/perpunim.pdf\" target=\"_blank\">2006<\/a><\/td>\n<td><a href=\"http:\/\/cod.al\/wp-content\/uploads\/2015\/07\/perpunim.pdf\" target=\"_blank\">2007<\/a><\/td>\n<td><a href=\"http:\/\/cod.al\/wp-content\/uploads\/2015\/07\/perpunim.pdf\" target=\"_blank\">2008<\/a><\/td>\n<\/tr>\n<tr>\n<td><a href=\"http:\/\/cod.al\/wp-content\/uploads\/2015\/07\/perpunim.pdf\">2009<\/a><\/td>\n<td><a href=\"http:\/\/cod.al\/wp-content\/uploads\/2015\/07\/perpunim.pdf\" target=\"_blank\">2010<\/a><\/td>\n<td><a href=\"http:\/\/cod.al\/wp-content\/uploads\/2015\/07\/perpunim.pdf\" target=\"_blank\">2011<\/a><\/td>\n<td><a href=\"http:\/\/cod.al\/wp-content\/uploads\/2015\/07\/perpunim.pdf\" target=\"_blank\">2012<\/a><\/td>\n<td><a href=\"http:\/\/cod.al\/wp-content\/uploads\/2015\/07\/perpunim.pdf\" target=\"_blank\">2013<\/a><\/td>\n<td><a href=\"http:\/\/cod.al\/wp-content\/uploads\/2015\/07\/perpunim.pdf\">2014<\/a><\/td>\n<td><\/td>\n<\/tr>\n<\/tbody>\n<\/table>\n<p>[\/vc_column_text][\/vc_column][\/vc_row]<\/p>\n","protected":false},"excerpt":{"rendered":"<p>Fondi i dokumenteve t\u00eb K\u00ebshillit t\u00eb Ministrave<\/p>\n","protected":false},"author":5,"featured_media":236,"parent":0,"menu_order":0,"comment_status":"open","ping_status":"open","template":"","meta":{"footnotes":""},"class_list":["post-235","page","type-page","status-publish","has-post-thumbnail","hentry"],"_links":{"self":[{"href":"https:\/\/cod.al\/index.php?rest_route=\/wp\/v2\/pages\/235","targetHints":{"allow":["GET"]}}],"collection":[{"href":"https:\/\/cod.al\/index.php?rest_route=\/wp\/v2\/pages"}],"about":[{"href":"https:\/\/cod.al\/index.php?rest_route=\/wp\/v2\/types\/page"}],"author":[{"embeddable":true,"href":"https:\/\/cod.al\/index.php?rest_route=\/wp\/v2\/users\/5"}],"replies":[{"embeddable":true,"href":"https:\/\/cod.al\/index.php?rest_route=%2Fwp%2Fv2%2Fcomments&post=235"}],"version-history":[{"count":15,"href":"https:\/\/cod.al\/index.php?rest_route=\/wp\/v2\/pages\/235\/revisions"}],"predecessor-version":[{"id":1226,"href":"https:\/\/cod.al\/index.php?rest_route=\/wp\/v2\/pages\/235\/revisions\/1226"}],"wp:featuredmedia":[{"embeddable":true,"href":"https:\/\/cod.al\/index.php?rest_route=\/wp\/v2\/media\/236"}],"wp:attachment":[{"href":"https:\/\/cod.al\/index.php?rest_route=%2Fwp%2Fv2%2Fmedia&parent=235"}],"curies":[{"name":"wp","href":"https:\/\/api.w.org\/{rel}","templated":true}]}}