{"id":2323,"date":"2016-09-09T14:09:10","date_gmt":"2016-09-09T13:09:10","guid":{"rendered":"http:\/\/cod.al\/?page_id=2323"},"modified":"2016-12-15T16:31:41","modified_gmt":"2016-12-15T15:31:41","slug":"artist-talks-2","status":"publish","type":"page","link":"https:\/\/cod.al\/?page_id=2323","title":{"rendered":"Artist Talks"},"content":{"rendered":"<p>[vc_row][vc_column][vc_column_text css_animation=&#8221;right-to-left&#8221;]<\/p>\n<h5>COD | Artist Talks<\/h5>\n<p>[\/vc_column_text][\/vc_column][\/vc_row][vc_row][vc_column][vc_column_text]Qendra p\u00ebr Hapje dhe Dialog ka k\u00ebnaq\u00ebsin\u00eb e fillimit t\u00eb nj\u00eb serie t\u00eb re prezantime artist\u00ebsh, t\u00eb fokusuar n\u00eb pun\u00ebn e artist\u00ebve bashk\u00ebkohor\u00eb q\u00eb punojn\u00eb n\u00eb Shqip\u00ebri, duke i kushtuar v\u00ebmendje t\u00eb ve\u00e7ant\u00eb marr\u00ebdh\u00ebnies s\u00eb tyre me mediat.<\/p>\n<p>Formati propozues i prezantimit vendoset nga artisti i ftuar. Projeksion, bashk\u00ebbisedim me nj\u00eb kurator, artist, prezantim individual apo nj\u00eb leksion performues. Titulli i \u00e7do paraqitjeje lidhet me emrin e artistit prezantues, i cili e drejton dialogun n\u00eb tema specifike q\u00eb kan\u00eb t\u00eb b\u00ebjn\u00eb me pun\u00ebn e tij.<\/p>\n<p>Q\u00ebllimi i COD|Artist Talk \u00ebsht\u00eb t\u00eb ofroj\u00eb, n\u00ebp\u00ebrmjet gjuh\u00ebs artistike, elemente q\u00eb sfera e politik\u00ebs mund t\u2019i marr\u00eb ose jo n\u00eb konsiderat\u00eb, por me t\u00eb cilat i duhet t\u00eb p\u00ebrballet. Vet\u00eb natyra e dialogut duhet t\u00eb rishqyrtohet teksa ai po ndodh brenda hap\u00ebsir\u00ebs s\u00eb tubimeve politike, deklaratave apo vendimmarrjes. Politikan\u00ebt nd\u00ebrmjet\u00ebsojn\u00eb dialogun me an\u00eb t\u00eb metodave t\u00eb ndryshme, si performancat, tekstet, t\u00eb folurit, p\u00ebrgjigjet, imazhet, deklaratat. Praktika e artistit \u00e7lirohet nga lidhjet e \u00e7do lloji, \u00ebsht\u00eb anarkike, \u00ebsht\u00eb kudo dhe u reziston p\u00ebrkufizimeve. Megjithat\u00eb, \u00ebsht\u00eb arti ai q\u00eb arrin t\u00eb komunikoj\u00eb se cilave aspekte t\u00eb realitetit apo imagjinat\u00ebs duhet t\u2019u caktohen p\u00ebrgjegj\u00ebsit\u00eb m\u00eb t\u00eb m\u00ebdha.<\/p>\n<p>Jeni t\u00eb ftuar t\u00eb ndiqni aktivitetet tona, duke u informuar n\u00eb k\u00ebt\u00eb faqe, ose p\u00ebrmes kalendarit t\u00eb COD. COD | Artist Talk do t\u00eb organizohet nga ora 18:30 dhe 20:00 n\u00eb hap\u00ebsirat e Forumit dhe Dhom\u00ebs Digjitale t\u00eb Qendr\u00ebs p\u00ebr Hapje dhe Dialog n\u00eb Tiran\u00eb.<\/p>\n<p>Vendet jan\u00eb t\u00eb kufizuara, ndaj \u00e7do her\u00eb ne d\u00ebrgojm\u00eb ftesa. N\u00ebse ju intereson t\u2019ju shtojm\u00eb n\u00eb list\u00ebn ton\u00eb t\u00eb t\u00eb ftuarve p\u00ebrmes emalit, ku lutem shkruani n\u00eb:\u00a0<a href=\"mailto:cod@kryeministria.al\">cod@kryeministria.al<\/a><\/p>\n<p>[\/vc_column_text][\/vc_column][\/vc_row][vc_row][vc_column width=&#8221;1\/3&#8243;][vc_column_text css_animation=&#8221;appear&#8221;]<a href=\"http:\/\/cod.al\/?page_id=3094\"><img loading=\"lazy\" decoding=\"async\" class=\"aligncenter size-large wp-image-3104\" src=\"http:\/\/cod.al\/wp-content\/uploads\/2016\/09\/Gaelle-1024x724.png\" alt=\"Gaelle\" width=\"720\" height=\"509\" srcset=\"https:\/\/cod.al\/wp-content\/uploads\/2016\/09\/Gaelle-1024x724.png 1024w, https:\/\/cod.al\/wp-content\/uploads\/2016\/09\/Gaelle-300x212.png 300w, https:\/\/cod.al\/wp-content\/uploads\/2016\/09\/Gaelle.png 1209w\" sizes=\"auto, (max-width: 720px) 100vw, 720px\" \/><\/a>[\/vc_column_text][vc_column_text css_animation=&#8221;appear&#8221;]<a href=\"http:\/\/cod.al\/?page_id=2600\"><img loading=\"lazy\" decoding=\"async\" class=\"aligncenter size-full wp-image-2610\" src=\"http:\/\/cod.al\/wp-content\/uploads\/2016\/09\/marko1.png\" alt=\"marko\" width=\"806\" height=\"570\" srcset=\"https:\/\/cod.al\/wp-content\/uploads\/2016\/09\/marko1.png 806w, https:\/\/cod.al\/wp-content\/uploads\/2016\/09\/marko1-300x212.png 300w\" sizes=\"auto, (max-width: 806px) 100vw, 806px\" \/><\/a>[\/vc_column_text][vc_column_text css_animation=&#8221;appear&#8221;]<a href=\"http:\/\/cod.al\/?page_id=2331\"><img loading=\"lazy\" decoding=\"async\" class=\"aligncenter size-full wp-image-2382\" src=\"http:\/\/cod.al\/wp-content\/uploads\/2016\/09\/SU.png\" alt=\"SU\" width=\"806\" height=\"570\" srcset=\"https:\/\/cod.al\/wp-content\/uploads\/2016\/09\/SU.png 806w, https:\/\/cod.al\/wp-content\/uploads\/2016\/09\/SU-300x212.png 300w\" sizes=\"auto, (max-width: 806px) 100vw, 806px\" \/><\/a>[\/vc_column_text][\/vc_column][vc_column width=&#8221;1\/3&#8243;][vc_column_text css_animation=&#8221;appear&#8221;]<a href=\"http:\/\/cod.al\/?page_id=2980\"><img loading=\"lazy\" decoding=\"async\" class=\"aligncenter size-full wp-image-2967\" src=\"http:\/\/cod.al\/wp-content\/uploads\/2016\/09\/Alfredo.png\" alt=\"Alfredo\" width=\"806\" height=\"570\" srcset=\"https:\/\/cod.al\/wp-content\/uploads\/2016\/09\/Alfredo.png 806w, https:\/\/cod.al\/wp-content\/uploads\/2016\/09\/Alfredo-300x212.png 300w\" sizes=\"auto, (max-width: 806px) 100vw, 806px\" \/><\/a>[\/vc_column_text][vc_column_text css_animation=&#8221;appear&#8221;]<a href=\"http:\/\/cod.al\/?page_id=2390\"><img loading=\"lazy\" decoding=\"async\" class=\"aligncenter size-full wp-image-2383\" src=\"http:\/\/cod.al\/wp-content\/uploads\/2016\/09\/LEK.png\" alt=\"LEK\" width=\"806\" height=\"570\" srcset=\"https:\/\/cod.al\/wp-content\/uploads\/2016\/09\/LEK.png 806w, https:\/\/cod.al\/wp-content\/uploads\/2016\/09\/LEK-300x212.png 300w\" sizes=\"auto, (max-width: 806px) 100vw, 806px\" \/><\/a>[\/vc_column_text][\/vc_column][vc_column width=&#8221;1\/3&#8243;][vc_column_text css_animation=&#8221;appear&#8221;]<a href=\"http:\/\/cod.al\/?page_id=2658\"><img loading=\"lazy\" decoding=\"async\" class=\"aligncenter size-large wp-image-2661\" src=\"http:\/\/cod.al\/wp-content\/uploads\/2016\/09\/Edluli-1024x724.png\" alt=\"Edluli\" width=\"720\" height=\"509\" srcset=\"https:\/\/cod.al\/wp-content\/uploads\/2016\/09\/Edluli-1024x724.png 1024w, https:\/\/cod.al\/wp-content\/uploads\/2016\/09\/Edluli-300x212.png 300w, https:\/\/cod.al\/wp-content\/uploads\/2016\/09\/Edluli.png 1209w\" sizes=\"auto, (max-width: 720px) 100vw, 720px\" \/><\/a>[\/vc_column_text][vc_column_text css_animation=&#8221;appear&#8221;]<a href=\"http:\/\/cod.al\/?page_id=2384\"><img loading=\"lazy\" decoding=\"async\" class=\"aligncenter size-large wp-image-2328\" src=\"http:\/\/cod.al\/wp-content\/uploads\/2016\/09\/Yllka-COD-Artists-Talks-1024x724.jpg\" alt=\"Yllka COD Artists Talks\" width=\"720\" height=\"509\" srcset=\"https:\/\/cod.al\/wp-content\/uploads\/2016\/09\/Yllka-COD-Artists-Talks-1024x724.jpg 1024w, https:\/\/cod.al\/wp-content\/uploads\/2016\/09\/Yllka-COD-Artists-Talks-300x212.jpg 300w\" sizes=\"auto, (max-width: 720px) 100vw, 720px\" \/><\/a>[\/vc_column_text][\/vc_column][\/vc_row]<\/p>\n","protected":false},"excerpt":{"rendered":"<p>[vc_row][vc_column][vc_column_text css_animation=&#8221;right-to-left&#8221;] COD | Artist Talks [\/vc_column_text][\/vc_column][\/vc_row][vc_row][vc_column][vc_column_text]Qendra p\u00ebr Hapje dhe Dialog ka k\u00ebnaq\u00ebsin\u00eb e fillimit t\u00eb nj\u00eb serie t\u00eb re prezantime artist\u00ebsh, t\u00eb fokusuar n\u00eb pun\u00ebn e artist\u00ebve bashk\u00ebkohor\u00eb q\u00eb punojn\u00eb n\u00eb Shqip\u00ebri, duke i kushtuar v\u00ebmendje t\u00eb ve\u00e7ant\u00eb marr\u00ebdh\u00ebnies<\/p>\n","protected":false},"author":5,"featured_media":0,"parent":0,"menu_order":0,"comment_status":"closed","ping_status":"closed","template":"","meta":{"footnotes":""},"class_list":["post-2323","page","type-page","status-publish","hentry"],"_links":{"self":[{"href":"https:\/\/cod.al\/index.php?rest_route=\/wp\/v2\/pages\/2323","targetHints":{"allow":["GET"]}}],"collection":[{"href":"https:\/\/cod.al\/index.php?rest_route=\/wp\/v2\/pages"}],"about":[{"href":"https:\/\/cod.al\/index.php?rest_route=\/wp\/v2\/types\/page"}],"author":[{"embeddable":true,"href":"https:\/\/cod.al\/index.php?rest_route=\/wp\/v2\/users\/5"}],"replies":[{"embeddable":true,"href":"https:\/\/cod.al\/index.php?rest_route=%2Fwp%2Fv2%2Fcomments&post=2323"}],"version-history":[{"count":17,"href":"https:\/\/cod.al\/index.php?rest_route=\/wp\/v2\/pages\/2323\/revisions"}],"predecessor-version":[{"id":3106,"href":"https:\/\/cod.al\/index.php?rest_route=\/wp\/v2\/pages\/2323\/revisions\/3106"}],"wp:attachment":[{"href":"https:\/\/cod.al\/index.php?rest_route=%2Fwp%2Fv2%2Fmedia&parent=2323"}],"curies":[{"name":"wp","href":"https:\/\/api.w.org\/{rel}","templated":true}]}}