{"id":232,"date":"2015-06-26T09:42:40","date_gmt":"2015-06-26T08:42:40","guid":{"rendered":"http:\/\/cod.al\/?page_id=232"},"modified":"2015-07-08T15:19:43","modified_gmt":"2015-07-08T14:19:43","slug":"1945-1992","status":"publish","type":"page","link":"https:\/\/cod.al\/?page_id=232","title":{"rendered":"1945-1992"},"content":{"rendered":"<p>[vc_row][vc_column css=&#8221;.vc_custom_1435330143971{background-position: center !important;background-repeat: no-repeat !important;background-size: cover !important;}&#8221; width=&#8221;1\/1&#8243;][vc_column_text css=&#8221;.vc_custom_1436365087053{background-image: url(http:\/\/cod.al\/wp-content\/uploads\/2015\/06\/bg-library.jpg?id=270) !important;background-position: center !important;background-repeat: no-repeat !important;background-size: cover !important;}&#8221; el_class=&#8221;fondi-arkivor&#8221;]<\/p>\n<div class=\"inner-text-format\">\n<p style=\"text-align: center;\"><strong>Fondi i dokumenteve<br \/>\nt\u00eb K\u00ebshillit t\u00eb Ministrave<\/strong><\/p>\n<p style=\"text-align: center;\">1945- 1992<\/p>\n<\/div>\n<p>[\/vc_column_text][\/vc_column][\/vc_row][vc_row el_class=&#8221;tabele&#8221;][vc_column width=&#8221;1\/1&#8243;][vc_column_text]<\/p>\n<table>\n<tbody>\n<tr>\n<td><a href=\"http:\/\/cod.al\/wp-content\/uploads\/2015\/07\/inventari-1945.pdf\">1945<\/a><\/td>\n<td><a href=\"http:\/\/cod.al\/wp-content\/uploads\/2015\/07\/inventari-1946.pdf\">1946<\/a><\/td>\n<td><a href=\"http:\/\/cod.al\/wp-content\/uploads\/2015\/07\/inventari-1947.pdf\">1947<\/a><\/td>\n<td><a href=\"http:\/\/cod.al\/wp-content\/uploads\/2015\/07\/inventari-1948.pdf\">1948<\/a><\/td>\n<td><a href=\"http:\/\/cod.al\/wp-content\/uploads\/2015\/07\/inventari-1949.pdf\">1949<\/a><\/td>\n<td><a href=\"http:\/\/cod.al\/wp-content\/uploads\/2015\/07\/inventari-1950.pdf\">1950<\/a><\/td>\n<td><a href=\"http:\/\/cod.al\/wp-content\/uploads\/2015\/07\/inventari-1951.pdf\">1951<\/a><\/td>\n<td><a href=\"http:\/\/cod.al\/wp-content\/uploads\/2015\/07\/inventari-1952.pdf\">1952<\/a><\/td>\n<\/tr>\n<tr>\n<td><a href=\"http:\/\/cod.al\/wp-content\/uploads\/2015\/07\/inventari-1953.pdf\">1953<\/a><\/td>\n<td><a href=\"http:\/\/cod.al\/wp-content\/uploads\/2015\/07\/inventari-1954.pdf\">1954<\/a><\/td>\n<td><a href=\"http:\/\/cod.al\/wp-content\/uploads\/2015\/07\/inventari-1955.pdf\">1955<\/a><\/td>\n<td><a href=\"http:\/\/cod.al\/wp-content\/uploads\/2015\/07\/inventari-1956.pdf\">1956<\/a><\/td>\n<td><a href=\"http:\/\/cod.al\/wp-content\/uploads\/2015\/07\/inventari-1957.pdf\">1957<\/a><\/td>\n<td><a href=\"http:\/\/cod.al\/wp-content\/uploads\/2015\/07\/inventari-1958.pdf\">1958<\/a><\/td>\n<td><a href=\"http:\/\/cod.al\/wp-content\/uploads\/2015\/07\/inventari-1959.pdf\">1959<\/a><\/td>\n<td><a href=\"http:\/\/cod.al\/wp-content\/uploads\/2015\/07\/inventari-1960.pdf\">1960<\/a><\/td>\n<\/tr>\n<tr>\n<td><a href=\"http:\/\/cod.al\/wp-content\/uploads\/2015\/07\/inventari-1961.pdf\">1961<\/a><\/td>\n<td><a href=\"http:\/\/cod.al\/wp-content\/uploads\/2015\/07\/inventari-1962.pdf\">1962<\/a><\/td>\n<td><a href=\"http:\/\/cod.al\/wp-content\/uploads\/2015\/07\/inventari-1963.pdf\">1963<\/a><\/td>\n<td><a href=\"http:\/\/cod.al\/wp-content\/uploads\/2015\/07\/inventari-1964.pdf\">1964<\/a><\/td>\n<td><a href=\"http:\/\/cod.al\/wp-content\/uploads\/2015\/07\/inventari-1965.pdf\">1965<\/a><\/td>\n<td><a href=\"http:\/\/cod.al\/wp-content\/uploads\/2015\/07\/inventari-1966.pdf\">1966<\/a><\/td>\n<td><a href=\"http:\/\/cod.al\/wp-content\/uploads\/2015\/07\/inventari-1967.pdf\">1967<\/a><\/td>\n<td><a href=\"http:\/\/cod.al\/wp-content\/uploads\/2015\/07\/inventari-1968.pdf\">1968<\/a><\/td>\n<\/tr>\n<tr>\n<td><a href=\"http:\/\/cod.al\/wp-content\/uploads\/2015\/07\/inventari-1969.pdf\">1969<\/a><\/td>\n<td><a href=\"http:\/\/cod.al\/wp-content\/uploads\/2015\/07\/inventari-1970.pdf\">1970<\/a><\/td>\n<td><a href=\"http:\/\/cod.al\/wp-content\/uploads\/2015\/07\/inventari-1971.pdf\">1971<\/a><\/td>\n<td><a href=\"http:\/\/cod.al\/wp-content\/uploads\/2015\/07\/inventari-1972.pdf\">1972<\/a><\/td>\n<td><a href=\"http:\/\/cod.al\/wp-content\/uploads\/2015\/07\/inventari-1973.pdf\">1973<\/a><\/td>\n<td><a href=\"http:\/\/cod.al\/wp-content\/uploads\/2015\/07\/inventari-1974.pdf\">1974<\/a><\/td>\n<td><a href=\"http:\/\/cod.al\/wp-content\/uploads\/2015\/07\/inventari-1975.pdf\">1975<\/a><\/td>\n<td><a href=\"http:\/\/cod.al\/wp-content\/uploads\/2015\/07\/inventari-1976.pdf\">1976<\/a><\/td>\n<\/tr>\n<tr>\n<td><a href=\"http:\/\/cod.al\/wp-content\/uploads\/2015\/07\/inventari-1977.pdf\">1977<\/a><\/td>\n<td><a href=\"http:\/\/cod.al\/wp-content\/uploads\/2015\/07\/inventari-1978.pdf\">1978<\/a><\/td>\n<td><a href=\"http:\/\/cod.al\/wp-content\/uploads\/2015\/07\/inventari-1979.pdf\">1979<\/a><\/td>\n<td><a href=\"http:\/\/cod.al\/wp-content\/uploads\/2015\/07\/inventari-1980.pdf\">1980<\/a><\/td>\n<td><a href=\"http:\/\/cod.al\/wp-content\/uploads\/2015\/07\/inventari-1981.pdf\">1981<\/a><\/td>\n<td><a href=\"http:\/\/cod.al\/wp-content\/uploads\/2015\/07\/inventari-1982.pdf\">1982<\/a><\/td>\n<td><a href=\"http:\/\/cod.al\/wp-content\/uploads\/2015\/07\/inventari-1983.pdf\">1983<\/a><\/td>\n<td><a href=\"http:\/\/cod.al\/wp-content\/uploads\/2015\/07\/inventari-1984.pdf\">1984<\/a><\/td>\n<\/tr>\n<tr>\n<td><a href=\"http:\/\/cod.al\/wp-content\/uploads\/2015\/07\/inventari-1985.pdf\">1985<\/a><\/td>\n<td><a href=\"http:\/\/cod.al\/wp-content\/uploads\/2015\/07\/inventari-1986.pdf\">1986<\/a><\/td>\n<td><a href=\"http:\/\/cod.al\/wp-content\/uploads\/2015\/07\/inventari-1987.pdf\">1987<\/a><\/td>\n<td><a href=\"http:\/\/cod.al\/wp-content\/uploads\/2015\/07\/1988.pdf\">1988<\/a><\/td>\n<td><a href=\"http:\/\/cod.al\/wp-content\/uploads\/2015\/07\/1989.pdf\">1989<\/a><\/td>\n<td><a href=\"http:\/\/cod.al\/wp-content\/uploads\/2015\/07\/1990.pdf\">1990<\/a><\/td>\n<td><a href=\"http:\/\/cod.al\/wp-content\/uploads\/2015\/06\/inventari-1991.pdf\">1991<\/a><\/td>\n<td><a href=\"http:\/\/cod.al\/wp-content\/uploads\/2015\/06\/inventari-1992.pdf\">1992<\/a><\/td>\n<\/tr>\n<\/tbody>\n<\/table>\n<p>[\/vc_column_text][\/vc_column][\/vc_row]<\/p>\n","protected":false},"excerpt":{"rendered":"<p>Fondi i dokumenteve t\u00eb K\u00ebshillit t\u00eb Ministrave<\/p>\n","protected":false},"author":5,"featured_media":234,"parent":0,"menu_order":0,"comment_status":"open","ping_status":"open","template":"","meta":{"footnotes":""},"class_list":["post-232","page","type-page","status-publish","has-post-thumbnail","hentry"],"_links":{"self":[{"href":"https:\/\/cod.al\/index.php?rest_route=\/wp\/v2\/pages\/232","targetHints":{"allow":["GET"]}}],"collection":[{"href":"https:\/\/cod.al\/index.php?rest_route=\/wp\/v2\/pages"}],"about":[{"href":"https:\/\/cod.al\/index.php?rest_route=\/wp\/v2\/types\/page"}],"author":[{"embeddable":true,"href":"https:\/\/cod.al\/index.php?rest_route=\/wp\/v2\/users\/5"}],"replies":[{"embeddable":true,"href":"https:\/\/cod.al\/index.php?rest_route=%2Fwp%2Fv2%2Fcomments&post=232"}],"version-history":[{"count":15,"href":"https:\/\/cod.al\/index.php?rest_route=\/wp\/v2\/pages\/232\/revisions"}],"predecessor-version":[{"id":965,"href":"https:\/\/cod.al\/index.php?rest_route=\/wp\/v2\/pages\/232\/revisions\/965"}],"wp:featuredmedia":[{"embeddable":true,"href":"https:\/\/cod.al\/index.php?rest_route=\/wp\/v2\/media\/234"}],"wp:attachment":[{"href":"https:\/\/cod.al\/index.php?rest_route=%2Fwp%2Fv2%2Fmedia&parent=232"}],"curies":[{"name":"wp","href":"https:\/\/api.w.org\/{rel}","templated":true}]}}