{"id":2212,"date":"2016-08-19T13:41:12","date_gmt":"2016-08-19T12:41:12","guid":{"rendered":"http:\/\/cod.al\/?page_id=2212"},"modified":"2025-07-01T10:31:04","modified_gmt":"2025-07-01T08:31:04","slug":"rreth-nesh","status":"publish","type":"page","link":"https:\/\/cod.al\/?page_id=2212","title":{"rendered":"Rreth nesh"},"content":{"rendered":"<p>[vc_row][vc_column width=&#8221;1\/2&#8243;][vc_column_text]<\/p>\n<p style=\"text-align: justify;\">Qendra p\u00ebr Hapje dhe Dialog vjen si rezultat i iniciativ\u00ebs s\u00eb Kryeministrit Edi Rama. Objektivi ishte i thjesht\u00eb: t\u00eb transformohej nj\u00eb pjes\u00eb e selis\u00eb s\u00eb K\u00ebshillit t\u00eb Ministrave n\u00eb nj\u00eb hap\u00ebsir\u00eb n\u00eb sh\u00ebrbim t\u00eb qytetar\u00ebve, q\u00eb t\u00eb p\u00ebr\u00e7oj\u00eb mesazhin e hapjes, transparenc\u00ebs dhe transformimit. P\u00ebrkthimi i k\u00ebtij objektivi n\u00eb projekt konkret ka qen\u00eb, pa dyshim, nj\u00eb pun\u00eb ku e ku m\u00eb sfiduese.<\/p>\n<p style=\"text-align: justify;\">Si mund t\u00eb shnd\u00ebrrohet vall\u00eb nj\u00eb nd\u00ebrtes\u00eb historike e me masa t\u00eb larta sigurie, e izoluar nga kontakti me qytetar\u00ebt q\u00eb kalojn\u00eb p\u00ebrdit\u00eb para saj, n\u00eb nj\u00eb mjedis t\u00eb hapur dialogu e shk\u00ebmbimesh? Si mund t\u00eb shnd\u00ebrrohet nj\u00eb hap\u00ebsir\u00eb q\u00eb deri m\u00eb sot \u00ebsht\u00eb par\u00eb nga qytetar\u00ebt si qendra hijer\u00ebnd\u00eb e pushtetit, n\u00eb nj\u00eb hap\u00ebsir\u00eb q\u00eb i fton p\u00ebr p\u00ebrfshirje n\u00eb studimin, hartimin dhe zbatimin e politikave publike? Si mund t\u00eb rikonceptohet ajo n\u00eb shenj\u00ebn e transparenc\u00ebs, hapjes dhe transformimit, duke sjell\u00eb di\u00e7ka t\u00eb re dhe unike p\u00ebr qytetar\u00ebt shqiptar\u00eb?<\/p>\n<p style=\"text-align: justify;\">Projekti q\u00eb vjen te qytetar\u00ebt n\u00eb form\u00ebn e tij p\u00ebrfundimtare ia ka dal\u00eb t\u2019u jap\u00eb p\u00ebrgjigje t\u00eb gjitha k\u00ebtyre pyetjeve e dilemave jo t\u00eb lehta. Qendra p\u00ebr Hapje dhe Dialog, COD, u jep qytetar\u00ebve shum\u00eb m\u00eb tep\u00ebr sesa thjesht akses fizik n\u00eb nd\u00ebrtes\u00ebn e K\u00ebshillit t\u00eb Ministrave. Me ndihm\u00ebn e infrastruktur\u00ebs digjitale dhe pun\u00ebs s\u00eb kurator\u00ebve p\u00ebr hapjen e arkivit t\u00eb K\u00ebshillit t\u00eb Ministrave, kjo qend\u00ebr u jep praktikisht qytetar\u00ebve, studiuesve apo t\u00eb interesuarve, akses t\u00eb plot\u00eb n\u00eb \u00e7do vendim, dokument apo material q\u00eb lidhet me vendimet dhe politikat e qeveris\u00eb, por jo vet\u00ebm. Nj\u00eb pjes\u00eb e r\u00ebnd\u00ebsishme e saj \u00ebsht\u00eb Biblioteka e Kryeministris\u00eb, me asetet e pasura n\u00eb l\u00ebmet e politik\u00ebb\u00ebrjes, integrimit europian, diplomacis\u00eb e m\u00eb tej, duke ofruar k\u00ebsisoj nj\u00eb burim t\u00eb pasur e deri m\u00eb sot thuajse t\u00eb pamundur p\u00ebr t\u2019u shfryt\u00ebzuar, p\u00ebr k\u00ebdo q\u00eb ka interes t\u00eb thellohet n\u00eb studimin e sfidave t\u00eb qeverisjes.<\/p>\n<p style=\"text-align: justify;\">Ve\u00e7 koleksioneve t\u00eb dokumenteve dhe fotove t\u00eb K\u00ebshillit t\u00eb Ministrave n\u00eb arkivin digjital t\u00eb COD, biblioteka p\u00ebrmban koleksionet e shkencave administrative dhe politikave publike, koleksionin mbi Bashkimin Europian dhe marr\u00ebdh\u00ebniet nd\u00ebrkomb\u00ebtare, koleksionin mbi artin dhe urbanizimin, koleksionin special me libra, dor\u00ebshkrime, letra personale e t\u00eb tjera dokumente t\u00eb rralla, si dhe koleksionet periodike.<\/p>\n<p style=\"text-align: justify;\">Natyrisht, aksesi n\u00eb informacion \u00ebsht\u00eb vet\u00ebm nj\u00ebra an\u00eb e medaljes. COD ka n\u00eb thelb t\u00eb misionit t\u00eb tij, jo thjesht p\u00ebr\u00e7imin e informacionit, por edhe p\u00ebrthithjen e opinioneve e mendimeve, shk\u00ebmbimet intelektuale e artistike, t\u00eb cilat jan\u00eb konceptuar n\u00eb fakt, si pjesa m\u00eb vitale dhe unike e k\u00ebtij projekti.<\/p>\n<p style=\"text-align: justify;\">I p\u00ebrb\u00ebr\u00eb nga tri hap\u00ebsira, &#8211; biblioteka, ku gjenden hap\u00ebsirat p\u00ebr studim; salla digjitale, ku shfaqen projeksionet e prezantimet; dhe salla e ekspozitave \u201cTako Artistin\u201d, COD ofron nj\u00eb vizion hapjeje dhe progresi demokratik, nd\u00ebrkoh\u00eb q\u00eb \u00e7donj\u00ebra prej sallave \u00ebsht\u00eb konceptuar t\u00eb sh\u00ebrbej\u00eb si katalizatori i nj\u00eb zinxhiri transformimesh n\u00eb p\u00ebrqasjen ndaj qeverisjes.<\/p>\n<p style=\"text-align: justify;\">Secila prej k\u00ebtyre hap\u00ebsirave funksionon n\u00eb baz\u00eb t\u00eb nj\u00eb kalendari t\u00eb integruar, i cili p\u00ebrmban ekspozita tematike dhe t\u00eb artist\u00ebve individual\u00eb, gjithnj\u00eb t\u00eb organizuara n\u00eb baz\u00eb t\u00eb thirrjeve t\u00eb hapura, q\u00eb kan\u00eb si tem\u00eb interesin publik. COD zhvillon e kuron lidhje me nj\u00eb rrjet nd\u00ebrkomb\u00ebtar intelektual\u00ebsh, akademik\u00ebsh, artist\u00ebsh dhe p\u00ebrfaq\u00ebsuesish t\u00eb shoq\u00ebris\u00eb civile, p\u00ebr t\u00eb siguruar nj\u00eb jet\u00eb aktive, t\u00eb pavarur e t\u00eb pasur aktivitetesh dhe ngjarjesh.<\/p>\n<p style=\"text-align: justify;\">COD \u00ebsht\u00eb i hapur p\u00ebr publikun nga e h\u00ebna n\u00eb t\u00eb premte 9:30-14:00 dhe 17:00-20:00 dhe dit\u00ebn e shtun\u00eb 09:30-12:00.<\/p>\n<p>[\/vc_column_text][\/vc_column][vc_column width=&#8221;1\/2&#8243;][vc_gallery type=&#8221;nivo&#8221; interval=&#8221;3&#8243; images=&#8221;2200,2204,2202,2203,7386,7387,6941,8456,8450,8358,7299,6490&#8243; img_size=&#8221;full&#8221;][vc_single_image image=&#8221;1372&#8243; img_size=&#8221;full&#8221; alignment=&#8221;center&#8221;][vc_column_text]<\/p>\n<p style=\"text-align: left;\"><strong><strong>P\u00ebr referenca t\u00eb sallave t\u00eb COD<\/strong><\/strong><\/p>\n<p style=\"text-align: left;\"><em>Shihni- 3D Virtual Tour<\/em><\/p>\n<p>[\/vc_column_text][vc_single_image image=&#8221;5715&#8243; img_size=&#8221;full&#8221; alignment=&#8221;center&#8221; onclick=&#8221;custom_link&#8221; link=&#8221;https:\/\/cod.al\/?page_id=5717&#8243;][\/vc_column][\/vc_row]<\/p>\n","protected":false},"excerpt":{"rendered":"<p>[vc_row][vc_column width=&#8221;1\/2&#8243;][vc_column_text] Qendra p\u00ebr Hapje dhe Dialog vjen si rezultat i iniciativ\u00ebs s\u00eb Kryeministrit Edi Rama. Objektivi ishte i thjesht\u00eb: t\u00eb transformohej nj\u00eb pjes\u00eb e selis\u00eb s\u00eb K\u00ebshillit t\u00eb Ministrave n\u00eb nj\u00eb hap\u00ebsir\u00eb n\u00eb sh\u00ebrbim t\u00eb qytetar\u00ebve, q\u00eb t\u00eb p\u00ebr\u00e7oj\u00eb<\/p>\n","protected":false},"author":5,"featured_media":0,"parent":0,"menu_order":0,"comment_status":"closed","ping_status":"closed","template":"","meta":{"footnotes":""},"class_list":["post-2212","page","type-page","status-publish","hentry"],"_links":{"self":[{"href":"https:\/\/cod.al\/index.php?rest_route=\/wp\/v2\/pages\/2212","targetHints":{"allow":["GET"]}}],"collection":[{"href":"https:\/\/cod.al\/index.php?rest_route=\/wp\/v2\/pages"}],"about":[{"href":"https:\/\/cod.al\/index.php?rest_route=\/wp\/v2\/types\/page"}],"author":[{"embeddable":true,"href":"https:\/\/cod.al\/index.php?rest_route=\/wp\/v2\/users\/5"}],"replies":[{"embeddable":true,"href":"https:\/\/cod.al\/index.php?rest_route=%2Fwp%2Fv2%2Fcomments&post=2212"}],"version-history":[{"count":17,"href":"https:\/\/cod.al\/index.php?rest_route=\/wp\/v2\/pages\/2212\/revisions"}],"predecessor-version":[{"id":9266,"href":"https:\/\/cod.al\/index.php?rest_route=\/wp\/v2\/pages\/2212\/revisions\/9266"}],"wp:attachment":[{"href":"https:\/\/cod.al\/index.php?rest_route=%2Fwp%2Fv2%2Fmedia&parent=2212"}],"curies":[{"name":"wp","href":"https:\/\/api.w.org\/{rel}","templated":true}]}}