{"id":2208,"date":"2016-08-19T13:37:05","date_gmt":"2016-08-19T12:37:05","guid":{"rendered":"http:\/\/cod.al\/?page_id=2208"},"modified":"2024-08-05T16:05:28","modified_gmt":"2024-08-05T14:05:28","slug":"cod-dhe-studentet","status":"publish","type":"page","link":"https:\/\/cod.al\/?page_id=2208","title":{"rendered":"Sektori p\u00ebr Hapje dhe Risi Rinore"},"content":{"rendered":"<p>[vc_row][vc_column][vc_single_image image=&#8221;2684&#8243; img_size=&#8221;full&#8221; alignment=&#8221;center&#8221;][\/vc_column][\/vc_row][vc_row el_class=&#8221;biblioteka-galery three-tabs&#8221;][vc_column][vc_tabs interval=&#8221;0&#8243;][vc_tab title=&#8221;COD DHE T\u00cb RINJT\u00cb &#8221; tab_id=&#8221;1473260514513-3-0&#8243;][vc_row_inner][vc_column_inner width=&#8221;1\/2&#8243;][vc_column_text]<\/p>\n<p style=\"text-align: justify;\"><strong>COD DHE\u00a0T\u00cb RINJT\u00cb<\/strong><br \/>\n\u00ebsht\u00eb nj\u00eb program q\u00eb i angazhon t\u00eb rinjt\u00eb n\u00eb shoq\u00ebri, politik\u00eb dhe arte.<br \/>\nQendra p\u00ebr Hapje dhe Dialog n\u00eb Kryeministri ofron hap\u00ebsirat e saj, arkivin, bibliotek\u00ebn dhe programe t\u00eb ndryshme q\u00eb p\u00ebrfshijn\u00eb institucionet arsimore n\u00eb vend, p\u00ebr shk\u00ebmbimin e ideve dhe nd\u00ebrtimin e njohurive p\u00ebrmes dialogut t\u00eb drejtp\u00ebrdrejt\u00eb me t\u00eb rinjt\u00eb.<\/p>\n<p>Duke ofruar program me shfaqje filmash, seminare me organizata komb\u00ebtare e nd\u00ebrkomb\u00ebtare si dhe workshop-e me artist\u00eb e kurator\u00eb, COD &amp; T\u00cb RINJT\u00cb fokusohet tek \u00e7\u00ebshtje t\u00eb tilla, si gjinia, t\u00eb drejtat e njeriut, dhuna n\u00eb shoq\u00ebri e familje, apo trash\u00ebgimia, mjedisi dhe ekonomia sociale, me q\u00ebllim p\u00ebrfshirjen e t\u00eb rinjve dhe krijimin e mund\u00ebsive t\u00eb reja p\u00ebr dije dhe politik\u00eb.<\/p>\n<p>N\u00ebp\u00ebrmjet rrjetit ton\u00eb t\u00eb organizatave komb\u00ebtare dhe nd\u00ebrkomb\u00ebtare, mund\u00ebsohet p\u00ebrfshirja e nj\u00eb game t\u00eb gjer\u00eb institucionesh \u2013 q\u00eb nga shkollat e mesme, universitetet dhe organizatat e pavarura, \u2013 q\u00eb nd\u00ebrveprojn\u00eb me t\u00eb rinjt\u00eb nga e gjith\u00eb Shqip\u00ebria.<\/p>\n<p>N\u00eb bashk\u00ebpunim me t\u00eb rinjt\u00eb, COD mund t\u00eb planifikoj\u00eb nj\u00eb aktivitet, dialog t\u00eb zgjeruar n\u00eb koh\u00eb apo nj\u00eb seri takimesh. Me COD mund t\u00eb organizohet nj\u00eb program, aktivitet apo vizit\u00eb, duke u bazuar n\u00eb k\u00ebrkesat, objektivat apo nevojat tuaja.[\/vc_column_text][\/vc_column_inner][vc_column_inner width=&#8221;1\/2&#8243;][vc_gallery type=&#8221;nivo&#8221; interval=&#8221;3&#8243; images=&#8221;2678,2679,2682,2681,2680,2683&#8243; img_size=&#8221;full&#8221;][\/vc_column_inner][\/vc_row_inner][vc_column_text css=&#8221;.vc_custom_1473260950473{background-position: center !important;background-repeat: no-repeat !important;background-size: cover !important;}&#8221;][\/vc_column_text][\/vc_tab][vc_tab title=&#8221;E Shtuna n\u00eb COD&#8221; tab_id=&#8221;1722256989475-3-8&#8243;][\/vc_tab][vc_tab title=&#8221;The Media Project&#8221; tab_id=&#8221;1722257036840-4-2&#8243;][\/vc_tab][vc_tab title=&#8221;Bulevardi i Ideve&#8221; tab_id=&#8221;1722257063006-5-1&#8243;][\/vc_tab][vc_tab title=&#8221;Aktivitete me t\u00eb rinjt\u00eb&#8221; tab_id=&#8221;1722257097023-6-6&#8243;][\/vc_tab][vc_tab title=&#8221;VIZITAT E STUDENT\u00cbVE NE COD&#8221; tab_id=&#8221;1479117619537-3-8&#8243;][vc_row_inner][vc_column_inner width=&#8221;1\/2&#8243;][vc_column_text]<strong>SHKOLLAT<\/strong><\/p>\n<p>&nbsp;<\/p>\n<p>\u201cSali Halili\u201d <span style=\"color: #808080;\">P\u00ebrrenjas<\/span><\/p>\n<p>\u201cInkus\u201d <span style=\"color: #808080;\">Elbasan<\/span><\/p>\n<p>\u201cNumani\u201d <span style=\"color: #808080;\">Fier<\/span><\/p>\n<p>\u201cRilindja\u201d <span style=\"color: #808080;\">Durr\u00ebs<\/span><\/p>\n<p>\u201cSami Frasheri\u201d <span style=\"color: #808080;\">Tiran\u00eb<\/span><\/p>\n<p>\u201cWilson\u201d <span style=\"color: #808080;\">Tiran\u00eb<\/span><\/p>\n<p>\u201cArianti\u201d <span style=\"color: #808080;\">Elbasan<\/span><\/p>\n<p>\u201cAristoteli\u201d <span style=\"color: #808080;\">Tirane<\/span><\/p>\n<p>Kolegji \u201cTurgut Ozal\u201d <span style=\"color: #808080;\">Tiran\u00eb<\/span><\/p>\n<p>\u201cIsmail Qemali\u201d <span style=\"color: #808080;\">Tiran\u00eb<\/span><\/p>\n<p>\u201cKostandin Kristoforidhi\u201d <span style=\"color: #808080;\">Elbasan<\/span><\/p>\n<p>\u201cNew York\u201d High School <span style=\"color: #808080;\">Tiran\u00eb<\/span><\/p>\n<p>\u201cIndependent College\u201d, Linz, <span style=\"color: #808080;\">Tiran\u00eb<\/span><\/p>\n<p>\u201cMigjeni\u201d <span style=\"color: #808080;\">Durr\u00ebs<\/span><\/p>\n<p>\u201cPetro Nini\u201d <span style=\"color: #808080;\">Tiran\u00eb<\/span><\/p>\n<p>\u201cKostandin Kristoforidhi\u201d <span style=\"color: #808080;\">Tiran\u00eb<\/span><\/p>\n<p>Shkolla Association \u201cLoyola-Gymnasium\u201d <span style=\"color: #808080;\">Prizren<\/span><\/p>\n<p class=\"m_-7298385337396872063gmail-MsoListParagraphCxSpFirst\"><span lang=\"EN-US\">&#8220;Dora D\u2019istria&#8221; <span style=\"color: #808080;\">Tiran\u00eb<\/span><\/span><\/p>\n<p class=\"m_-7298385337396872063gmail-MsoListParagraphCxSpMiddle\"><span lang=\"EN-US\">&#8220;Partizani&#8221;\u00a0<span style=\"color: #808080;\">Tiran\u00eb<\/span><\/span><\/p>\n<p class=\"m_-7298385337396872063gmail-MsoListParagraphCxSpMiddle\"><span lang=\"EN-US\">&#8220;Hoteleri Turiz\u00ebm&#8221; <span style=\"color: #808080;\">Tiran\u00eb<\/span><\/span><\/p>\n<p class=\"m_-7298385337396872063gmail-MsoListParagraphCxSpMiddle\"><span lang=\"EN-US\">Akademia e Arteve <span style=\"color: #808080;\">Tiran\u00eb<\/span><\/span><\/p>\n<p class=\"m_-7298385337396872063gmail-MsoListParagraphCxSpMiddle\"><span lang=\"EN-US\">\u201cJeronim de Rada\u201d <span style=\"color: #808080;\">Tiran\u00eb<\/span><\/span><\/p>\n<p class=\"m_-7298385337396872063gmail-MsoListParagraphCxSpMiddle\"><span lang=\"EN-US\">\u00a0<\/span><span lang=\"EN-US\">\u201cKajo Karafili\u201d <span style=\"color: #808080;\">Maminas<\/span><\/span><\/p>\n<p class=\"m_-7298385337396872063gmail-MsoListParagraphCxSpMiddle\"><span lang=\"EN-US\">Liceu artistic \u201cJordan Misja\u201d\u00a0<span style=\"color: #808080;\">Tiran\u00eb<\/span><\/span><\/p>\n<p class=\"m_-7298385337396872063gmail-MsoListParagraphCxSpMiddle\"><span lang=\"EN-US\">\u201cShefeqet Tamci\u201d\u00a0 <span style=\"color: #808080;\">Bulqiz\u00eb<\/span><\/span><\/p>\n<p class=\"m_-7298385337396872063gmail-MsoListParagraphCxSpMiddle\"><span lang=\"EN-US\">\u201cXhevdet Doda\u201d <span style=\"color: #808080;\">Bulqiz\u00eb<\/span><\/span><\/p>\n<p class=\"m_-7298385337396872063gmail-MsoListParagraphCxSpMiddle\"><span lang=\"EN-US\">\u201cV\u00ebllaz\u00ebri-Bashkim\u201d <span style=\"color: #808080;\">Ulqin<\/span><\/span><\/p>\n<p class=\"m_-7298385337396872063gmail-MsoListParagraphCxSpMiddle\"><span lang=\"EN-US\">\u201cDrita\u201d <span style=\"color: #808080;\">Ulqin<\/span><\/span><\/p>\n<p class=\"m_-7298385337396872063gmail-MsoListParagraphCxSpMiddle\"><span lang=\"EN-US\">\u201cAndon Zako Cajupi\u201d<span style=\"color: #808080;\"> Tiran\u00eb<\/span><\/span><\/p>\n<p class=\"m_-7298385337396872063gmail-MsoListParagraphCxSpMiddle\"><span lang=\"EN-US\">\u201cElena Gjika\u201d <span style=\"color: #808080;\">Prishtin\u00eb<\/span><\/span><\/p>\n<p class=\"m_-7298385337396872063gmail-MsoListParagraphCxSpMiddle\"><span lang=\"EN-US\">\u201cSinaj Tafaj\u201d <span style=\"color: #808080;\">Tiran\u00eb<\/span><\/span><\/p>\n<p class=\"m_-7298385337396872063gmail-MsoListParagraphCxSpLast\"><span lang=\"EN-US\">\u201cAsim Vokshi\u201d <span style=\"color: #808080;\">Tiran\u00eb<\/span>, dega Italisht<\/span><\/p>\n<p>[\/vc_column_text][\/vc_column_inner][vc_column_inner width=&#8221;1\/2&#8243;][vc_column_text]<strong>UNIVERSITETE<\/strong><\/p>\n<p>&nbsp;<\/p>\n<p>Universiteti \u201cAleksander Xhuvani\u201d Elbasan<\/p>\n<p>Fakulteti i Gjuh\u00ebve t\u00eb huaja, Dega Komunikim Nd\u00ebrkulturor<\/p>\n<p>Fakulteti i Shkencave Sociale<\/p>\n<p>Fakulteti i Drejtesis\u00eb<\/p>\n<p>Fakulteti i Ekonomis\u00eb<\/p>\n<p>Fakulteti i Arkitektur\u00ebs dhe Urbanistik\u00ebs<\/p>\n<p>Fakulteti i Gjeografise dhe Historise<\/p>\n<p>Albanian University, Berat<\/p>\n<p>Fakulteti i Gjuh\u00ebve t\u00eb Huaja, dega Gjermanisht[\/vc_column_text][\/vc_column_inner][\/vc_row_inner][vc_column_text css=&#8221;.vc_custom_1473260950473{background-position: center !important;background-repeat: no-repeat !important;background-size: cover !important;}&#8221;][\/vc_column_text][\/vc_tab][vc_tab title=&#8221;REAGIME&#8221; tab_id=&#8221;1436206897153-2-3&#8243;][vc_column_text][testimonial_view id=&#8221;1&#8243;][\/vc_column_text][\/vc_tab][\/vc_tabs][\/vc_column][\/vc_row]<\/p>\n","protected":false},"excerpt":{"rendered":"<p>[vc_row][vc_column][vc_single_image image=&#8221;2684&#8243; img_size=&#8221;full&#8221; alignment=&#8221;center&#8221;][\/vc_column][\/vc_row][vc_row el_class=&#8221;biblioteka-galery three-tabs&#8221;][vc_column][vc_tabs interval=&#8221;0&#8243;][vc_tab title=&#8221;COD DHE T\u00cb RINJT\u00cb &#8221; tab_id=&#8221;1473260514513-3-0&#8243;][vc_row_inner][vc_column_inner width=&#8221;1\/2&#8243;][vc_column_text] COD DHE\u00a0T\u00cb RINJT\u00cb \u00ebsht\u00eb nj\u00eb program q\u00eb i angazhon t\u00eb rinjt\u00eb n\u00eb shoq\u00ebri, politik\u00eb dhe arte. Qendra p\u00ebr Hapje dhe Dialog n\u00eb Kryeministri ofron hap\u00ebsirat e<\/p>\n","protected":false},"author":5,"featured_media":0,"parent":0,"menu_order":0,"comment_status":"closed","ping_status":"closed","template":"","meta":{"footnotes":""},"class_list":["post-2208","page","type-page","status-publish","hentry"],"_links":{"self":[{"href":"https:\/\/cod.al\/index.php?rest_route=\/wp\/v2\/pages\/2208","targetHints":{"allow":["GET"]}}],"collection":[{"href":"https:\/\/cod.al\/index.php?rest_route=\/wp\/v2\/pages"}],"about":[{"href":"https:\/\/cod.al\/index.php?rest_route=\/wp\/v2\/types\/page"}],"author":[{"embeddable":true,"href":"https:\/\/cod.al\/index.php?rest_route=\/wp\/v2\/users\/5"}],"replies":[{"embeddable":true,"href":"https:\/\/cod.al\/index.php?rest_route=%2Fwp%2Fv2%2Fcomments&post=2208"}],"version-history":[{"count":16,"href":"https:\/\/cod.al\/index.php?rest_route=\/wp\/v2\/pages\/2208\/revisions"}],"predecessor-version":[{"id":8127,"href":"https:\/\/cod.al\/index.php?rest_route=\/wp\/v2\/pages\/2208\/revisions\/8127"}],"wp:attachment":[{"href":"https:\/\/cod.al\/index.php?rest_route=%2Fwp%2Fv2%2Fmedia&parent=2208"}],"curies":[{"name":"wp","href":"https:\/\/api.w.org\/{rel}","templated":true}]}}