{"id":2123,"date":"2016-08-17T17:48:18","date_gmt":"2016-08-17T16:48:18","guid":{"rendered":"http:\/\/cod.al\/?page_id=2123"},"modified":"2017-07-07T09:47:30","modified_gmt":"2017-07-07T08:47:30","slug":"sezonet-2016","status":"publish","type":"page","link":"https:\/\/cod.al\/?page_id=2123","title":{"rendered":"Sezonet 2016"},"content":{"rendered":"<p>[vc_row el_class=&#8221;biblioteka-galery three-tabs&#8221;][vc_column][vc_tabs interval=&#8221;0&#8243;][vc_tab title=&#8221;Sezoni II&#8221; tab_id=&#8221;0d6bd6fd-733a-8&#8243;][vc_column_text]<\/p>\n<h5 style=\"text-align: center;\">\u00a0Hap\u00ebsira ku jetojm\u00eb, hap\u00ebsira q\u00eb ndajm\u00eb dhe hap\u00ebsira q\u00eb l\u00ebm\u00eb pas<\/h5>\n<p style=\"text-align: center;\">15 Janar &#8211; 15 Maj 2016<\/p>\n<p>[\/vc_column_text][vc_row_inner][vc_column_inner width=&#8221;1\/2&#8243;][vc_column_text]<\/p>\n<h5 style=\"text-align: left;\">COD hap sezonet e 2016-s<\/h5>\n<p style=\"text-align: left;\"><strong>Tiran\u00eb, 15 janar 2016<\/strong> &#8211; COD hap sezonin e par\u00eb t\u00eb 2016-s, t\u00eb titulluar \u201cHap\u00ebsira ku jetojm\u00eb, hap\u00ebsira q\u00eb ndajm\u00eb\u00a0dhe hap\u00ebsira q\u00eb l\u00ebm\u00eb pas\u201d, me ekspozit\u00ebn e artistit Edi Hila, \u201c<em>Vegime bulevardi<\/em>\u201d.<\/p>\n<p style=\"text-align: left;\">\u201cCikli i ri i pikturave t\u00eb Hil\u00ebs, ka p\u00ebr tem\u00eb bulevardin kryesor t\u00eb Tiran\u00ebs, me objektet m\u00eb p\u00ebrfaq\u00ebsuese n\u00eb sheshin \u201cN\u00ebn\u00eb Tereza\u201d dhe \u00ebsht\u00eb vazhdim\u00ebsi e dy cikleve t\u00eb m\u00ebparshme. N\u00eb k\u00ebto vepra t\u00eb realizuara me shum\u00eb mjesht\u00ebri dhe fines\u00eb, Hila paraqet vizionin e tij t\u00eb Shqip\u00ebris\u00eb s\u00eb koh\u00ebs s\u00eb tranzicionit, duke p\u00ebrdorur mjete minimale shpreh\u00ebse me nj\u00eb palet\u00eb ngjyrash t\u00eb shp\u00eblara, kryesisht gri, blu dhe t\u00eb dheut. K\u00ebto panorama t\u00eb urbanizimit t\u00eb eg\u00ebr p\u00ebrjetohen si objekte t\u00eb braktisura, t\u00eb zhytura n\u00eb atmosfer\u00ebn e zymt\u00eb e t\u00eb mistershme t\u00eb kot\u00ebsis\u00eb,\u00a0boshll\u00ebkut e trishtimit\u201d, v\u00eb n\u00eb dukje Shk\u00eblzen Maliqi.<\/p>\n<p style=\"text-align: left;\">\u201cKompleksi arkitekturor rreth Universitetit, sheshi, s\u00eb bashku me bulevardin si aksi kryesor urbanistik i qytetit,\u00a0edhe sot sh\u00ebrbejn\u00eb si teat\u00ebr i ngjarjeve, shpeshher\u00eb dramatike t\u00eb historis\u00eb son\u00eb bashk\u00ebkohore. D\u00ebshira p\u00ebr t\u00eb ruajtur nj\u00eb marr\u00ebdh\u00ebnie koherente midis gjasht\u00eb tablove dhe nd\u00ebrtimeve kryesore q\u00eb p\u00ebrb\u00ebjn\u00eb kompleksin arkitektonik, erdhi si nevoj\u00eb p\u00ebr nj\u00eb organizim t\u00eb kontrolluar artistikisht t\u00eb veprave n\u00eb raport me nj\u00ebra-tjetr\u00ebn, duke p\u00ebrdorur nj\u00eb gam\u00eb kromatike t\u00eb caktuar, e cila i p\u00ebrgjigjet n\u00eb m\u00ebnyr\u00eb organike p\u00ebrmbajtjes dhe funksionit administrativ q\u00eb ruajn\u00eb sot k\u00ebto godina. K\u00ebto e kan\u00eb frym\u00ebzuar nism\u00ebn p\u00ebr t\u00eb nd\u00ebrtuar nj\u00eb cik\u00ebl pikturash ku historia e shat\u00ebrvanit, si nd\u00ebrhyrje e dhunshme, sh\u00ebrben si moment interesant p\u00ebrgjith\u00ebsimi,\u201d shprehet vet\u00eb\u00a0autori.<\/p>\n<p style=\"text-align: left;\">\u201cSecila pun\u00eb e Edi Hil\u00ebs p\u00ebrfaq\u00ebson pik\u00ebv\u00ebshtrime t\u00eb ndryshme n\u00eb nj\u00eb panoram\u00eb tranzicioni, n\u00eb kontekst jo vet\u00ebm politik, por thell\u00ebsisht social. Si n\u00eb t\u00eb gjitha vendet ballkanike, edhe k\u00ebtu, shteti n\u00eb tranzicion \u00ebsht\u00eb thelb\u00ebsor n\u00eb \u00e7do detaj, si t\u00eb vendit, edhe t\u00eb qyteteve, ku artisti i shpalos paradokset pas nj\u00eb velloje misteri\u201d, do t\u00eb\u00a0thoshte Ami Barak, n\u00eb vler\u00ebsim t\u00eb pun\u00ebs s\u00eb Hil\u00ebs n\u00eb Paris.<\/p>\n<p style=\"text-align: left;\">Kjo \u00ebsht\u00eb ekspozita e dyt\u00eb e madhe e hapur n\u00eb COD, i cili kurohet me an\u00eb t\u00eb tre sezoneve t\u00eb vit. Q\u00eb nga hapja m\u00eb 8 korrik 2015 e deri m\u00eb sot, COD ka pasur m\u00eb shum\u00eb se 15. 200 vizitor\u00eb. N\u00eb COD jan\u00eb zhvilluar t\u00eb pakt\u00ebn tre aktivitete n\u00eb jav\u00eb dhe n\u00eb hap\u00ebsirat e tij kan\u00eb punuar e marr\u00eb pjes\u00eb n\u00eb organizime student\u00eb t\u00eb huaj e vendas, nx\u00ebn\u00ebs, ekspert\u00eb, artist\u00eb, punonj\u00ebs civil\u00eb, p\u00ebrfaq\u00ebsues t\u00eb administrat\u00ebs, institucioneve nd\u00ebrkomb\u00ebtare dhe\u00a0organizatave joqeveritare.<\/p>\n<p style=\"text-align: left;\">Kalendari i sezonit t\u00eb par\u00eb 2016 (15 janar &#8211; 15 maj) do t\u00eb jet\u00eb s\u00eb shpejti n\u00eb www.cod.al, ku mund t\u00eb rezervohen\u00a0vizitat n\u00eb COD dhe pjes\u00ebmarrja n\u00eb aktivitete. T\u00eb premtet jan\u00eb dit\u00ebt e filmit dhe librit n\u00eb COD.<\/p>\n<p style=\"text-align: left;\">N\u00eb fillim t\u00eb k\u00ebtij sezoni, COD shp\u00ebrndan 160 karta p\u00ebr gjimnazist\u00ebt e ekselenc\u00ebs t\u00eb 2015, sot student\u00eb n\u00eb universitetet shqiptare. N\u00eb bashk\u00ebpunim me ambasad\u00ebn britanike, COD i ka mund\u00ebsuar nj\u00eb t\u00eb riu t\u00eb talentuar burs\u00ebn\u00a0nj\u00ebvje\u00e7are <em>Chevening<\/em> p\u00ebr kurator. N\u00eb muajin shkurt fillon <em>Projekti Pilot i Arteve Liberale<\/em> me Universitetin e\u00a0Harvardit.<\/p>\n<p style=\"text-align: left;\">Disa nga aktivitetet e spikatura t\u00eb jav\u00ebs s\u00eb ardhshme jan\u00eb si vijon: 20 janar, n\u00eb mjediset e Qendr\u00ebs zhvillohet konferenca me p\u00ebrfaq\u00ebsues t\u00eb nivelit t\u00eb lart\u00eb t\u00eb Bank\u00ebs Bot\u00ebrore. 22 janar, COD mir\u00ebpret Presidenten Jahjaga,\u00a0n\u00eb aktivitetin e organizuar p\u00ebr promovimin e filmit \u201c<em>Mendoj p\u00ebr ty<\/em>\u201d.<\/p>\n<p style=\"text-align: left;\">COD mbetet i hapur p\u00ebr propozime dhe bashk\u00ebpunime, me q\u00ebllim fuqizimin e dialogut dhe mb\u00ebshtetjen e\u00a0krijimtaris\u00eb.<\/p>\n<p>[\/vc_column_text][\/vc_column_inner][vc_column_inner width=&#8221;1\/2&#8243;][vc_column_text]<a href=\"http:\/\/cod.al\/?page_id=1485\" target=\"_blank\"><img fetchpriority=\"high\" decoding=\"async\" class=\"size-full wp-image-1838 aligncenter\" src=\"http:\/\/cod.al\/wp-content\/uploads\/2015\/06\/Edi-Hila.jpg\" alt=\"Edi-Hila\" width=\"460\" height=\"325\" srcset=\"https:\/\/cod.al\/wp-content\/uploads\/2015\/06\/Edi-Hila.jpg 460w, https:\/\/cod.al\/wp-content\/uploads\/2015\/06\/Edi-Hila-300x212.jpg 300w\" sizes=\"(max-width: 460px) 100vw, 460px\" \/><\/a><\/p>\n<h6 style=\"text-align: center;\"><a href=\"http:\/\/cod.al\/?page_id=1485\"><span style=\"color: #000000;\">\u00a0Holli Protokollar<\/span><\/a><\/h6>\n<p style=\"text-align: center;\"><a href=\"http:\/\/cod.al\/?page_id=1485\"><span style=\"color: #000000;\"><em style=\"color: #000000;\">&#8220;Vegime Bulevardi&#8221;\u00a0Edi Hila<\/em><\/span><\/a><\/p>\n<p>[\/vc_column_text][vc_column_text]<a href=\"https:\/\/www.youtube.com\/watch?v=AWz0Mi_B1OY\" target=\"_blank\"><img decoding=\"async\" class=\"size-full wp-image-1403 aligncenter\" src=\"http:\/\/cod.al\/wp-content\/uploads\/2015\/06\/edi-hila.jpg\" alt=\"edi-hila\" width=\"832\" height=\"404\" srcset=\"https:\/\/cod.al\/wp-content\/uploads\/2015\/06\/edi-hila.jpg 832w, https:\/\/cod.al\/wp-content\/uploads\/2015\/06\/edi-hila-300x146.jpg 300w\" sizes=\"(max-width: 832px) 100vw, 832px\" \/><\/a><\/p>\n<h6 style=\"text-align: center;\"><a href=\"https:\/\/www.youtube.com\/watch?v=AWz0Mi_B1OY\" target=\"_blank\"><span style=\"color: #000000;\">Forumi<\/span><\/a><\/h6>\n<p style=\"text-align: center;\"><a href=\"https:\/\/www.youtube.com\/watch?v=AWz0Mi_B1OY\" target=\"_blank\"><span style=\"color: #000000;\">Edi Hila <em>&#8220;P\u00ebr bulevardin&#8221;<\/em><\/span><\/a><\/p>\n<p>[\/vc_column_text][vc_column_text]<a href=\"https:\/\/www.youtube.com\/watch?v=TsrVPqrDslc\" target=\"_blank\"><img decoding=\"async\" class=\"aligncenter size-full wp-image-1595\" src=\"http:\/\/cod.al\/wp-content\/uploads\/2015\/06\/Aktivitetet-Cod-Intermezzo.jpg\" alt=\"Aktivitetet-(Cod-Intermezzo)\" width=\"582\" height=\"336\" srcset=\"https:\/\/cod.al\/wp-content\/uploads\/2015\/06\/Aktivitetet-Cod-Intermezzo.jpg 582w, https:\/\/cod.al\/wp-content\/uploads\/2015\/06\/Aktivitetet-Cod-Intermezzo-300x173.jpg 300w\" sizes=\"(max-width: 582px) 100vw, 582px\" \/><\/a><\/p>\n<h6 style=\"text-align: center;\"><a href=\"https:\/\/www.youtube.com\/watch?v=TsrVPqrDslc\" target=\"_blank\"><span style=\"color: #000000;\">COD Intermezzo<\/span><\/a><\/h6>\n<p>[\/vc_column_text][\/vc_column_inner][\/vc_row_inner][\/vc_tab][vc_tab title=&#8221;Sezoni III&#8221; tab_id=&#8221;d036c0d0-f43c-5&#8243;][vc_column_text]<\/p>\n<h5 style=\"text-align: center;\">\u00a0Hap\u00ebsira ku jetojm\u00eb, hap\u00ebsira q\u00eb ndajm\u00eb dhe hap\u00ebsira q\u00eb l\u00ebm\u00eb pas &#8211; II<\/h5>\n<p style=\"text-align: center;\">20 Maj\u00a0&#8211; 10\u00a0Tetor 2016<\/p>\n<p>[\/vc_column_text][vc_row_inner][vc_column_inner width=&#8221;1\/2&#8243;][vc_column_text]COD hap sezonin e dyt\u00eb t\u00eb 2016, t\u00eb titulluar \u201cHap\u00ebsira ku jetojm\u00eb, hap\u00ebsira q\u00eb ndajm\u00eb dhe hap\u00ebsira q\u00eb l\u00ebm\u00eb pas -II\u201d, me ekspozit\u00ebn \u201cQiell, up and down\u201d t\u00eb artist\u00ebve bashk\u00ebkohor\u00eb Alban Muja dhe Olson Lamaj. N\u00eb hollin protokollar t\u00eb Kryeministris\u00eb, n\u00eb bashk\u00ebpunim me Ambasad\u00ebn e Kosov\u00ebs, COD prezanton instalacionetdhe veprat e krijuesve t\u00eb gjenerat\u00ebs s\u00eb re, q\u00eb \u201cm\u00ebtojn\u00eb t\u00eb na b\u00ebjn\u00eb t\u00eb gjykojm\u00eb p\u00ebrmes Qiellit, materies s\u00ebp\u00ebrjetshme.\u201d<\/p>\n<p>Piktori kosovar Alban Muja ekspozon serin\u00eb \u201cWindows seat\u201d, (Sedilja pran\u00eb dritares) me 25 vizatime dhe 2 piktura t\u00eb dimensioneve t\u00eb ndryshme, skicuar gjat\u00eb fluturimeve n\u00eb SHBA. Artisti nga Tirana, Olson Lamaj, shprehet n\u00ebp\u00ebrmjet dy instalacioneve, \u201cSky Color\u201d(Ngjyra e Qiellit) dhe \u201cBlue Meteror\u201d(Meteori Blu) t\u00eb cil\u00ebt, n\u00eb nuancat e blus\u00eb projektojn\u00eb d\u00ebshirat, \u00ebndrrat dhe aspiratat njer\u00ebzore. Sipas Ben Andonit, \u201cTek Albani, nga Sip\u00ebr (Up), perceptimi i p\u00ebrjet\u00ebsis\u00eb kthehet n\u00eb shprehje artistike&#8230; Flasin vijat imagjinare dhe impulset q\u00eb p\u00ebrcjellin instinktivisht mesazhet. Te Gur\u00ebt e Bulevardit tiranas t\u00eb Olsonit, nga Posht\u00eb (Down), reflektojn\u00eb idealist\u00ebt me k\u00ebmb\u00eb n\u00eb tok\u00eb, q\u00eb jo pak her\u00eb kan\u00eb shfryr\u00eb mu p\u00ebrball\u00eb vendekspozimit n\u00eb COD\u201d.<\/p>\n<p>N\u00eb sall\u00ebn \u201cTako Artistin\u201d, n\u00eb bashk\u00ebpunim me Bashkin\u00eb e Tiran\u00ebs, COD i hap dyert projektit t\u00eb ri t\u00eb sheshit t\u00eb kryeqytetit. Maketi i qendr\u00ebs s\u00eb Tiran\u00ebs, p\u00ebr t\u00eb cil\u00ebn ende po punohet, vihet n\u00eb dispozicion t\u00eb qytetar\u00ebve. Ata kan\u00eb mund\u00ebsi t\u00eb njihen me projektin e k\u00ebtij ekosistemi t\u00eb ri urban. Nj\u00ebkoh\u00ebsisht ta komentojn\u00eb, t\u00eb japin p\u00ebrshtypjet e tyre dhe t\u00eb shk\u00ebmbejn\u00eb ide, duke l\u00ebn\u00eb gjurm\u00ebn e vet n\u00eb p\u00ebrmir\u00ebsimin e nj\u00eb qyteti q\u00eb u p\u00ebrket t\u00eb gjith\u00ebve.<\/p>\n<p>N\u00eb sall\u00ebn e minilabit, kuratoret Alketa Misja dhe Dhurata Thanasi Daneri prezantojn\u00eb ekspozit\u00ebn\u201cARTifact\u201d, me fotografi dhe materiale t\u00eb ish-Kombinatit t\u00eb Autotraktor\u00ebve, Tiran\u00eb, sot i l\u00ebn\u00eb n\u00eb harres\u00eb. N\u00ebp\u00ebrmjet imazheve dokumentuese, kushdo mund t\u00eb p\u00ebrjetoj\u00eb dhe interpretoj\u00eb sipas k\u00ebndv\u00ebshtrimit personal, pun\u00ebn gjigante t\u00eb b\u00ebr\u00eb p\u00ebr gati kat\u00ebr dekada, n\u00eb nj\u00eb nga veprat m\u00eb t\u00eb m\u00ebdha industriale t\u00eb Shqip\u00ebris\u00eb gjat\u00eb periudh\u00ebs socialiste, e cila mori energjin\u00eb e shum\u00ebprojektuesve, inxhinier\u00ebve dhe pun\u00ebtor\u00ebve.<\/p>\n<p>N\u00eb sall\u00ebn digjitale, Olson Lamaj projekton filmin \u201cHow stars are born?\u201d (Nga vijn\u00eb yjet?), Alban Muja pjes\u00ebn \u201cLegendary Dog\u201d (Qeni i legjendave). P\u00ebrgjat\u00eb gjith\u00eb sezonit t\u00eb dyt\u00eb, videot e artist\u00ebve, si vepra arti unike ilustrojn\u00eb nj\u00eb dimension tjet\u00ebr t\u00eb krijimtaris\u00eb s\u00eb tyre. N\u00eb forumin e COD, n\u00eb bashk\u00ebpunim me Prezenc\u00ebn e OSBE-s\u00eb n\u00eb Shqip\u00ebri, me mb\u00ebshtetjen e qeveris\u00eb gjermane, merr jet\u00eb projekti kinematografik \u201cRrim\u00eb shtremb\u00ebr, flasim drejt: Dialog p\u00ebr t\u00eb shkuar\u00ebn\u201d.<\/p>\n<p>Nj\u00eb seri filmash mbi t\u00eb kaluar\u00ebn trajton m\u00ebnyr\u00ebn se si trash\u00ebgimia e s\u00eb djeshmes jodemokratike ndikon n\u00eb shoq\u00ebrin\u00eb e sotme. \u00c7do shfaqje ndiqet nga nj\u00eb sesion diskutimesh t\u00eb t\u00eb rinjve nga qytete t\u00eb ndryshme t\u00eb Shqip\u00ebris\u00eb, q\u00eb nd\u00ebrveprojn\u00eb me regjisor\u00eb t\u00eb njohur, historian\u00eb dhe ish-t\u00eb d\u00ebnuar t\u00eb mendimit. I fokusuar te hap\u00ebsira, ky program filmi synon t\u00eb theksoj\u00eb faktin q\u00eb kurr\u00eb nuk riprodhojm\u00eb hap\u00ebsira t\u00eb censur\u00ebs dhe frik\u00ebs. Dialogu p\u00ebr t\u00eb shkuar\u00ebn dhe transparenca es\u00eb sotmes jan\u00eb parakushte t\u00eb s\u00eb ardhmes demokratike.[\/vc_column_text][\/vc_column_inner][vc_column_inner width=&#8221;1\/2&#8243;][vc_column_text]<a href=\"http:\/\/cod.al\/?page_id=1762\" target=\"_blank\"><img loading=\"lazy\" decoding=\"async\" class=\"aligncenter size-full wp-image-1763\" src=\"http:\/\/cod.al\/wp-content\/uploads\/2016\/05\/ftesa_al.jpg\" alt=\"ftesa_al\" width=\"850\" height=\"425\" srcset=\"https:\/\/cod.al\/wp-content\/uploads\/2016\/05\/ftesa_al.jpg 850w, https:\/\/cod.al\/wp-content\/uploads\/2016\/05\/ftesa_al-300x150.jpg 300w\" sizes=\"(max-width: 850px) 100vw, 850px\" \/><\/a><\/p>\n<h6 style=\"text-align: center;\"><span style=\"color: #000000;\"><a style=\"color: #000000;\" href=\"http:\/\/cod.al\/?page_id=1762\" target=\"_blank\">\u00a0Holli Protokollar<\/a><\/span><\/h6>\n<p style=\"text-align: center;\"><span style=\"color: #000000;\"><a style=\"color: #000000;\" href=\"http:\/\/cod.al\/?page_id=1762\" target=\"_blank\"><em>&#8220;Qiell up and down&#8221;\u00a0<\/em>Alban Muja &amp; Olson Lamaj<\/a><\/span><\/p>\n<p>[\/vc_column_text][vc_column_text]<a href=\"http:\/\/cod.al\/?page_id=1768\" target=\"_blank\"><img loading=\"lazy\" decoding=\"async\" class=\"aligncenter size-full wp-image-2147\" src=\"http:\/\/cod.al\/wp-content\/uploads\/2016\/08\/artifact.jpg\" alt=\"artifact\" width=\"850\" height=\"566\" srcset=\"https:\/\/cod.al\/wp-content\/uploads\/2016\/08\/artifact.jpg 850w, https:\/\/cod.al\/wp-content\/uploads\/2016\/08\/artifact-300x200.jpg 300w\" sizes=\"(max-width: 850px) 100vw, 850px\" \/><\/a><\/p>\n<h6 style=\"text-align: center;\"><a href=\"http:\/\/cod.al\/?page_id=1768\" target=\"_blank\"><span style=\"color: #000000;\">Minilab<\/span><\/a><\/h6>\n<p style=\"text-align: center;\"><a href=\"http:\/\/cod.al\/?page_id=1768\" target=\"_blank\"><span style=\"color: #000000;\">&#8220;ARTifact&#8221;<\/span><\/a><br \/>\n<a href=\"http:\/\/cod.al\/?page_id=1768\" target=\"_blank\"><span style=\"color: #000000;\">ekspozit\u00eb fotografike<\/span><\/a><\/p>\n<p>[\/vc_column_text][vc_column_text]<a href=\"http:\/\/cod.al\/?page_id=1782\" target=\"_blank\"><img loading=\"lazy\" decoding=\"async\" class=\"aligncenter size-large wp-image-2148\" src=\"http:\/\/cod.al\/wp-content\/uploads\/2016\/08\/sheshi.jpg\" alt=\"sheshi\" width=\"720\" height=\"479\" srcset=\"https:\/\/cod.al\/wp-content\/uploads\/2016\/08\/sheshi.jpg 850w, https:\/\/cod.al\/wp-content\/uploads\/2016\/08\/sheshi-300x200.jpg 300w\" sizes=\"(max-width: 720px) 100vw, 720px\" \/><\/a><\/p>\n<h6 style=\"text-align: center;\"><a href=\"http:\/\/cod.al\/?page_id=1782\" target=\"_blank\"><span style=\"color: #000000;\">Salla &#8220;Tako artistin&#8221;<\/span><\/a><\/h6>\n<p style=\"text-align: center;\"><a href=\"http:\/\/cod.al\/?page_id=1782\" target=\"_blank\"><span style=\"color: #000000;\">Nj\u00eb ekosistem i ri urban<\/span><\/a><\/p>\n<p>[\/vc_column_text][\/vc_column_inner][\/vc_row_inner][\/vc_tab][vc_tab title=&#8221;Sezoni IV&#8221; tab_id=&#8221;1486036338818-2-2&#8243;][vc_column_text]<\/p>\n<h5 style=\"text-align: center;\">\u00a0DUKE QENDRUAR PEZULL<\/h5>\n<p style=\"text-align: center;\">\u00a0 \u00a0 \u00a0 \u00a0 \u00a0 \u00a0 \u00a0 \u00a0 \u00a0 \u00a0 14 Tetor 2016 &#8211;\u00a014 Janar 2017<\/p>\n<p>[\/vc_column_text][vc_row_inner][vc_column_inner width=&#8221;1\/2&#8243;][vc_column_text]<\/p>\n<p class=\"m_2851800886590318972gmail-m_8162234274171217088gmail-MsoNoSpacing\"><span lang=\"SQ\">I titulluar\u00a0\u201cT\u00eb dialogosh me prani\u201d, sezoni 2016-3 n\u00eb COD hapet me ekspozit\u00ebn \u201cDuke q\u00ebndruar pezull\u201d, t\u00eb kuruar nga z. Erzen Shkololli.\u00a0Ekspozita nd\u00ebrlidh veprat e artist\u00ebve Flaka Haliti, Laurent Mareschal, Nathan Coley, Peter Kogler dhe Vigan Nimani.<\/span><\/p>\n<p class=\"m_2851800886590318972gmail-m_8162234274171217088gmail-MsoNoSpacing\"><span lang=\"SQ\">Duke shfryt\u00ebzuar teknologjin\u00eb kompjuterike p\u00ebr krijimin e rikrijimin e nj\u00eb serie imazhesh grafike,<\/span><span lang=\"SQ\">\u00a0artisti austriak Peter Kogler prezanton 6 vepra \u201cPa titull\u201d, mund\u00ebsuar nga bashk\u00ebpunimi i COD me Ambasad\u00ebn Austriake. N\u00eb Forum projektohen 16 intervistat e artistit, duke e sjell\u00eb n\u00eb disa dimensione procesin e tij krijues.<\/span><\/p>\n<p class=\"m_2851800886590318972gmail-m_8162234274171217088gmail-MsoNoSpacing\"><span lang=\"SQ\">Artisti skocez Nathan Coley prezanton vepr\u00ebn \u201cNj\u00eb vend p\u00ebrtej besimit\u201d, krijuar n\u00eb 2012. E ekspozuar n\u00eb t\u00eb gjith\u00eb bot\u00ebn n\u00eb trajta dhe versione t\u00eb ndryshueshme, me<\/span><span lang=\"SQ\">\u00a0fraza sociale dhe ekzistenciale<\/span><span lang=\"SQ\">,<\/span><span lang=\"SQ\">aktualiteti i saj \u00ebsht\u00eb mbres\u00ebl\u00ebn\u00ebs<\/span><\/p>\n<p class=\"m_2851800886590318972gmail-m_8162234274171217088gmail-MsoNoSpacing\"><span lang=\"SQ\">Flaka Haliti, artistja q\u00eb n<\/span><span lang=\"SQ\">\u00eb 2015 p\u00ebrfaq\u00ebsoi Kosov\u00ebn n\u00eb Bienalen e Venecias<\/span><span lang=\"SQ\">, paraqet instalacionin \u201cDuke q\u00ebndruar pezull\u201d, nj\u00eb metafor\u00eb q\u00eb e v\u00eb artistin p\u00ebrball\u00eb komercialitetit t\u00eb bot\u00ebs q\u00eb e rrethon. Instalacioni \u00a0\u00ebsht\u00eb prezantuar m\u00eb her\u00ebt n\u00eb Berlin n\u00eb 2014. P<\/span><span lang=\"SQ\">\u00ebr shkak t\u00eb thjesht\u00ebsis\u00eb s\u00eb punimit, vepra reduktohet n\u00eb titull dhe n\u00eb form\u00ebn e vet p\u00ebrfaq\u00ebsuese estetike.<\/span><\/p>\n<p class=\"m_2851800886590318972gmail-m_8162234274171217088gmail-MsoNoSpacing\"><span lang=\"SQ\">N\u00eb sall\u00ebn \u201cTako Artistin\u201d, n\u00eb bashk\u00ebpunim me Ambasad\u00ebn Franceze, COD prezanton instalacionin \u201cBeiti\u201d, t\u00eb artistit francez Laurent Mareschal. Nj\u00eb vep\u00ebr jo e zakont\u00eb, e punuar me er\u00ebza, p\u00ebrmes s\u00eb cil\u00ebs evokohen lidhjet shum\u00ebshtresore t\u00eb Lindjes me Per\u00ebndimin.<\/span><\/p>\n<p class=\"m_2851800886590318972gmail-m_8162234274171217088gmail-MsoNoSpacing\"><span lang=\"SQ\">N\u00eb mjediset e tjera t\u00eb Qendr\u00ebs jan\u00eb ekspozuar punimet minimaliste t\u00eb Vigan Nimanit, frym\u00ebzuar nga\u00a0<\/span><span lang=\"SQ\">mjediset moderne urbane, t\u00eb zhveshura nga \u00e7do dekoracion shtes\u00eb.<\/span><span lang=\"SQ\">\u00a0Artisti kosovar sjell n\u00eb COD mbres\u00ebn e tij t\u00eb p\u00ebrjet\u00ebsis\u00eb metafizike, e shprehur n\u00eb forma dhe marr\u00ebdh\u00ebnie.<\/span><\/p>\n<p class=\"m_2851800886590318972gmail-m_8162234274171217088gmail-MsoNoSpacing\"><span lang=\"SQ\">Vet\u00eb Shkololli shprehet se \u201ctitulli i vepr\u00ebs s\u00eb\u00a0Flak\u00ebs,\u00a0<i>Just Hanging Around<\/i>, (Duke q\u00ebndruar pezull) \u00ebsht\u00eb nj\u00eb kryefjal\u00eb e nj\u00ebkoh\u00ebsisht, \u00e7el\u00ebs p\u00ebr hapjen dhe dialogun me estetik\u00ebn e artit bashkohor q\u00eb, edhe n\u00eb subjektet n\u00eb dukje efemere, gjen farat dhe er\u00ebzat e sublimes\u201d.<\/span><span lang=\"SQ\">\u00a0<\/span><\/p>\n<p class=\"m_2851800886590318972gmail-m_8162234274171217088gmail-MsoNoSpacing\"><span lang=\"SQ\">Erzen Shkololli \u00ebsht\u00eb artist dhe\u00a0<\/span><span lang=\"SQ\">kurator. Drejtor i Fondacionit \u201cUn\u00eb e du Kosov\u00ebn\u201d n\u00eb Prishtin\u00eb, Kosov\u00eb, si dhe\u00a0 k\u00ebshilltar kuratorial p\u00ebr\u00a0<\/span><span lang=\"SQ\">documenta 14<\/span><span lang=\"SQ\">. Nga viti 2011 deri m\u00eb 2015, drejtor i Galeris\u00eb Komb\u00ebtare t\u00eb Kosov\u00ebs. N\u00eb vitin 2013, Shkololli ishte komisioner i prezantimit t\u00eb par\u00eb t\u00eb Republik\u00ebs s\u00eb Kosov\u00ebs n\u00eb edicionin e 55-<sup>t\u00eb<\/sup>\u00a0t\u00eb Bienales s\u00eb Venecias. Nga viti 2003 deri m\u00eb 2007 mbajti pozit\u00ebn e drejtorit artistik n\u00eb Institutin e Artit Bashk\u00ebkohor EXIT n\u00eb Pej\u00eb, nj\u00eb iniciativ\u00eb e shk\u00ebmbimit n\u00eb Kosov\u00eb, e cila transformoi sken\u00ebn vendase kulturore. Praktika e tij artistike p\u00ebrdor ritualet dhe folklorin vendas p\u00ebr t\u00eb t\u00ebrhequr v\u00ebmendjen te situata specifike socio-politike dhe \u00ebsht\u00eb ekspozuar nd\u00ebrkomb\u00ebtarisht.<\/span><\/p>\n<p>[\/vc_column_text][\/vc_column_inner][vc_column_inner width=&#8221;1\/2&#8243;][vc_column_text]<a href=\"http:\/\/cod.al\/wp-content\/uploads\/2015\/06\/holi.png\"><img loading=\"lazy\" decoding=\"async\" class=\"aligncenter size-full wp-image-2558\" src=\"http:\/\/cod.al\/wp-content\/uploads\/2015\/06\/holi.png\" alt=\"holi\" width=\"792\" height=\"944\" srcset=\"https:\/\/cod.al\/wp-content\/uploads\/2015\/06\/holi.png 792w, https:\/\/cod.al\/wp-content\/uploads\/2015\/06\/holi-252x300.png 252w\" sizes=\"(max-width: 792px) 100vw, 792px\" \/><\/a><\/p>\n<h6 style=\"text-align: center;\"><\/h6>\n<p>[\/vc_column_text][vc_column_text]<a href=\"http:\/\/cod.al\/wp-content\/uploads\/2015\/06\/laurentm.png\"><img loading=\"lazy\" decoding=\"async\" class=\"aligncenter size-full wp-image-2588\" src=\"http:\/\/cod.al\/wp-content\/uploads\/2015\/06\/laurentm.png\" alt=\"laurentm\" width=\"747\" height=\"855\" srcset=\"https:\/\/cod.al\/wp-content\/uploads\/2015\/06\/laurentm.png 747w, https:\/\/cod.al\/wp-content\/uploads\/2015\/06\/laurentm-262x300.png 262w\" sizes=\"(max-width: 747px) 100vw, 747px\" \/><\/a>[\/vc_column_text][vc_column_text]<a href=\"http:\/\/cod.al\/wp-content\/uploads\/2015\/06\/forum1.png\"><img loading=\"lazy\" decoding=\"async\" class=\"aligncenter size-full wp-image-2569\" src=\"http:\/\/cod.al\/wp-content\/uploads\/2015\/06\/forum1.png\" alt=\"forum\" width=\"747\" height=\"855\" srcset=\"https:\/\/cod.al\/wp-content\/uploads\/2015\/06\/forum1.png 747w, https:\/\/cod.al\/wp-content\/uploads\/2015\/06\/forum1-262x300.png 262w\" sizes=\"(max-width: 747px) 100vw, 747px\" \/><\/a>[\/vc_column_text][vc_column_text]<a href=\"http:\/\/cod.al\/wp-content\/uploads\/2015\/06\/korridori.png\"><img loading=\"lazy\" decoding=\"async\" class=\"aligncenter size-full wp-image-2559\" src=\"http:\/\/cod.al\/wp-content\/uploads\/2015\/06\/korridori.png\" alt=\"korridori\" width=\"792\" height=\"944\" srcset=\"https:\/\/cod.al\/wp-content\/uploads\/2015\/06\/korridori.png 792w, https:\/\/cod.al\/wp-content\/uploads\/2015\/06\/korridori-252x300.png 252w\" sizes=\"(max-width: 792px) 100vw, 792px\" \/><\/a>[\/vc_column_text][\/vc_column_inner][vc_column_inner][\/vc_column_inner][vc_column_inner][\/vc_column_inner][\/vc_row_inner][\/vc_tab][\/vc_tabs][\/vc_column][\/vc_row]<\/p>\n","protected":false},"excerpt":{"rendered":"<p>[vc_row el_class=&#8221;biblioteka-galery three-tabs&#8221;][vc_column][vc_tabs interval=&#8221;0&#8243;][vc_tab title=&#8221;Sezoni II&#8221; tab_id=&#8221;0d6bd6fd-733a-8&#8243;][vc_column_text] \u00a0Hap\u00ebsira ku jetojm\u00eb, hap\u00ebsira q\u00eb ndajm\u00eb dhe hap\u00ebsira q\u00eb l\u00ebm\u00eb pas 15 Janar &#8211; 15 Maj 2016 [\/vc_column_text][vc_row_inner][vc_column_inner width=&#8221;1\/2&#8243;][vc_column_text] COD hap sezonet e 2016-s Tiran\u00eb, 15 janar 2016 &#8211; COD hap sezonin e<\/p>\n","protected":false},"author":5,"featured_media":0,"parent":0,"menu_order":0,"comment_status":"closed","ping_status":"closed","template":"","meta":{"footnotes":""},"class_list":["post-2123","page","type-page","status-publish","hentry"],"_links":{"self":[{"href":"https:\/\/cod.al\/index.php?rest_route=\/wp\/v2\/pages\/2123","targetHints":{"allow":["GET"]}}],"collection":[{"href":"https:\/\/cod.al\/index.php?rest_route=\/wp\/v2\/pages"}],"about":[{"href":"https:\/\/cod.al\/index.php?rest_route=\/wp\/v2\/types\/page"}],"author":[{"embeddable":true,"href":"https:\/\/cod.al\/index.php?rest_route=\/wp\/v2\/users\/5"}],"replies":[{"embeddable":true,"href":"https:\/\/cod.al\/index.php?rest_route=%2Fwp%2Fv2%2Fcomments&post=2123"}],"version-history":[{"count":37,"href":"https:\/\/cod.al\/index.php?rest_route=\/wp\/v2\/pages\/2123\/revisions"}],"predecessor-version":[{"id":3317,"href":"https:\/\/cod.al\/index.php?rest_route=\/wp\/v2\/pages\/2123\/revisions\/3317"}],"wp:attachment":[{"href":"https:\/\/cod.al\/index.php?rest_route=%2Fwp%2Fv2%2Fmedia&parent=2123"}],"curies":[{"name":"wp","href":"https:\/\/api.w.org\/{rel}","templated":true}]}}