{"id":202,"date":"2015-06-25T16:55:52","date_gmt":"2015-06-25T15:55:52","guid":{"rendered":"http:\/\/cod.al\/?page_id=202"},"modified":"2015-07-13T11:20:07","modified_gmt":"2015-07-13T10:20:07","slug":"1912-1944","status":"publish","type":"page","link":"https:\/\/cod.al\/?page_id=202","title":{"rendered":"1912-1944"},"content":{"rendered":"<p>[vc_row][vc_column css=&#8221;.vc_custom_1435330143971{background-position: center !important;background-repeat: no-repeat !important;background-size: cover !important;}&#8221; width=&#8221;1\/1&#8243;][vc_column_text css=&#8221;.vc_custom_1436365040579{background-image: url(http:\/\/cod.al\/wp-content\/uploads\/2015\/06\/bg-library.jpg?id=270) !important;background-position: center !important;background-repeat: no-repeat !important;background-size: cover !important;}&#8221; el_class=&#8221;fondi-arkivor&#8221;]<\/p>\n<div class=\"inner-text-format\">\n<p style=\"text-align: center;\"><strong>Fondi i dokumenteve<br \/>\nt\u00eb K\u00ebshillit t\u00eb Ministrave<br \/>\n<\/strong><\/p>\n<p style=\"text-align: center;\">1912-1944<\/p>\n<\/div>\n<p>[\/vc_column_text][\/vc_column][\/vc_row][vc_row el_class=&#8221;tabele&#8221;][vc_column width=&#8221;1\/1&#8243;][vc_column_text]<\/p>\n<table>\n<tbody>\n<tr>\n<td><a href=\"http:\/\/cod.al\/wp-content\/uploads\/2015\/07\/1912.pdf\" target=\"_blank\">1912<\/a><\/td>\n<td><a href=\"http:\/\/cod.al\/wp-content\/uploads\/2015\/07\/1913.pdf\" target=\"_blank\">1913<\/a><\/td>\n<td><a href=\"http:\/\/cod.al\/wp-content\/uploads\/2015\/07\/1914.pdf\" target=\"_blank\">1914<\/a><\/td>\n<td><a href=\"http:\/\/cod.al\/wp-content\/uploads\/2015\/07\/1915.pdf\" target=\"_blank\">1915<\/a><\/td>\n<td><a href=\"http:\/\/cod.al\/wp-content\/uploads\/2015\/07\/1916.pdf\" target=\"_blank\">1916<\/a><\/td>\n<td><a href=\"http:\/\/cod.al\/wp-content\/uploads\/2015\/07\/1917.pdf\" target=\"_blank\">1917<\/a><\/td>\n<td><a href=\"http:\/\/cod.al\/wp-content\/uploads\/2015\/07\/1918.pdf\" target=\"_blank\">1918<\/a><\/td>\n<td><a href=\"http:\/\/cod.al\/wp-content\/uploads\/2015\/07\/inventari-viti-1919.pdf\" target=\"_blank\">1919<\/a><\/td>\n<\/tr>\n<tr>\n<td><a href=\"http:\/\/cod.al\/wp-content\/uploads\/2015\/07\/inventari-1920.pdf\" target=\"_blank\">1920<\/a><\/td>\n<td><a href=\"http:\/\/cod.al\/wp-content\/uploads\/2015\/07\/inventari-1921.pdf\" target=\"_blank\">1921<\/a><\/td>\n<td><a href=\"http:\/\/cod.al\/wp-content\/uploads\/2015\/07\/inventari-1922.pdf\">1922<\/a><\/td>\n<td><a href=\"http:\/\/cod.al\/wp-content\/uploads\/2015\/07\/inventari-1923.pdf\">1923<\/a><\/td>\n<td><a href=\"http:\/\/cod.al\/wp-content\/uploads\/2015\/07\/inventari-1924.pdf\">1924<\/a><\/td>\n<td><a href=\"http:\/\/cod.al\/wp-content\/uploads\/2015\/07\/inventari-1925.pdf\">1925<\/a><\/td>\n<td><a href=\"http:\/\/cod.al\/wp-content\/uploads\/2015\/07\/inventari-1926.pdf\">1926<\/a><\/td>\n<td><a href=\"http:\/\/cod.al\/wp-content\/uploads\/2015\/07\/inventari-1927.pdf\">1927<\/a><\/td>\n<\/tr>\n<tr>\n<td><a href=\"http:\/\/cod.al\/wp-content\/uploads\/2015\/07\/inventari-1928.pdf\">1928<\/a><\/td>\n<td><a href=\"http:\/\/cod.al\/wp-content\/uploads\/2015\/07\/inventari-1929.pdf\">1929<\/a><\/td>\n<td><a href=\"http:\/\/cod.al\/wp-content\/uploads\/2015\/07\/1930.pdf\">1930<\/a><\/td>\n<td><a href=\"http:\/\/cod.al\/wp-content\/uploads\/2015\/07\/1931.pdf\">1931<\/a><\/td>\n<td><a href=\"http:\/\/cod.al\/wp-content\/uploads\/2015\/07\/1932.pdf\">1932<\/a><\/td>\n<td><a href=\"http:\/\/cod.al\/wp-content\/uploads\/2015\/07\/inventari-1933.pdf\">1933<\/a><\/td>\n<td><a href=\"http:\/\/cod.al\/wp-content\/uploads\/2015\/07\/1934.pdf\">1934<\/a><\/td>\n<td><a href=\"http:\/\/cod.al\/wp-content\/uploads\/2015\/07\/inventari_1935.pdf\">1935 <\/a><\/td>\n<\/tr>\n<tr>\n<td><a href=\"http:\/\/cod.al\/wp-content\/uploads\/2015\/07\/inventari_1936.pdf\">1936<\/a><\/td>\n<td><a href=\"#\">1937<\/a><\/td>\n<td><a href=\"http:\/\/cod.al\/wp-content\/uploads\/2015\/07\/1938.pdf\" target=\"_blank\">1938<\/a><\/td>\n<td><a href=\"#\">1939<\/a><\/td>\n<td><a href=\"http:\/\/cod.al\/wp-content\/uploads\/2015\/07\/inventari-1940.pdf\">1940<\/a><\/td>\n<td><a href=\"http:\/\/cod.al\/wp-content\/uploads\/2015\/07\/inventari-1941.pdf\">1941<\/a><\/td>\n<td><a href=\"http:\/\/cod.al\/wp-content\/uploads\/2015\/07\/inventari-1942.pdf\">1942<\/a><\/td>\n<td><a href=\"http:\/\/cod.al\/wp-content\/uploads\/2015\/07\/inventari-1943.pdf\">1943<\/a><\/td>\n<\/tr>\n<tr>\n<td><a href=\"http:\/\/cod.al\/wp-content\/uploads\/2015\/07\/inventari-1944.pdf\">1944<\/a><\/td>\n<\/tr>\n<\/tbody>\n<\/table>\n<p>[\/vc_column_text][\/vc_column][\/vc_row]<\/p>\n","protected":false},"excerpt":{"rendered":"<p>Fondi i dokumenteve t\u00eb K\u00ebshillit t\u00eb Ministrave<\/p>\n","protected":false},"author":5,"featured_media":197,"parent":0,"menu_order":0,"comment_status":"open","ping_status":"open","template":"","meta":{"footnotes":""},"class_list":["post-202","page","type-page","status-publish","has-post-thumbnail","hentry"],"_links":{"self":[{"href":"https:\/\/cod.al\/index.php?rest_route=\/wp\/v2\/pages\/202","targetHints":{"allow":["GET"]}}],"collection":[{"href":"https:\/\/cod.al\/index.php?rest_route=\/wp\/v2\/pages"}],"about":[{"href":"https:\/\/cod.al\/index.php?rest_route=\/wp\/v2\/types\/page"}],"author":[{"embeddable":true,"href":"https:\/\/cod.al\/index.php?rest_route=\/wp\/v2\/users\/5"}],"replies":[{"embeddable":true,"href":"https:\/\/cod.al\/index.php?rest_route=%2Fwp%2Fv2%2Fcomments&post=202"}],"version-history":[{"count":50,"href":"https:\/\/cod.al\/index.php?rest_route=\/wp\/v2\/pages\/202\/revisions"}],"predecessor-version":[{"id":1222,"href":"https:\/\/cod.al\/index.php?rest_route=\/wp\/v2\/pages\/202\/revisions\/1222"}],"wp:featuredmedia":[{"embeddable":true,"href":"https:\/\/cod.al\/index.php?rest_route=\/wp\/v2\/media\/197"}],"wp:attachment":[{"href":"https:\/\/cod.al\/index.php?rest_route=%2Fwp%2Fv2%2Fmedia&parent=202"}],"curies":[{"name":"wp","href":"https:\/\/api.w.org\/{rel}","templated":true}]}}